{"id":283958,"date":"2025-11-25T13:30:54","date_gmt":"2025-11-25T12:30:54","guid":{"rendered":"https:\/\/digalco.com\/tienda\/ibm-g74-17-crt-43-reconditionne-1280x1024-fr-14410\/"},"modified":"2025-11-25T13:31:02","modified_gmt":"2025-11-25T12:31:02","slug":"ibm-g74-17-crt-43-reconditionne-1280x1024-fr-14410","status":"publish","type":"product","link":"https:\/\/digalco.com\/fr\/produit\/ibm-g74-17-crt-43-reconditionne-1280x1024-fr-14410\/","title":{"rendered":"IBM G74 17\u00a0\u00bb CRT 4:3 | Reconditionn\u00e9 | 1280&#215;1024"},"content":{"rendered":"<p><strong>\u00c9cran<\/strong><br \/>CRT 17 \u00a0\u00bb HD 4:3 \u00b7 R\u00e9solution 1280&#215;1024<br \/>Dot pitch 0.27 mm<br \/><strong>Ports vid\u00e9o<\/strong><br \/>VGA<br \/><strong>Affichage sp\u00e9cifique<\/strong><br \/>Base<br \/><strong>Autres<\/strong><br \/>hR emballage<br \/><strong>Dimensions<\/strong><br \/>45x45x42 cm.<br \/><strong>Poids<\/strong><br \/>19.00 Kg.<br \/><strong>Sp\u00e9cifications suppl\u00e9mentaires<\/strong><br \/>L\u2019IBM G74 est un moniteur CRT con\u00e7u pour ceux qui ont besoin d\u2019un \u00e9cran robuste, stable et offrant les performances \u00e9prouv\u00e9es que les \u00e9quipements professionnels d\u2019IBM ont toujours garanties. Parfait pour les environnements industriels, les syst\u00e8mes legacy ou les postes n\u00e9cessitant une compatibilit\u00e9 avec du mat\u00e9riel ancien, ce mod\u00e8le conserve la robustesse et la pr\u00e9cision recherch\u00e9es par de nombreux distributeurs sp\u00e9cialis\u00e9s dans les solutions techniques et de maintenance.Avec ses 17 pouces au format 4:3 et sa r\u00e9solution de 1280&#215;1024, l\u2019IBM G74 offre une image claire et pr\u00e9cise gr\u00e2ce \u00e0 son pas de masque de 0,27 mm, fournissant le niveau de d\u00e9tail id\u00e9al pour les applications classiques, les logiciels d\u2019entreprise et les syst\u00e8mes de gestion encore bas\u00e9s sur des technologies ant\u00e9rieures. Sa connexion VGA assure une compatibilit\u00e9 totale avec les \u00e9quipements legacy, anciens serveurs ou stations de travail n\u00e9cessitant cette norme.L\u2019IBM G74 est un choix s\u00fbr pour ceux qui appr\u00e9cient la durabilit\u00e9, la stabilit\u00e9 et la compatibilit\u00e9 totale avec les infrastructures informatiques traditionnelles. Sa fiabilit\u00e9 en fait un produit tr\u00e8s attractif pour les distributeurs recherchant des moniteurs CRT fonctionnels et r\u00e9ellement demand\u00e9s dans des environnements sp\u00e9cifiques. Un moniteur solide, pr\u00e9cis et pr\u00eat \u00e0 continuer de fonctionner l\u00e0 o\u00f9 un \u00e9cran moderne ne convient tout simplement pas.Bon aspect ext\u00e9rieur. Consultez \u201c+ Photos\u201d et \u201cVid\u00e9o\u201d et, si vous avez la moindre question, appelez-nous ou utilisez notre chat pour obtenir plus d\u2019informations ou des d\u00e9tails suppl\u00e9mentaires.<br \/><strong>Commentaires<\/strong><br \/><u>C\u00e2ble d&rsquo;alimentation et VGA inclus<\/u><\/p>\n","protected":false},"excerpt":{"rendered":"<p><strong>CRT 17 \u00a0\u00bb<\/strong> HD 4:3 \u00b7 R\u00e9solution 1280&#215;1024 \u00b7 Dot pitch 0.27 mm \u00b7 VGA \u00b7<br \/>\n<u>C\u00e2ble d&rsquo;alimentation et VGA inclus<br \/>\n<\/u> [&#8230;]<\/p>\n<p><a class=\"btn btn-secondary understrap-read-more-link\" href=\"https:\/\/digalco.com\/fr\/produit\/ibm-g74-17-crt-43-reconditionne-1280x1024-fr-14410\/\">Lire la suite\u2026<span class=\"screen-reader-text\"> from IBM G74 17\u00a0\u00bb CRT 4:3 | Reconditionn\u00e9 | 1280&#215;1024<\/span><\/a><\/p>\n","protected":false},"featured_media":283928,"template":"","meta":[],"product_brand":[3876],"product_cat":[2370,1505,1493],"product_tag":[],"class_list":{"0":"post-283958","1":"product","2":"type-product","3":"status-publish","4":"has-post-thumbnail","6":"product_brand-ibm","7":"product_cat-moniteurs-17-fr","8":"product_cat-moniteurs-autres-fr","9":"product_cat-moniteurs-fr","11":"first","12":"instock","13":"taxable","14":"shipping-taxable","15":"purchasable","16":"product-type-simple"},"bundled_by":[],"bundle_stock_status":"instock","bundle_stock_quantity":1,"bundle_virtual":false,"bundle_layout":"","bundle_add_to_cart_form_location":"","bundle_editable_in_cart":false,"bundle_sold_individually_context":"","bundle_item_grouping":"","bundle_min_size":"","bundle_max_size":"","bundle_price":[],"bundled_items":[],"bundle_sell_ids":[],"exclude_global_add_ons":[],"addons":[],"df_price":233,"df_sale_price":"","df_regular_price":233,"df_image_link":"https:\/\/digalco.com\/wp-content\/uploads\/images\/product\/14410\/ibm00067_01-300x225.jpg","_links":{"self":[{"href":"https:\/\/digalco.com\/fr\/wp-json\/wp\/v2\/product\/283958","targetHints":{"allow":["GET"]}}],"collection":[{"href":"https:\/\/digalco.com\/fr\/wp-json\/wp\/v2\/product"}],"about":[{"href":"https:\/\/digalco.com\/fr\/wp-json\/wp\/v2\/types\/product"}],"wp:featuredmedia":[{"embeddable":true,"href":"https:\/\/digalco.com\/fr\/wp-json\/wp\/v2\/media\/283928"}],"wp:attachment":[{"href":"https:\/\/digalco.com\/fr\/wp-json\/wp\/v2\/media?parent=283958"}],"wp:term":[{"taxonomy":"product_brand","embeddable":true,"href":"https:\/\/digalco.com\/fr\/wp-json\/wp\/v2\/product_brand?post=283958"},{"taxonomy":"product_cat","embeddable":true,"href":"https:\/\/digalco.com\/fr\/wp-json\/wp\/v2\/product_cat?post=283958"},{"taxonomy":"product_tag","embeddable":true,"href":"https:\/\/digalco.com\/fr\/wp-json\/wp\/v2\/product_tag?post=283958"}],"curies":[{"name":"wp","href":"https:\/\/api.w.org\/{rel}","templated":true}]}}