{"id":283993,"date":"2025-11-25T13:44:34","date_gmt":"2025-11-25T12:44:34","guid":{"rendered":"https:\/\/digalco.com\/tienda\/philips-107e-17-crt-43-reconditionne-1280x1024-fr-14409\/"},"modified":"2025-11-25T13:44:41","modified_gmt":"2025-11-25T12:44:41","slug":"philips-107e-17-crt-43-reconditionne-1280x1024-fr-14409","status":"publish","type":"product","link":"https:\/\/digalco.com\/fr\/produit\/philips-107e-17-crt-43-reconditionne-1280x1024-fr-14409\/","title":{"rendered":"Philips 107E 17\u00a0\u00bb CRT 4:3 | Reconditionn\u00e9 | 1280&#215;1024"},"content":{"rendered":"<p><strong>\u00c9cran<\/strong><br \/>CRT 17 \u00a0\u00bb HD 4:3 \u00b7 R\u00e9solution 1280&#215;1024<br \/><strong>Ports vid\u00e9o<\/strong><br \/>VGA<br \/><strong>Affichage sp\u00e9cifique<\/strong><br \/>Base<br \/><strong>Autres<\/strong><br \/>hR emballage<br \/><strong>Dimensions<\/strong><br \/>40x42x39 cm.<br \/><strong>Poids<\/strong><br \/>14.00 Kg.<br \/><strong>Sp\u00e9cifications suppl\u00e9mentaires<\/strong><br \/>Le PHILIPS 107E est un moniteur CRT con\u00e7u pour ceux qui ont besoin d\u2019un \u00e9cran robuste, stable et fiable, id\u00e9al pour les environnements industriels, \u00e9ducatifs ou corporatifs o\u00f9 les syst\u00e8mes et applications legacy sont encore utilis\u00e9s. Sa r\u00e9putation de durabilit\u00e9 en fait une option appr\u00e9ci\u00e9e par les informaticiens recherchant des moniteurs alliant fiabilit\u00e9 et fonctionnalit\u00e9.Avec ses 17 pouces au format 4:3 et sa r\u00e9solution de 1280&#215;1024, le PHILIPS 107E fournit des images nettes et uniformes, offrant des performances optimales pour les logiciels classiques et les postes de travail anciens. Sa connectivit\u00e9 VGA assure une compatibilit\u00e9 avec le mat\u00e9riel legacy et les syst\u00e8mes n\u00e9cessitant cette norme, garantissant que chaque d\u00e9tail soit affich\u00e9 avec pr\u00e9cision.Le PHILIPS 107E combine la solidit\u00e9 de la technologie CRT avec la confiance d\u2019une marque reconnue, offrant un moniteur pratique et durable pour les t\u00e2ches professionnelles et les environnements o\u00f9 la stabilit\u00e9 est essentielle. Un appareil fiable, avec une image claire, pr\u00eat \u00e0 continuer \u00e0 fonctionner l\u00e0 o\u00f9 d\u2019autres moniteurs modernes ne conviennent pas.Bon aspect ext\u00e9rieur. Consultez \u201c+ Photos\u201d et \u201cVid\u00e9o\u201d et, si vous avez la moindre question, appelez-nous ou utilisez notre chat pour obtenir plus d\u2019informations ou des d\u00e9tails suppl\u00e9mentaires.<br \/><strong>Commentaires<\/strong><br \/><u>C\u00e2ble d&rsquo;alimentation et VGA inclus<\/u><\/p>\n","protected":false},"excerpt":{"rendered":"<p><strong>CRT 17 \u00a0\u00bb <\/strong>HD 4:3 \u00b7 R\u00e9solution 1280&#215;1024 \u00b7 VGA \u00b7<br \/>\n<u>C\u00e2ble d&rsquo;alimentation et VGA inclus<br \/>\n<\/u> [&#8230;]<\/p>\n<p><a class=\"btn btn-secondary understrap-read-more-link\" href=\"https:\/\/digalco.com\/fr\/produit\/philips-107e-17-crt-43-reconditionne-1280x1024-fr-14409\/\">Lire la suite\u2026<span class=\"screen-reader-text\"> from Philips 107E 17\u00a0\u00bb CRT 4:3 | Reconditionn\u00e9 | 1280&#215;1024<\/span><\/a><\/p>\n","protected":false},"featured_media":283963,"template":"","meta":[],"product_brand":[3866],"product_cat":[2370,1505,1493],"product_tag":[],"class_list":{"0":"post-283993","1":"product","2":"type-product","3":"status-publish","4":"has-post-thumbnail","6":"product_brand-philips","7":"product_cat-moniteurs-17-fr","8":"product_cat-moniteurs-autres-fr","9":"product_cat-moniteurs-fr","11":"first","12":"instock","13":"taxable","14":"shipping-taxable","15":"purchasable","16":"product-type-simple"},"bundled_by":[],"bundle_stock_status":"instock","bundle_stock_quantity":1,"bundle_virtual":false,"bundle_layout":"","bundle_add_to_cart_form_location":"","bundle_editable_in_cart":false,"bundle_sold_individually_context":"","bundle_item_grouping":"","bundle_min_size":"","bundle_max_size":"","bundle_price":[],"bundled_items":[],"bundle_sell_ids":[],"exclude_global_add_ons":[],"addons":[],"df_price":233,"df_sale_price":"","df_regular_price":233,"df_image_link":"https:\/\/digalco.com\/wp-content\/uploads\/images\/product\/14409\/phil00054_01-300x225.jpg","_links":{"self":[{"href":"https:\/\/digalco.com\/fr\/wp-json\/wp\/v2\/product\/283993","targetHints":{"allow":["GET"]}}],"collection":[{"href":"https:\/\/digalco.com\/fr\/wp-json\/wp\/v2\/product"}],"about":[{"href":"https:\/\/digalco.com\/fr\/wp-json\/wp\/v2\/types\/product"}],"wp:featuredmedia":[{"embeddable":true,"href":"https:\/\/digalco.com\/fr\/wp-json\/wp\/v2\/media\/283963"}],"wp:attachment":[{"href":"https:\/\/digalco.com\/fr\/wp-json\/wp\/v2\/media?parent=283993"}],"wp:term":[{"taxonomy":"product_brand","embeddable":true,"href":"https:\/\/digalco.com\/fr\/wp-json\/wp\/v2\/product_brand?post=283993"},{"taxonomy":"product_cat","embeddable":true,"href":"https:\/\/digalco.com\/fr\/wp-json\/wp\/v2\/product_cat?post=283993"},{"taxonomy":"product_tag","embeddable":true,"href":"https:\/\/digalco.com\/fr\/wp-json\/wp\/v2\/product_tag?post=283993"}],"curies":[{"name":"wp","href":"https:\/\/api.w.org\/{rel}","templated":true}]}}