{"id":284094,"date":"2025-11-26T10:59:39","date_gmt":"2025-11-26T09:59:39","guid":{"rendered":"https:\/\/digalco.com\/tienda\/compaq-v55-15-crt-43-reconditionne-1024x768-fr-14407\/"},"modified":"2025-11-26T10:59:49","modified_gmt":"2025-11-26T09:59:49","slug":"compaq-v55-15-crt-43-reconditionne-1024x768-fr-14407","status":"publish","type":"product","link":"https:\/\/digalco.com\/fr\/produit\/compaq-v55-15-crt-43-reconditionne-1024x768-fr-14407\/","title":{"rendered":"Compaq V55 15\u00a0\u00bb CRT 4:3 | Reconditionn\u00e9 | 1024&#215;768"},"content":{"rendered":"<p><strong>\u00c9cran<\/strong><br \/>CRT 15 \u00a0\u00bb HD 4:3 \u00b7 R\u00e9solution 1024&#215;768<br \/>Dot pitch 0.28 mm<br \/><strong>Ports vid\u00e9o<\/strong><br \/>VGA<br \/><strong>Affichage sp\u00e9cifique<\/strong><br \/>Base<br \/><strong>Dimensions<\/strong><br \/>40x37x37 cm.<br \/><strong>Poids<\/strong><br \/>12.00 Kg.<br \/><strong>Sp\u00e9cifications suppl\u00e9mentaires<\/strong><br \/>Le COMPAQ V55 est un moniteur CRT con\u00e7u pour ceux qui ont besoin d\u2019un \u00e9cran compact, r\u00e9sistant et totalement compatible avec les syst\u00e8mes legacy. Id\u00e9al pour les environnements industriels, les postes de contr\u00f4le, les logiciels anciens ou les postes n\u00e9cessitant encore du mat\u00e9riel sp\u00e9cifique, ce mod\u00e8le offre la solidit\u00e9 et la stabilit\u00e9 qui ont fait de COMPAQ une r\u00e9f\u00e9rence dans le secteur professionnel.Avec ses 15 pouces au format 4:3 et sa r\u00e9solution de 1024&#215;768, le COMPAQ V55 fournit une image claire et \u00e9quilibr\u00e9e, parfaite pour les applications classiques et les \u00e9quipements d\u00e9pendant de configurations h\u00e9rit\u00e9es. Son dot pitch de 0,28 mm garantit un niveau de d\u00e9tail pr\u00e9cis, et la connexion VGA assure une compatibilit\u00e9 directe avec une large vari\u00e9t\u00e9 de syst\u00e8mes et stations de travail traditionnels.Le COMPAQ V55 est le choix id\u00e9al pour les utilisateurs recherchant des moniteurs fiables et fonctionnels dans des environnements o\u00f9 la technologie CRT reste indispensable. Un appareil durable, stable et pr\u00eat \u00e0 continuer \u00e0 fonctionner l\u00e0 o\u00f9 la compatibilit\u00e9 et la robustesse sont plus importantes que jamais.Bon aspect ext\u00e9rieur. Consultez \u201c+ Photos\u201d et \u201cVid\u00e9o\u201d, et si vous avez la moindre question, appelez-nous ou utilisez notre chat pour obtenir plus d\u2019informations ou des d\u00e9tails suppl\u00e9mentaires.<br \/><strong>Commentaires<\/strong><br \/><u>C\u00e2ble d&rsquo;alimentation et VGA inclus<\/u><\/p>\n","protected":false},"excerpt":{"rendered":"<p><strong>CRT 15 \u00a0\u00bb<\/strong> HD 4:3 \u00b7 R\u00e9solution 1024&#215;768 \u00b7 Dot pitch 0.28 mm \u00b7 VGA \u00b7<br \/>\n<u>C\u00e2ble d&rsquo;alimentation et VGA inclus<br \/>\n<\/u> [&#8230;]<\/p>\n<p><a class=\"btn btn-secondary understrap-read-more-link\" href=\"https:\/\/digalco.com\/fr\/produit\/compaq-v55-15-crt-43-reconditionne-1024x768-fr-14407\/\">Lire la suite\u2026<span class=\"screen-reader-text\"> from Compaq V55 15\u00a0\u00bb CRT 4:3 | Reconditionn\u00e9 | 1024&#215;768<\/span><\/a><\/p>\n","protected":false},"featured_media":284064,"template":"","meta":[],"product_brand":[3875],"product_cat":[2366,1505,1493],"product_tag":[],"class_list":{"0":"post-284094","1":"product","2":"type-product","3":"status-publish","4":"has-post-thumbnail","6":"product_brand-compaq","7":"product_cat-moniteurs-15-fr","8":"product_cat-moniteurs-autres-fr","9":"product_cat-moniteurs-fr","11":"first","12":"instock","13":"taxable","14":"shipping-taxable","15":"purchasable","16":"product-type-simple"},"bundled_by":[],"bundle_stock_status":"instock","bundle_stock_quantity":1,"bundle_virtual":false,"bundle_layout":"","bundle_add_to_cart_form_location":"","bundle_editable_in_cart":false,"bundle_sold_individually_context":"","bundle_item_grouping":"","bundle_min_size":"","bundle_max_size":"","bundle_price":[],"bundled_items":[],"bundle_sell_ids":[],"exclude_global_add_ons":[],"addons":[],"df_price":233,"df_sale_price":"","df_regular_price":233,"df_image_link":"https:\/\/digalco.com\/wp-content\/uploads\/images\/product\/14407\/comp00965_01-300x225.jpg","_links":{"self":[{"href":"https:\/\/digalco.com\/fr\/wp-json\/wp\/v2\/product\/284094","targetHints":{"allow":["GET"]}}],"collection":[{"href":"https:\/\/digalco.com\/fr\/wp-json\/wp\/v2\/product"}],"about":[{"href":"https:\/\/digalco.com\/fr\/wp-json\/wp\/v2\/types\/product"}],"wp:featuredmedia":[{"embeddable":true,"href":"https:\/\/digalco.com\/fr\/wp-json\/wp\/v2\/media\/284064"}],"wp:attachment":[{"href":"https:\/\/digalco.com\/fr\/wp-json\/wp\/v2\/media?parent=284094"}],"wp:term":[{"taxonomy":"product_brand","embeddable":true,"href":"https:\/\/digalco.com\/fr\/wp-json\/wp\/v2\/product_brand?post=284094"},{"taxonomy":"product_cat","embeddable":true,"href":"https:\/\/digalco.com\/fr\/wp-json\/wp\/v2\/product_cat?post=284094"},{"taxonomy":"product_tag","embeddable":true,"href":"https:\/\/digalco.com\/fr\/wp-json\/wp\/v2\/product_tag?post=284094"}],"curies":[{"name":"wp","href":"https:\/\/api.w.org\/{rel}","templated":true}]}}