{"id":284194,"date":"2025-11-26T12:03:58","date_gmt":"2025-11-26T11:03:58","guid":{"rendered":"https:\/\/digalco.com\/tienda\/lot-elo-1919l-pack-6-reconditionne-fr-14447\/"},"modified":"2025-11-26T12:04:04","modified_gmt":"2025-11-26T11:04:04","slug":"lot-elo-1919l-pack-6-reconditionne-fr-14447","status":"publish","type":"product","link":"https:\/\/digalco.com\/fr\/produit\/lot-elo-1919l-pack-6-reconditionne-fr-14447\/","title":{"rendered":"Lot ELO 1919L Pack 6 | Reconditionn\u00e9"},"content":{"rendered":"<p><strong>\u00c9cran<\/strong><br \/>Tactile 18.5 \u00a0\u00bb HD avec Haut-parleurs \u00b7 16:9 \u00b7 R\u00e9solution 1366&#215;768<br \/>R\u00e9ponse 5 ms<br \/>Contraste 1000:1<br \/>Luminosit\u00e9 250 cd\/m2<br \/>Angle vision 85\u00b0v\/170\u00b0h<br \/><strong>Ports vid\u00e9o<\/strong><br \/>VGA<br \/><strong>Affichage sp\u00e9cifique<\/strong><br \/>Stand VESA<br \/>Base<br \/><strong>Autres<\/strong><br \/>hR emballage<br \/><strong>Dimensions<\/strong><br \/>45x20x4 cm.<br \/><strong>Poids<\/strong><br \/>7.00 Kg.<br \/><strong>Sp\u00e9cifications suppl\u00e9mentaires<\/strong><br \/>Le moniteur tactile POS ELO 1919L de 18,5 pouces est un \u00e9cran professionnel con\u00e7u pour les environnements commerciaux qui n\u00e9cessitent pr\u00e9cision, confort et durabilit\u00e9. Son format large 16:9 avec une r\u00e9solution HD de 1366&#215;768 offre un affichage clair et large, id\u00e9al pour les points de vente, l&rsquo;h\u00f4tellerie ou les environnements en libre-service. Il dispose d&rsquo;une technologie tactile haute sensibilit\u00e9 int\u00e9gr\u00e9e avec des haut-parleurs qui facilite l&rsquo;interaction avec les applications de gestion des ventes ou de service client. Son niveau de luminosit\u00e9 de 250 cd\/m2 et son contraste de 1000 \u00e0 1 garantissent une bonne visibilit\u00e9 m\u00eame dans les espaces tr\u00e8s \u00e9clair\u00e9s et son large angle de vision de 85 degr\u00e9s verticaux et 170 degr\u00e9s horizontaux permettent une lecture claire depuis diff\u00e9rentes positions. L&rsquo;ELO 1919L comprend une entr\u00e9e VGA et est livr\u00e9 avec un c\u00e2ble d&rsquo;alimentation et VGA pr\u00eat \u00e0 installer, ce qui en fait une solution fiable et polyvalente pour tout syst\u00e8me de point de vente qui a besoin d&rsquo;un \u00e9cran tactile professionnel et r\u00e9sistant.Bon aspect ext\u00e9rieur. Peut pr\u00e9senter de l\u00e9g\u00e8res traces d&rsquo;utilisation sur le bo\u00eetier. Si vous avez des questions, appelez-nous ou utilisez notre chat pour plus d&rsquo;informations ou pour demander plus de d\u00e9tails.<br \/><strong>Commentaires<\/strong><br \/><u>1&#215;3,5mm TRS Jack \/ 2&#215;3,5mm TRS Jack \/ 1xRS232 &#8211; C\u00e2ble d&rsquo;alimentation et VGA inclus<\/u><\/p>\n","protected":false},"excerpt":{"rendered":"<p><strong>Lot de 6 unit\u00e9s:<\/strong><strong>Tactile 18.5 \u00a0\u00bb<\/strong> HD avec Haut-parleurs \u00b7 16:9 \u00b7 R\u00e9solution 1366&#215;768 \u00b7 Contraste 1000:1 \u00b7 Luminosit\u00e9 250 cd\/m2 \u00b7 Angle vision 85\u00b0v\/170\u00b0h \u00b7 VGA \u00b7<br \/>\n<u>1&#215;3,5mm TRS Jack \/ 2&#215;3,5mm TRS Jack \/ 1xRS232<\/u> \u00b7 <u>C\u00e2ble d&rsquo;alimentation et VGA inclus<br \/>\n<\/u> [&#8230;]<\/p>\n<p><a class=\"btn btn-secondary understrap-read-more-link\" href=\"https:\/\/digalco.com\/fr\/produit\/lot-elo-1919l-pack-6-reconditionne-fr-14447\/\">Lire la suite\u2026<span class=\"screen-reader-text\"> from Lot ELO 1919L Pack 6 | Reconditionn\u00e9<\/span><\/a><\/p>\n","protected":false},"featured_media":284174,"template":"","meta":[],"product_brand":[3874],"product_cat":[1821,1829,1617,1493,1497,1597],"product_tag":[],"class_list":{"0":"post-284194","1":"product","2":"type-product","3":"status-publish","4":"has-post-thumbnail","6":"product_brand-elo","7":"product_cat-lots-fr","8":"product_cat-lots-moniteurs-fr","9":"product_cat-tpv-moniteurs-fr","10":"product_cat-moniteurs-fr","11":"product_cat-moniteurs-tactiles-fr","12":"product_cat-tpv-fr","14":"first","15":"instock","16":"taxable","17":"shipping-taxable","18":"purchasable","19":"product-type-simple"},"bundled_by":[],"bundle_stock_status":"instock","bundle_stock_quantity":18,"bundle_virtual":false,"bundle_layout":"","bundle_add_to_cart_form_location":"","bundle_editable_in_cart":false,"bundle_sold_individually_context":"","bundle_item_grouping":"","bundle_min_size":"","bundle_max_size":"","bundle_price":[],"bundled_items":[],"bundle_sell_ids":[],"exclude_global_add_ons":[],"addons":[],"df_price":756,"df_sale_price":"","df_regular_price":756,"df_image_link":"https:\/\/digalco.com\/wp-content\/uploads\/images\/product\/14447\/elo00017_01-300x225.jpg","_links":{"self":[{"href":"https:\/\/digalco.com\/fr\/wp-json\/wp\/v2\/product\/284194","targetHints":{"allow":["GET"]}}],"collection":[{"href":"https:\/\/digalco.com\/fr\/wp-json\/wp\/v2\/product"}],"about":[{"href":"https:\/\/digalco.com\/fr\/wp-json\/wp\/v2\/types\/product"}],"wp:featuredmedia":[{"embeddable":true,"href":"https:\/\/digalco.com\/fr\/wp-json\/wp\/v2\/media\/284174"}],"wp:attachment":[{"href":"https:\/\/digalco.com\/fr\/wp-json\/wp\/v2\/media?parent=284194"}],"wp:term":[{"taxonomy":"product_brand","embeddable":true,"href":"https:\/\/digalco.com\/fr\/wp-json\/wp\/v2\/product_brand?post=284194"},{"taxonomy":"product_cat","embeddable":true,"href":"https:\/\/digalco.com\/fr\/wp-json\/wp\/v2\/product_cat?post=284194"},{"taxonomy":"product_tag","embeddable":true,"href":"https:\/\/digalco.com\/fr\/wp-json\/wp\/v2\/product_tag?post=284194"}],"curies":[{"name":"wp","href":"https:\/\/api.w.org\/{rel}","templated":true}]}}