{"id":284356,"date":"2025-11-27T09:13:24","date_gmt":"2025-11-27T08:13:24","guid":{"rendered":"https:\/\/digalco.com\/tienda\/option-pos-banknote-n-4-reconditionne-fr-13177\/"},"modified":"2026-03-31T11:06:41","modified_gmt":"2026-03-31T09:06:41","slug":"option-pos-banknote-n-4-reconditionne-fr-13177","status":"publish","type":"product","link":"https:\/\/digalco.com\/fr\/produit\/option-pos-banknote-n-4-reconditionne-fr-13177\/","title":{"rendered":"Option POS BankNote N-4 Contadora Billetes | Reconditionn\u00e9"},"content":{"rendered":"<p><b>Vitesse de comptage :<\/b><br \/>1000 billets\/min<br \/><b>Capacit\u00e9 :<\/b><br \/>100 anciens billets \/ 200 nouveaux billets<br \/><b>\u00c9paisseur d&rsquo;insertion :<\/b><br \/>0,06 \u00e0 0,12 mm<br \/><b>Dimensions d&rsquo;insertion :<\/b><br \/>50 x 110 mm \u00e0 100 x 185 mm<br \/><b>D\u00e9tection UV\/MG :<\/b><br \/>Oui\/Non<br \/><b>D\u00e9tection de format :<\/b><br \/>Aucune<br \/><b>Fonction de comptage :<\/b><br \/>Oui<\/p>\n","protected":false},"excerpt":{"rendered":"<p>Vitesse : 1000\/min &#8211; Capacit\u00e9 : 100 anciens billets \/ 200 nouveaux billets &#8211; \u00c9paisseur d&rsquo;insertion : 0,06 &#8211; 0,12 mm &#8211; Taille d&rsquo;insertion : 50 x 110 mm jusqu&rsquo;\u00e0 100 x 185 mm &#8211; D\u00e9tection UV|MG : Oui\/Non &#8211; D\u00e9tection de taille : Aucune &#8211; Fonction de comptage : Oui [&#8230;]<\/p>\n<p><a class=\"btn btn-secondary understrap-read-more-link\" href=\"https:\/\/digalco.com\/fr\/produit\/option-pos-banknote-n-4-reconditionne-fr-13177\/\">Lire la suite\u2026<span class=\"screen-reader-text\"> from Option POS BankNote N-4 Contadora Billetes | Reconditionn\u00e9<\/span><\/a><\/p>\n","protected":false},"featured_media":284331,"template":"","meta":[],"product_brand":[3929],"product_cat":[1621,1597],"product_tag":[],"class_list":{"0":"post-284356","1":"product","2":"type-product","3":"status-publish","4":"has-post-thumbnail","6":"product_brand-banknote","7":"product_cat-tpv-autres-fr","8":"product_cat-tpv-fr","10":"first","11":"instock","12":"sale","13":"taxable","14":"shipping-taxable","15":"purchasable","16":"product-type-simple"},"bundled_by":[],"bundle_stock_status":"instock","bundle_stock_quantity":6,"bundle_virtual":false,"bundle_layout":"","bundle_add_to_cart_form_location":"","bundle_editable_in_cart":false,"bundle_sold_individually_context":"","bundle_item_grouping":"","bundle_min_size":"","bundle_max_size":"","bundle_price":[],"bundled_items":[],"bundle_sell_ids":[],"exclude_global_add_ons":[],"addons":[],"df_price":150,"df_sale_price":150,"df_regular_price":200,"df_image_link":"https:\/\/digalco.com\/wp-content\/uploads\/images\/product\/13177\/bank00001_01-300x225.jpg","_links":{"self":[{"href":"https:\/\/digalco.com\/fr\/wp-json\/wp\/v2\/product\/284356","targetHints":{"allow":["GET"]}}],"collection":[{"href":"https:\/\/digalco.com\/fr\/wp-json\/wp\/v2\/product"}],"about":[{"href":"https:\/\/digalco.com\/fr\/wp-json\/wp\/v2\/types\/product"}],"wp:featuredmedia":[{"embeddable":true,"href":"https:\/\/digalco.com\/fr\/wp-json\/wp\/v2\/media\/284331"}],"wp:attachment":[{"href":"https:\/\/digalco.com\/fr\/wp-json\/wp\/v2\/media?parent=284356"}],"wp:term":[{"taxonomy":"product_brand","embeddable":true,"href":"https:\/\/digalco.com\/fr\/wp-json\/wp\/v2\/product_brand?post=284356"},{"taxonomy":"product_cat","embeddable":true,"href":"https:\/\/digalco.com\/fr\/wp-json\/wp\/v2\/product_cat?post=284356"},{"taxonomy":"product_tag","embeddable":true,"href":"https:\/\/digalco.com\/fr\/wp-json\/wp\/v2\/product_tag?post=284356"}],"curies":[{"name":"wp","href":"https:\/\/api.w.org\/{rel}","templated":true}]}}