{"id":284387,"date":"2025-11-27T09:42:47","date_gmt":"2025-11-27T08:42:47","guid":{"rendered":"https:\/\/digalco.com\/tienda\/option-pos-banknote-vt-3000vs-reconditionne-fr-13178\/"},"modified":"2025-11-27T15:59:31","modified_gmt":"2025-11-27T14:59:31","slug":"option-pos-banknote-vt-3000vs-reconditionne-fr-13178","status":"publish","type":"product","link":"https:\/\/digalco.com\/fr\/produit\/option-pos-banknote-vt-3000vs-reconditionne-fr-13178\/","title":{"rendered":"Option POS BankNote V&amp;T-3000VS Contadora Billetes | Reconditionn\u00e9"},"content":{"rendered":"<p><b>Vitesse :<\/b><br \/>1200 billets\/min<br \/><b>Capacit\u00e9 d\u2019entr\u00e9e :<\/b><br \/>200 billets<br \/><b>Capacit\u00e9 de sortie :<\/b><br \/>300 billets<br \/><b>\u00c9paisseur d\u2019insertion :<\/b><br \/>0,075 \u2013 0,15 mm<br \/><b>Dimensions d\u2019insertion :<\/b><br \/>50 x 110 mm \u00e0 100 x 185 mm<br \/><b>D\u00e9tection UV\/MG :<\/b><br \/>Oui<br \/><b>D\u00e9tection de format :<\/b><br \/>Aucune<br \/><b>Fonction de comptage :<\/b><br \/>Oui<br \/><b>Connectivit\u00e9 :<\/b><br \/>Port s\u00e9rie<\/p>\n","protected":false},"excerpt":{"rendered":"<p>Vitesse : 1200\/min &#8211; Capacit\u00e9 d&rsquo;entr\u00e9e : 200 billets &#8211; Capacit\u00e9 de sortie : 300 billets &#8211; \u00c9paisseur d&rsquo;insertion : 0,075 \u2013 0,15 mm &#8211; Taille d&rsquo;insertion : 50 x 110 mm jusqu&rsquo;\u00e0 100 x 185 mm &#8211; D\u00e9tection UV|MG : Oui &#8211; D\u00e9tection de taille : Aucune &#8211; Fonction de comptage : Oui &#8211; Connectivit\u00e9 : Port s\u00e9rie [&#8230;]<\/p>\n<p><a class=\"btn btn-secondary understrap-read-more-link\" href=\"https:\/\/digalco.com\/fr\/produit\/option-pos-banknote-vt-3000vs-reconditionne-fr-13178\/\">Lire la suite\u2026<span class=\"screen-reader-text\"> from Option POS BankNote V&amp;T-3000VS Contadora Billetes | Reconditionn\u00e9<\/span><\/a><\/p>\n","protected":false},"featured_media":284362,"template":"","meta":[],"product_brand":[3929],"product_cat":[1621,1597],"product_tag":[],"class_list":{"0":"post-284387","1":"product","2":"type-product","3":"status-publish","4":"has-post-thumbnail","6":"product_brand-banknote","7":"product_cat-tpv-autres-fr","8":"product_cat-tpv-fr","10":"first","11":"instock","12":"taxable","13":"shipping-taxable","14":"purchasable","15":"product-type-simple"},"bundled_by":[],"bundle_stock_status":"instock","bundle_stock_quantity":2,"bundle_virtual":false,"bundle_layout":"","bundle_add_to_cart_form_location":"","bundle_editable_in_cart":false,"bundle_sold_individually_context":"","bundle_item_grouping":"","bundle_min_size":"","bundle_max_size":"","bundle_price":[],"bundled_items":[],"bundle_sell_ids":[],"exclude_global_add_ons":[],"addons":[],"df_price":250,"df_sale_price":"","df_regular_price":250,"df_image_link":"https:\/\/digalco.com\/wp-content\/uploads\/images\/product\/13178\/bank00002_01-300x225.jpg","_links":{"self":[{"href":"https:\/\/digalco.com\/fr\/wp-json\/wp\/v2\/product\/284387","targetHints":{"allow":["GET"]}}],"collection":[{"href":"https:\/\/digalco.com\/fr\/wp-json\/wp\/v2\/product"}],"about":[{"href":"https:\/\/digalco.com\/fr\/wp-json\/wp\/v2\/types\/product"}],"wp:featuredmedia":[{"embeddable":true,"href":"https:\/\/digalco.com\/fr\/wp-json\/wp\/v2\/media\/284362"}],"wp:attachment":[{"href":"https:\/\/digalco.com\/fr\/wp-json\/wp\/v2\/media?parent=284387"}],"wp:term":[{"taxonomy":"product_brand","embeddable":true,"href":"https:\/\/digalco.com\/fr\/wp-json\/wp\/v2\/product_brand?post=284387"},{"taxonomy":"product_cat","embeddable":true,"href":"https:\/\/digalco.com\/fr\/wp-json\/wp\/v2\/product_cat?post=284387"},{"taxonomy":"product_tag","embeddable":true,"href":"https:\/\/digalco.com\/fr\/wp-json\/wp\/v2\/product_tag?post=284387"}],"curies":[{"name":"wp","href":"https:\/\/api.w.org\/{rel}","templated":true}]}}