{"id":284482,"date":"2025-11-27T11:22:50","date_gmt":"2025-11-27T10:22:50","guid":{"rendered":"https:\/\/digalco.com\/tienda\/hp-proliant-dl380p-g8-barebone-rack-reconditionne-xeon-six-core-2ghz-8-gb-ram-sas-fr-12054\/"},"modified":"2026-01-26T09:32:34","modified_gmt":"2026-01-26T08:32:34","slug":"hp-proliant-dl380p-g8-barebone-rack-reconditionne-xeon-six-core-2ghz-8-gb-ram-sas-fr-12054","status":"publish","type":"product","link":"https:\/\/digalco.com\/fr\/produit\/hp-proliant-dl380p-g8-barebone-rack-reconditionne-xeon-six-core-2ghz-8-gb-ram-sas-fr-12054\/","title":{"rendered":"HP ProLiant DL380p G8 Barebone Rack | Reconditionn\u00e9 | Xeon Six Core 2GHz | 8 GB RAM | SAS"},"content":{"rendered":"<p><strong>Processeur<\/strong><br \/>2x Intel Xeon Six Core E5 2650 2 GHz.<br \/><strong>Facteur de forme<\/strong><br \/>Rack  (2U)<br \/><strong>M\u00e9moire RAM<\/strong><br \/>8 Gb. DDR3 ECC RAM<br \/>24 emplacements (22 vide )<br \/><strong>Disque dur<\/strong><br \/>SAS 2.5\u00a0\u00bb<br \/>8 emplacements<br \/><strong>Lecteur optique<\/strong><br \/>DVD<br \/><strong>Cartes<\/strong><br \/>Graphique: AMD ES1000<br \/>R\u00e9seau: BROADCOM BCM 5709<br \/><strong>Syst\u00e8me op\u00e9ratif<\/strong><br \/>&#8211; Sans SO &#8211;<br \/><strong>Ports<\/strong><br \/>S\u00e9rie<br \/>6x USB 2.0<br \/><strong>Connectivit\u00e9<\/strong><br \/>4x RJ-45<br \/><strong>Source de courant<\/strong><br \/>2x Alimentations (Hotplug)<br \/><strong>Autres<\/strong><br \/>hR emballage<br \/><strong>Dimensions<\/strong><br \/>9&#215;76.5&#215;48.5 cm.<br \/><strong>Poids<\/strong><br \/>23.00 Kg.<br \/><strong>Sp\u00e9cifications suppl\u00e9mentaires<\/strong><br \/>Le HP ProLiant DL380p G8 Barebone est une base solide pour les projets n\u00e9cessitant un serveur stable, polyvalent et pr\u00eat \u00e0 \u00e9voluer. \u00c9quip\u00e9 de deux processeurs Intel Xeon Six Core E5-2650 \u00e0 2 GHz, il offre une puissance \u00e9quilibr\u00e9e pour la virtualisation, les services d\u2019entreprise, les applications critiques ou les d\u00e9ploiements de stockage. Ses 8 Go de m\u00e9moire DDR3 ECC offrent une configuration minimale enti\u00e8rement fonctionnelle et pr\u00eate \u00e0 \u00eatre \u00e9tendue selon les besoins de l\u2019environnement.<br \/>L\u2019un de ses grands avantages est sa capacit\u00e9 d\u2019extension, avec 24 baies de 2,5&Prime; (22 libres) permettant de cr\u00e9er des solutions de stockage flexibles, qu\u2019elles soient orient\u00e9es performance avec des disques SAS ou destin\u00e9es \u00e0 de grands volumes. Gr\u00e2ce au Smart Array P420i, il est possible de configurer plusieurs niveaux de RAID pour optimiser vitesse, redondance et s\u00e9curit\u00e9 des donn\u00e9es.<br \/>Son format 2U favorise un refroidissement efficace et une maintenance simple, tandis que les slots d\u2019extension 1x PCIe X16 et 2x PCIe X8 permettent d\u2019ajouter des cartes r\u00e9seau avanc\u00e9es, des contr\u00f4leurs suppl\u00e9mentaires ou des adaptateurs sp\u00e9cifiques. Il int\u00e8gre \u00e9galement un lecteur DVD pour faciliter les installations, diagnostics ou d\u00e9ploiements rapides.<br \/>Le DL380p G8 est une solution robuste, \u00e9volutive et tr\u00e8s fiable, id\u00e9ale pour construire ou \u00e9tendre des infrastructures professionnelles n\u00e9cessitant continuit\u00e9, performance et capacit\u00e9 d\u2019\u00e9volution future.<br \/>Bon aspect ext\u00e9rieur. Si vous avez des questions, appelez-nous ou utilisez notre chat pour obtenir plus d\u2019informations ou demander davantage de d\u00e9tails.<br \/><strong>Commentaires<\/strong><br \/><u>P420i Raid Controller &#8211; 1xPCIe X16 \/ 2xPCIe X8<\/u><\/p>\n","protected":false},"excerpt":{"rendered":"<p>2x Intel Xeon Six Core E5-2650 2 GHz. \u00b7 8 Gb. DDR3 ECC RAM \u00b7 24 emplacements (22 vide ) \u00b7 SAS 2.5\u00a0\u00bb \u00b7 8 emplacements \u00b7 DVD \u00b7<br \/>\n<strong>P420i Raid Controller<\/strong> &#8211; <u>1xPCIe X16 \/ 2xPCIe X8<br \/>\n<\/u> [&#8230;]<\/p>\n<p><a class=\"btn btn-secondary understrap-read-more-link\" href=\"https:\/\/digalco.com\/fr\/produit\/hp-proliant-dl380p-g8-barebone-rack-reconditionne-xeon-six-core-2ghz-8-gb-ram-sas-fr-12054\/\">Lire la suite\u2026<span class=\"screen-reader-text\"> from HP ProLiant DL380p G8 Barebone Rack | Reconditionn\u00e9 | Xeon Six Core 2GHz | 8 GB RAM | SAS<\/span><\/a><\/p>\n","protected":false},"featured_media":284446,"template":"","meta":[],"product_brand":[3854],"product_cat":[3745,1633,1641],"product_tag":[],"class_list":{"0":"post-284482","1":"product","2":"type-product","3":"status-publish","4":"has-post-thumbnail","6":"product_brand-hp","7":"product_cat-barebone-fr","8":"product_cat-serveurs-fr","9":"product_cat-serveurs-rack-fr","11":"first","12":"instock","13":"taxable","14":"shipping-taxable","15":"purchasable","16":"product-type-simple"},"bundled_by":[],"bundle_stock_status":"instock","bundle_stock_quantity":7,"bundle_virtual":false,"bundle_layout":"","bundle_add_to_cart_form_location":"","bundle_editable_in_cart":false,"bundle_sold_individually_context":"","bundle_item_grouping":"","bundle_min_size":"","bundle_max_size":"","bundle_price":[],"bundled_items":[],"bundle_sell_ids":[],"exclude_global_add_ons":true,"addons":{"ram-memory-upgrades":{"name":"Extension RAM","type":"multiple_choice","position":0,"required":false,"title_format":"heading","default":"","description_enable":false,"description":"","placeholder_enable":false,"placeholder":"","display":"radiobutton","restrictions_type":"any_text","adjust_price":false,"price":"","price_type":"quantity_based","restrictions":false,"min":"0","max":"0","options":[{"label":"Extension de RAM 16 Gb DDR3 [AMP00002]","price":"30.0000","price_type":"quantity_based","image":0,"visibility":true}]},"hdd-upgrades":{"name":"Extension disque dur","type":"multiple_choice","position":0,"required":false,"title_format":"heading","default":"","description_enable":false,"description":"","placeholder_enable":false,"placeholder":"","display":"radiobutton","restrictions_type":"any_text","adjust_price":false,"price":"","price_type":"quantity_based","restrictions":false,"min":"0","max":"0","options":[{"label":"2x disque SSD 240 Gb. [AMP00058]","price":"100.0000","price_type":"quantity_based","image":0,"visibility":true},{"label":"2x disque SSD 480 Gb. [AMP00059]","price":"200.0000","price_type":"quantity_based","image":0,"visibility":true}]}},"df_price":264,"df_sale_price":"","df_regular_price":264,"df_image_link":"https:\/\/digalco.com\/wp-content\/uploads\/images\/product\/12054\/hp02530_01-300x225.jpg","_links":{"self":[{"href":"https:\/\/digalco.com\/fr\/wp-json\/wp\/v2\/product\/284482","targetHints":{"allow":["GET"]}}],"collection":[{"href":"https:\/\/digalco.com\/fr\/wp-json\/wp\/v2\/product"}],"about":[{"href":"https:\/\/digalco.com\/fr\/wp-json\/wp\/v2\/types\/product"}],"wp:featuredmedia":[{"embeddable":true,"href":"https:\/\/digalco.com\/fr\/wp-json\/wp\/v2\/media\/284446"}],"wp:attachment":[{"href":"https:\/\/digalco.com\/fr\/wp-json\/wp\/v2\/media?parent=284482"}],"wp:term":[{"taxonomy":"product_brand","embeddable":true,"href":"https:\/\/digalco.com\/fr\/wp-json\/wp\/v2\/product_brand?post=284482"},{"taxonomy":"product_cat","embeddable":true,"href":"https:\/\/digalco.com\/fr\/wp-json\/wp\/v2\/product_cat?post=284482"},{"taxonomy":"product_tag","embeddable":true,"href":"https:\/\/digalco.com\/fr\/wp-json\/wp\/v2\/product_tag?post=284482"}],"curies":[{"name":"wp","href":"https:\/\/api.w.org\/{rel}","templated":true}]}}