{"id":285294,"date":"2025-12-01T12:18:49","date_gmt":"2025-12-01T11:18:49","guid":{"rendered":"https:\/\/digalco.com\/tienda\/lenovo-thinkcentre-m73-sff-reconditionne-core-i3-34ghz-4-gb-ram-500-gb-hdd-fr-14471\/"},"modified":"2025-12-01T12:18:56","modified_gmt":"2025-12-01T11:18:56","slug":"lenovo-thinkcentre-m73-sff-reconditionne-core-i3-34ghz-4-gb-ram-500-gb-hdd-fr-14471","status":"publish","type":"product","link":"https:\/\/digalco.com\/fr\/produit\/lenovo-thinkcentre-m73-sff-reconditionne-core-i3-34ghz-4-gb-ram-500-gb-hdd-fr-14471\/","title":{"rendered":"Lenovo ThinkCentre M73 SFF | Reconditionn\u00e9 | Core i3 3.4GHz | 4 GB RAM | 500 GB HDD"},"content":{"rendered":"<p><strong>Processeur<\/strong><br \/>Intel Core i3 4130 3.4 GHz.<br \/><strong>Facteur de forme<\/strong><br \/>SFF<br \/><strong>M\u00e9moire RAM<\/strong><br \/>4 Gb. DDR3 RAM<br \/><strong>Disque dur<\/strong><br \/>500 Gb. SATA<br \/><strong>Cartes<\/strong><br \/>Graphique: INTEL HD GRAPHICS 4400<br \/>Son: ALC662 chipset<br \/>R\u00e9seau: PCIe GBE F C<br \/><strong>Syst\u00e8me op\u00e9ratif<\/strong><br \/>&#8211; Sans SO &#8211;<br \/><strong>Ports<\/strong><br \/>2x S\u00e9rie<br \/>4x USB 2.0<br \/>2x PS2<br \/>2x USB 3.0<br \/><strong>Ports vid\u00e9o<\/strong><br \/>VGA<br \/>Display Port<br \/><strong>Connectivit\u00e9<\/strong><br \/>RJ-45<br \/><strong>Autres<\/strong><br \/>hR emballage<br \/><strong>Dimensions<\/strong><br \/>33x37x10 cm.<br \/><strong>Poids<\/strong><br \/>5.52 Kg.<br \/><strong>Sp\u00e9cifications suppl\u00e9mentaires<\/strong><br \/>Le Lenovo ThinkCentre M73 SFF est un ordinateur de bureau compact con\u00e7u pour ceux qui ont besoin d\u2019un \u00e9quipement fiable, pratique et efficace pour les t\u00e2ches quotidiennes. Son processeur Intel Core i3 \u00e0 3,4 GHz offre des performances stables pour la bureautique, la navigation, les outils administratifs et les environnements de travail l\u00e9gers. Les 4 Go de m\u00e9moire DDR3 assurent un fonctionnement correct pour les applications de base, tandis que le disque dur SATA de 500 Go offre suffisamment d\u2019espace pour les documents, projets et fichiers courants.Gr\u00e2ce \u00e0 son format Small Form Factor, ce mod\u00e8le s\u2019int\u00e8gre facilement dans les espaces de travail r\u00e9duits ou les bureaux o\u00f9 la place est limit\u00e9e, tout en maintenant une bonne ventilation et un acc\u00e8s interne simple pour de futures mises \u00e0 niveau. Livr\u00e9 sans syst\u00e8me d\u2019exploitation, il offre une totale libert\u00e9 pour installer la plateforme la plus adapt\u00e9e \u00e0 chaque environnement professionnel, optimisant ainsi les performances selon les besoins de l\u2019utilisateur.Robuste, silencieux et con\u00e7u pour durer, le ThinkCentre M73 SFF constitue une solution \u00e9conomique et fonctionnelle pour les bureaux, l\u2019accueil, la gestion administrative ou comme machine secondaire de support. Une option accessible et \u00e9quilibr\u00e9e pour ceux qui recherchent fiabilit\u00e9 et simplicit\u00e9 dans un format compact.Bon aspect ext\u00e9rieur. Consultez \u201c+ Photos\u201d et si vous avez des questions, appelez-nous ou utilisez notre chat pour obtenir plus d\u2019informations.<br \/><strong>Commentaires<\/strong><br \/><u>1xPCie X16 \/ 2xPCIe X1<\/u><\/p>\n","protected":false},"excerpt":{"rendered":"<p><strong>Lot de 10 unit\u00e9s:<\/strong>Intel Core i3 4130 3.4 GHz. \u00b7 4 Gb. DDR3 RAM \u00b7 500 Gb. SATA \u00b7 &#8211; <u>Sans SO &#8211; \u00b7<br \/>\n1xPCie X16 \/ 2xPCIe X1<br \/>\n<\/u> [&#8230;]<\/p>\n<p><a class=\"btn btn-secondary understrap-read-more-link\" href=\"https:\/\/digalco.com\/fr\/produit\/lenovo-thinkcentre-m73-sff-reconditionne-core-i3-34ghz-4-gb-ram-500-gb-hdd-fr-14471\/\">Lire la suite\u2026<span class=\"screen-reader-text\"> from Lenovo ThinkCentre M73 SFF | Reconditionn\u00e9 | Core i3 3.4GHz | 4 GB RAM | 500 GB HDD<\/span><\/a><\/p>\n","protected":false},"featured_media":285269,"template":"","meta":[],"product_brand":[3856],"product_cat":[2414,1821,1469,1825],"product_tag":[],"class_list":{"0":"post-285294","1":"product","2":"type-product","3":"status-publish","4":"has-post-thumbnail","6":"product_brand-lenovo","7":"product_cat-ordinateurs-intel-core-i3-fr","8":"product_cat-lots-fr","9":"product_cat-ordinateurs-fr","10":"product_cat-lots-ordinateurs-fr","12":"first","13":"instock","14":"taxable","15":"shipping-taxable","16":"purchasable","17":"product-type-simple"},"bundled_by":[],"bundle_stock_status":"instock","bundle_stock_quantity":3,"bundle_virtual":false,"bundle_layout":"","bundle_add_to_cart_form_location":"","bundle_editable_in_cart":false,"bundle_sold_individually_context":"","bundle_item_grouping":"","bundle_min_size":"","bundle_max_size":"","bundle_price":[],"bundled_items":[],"bundle_sell_ids":[],"exclude_global_add_ons":[],"addons":[],"df_price":500,"df_sale_price":"","df_regular_price":500,"df_image_link":"https:\/\/digalco.com\/wp-content\/uploads\/images\/product\/14471\/leno01123_01-300x225.jpg","_links":{"self":[{"href":"https:\/\/digalco.com\/fr\/wp-json\/wp\/v2\/product\/285294","targetHints":{"allow":["GET"]}}],"collection":[{"href":"https:\/\/digalco.com\/fr\/wp-json\/wp\/v2\/product"}],"about":[{"href":"https:\/\/digalco.com\/fr\/wp-json\/wp\/v2\/types\/product"}],"wp:featuredmedia":[{"embeddable":true,"href":"https:\/\/digalco.com\/fr\/wp-json\/wp\/v2\/media\/285269"}],"wp:attachment":[{"href":"https:\/\/digalco.com\/fr\/wp-json\/wp\/v2\/media?parent=285294"}],"wp:term":[{"taxonomy":"product_brand","embeddable":true,"href":"https:\/\/digalco.com\/fr\/wp-json\/wp\/v2\/product_brand?post=285294"},{"taxonomy":"product_cat","embeddable":true,"href":"https:\/\/digalco.com\/fr\/wp-json\/wp\/v2\/product_cat?post=285294"},{"taxonomy":"product_tag","embeddable":true,"href":"https:\/\/digalco.com\/fr\/wp-json\/wp\/v2\/product_tag?post=285294"}],"curies":[{"name":"wp","href":"https:\/\/api.w.org\/{rel}","templated":true}]}}