{"id":285727,"date":"2025-12-02T13:01:34","date_gmt":"2025-12-02T12:01:34","guid":{"rendered":"https:\/\/digalco.com\/tienda\/lenovo-x13-yoga-gen-1-133-reconditionne-core-i5-16ghz-8-gb-ram-256-gb-ssd-m2-1920x1080-fr-14340\/"},"modified":"2025-12-04T17:42:02","modified_gmt":"2025-12-04T16:42:02","slug":"lenovo-x13-yoga-gen-1-133-reconditionne-core-i5-16ghz-8-gb-ram-256-gb-ssd-m2-1920x1080-fr-14340","status":"publish","type":"product","link":"https:\/\/digalco.com\/fr\/produit\/lenovo-x13-yoga-gen-1-133-reconditionne-core-i5-16ghz-8-gb-ram-256-gb-ssd-m2-1920x1080-fr-14340\/","title":{"rendered":"Lenovo X13 Yoga Gen 1 13.3\u00a0\u00bb | Reconditionn\u00e9 | Core i5 1.6GHz | 8 GB RAM | 256 GB SSD M2 1920&#215;1080"},"content":{"rendered":"<p><strong>Processeur<\/strong><br \/>Intel Core i5 10210U 1.6 GHz.<br \/><strong>M\u00e9moire RAM<\/strong><br \/>8 Gb. SO-DDR4 RAM<br \/><strong>Disque dur<\/strong><br \/>256 Gb. SSD M2<br \/><strong>Cartes<\/strong><br \/>Graphique: Intel UHD Graphics<br \/>Son: Realtek Audio<br \/>R\u00e9seau: Intel Ethernet Connection I219-LM ( necesita adaptador RJ45)<br \/><strong>Syst\u00e8me op\u00e9ratif<\/strong><br \/>Windows 11 Pro<br \/><strong>Ports<\/strong><br \/>2x USB 3.0<br \/>USB-C<br \/><strong>\u00c9cran<\/strong><br \/>Tactile 13.3 \u00a0\u00bb FullHD 16:9  \u00b7 R\u00e9solution 1920&#215;1080<br \/><strong>Ports vid\u00e9o<\/strong><br \/>HDMI<br \/><strong>Multim\u00e9dias<\/strong><br \/>Webcam<br \/>Lecteur d&#8217;empreintes<br \/><strong>Connectivit\u00e9<\/strong><br \/>RJ-45<br \/>WIFI<br \/>Bluetooth<br \/><strong>Notebook sp\u00e9cifique<\/strong><br \/>Langue du clavier International (autocollants espagnols)<br \/><strong>Autres<\/strong><br \/>hR emballage<br \/><strong>Dimensions<\/strong><br \/>31x21x2 cm.<br \/><strong>Poids<\/strong><br \/>1.25 Kg.<br \/><strong>Sp\u00e9cifications suppl\u00e9mentaires<\/strong><br \/>Le Lenovo X13 Yoga Gen 1 est un ordinateur portable convertible con\u00e7u pour les professionnels recherchant polyvalence, mobilit\u00e9 et performance dans un seul appareil. \u00c9quip\u00e9 d\u2019un Intel Core i5 de 10e g\u00e9n\u00e9ration, de 8 Go de RAM DDR4 et d\u2019un SSD M.2 de 256 Go, il assure un fonctionnement fluide et stable pour le multit\u00e2che, les applications bureautiques et les projets quotidiens. Son \u00e9cran tactile 13,3\u201d FullHD (1920&#215;1080) permet de travailler en mode portable classique ou de le convertir en tablette pour prendre des notes, r\u00e9aliser des pr\u00e9sentations ou interagir plus intuitivement.<br \/>La s\u00e9curit\u00e9 est renforc\u00e9e par TPM 2.0 et un lecteur d\u2019empreintes digitales, prot\u00e9geant efficacement vos donn\u00e9es. Il int\u00e8gre \u00e9galement une webcam pour des visioconf\u00e9rences claires et confortables, id\u00e9al pour les r\u00e9unions \u00e0 distance ou les appels professionnels. Son design compact et robuste combine portabilit\u00e9 et durabilit\u00e9, faisant du X13 Yoga un compagnon de travail fiable dans tous les environnements.<br \/>Un ordinateur portable convertible qui allie style, fonctionnalit\u00e9 et productivit\u00e9, offrant une exp\u00e9rience moderne et s\u00e9curis\u00e9e pour les professionnels qui doivent s\u2019adapter \u00e0 toutes les situations avec facilit\u00e9.<br \/>Bon \u00e9tat ext\u00e9rieur. Peut pr\u00e9senter de l\u00e9g\u00e8res marques d\u2019usage sur le bo\u00eetier. Regardez dans \u00ab\u00a0+ Photos\u00a0\u00bb et \u00ab\u00a0Vid\u00e9o\u00a0\u00bb et si vous avez des questions, appelez-nous ou utilisez notre chat pour d\u00e9velopper les informations ou demander plus de d\u00e9tails.&nbsp;<\/p>\n","protected":false},"excerpt":{"rendered":"<p>Intel Core i5 10210U 1.6 GHz. \u00b7 8 Gb. SO-DDR4 RAM \u00b7 256 Gb. SSD M2 \u00b7 <strong>Windows 11 Pro \u00b7 Tactile 13.3 \u00a0\u00bb FullHD<\/strong> 16:9 \u00b7 Webcam \u00b7<u>Clavier international avec autocollants en fran\u00e7ais<\/u> [&#8230;]<\/p>\n<p><a class=\"btn btn-secondary understrap-read-more-link\" href=\"https:\/\/digalco.com\/fr\/produit\/lenovo-x13-yoga-gen-1-133-reconditionne-core-i5-16ghz-8-gb-ram-256-gb-ssd-m2-1920x1080-fr-14340\/\">Lire la suite\u2026<span class=\"screen-reader-text\"> from Lenovo X13 Yoga Gen 1 13.3\u00a0\u00bb | Reconditionn\u00e9 | Core i5 1.6GHz | 8 GB RAM | 256 GB SSD M2 1920&#215;1080<\/span><\/a><\/p>\n","protected":false},"featured_media":285697,"template":"","meta":[],"product_brand":[3856],"product_cat":[3755,1517,1581,3094,1533],"product_tag":[],"class_list":{"0":"post-285727","1":"product","2":"type-product","3":"status-publish","4":"has-post-thumbnail","6":"product_brand-lenovo","7":"product_cat-notebooks-13-fr","8":"product_cat-notebooks-fr","9":"product_cat-tablettes-fr","10":"product_cat-tablettes-tablettes-fr","11":"product_cat-notebooks-tactiles-fr","13":"first","14":"instock","15":"taxable","16":"shipping-taxable","17":"purchasable","18":"product-type-simple"},"bundled_by":[],"bundle_stock_status":"instock","bundle_stock_quantity":9,"bundle_virtual":false,"bundle_layout":"","bundle_add_to_cart_form_location":"","bundle_editable_in_cart":false,"bundle_sold_individually_context":"","bundle_item_grouping":"","bundle_min_size":"","bundle_max_size":"","bundle_price":[],"bundled_items":[],"bundle_sell_ids":[],"exclude_global_add_ons":true,"addons":{"keyboard-iso-upgrades":{"name":"Choisir langue du clavier","type":"multiple_choice","position":0,"required":false,"title_format":"heading","default":"","description_enable":false,"description":"","placeholder_enable":false,"placeholder":"","display":"radiobutton","restrictions_type":"any_text","adjust_price":false,"price":"","price_type":"quantity_based","restrictions":false,"min":"0","max":"0","options":[{"label":"Autocollants espagnols [AMP00082]","price":"0.0000","price_type":"quantity_based","image":0,"visibility":true},{"label":"Autocollants fran\u00e7ais [AMP00084]","price":"0.0000","price_type":"quantity_based","image":0,"visibility":true},{"label":"Autocollants portugais [AMP00083]","price":"0.0000","price_type":"quantity_based","image":0,"visibility":true}]},"hdd-upgrades":{"name":"Extension disque dur","type":"multiple_choice","position":0,"required":false,"title_format":"heading","default":"","description_enable":false,"description":"","placeholder_enable":false,"placeholder":"","display":"radiobutton","restrictions_type":"any_text","adjust_price":false,"price":"","price_type":"quantity_based","restrictions":false,"min":"0","max":"0","options":[{"label":"Passez au disque SSD de 500 Gb. M.2 2280PCIe [AMP00106]","price":110,"price_type":"quantity_based","image":0,"visibility":true},{"label":"Passez au disque SSD 1 Tb. M.2 2280 PCIe [AMP00107]","price":165,"price_type":"quantity_based","image":0,"visibility":true},{"label":"Passez au disque SSD 2 Tb. M.2 2280 PCIe [AMP00171]","price":260,"price_type":"quantity_based","image":0,"visibility":true}]},"os-upgrades":{"name":"Expansion SO","type":"multiple_choice","position":0,"required":false,"title_format":"heading","default":"","description_enable":false,"description":"","placeholder_enable":false,"placeholder":"","display":"radiobutton","restrictions_type":"any_text","adjust_price":false,"price":"","price_type":"quantity_based","restrictions":false,"min":"0","max":"0","options":[{"label":"Changer la langue en fran\u00e7ais [AMP00125]","price":"0.0000","price_type":"quantity_based","image":0,"visibility":true},{"label":"Changer la langue en anglais [AMP00008]","price":"0.0000","price_type":"quantity_based","image":0,"visibility":true},{"label":"Changer la langue en portugais [AMP00009]","price":"0.0000","price_type":"quantity_based","image":0,"visibility":true}]},"briefcase-upgrades":{"name":"Porte-documents","type":"multiple_choice","position":0,"required":false,"title_format":"heading","default":"","description_enable":false,"description":"","placeholder_enable":false,"placeholder":"","display":"radiobutton","restrictions_type":"any_text","adjust_price":false,"price":"","price_type":"quantity_based","restrictions":false,"min":"0","max":"0","options":[{"label":"Mallette Notebook [AMP00041]","price":"5.0000","price_type":"quantity_based","image":0,"visibility":true}]}},"df_price":269,"df_sale_price":"","df_regular_price":269,"df_image_link":"https:\/\/digalco.com\/wp-content\/uploads\/images\/product\/14340\/leno01102_01-300x225.jpg","_links":{"self":[{"href":"https:\/\/digalco.com\/fr\/wp-json\/wp\/v2\/product\/285727","targetHints":{"allow":["GET"]}}],"collection":[{"href":"https:\/\/digalco.com\/fr\/wp-json\/wp\/v2\/product"}],"about":[{"href":"https:\/\/digalco.com\/fr\/wp-json\/wp\/v2\/types\/product"}],"wp:featuredmedia":[{"embeddable":true,"href":"https:\/\/digalco.com\/fr\/wp-json\/wp\/v2\/media\/285697"}],"wp:attachment":[{"href":"https:\/\/digalco.com\/fr\/wp-json\/wp\/v2\/media?parent=285727"}],"wp:term":[{"taxonomy":"product_brand","embeddable":true,"href":"https:\/\/digalco.com\/fr\/wp-json\/wp\/v2\/product_brand?post=285727"},{"taxonomy":"product_cat","embeddable":true,"href":"https:\/\/digalco.com\/fr\/wp-json\/wp\/v2\/product_cat?post=285727"},{"taxonomy":"product_tag","embeddable":true,"href":"https:\/\/digalco.com\/fr\/wp-json\/wp\/v2\/product_tag?post=285727"}],"curies":[{"name":"wp","href":"https:\/\/api.w.org\/{rel}","templated":true}]}}