{"id":286173,"date":"2025-12-03T13:02:27","date_gmt":"2025-12-03T12:02:27","guid":{"rendered":"https:\/\/digalco.com\/tienda\/lenovo-v530s-sff-reconditionne-core-i5-3ghz-8-gb-ram-256-gb-ssd-m2-fr-14364\/"},"modified":"2025-12-05T10:02:26","modified_gmt":"2025-12-05T09:02:26","slug":"lenovo-v530s-sff-reconditionne-core-i5-3ghz-8-gb-ram-256-gb-ssd-m2-fr-14364","status":"publish","type":"product","link":"https:\/\/digalco.com\/fr\/produit\/lenovo-v530s-sff-reconditionne-core-i5-3ghz-8-gb-ram-256-gb-ssd-m2-fr-14364\/","title":{"rendered":"Lenovo V530S-Impecable SFF | Reconditionn\u00e9 | Core i5 3GHz | 8 GB RAM | 256 GB SSD M2"},"content":{"rendered":"<p><strong>Processeur<\/strong><br \/>Intel Core i5 9500 3 GHz.<br \/><strong>Facteur de forme<\/strong><br \/>SFF<br \/><strong>M\u00e9moire RAM<\/strong><br \/>8 Gb. DDR4 RAM<br \/><strong>Disque dur<\/strong><br \/>256 Gb. SSD M2<br \/><strong>Cartes<\/strong><br \/>Graphique: Intel UHD Graphics 630<br \/>Son: ALC233<br \/>R\u00e9seau: Realtec RTL811<br \/><strong>Syst\u00e8me op\u00e9ratif<\/strong><br \/>Windows 11 Pro<br \/><strong>Ports<\/strong><br \/>S\u00e9rie<br \/>6x USB 2.0<br \/>2x USB 3.0<br \/><strong>Ports vid\u00e9o<\/strong><br \/>VGA<br \/>HDMI<br \/>Display Port<br \/><strong>Multim\u00e9dias<\/strong><br \/>Lecteur SD<br \/><strong>Connectivit\u00e9<\/strong><br \/>RJ-45<br \/><strong>Autres<\/strong><br \/>hR emballage<br \/><strong>Dimensions<\/strong><br \/>29x27x9.5 cm.<br \/><strong>Poids<\/strong><br \/>3.70 Kg.<br \/><strong>Sp\u00e9cifications suppl\u00e9mentaires<\/strong><br \/>Le Lenovo V530S SFF est un ordinateur de bureau compact con\u00e7u pour offrir des performances stables, de l\u2019efficacit\u00e9 et une utilisation rapide dans les environnements professionnels. Son Intel Core i5 de 9\u1d49 g\u00e9n\u00e9ration \u00e0 3 GHz fournit la puissance n\u00e9cessaire pour g\u00e9rer le multit\u00e2che, les applications bureautiques avanc\u00e9es et les flux de travail continus sans ralentissements. Avec ses 8 Go de m\u00e9moire DDR4, l\u2019\u00e9quipement garantit une exp\u00e9rience fluide m\u00eame avec plusieurs fen\u00eatres et programmes ouverts.<br \/>Le SSD M.2 de 256 Go assure une r\u00e9ponse imm\u00e9diate du syst\u00e8me, r\u00e9duisant les temps de chargement et acc\u00e9l\u00e9rant toutes les t\u00e2ches quotidiennes. Son format Small Form Factor se distingue par son \u00e9quilibre entre taille r\u00e9duite et capacit\u00e9 d\u2019extension, permettant une int\u00e9gration facile sur n\u2019importe quel bureau sans perdre un int\u00e9rieur bien organis\u00e9.<br \/>Avec Windows 11 Pro, le V530S est pr\u00eat pour les exigences actuelles de s\u00e9curit\u00e9 et de productivit\u00e9, offrant une compatibilit\u00e9 totale avec les outils modernes. Les slots PCIe X16 et X1 facilitent les futures am\u00e9liorations de connectivit\u00e9 ou de puissance graphique, prolongeant la dur\u00e9e de vie de l\u2019\u00e9quipement.<br \/>Fiable, rapide et pratique, le Lenovo V530S SFF est une solution id\u00e9ale pour les bureaux, entreprises et utilisateurs ayant besoin d\u2019un ordinateur agile, silencieux et con\u00e7u pour suivre le rythme du travail quotidien.<br \/><b>Aspect ext\u00e9rieur Impeccable<\/b>. Regardez dans \u00ab\u00a0+ Photos\u00a0\u00bb et \u00ab\u00a0Vid\u00e9o\u00a0\u00bb et si vous avez des questions, appelez-nous ou utilisez notre chat pour d\u00e9velopper les informations ou demander plus de d\u00e9tails.&nbsp;<br \/><strong>Commentaires<\/strong><br \/><u>1xPCIe X16 \/ 1xPCIe X1<\/u><\/p>\n","protected":false},"excerpt":{"rendered":"<p>Intel Core i5 9500 3 GHz. \u00b7 8 Gb. DDR4 RAM \u00b7 256 Gb. SSD M2 \u00b7 <strong>Windows 11 Pro<\/strong> \u00b7<br \/>\n<u>1xPCIe X16 \/ 1xPCIe X1<br \/>\n<\/u> [&#8230;]<\/p>\n<p><a class=\"btn btn-secondary understrap-read-more-link\" href=\"https:\/\/digalco.com\/fr\/produit\/lenovo-v530s-sff-reconditionne-core-i5-3ghz-8-gb-ram-256-gb-ssd-m2-fr-14364\/\">Lire la suite\u2026<span class=\"screen-reader-text\"> from Lenovo V530S-Impecable SFF | Reconditionn\u00e9 | Core i5 3GHz | 8 GB RAM | 256 GB SSD M2<\/span><\/a><\/p>\n","protected":false},"featured_media":286143,"template":"","meta":[],"product_brand":[3856],"product_cat":[2418,1469],"product_tag":[],"class_list":{"0":"post-286173","1":"product","2":"type-product","3":"status-publish","4":"has-post-thumbnail","6":"product_brand-lenovo","7":"product_cat-ordinateurs-intel-core-i5-fr","8":"product_cat-ordinateurs-fr","10":"first","11":"instock","12":"taxable","13":"shipping-taxable","14":"purchasable","15":"product-type-simple"},"bundled_by":[],"bundle_stock_status":"instock","bundle_stock_quantity":6,"bundle_virtual":false,"bundle_layout":"","bundle_add_to_cart_form_location":"","bundle_editable_in_cart":false,"bundle_sold_individually_context":"","bundle_item_grouping":"","bundle_min_size":"","bundle_max_size":"","bundle_price":[],"bundled_items":[],"bundle_sell_ids":[],"exclude_global_add_ons":true,"addons":{"webcam-upgrades":{"name":"Extension Webcam","type":"multiple_choice","position":0,"required":false,"title_format":"heading","default":"","description_enable":false,"description":"","placeholder_enable":false,"placeholder":"","display":"radiobutton","restrictions_type":"any_text","adjust_price":false,"price":"","price_type":"quantity_based","restrictions":false,"min":"0","max":"0","options":[{"label":"Conceptronic AMDIS FullHD [AMP00085]","price":"29.0000","price_type":"quantity_based","image":0,"visibility":true}]},"ram-memory-upgrades":{"name":"Extension RAM","type":"multiple_choice","position":0,"required":false,"title_format":"heading","default":"","description_enable":false,"description":"","placeholder_enable":false,"placeholder":"","display":"radiobutton","restrictions_type":"any_text","adjust_price":false,"price":"","price_type":"quantity_based","restrictions":false,"min":"0","max":"0","options":[{"label":"Extension de 16 Gb Gb de RAM DDR4 [AMP00079]","price":60,"price_type":"quantity_based","image":0,"visibility":true}]},"hdd-upgrades":{"name":"Extension disque dur","type":"multiple_choice","position":0,"required":false,"title_format":"heading","default":"","description_enable":false,"description":"","placeholder_enable":false,"placeholder":"","display":"radiobutton","restrictions_type":"any_text","adjust_price":false,"price":"","price_type":"quantity_based","restrictions":false,"min":"0","max":"0","options":[{"label":"Passez au disque SSD de 500 Gb. M.2 2280PCIe [AMP00106]","price":110,"price_type":"quantity_based","image":0,"visibility":true},{"label":"Passez au disque SSD 1 Tb. M.2 2280 PCIe [AMP00107]","price":165,"price_type":"quantity_based","image":0,"visibility":true},{"label":"Passez au disque SSD 2 Tb. M.2 2280 PCIe [AMP00171]","price":260,"price_type":"quantity_based","image":0,"visibility":true}]},"graphic-card-upgrades":{"name":"Extension carte graphique","type":"multiple_choice","position":0,"required":false,"title_format":"heading","default":"","description_enable":false,"description":"","placeholder_enable":false,"placeholder":"","display":"radiobutton","restrictions_type":"any_text","adjust_price":false,"price":"","price_type":"quantity_based","restrictions":false,"min":"0","max":"0","options":[{"label":"Graphique T. 2 Gb. (1xDVI, 1xHDMI) [AMP00010]","price":"60.0000","price_type":"quantity_based","image":0,"visibility":true}]},"network-card-upgrades":{"name":"Extension WIFI","type":"multiple_choice","position":0,"required":false,"title_format":"heading","default":"","description_enable":false,"description":"","placeholder_enable":false,"placeholder":"","display":"radiobutton","restrictions_type":"any_text","adjust_price":false,"price":"","price_type":"quantity_based","restrictions":false,"min":"0","max":"0","options":[{"label":"Mise \u00e0 niveau de la carte PCI Wi-Fi [AMP00017]","price":"15.0000","price_type":"quantity_based","image":0,"visibility":true},{"label":"Mise \u00e0 niveau nano USB sans fil [AMP00018]","price":"12.0000","price_type":"quantity_based","image":0,"visibility":true}]},"os-upgrades":{"name":"Expansion SO","type":"multiple_choice","position":0,"required":false,"title_format":"heading","default":"","description_enable":false,"description":"","placeholder_enable":false,"placeholder":"","display":"radiobutton","restrictions_type":"any_text","adjust_price":false,"price":"","price_type":"quantity_based","restrictions":false,"min":"0","max":"0","options":[{"label":"Changer la langue en fran\u00e7ais [AMP00125]","price":"0.0000","price_type":"quantity_based","image":0,"visibility":true},{"label":"Changer la langue en anglais [AMP00008]","price":"0.0000","price_type":"quantity_based","image":0,"visibility":true},{"label":"Changer la langue en portugais [AMP00009]","price":"0.0000","price_type":"quantity_based","image":0,"visibility":true}]},"keyboard-upgrades":{"name":"Extension clavier","type":"multiple_choice","position":0,"required":false,"title_format":"heading","default":"","description_enable":false,"description":"","placeholder_enable":false,"placeholder":"","display":"radiobutton","restrictions_type":"any_text","adjust_price":false,"price":"","price_type":"quantity_based","restrictions":false,"min":"0","max":"0","options":[{"label":"Clavier et souris [AMP00020]","price":"8.0000","price_type":"quantity_based","image":0,"visibility":true},{"label":"Clavier et souris Portuguese New [AMP00088]","price":"15.0000","price_type":"quantity_based","image":0,"visibility":true},{"label":"Clavier et souris USB espagnols (Nouveau) [AMP00068]","price":"12.0000","price_type":"quantity_based","image":0,"visibility":true}]}},"df_price":258,"df_sale_price":"","df_regular_price":258,"df_image_link":"https:\/\/digalco.com\/wp-content\/uploads\/images\/product\/14364\/leno01111_01-300x225.jpg","_links":{"self":[{"href":"https:\/\/digalco.com\/fr\/wp-json\/wp\/v2\/product\/286173","targetHints":{"allow":["GET"]}}],"collection":[{"href":"https:\/\/digalco.com\/fr\/wp-json\/wp\/v2\/product"}],"about":[{"href":"https:\/\/digalco.com\/fr\/wp-json\/wp\/v2\/types\/product"}],"wp:featuredmedia":[{"embeddable":true,"href":"https:\/\/digalco.com\/fr\/wp-json\/wp\/v2\/media\/286143"}],"wp:attachment":[{"href":"https:\/\/digalco.com\/fr\/wp-json\/wp\/v2\/media?parent=286173"}],"wp:term":[{"taxonomy":"product_brand","embeddable":true,"href":"https:\/\/digalco.com\/fr\/wp-json\/wp\/v2\/product_brand?post=286173"},{"taxonomy":"product_cat","embeddable":true,"href":"https:\/\/digalco.com\/fr\/wp-json\/wp\/v2\/product_cat?post=286173"},{"taxonomy":"product_tag","embeddable":true,"href":"https:\/\/digalco.com\/fr\/wp-json\/wp\/v2\/product_tag?post=286173"}],"curies":[{"name":"wp","href":"https:\/\/api.w.org\/{rel}","templated":true}]}}