{"id":286831,"date":"2025-12-05T12:15:49","date_gmt":"2025-12-05T11:15:49","guid":{"rendered":"https:\/\/digalco.com\/tienda\/lenovo-thinkpad-e490-14-reconditionne-core-i5-16ghz-16-gb-ram-512-gb-ssd-m2-1920x1080-fr-14239\/"},"modified":"2026-02-11T09:33:16","modified_gmt":"2026-02-11T08:33:16","slug":"lenovo-thinkpad-e490-14-reconditionne-core-i5-16ghz-16-gb-ram-512-gb-ssd-m2-1920x1080-fr-14239","status":"publish","type":"product","link":"https:\/\/digalco.com\/fr\/produit\/lenovo-thinkpad-e490-14-reconditionne-core-i5-16ghz-16-gb-ram-512-gb-ssd-m2-1920x1080-fr-14239\/","title":{"rendered":"Lenovo ThinkPad E490 14\u00a0\u00bb | Reconditionn\u00e9 | Core i5 1.6GHz | 16 GB RAM | 512 GB SSD M2 1920&#215;1080"},"content":{"rendered":"<p><strong>Processeur<\/strong><br \/>Intel Core i5 8265U 1.6 GHz.<br \/><strong>M\u00e9moire RAM<\/strong><br \/>16 Gb. SO-DDR4 RAM<br \/><strong>Disque dur<\/strong><br \/>512 Gb. SSD M2<br \/><strong>Cartes<\/strong><br \/>Graphique: Intel UHD Graphics 620<br \/>Son: Synaptics high definition audio<br \/>R\u00e9seau: Realtek PCIe GBE<br \/><strong>Syst\u00e8me op\u00e9ratif<\/strong><br \/>Windows 11 Pro<br \/><strong>Ports<\/strong><br \/>USB 2.0<br \/>2x USB 3.0<br \/><strong>\u00c9cran<\/strong><br \/>Led 14 \u00a0\u00bb FullHD 16:9 \u00b7 R\u00e9solution 1920&#215;1080<br \/><strong>Ports vid\u00e9o<\/strong><br \/>HDMI<br \/><strong>Multim\u00e9dias<\/strong><br \/>Webcam<br \/>Lecteur d&#8217;empreintes<br \/><strong>Connectivit\u00e9<\/strong><br \/>RJ-45<br \/>WIFI<br \/>Bluetooth<br \/><strong>Notebook sp\u00e9cifique<\/strong><br \/>Langue du clavier Espagnol<br \/><strong>Autres<\/strong><br \/>hR emballage<br \/><strong>Dimensions<\/strong><br \/>33&#215;24.5&#215;2 cm.<br \/><strong>Poids<\/strong><br \/>1.80 Kg.<br \/><strong>Sp\u00e9cifications suppl\u00e9mentaires<\/strong><br \/>Le Lenovo ThinkPad E490 est un ordinateur portable professionnel \u00e9quilibr\u00e9, con\u00e7u pour offrir performance, fiabilit\u00e9 et confort au quotidien. Son Intel Core i5 de 8\u1d49 g\u00e9n\u00e9ration, associ\u00e9 \u00e0 16 Go de RAM DDR4 et \u00e0 un rapide SSD M.2 de 512 Go, garantit une excellente fluidit\u00e9 en multit\u00e2che, dans les applications bureautiques, la navigation intensive et les environnements de travail exigeants. Son \u00e9cran LED de 14\u201d FullHD (1920&#215;1080) offre une image nette et agr\u00e9able, parfaite pour de longues heures de productivit\u00e9 ou pour profiter de contenus multim\u00e9dias de qualit\u00e9.Ce mod\u00e8le conserve l\u2019identit\u00e9 ThinkPad avec un ch\u00e2ssis robuste, un clavier ergonomique de grande qualit\u00e9 et une s\u00e9curit\u00e9 renforc\u00e9e gr\u00e2ce au TPM 2.0 et au lecteur d\u2019empreintes digitales, permettant un acc\u00e8s rapide et prot\u00e9g\u00e9. La webcam int\u00e9gr\u00e9e assure des appels vid\u00e9o clairs et professionnels, indispensables dans les environnements de travail modernes. Avec Windows 11 Pro, le E490 propose un syst\u00e8me \u00e0 jour, s\u00e9curis\u00e9 et pr\u00eat \u00e0 optimiser les performances quotidiennes.Un ordinateur portable fiable, polyvalent et facile \u00e0 transporter, id\u00e9al pour ceux qui ont besoin d\u2019un outil de travail solide, efficace et durable \u00e0 l\u2019image de la famille ThinkPad.Bon aspect ext\u00e9rieur. Si vous avez des questions, appelez-nous ou utilisez notre chat pour demander plus d\u2019informations ou plus de d\u00e9tails.<\/p>\n","protected":false},"excerpt":{"rendered":"<p>Intel Core i5 8265U 1.6 GHz. \u00b7 16 Gb. SO-DDR4 RAM \u00b7 512 Gb. SSD M2 \u00b7 <strong>Windows 11 Pro<\/strong> \u00b7 Led 14 \u00a0\u00bb FullHD 16:9 \u00b7 R\u00e9solution 1920&#215;1080 \u00b7 Webcam \u00b7 Lecteur d&#8217;empreintes [&#8230;]<\/p>\n<p><a class=\"btn btn-secondary understrap-read-more-link\" href=\"https:\/\/digalco.com\/fr\/produit\/lenovo-thinkpad-e490-14-reconditionne-core-i5-16ghz-16-gb-ram-512-gb-ssd-m2-1920x1080-fr-14239\/\">Lire la suite\u2026<span class=\"screen-reader-text\"> from Lenovo ThinkPad E490 14\u00a0\u00bb | Reconditionn\u00e9 | Core i5 1.6GHz | 16 GB RAM | 512 GB SSD M2 1920&#215;1080<\/span><\/a><\/p>\n","protected":false},"featured_media":286801,"template":"","meta":[],"product_brand":[3856],"product_cat":[3760,1517],"product_tag":[],"class_list":{"0":"post-286831","1":"product","2":"type-product","3":"status-publish","4":"has-post-thumbnail","6":"product_brand-lenovo","7":"product_cat-notebooks-14-fr","8":"product_cat-notebooks-fr","10":"first","11":"outofstock","12":"taxable","13":"shipping-taxable","14":"purchasable","15":"product-type-simple"},"bundled_by":[],"bundle_stock_status":"outofstock","bundle_stock_quantity":0,"bundle_virtual":false,"bundle_layout":"","bundle_add_to_cart_form_location":"","bundle_editable_in_cart":false,"bundle_sold_individually_context":"","bundle_item_grouping":"","bundle_min_size":"","bundle_max_size":"","bundle_price":[],"bundled_items":[],"bundle_sell_ids":[],"exclude_global_add_ons":true,"addons":{"keyboard-iso-upgrades":{"name":"Choisir langue du clavier","type":"multiple_choice","position":0,"required":false,"title_format":"heading","default":"","description_enable":false,"description":"","placeholder_enable":false,"placeholder":"","display":"radiobutton","restrictions_type":"any_text","adjust_price":false,"price":"","price_type":"quantity_based","restrictions":false,"min":"0","max":"0","options":[{"label":"Autocollants fran\u00e7ais [AMP00084]","price":"0.0000","price_type":"quantity_based","image":0,"visibility":true},{"label":"Autocollants portugais [AMP00083]","price":"0.0000","price_type":"quantity_based","image":0,"visibility":true}]},"ram-memory-upgrades":{"name":"Extension RAM","type":"multiple_choice","position":0,"required":false,"title_format":"heading","default":"","description_enable":false,"description":"","placeholder_enable":false,"placeholder":"","display":"radiobutton","restrictions_type":"any_text","adjust_price":false,"price":"","price_type":"quantity_based","restrictions":false,"min":"0","max":"0","options":[{"label":"Extension de 32 Gb de RAM SODIMM [AMP00098]","price":"150.0000","price_type":"quantity_based","image":0,"visibility":true}]},"hdd-upgrades":{"name":"Extension disque dur","type":"multiple_choice","position":0,"required":false,"title_format":"heading","default":"","description_enable":false,"description":"","placeholder_enable":false,"placeholder":"","display":"radiobutton","restrictions_type":"any_text","adjust_price":false,"price":"","price_type":"quantity_based","restrictions":false,"min":"0","max":"0","options":[{"label":"Passez au disque SSD 1 Tb. M.2 2280 PCIe [AMP00107]","price":"120.0000","price_type":"quantity_based","image":0,"visibility":true},{"label":"Passez au disque SSD 2 Tb. M.2 2280 PCIe [AMP00171]","price":"200.0000","price_type":"quantity_based","image":0,"visibility":true}]},"os-upgrades":{"name":"Expansion SO","type":"multiple_choice","position":0,"required":false,"title_format":"heading","default":"","description_enable":false,"description":"","placeholder_enable":false,"placeholder":"","display":"radiobutton","restrictions_type":"any_text","adjust_price":false,"price":"","price_type":"quantity_based","restrictions":false,"min":"0","max":"0","options":[{"label":"Changer la langue en fran\u00e7ais [AMP00125]","price":"0.0000","price_type":"quantity_based","image":0,"visibility":true},{"label":"Changer la langue en anglais [AMP00008]","price":"0.0000","price_type":"quantity_based","image":0,"visibility":true},{"label":"Changer la langue en portugais [AMP00009]","price":"0.0000","price_type":"quantity_based","image":0,"visibility":true}]},"briefcase-upgrades":{"name":"Porte-documents","type":"multiple_choice","position":0,"required":false,"title_format":"heading","default":"","description_enable":false,"description":"","placeholder_enable":false,"placeholder":"","display":"radiobutton","restrictions_type":"any_text","adjust_price":false,"price":"","price_type":"quantity_based","restrictions":false,"min":"0","max":"0","options":[{"label":"Mallette Notebook [AMP00041]","price":"5.0000","price_type":"quantity_based","image":0,"visibility":true}]}},"df_price":276,"df_sale_price":"","df_regular_price":276,"df_image_link":"https:\/\/digalco.com\/wp-content\/uploads\/images\/product\/14239\/leno01088_01-300x225.jpg","_links":{"self":[{"href":"https:\/\/digalco.com\/fr\/wp-json\/wp\/v2\/product\/286831","targetHints":{"allow":["GET"]}}],"collection":[{"href":"https:\/\/digalco.com\/fr\/wp-json\/wp\/v2\/product"}],"about":[{"href":"https:\/\/digalco.com\/fr\/wp-json\/wp\/v2\/types\/product"}],"wp:featuredmedia":[{"embeddable":true,"href":"https:\/\/digalco.com\/fr\/wp-json\/wp\/v2\/media\/286801"}],"wp:attachment":[{"href":"https:\/\/digalco.com\/fr\/wp-json\/wp\/v2\/media?parent=286831"}],"wp:term":[{"taxonomy":"product_brand","embeddable":true,"href":"https:\/\/digalco.com\/fr\/wp-json\/wp\/v2\/product_brand?post=286831"},{"taxonomy":"product_cat","embeddable":true,"href":"https:\/\/digalco.com\/fr\/wp-json\/wp\/v2\/product_cat?post=286831"},{"taxonomy":"product_tag","embeddable":true,"href":"https:\/\/digalco.com\/fr\/wp-json\/wp\/v2\/product_tag?post=286831"}],"curies":[{"name":"wp","href":"https:\/\/api.w.org\/{rel}","templated":true}]}}