{"id":287512,"date":"2025-12-09T15:57:42","date_gmt":"2025-12-09T14:57:42","guid":{"rendered":"https:\/\/digalco.com\/tienda\/lg-w2243st-22-lcd-169-reconditionne-1920x1080-fr-14546\/"},"modified":"2025-12-09T15:57:49","modified_gmt":"2025-12-09T14:57:49","slug":"lg-w2243st-22-lcd-169-reconditionne-1920x1080-fr-14546","status":"publish","type":"product","link":"https:\/\/digalco.com\/fr\/produit\/lg-w2243st-22-lcd-169-reconditionne-1920x1080-fr-14546\/","title":{"rendered":"LG W2243ST 22\u00a0\u00bb LCD 16:9 | Reconditionn\u00e9 | 1920&#215;1080"},"content":{"rendered":"<p><strong>\u00c9cran<\/strong><br \/>LCD 22 \u00a0\u00bb FullHD 16:9 \u00b7 R\u00e9solution 1920&#215;1080<br \/>Dot pitch 0.248 mm<br \/>R\u00e9ponse 5 ms<br \/>Contraste 1000:1<br \/>Luminosit\u00e9 250 cd\/m2<br \/>Angle vision 170\u00b0v\/160\u00b0h<br \/><strong>Ports vid\u00e9o<\/strong><br \/>VGA<br \/><strong>Affichage sp\u00e9cifique<\/strong><br \/>Stand VESA<br \/>Base<br \/><strong>Autres<\/strong><br \/>hR emballage<br \/><strong>Dimensions<\/strong><br \/>52x40x19 cm.<br \/><strong>Poids<\/strong><br \/>3.70 Kg.<br \/><strong>Sp\u00e9cifications suppl\u00e9mentaires<\/strong><br \/>Le LG W2243ST est une excellente option pour ceux qui recherchent un moniteur de 22 pouces capable d\u2019offrir une image claire, \u00e9quilibr\u00e9e et parfaite pour le travail quotidien ou un usage multim\u00e9dia occasionnel. Son design compact et ses performances stables en font un alli\u00e9 id\u00e9al pour les bureaux, les postes de travail \u00e0 domicile ou comme deuxi\u00e8me \u00e9cran afin d\u2019am\u00e9liorer l\u2019organisation et la productivit\u00e9.Son panneau LCD FullHD de 22\u2019\u2019 avec une r\u00e9solution de 1920&#215;1080 offre une excellente d\u00e9finition, renforc\u00e9e par un pitch de 0,248 mm assurant une grande pr\u00e9cision dans les textes et les d\u00e9tails fins. Avec un contraste de 1000:1 et une luminosit\u00e9 de 250 cd\/m\u00b2, le moniteur garantit une qualit\u00e9 visuelle constante pour les documents, vid\u00e9os et applications. Son temps de r\u00e9ponse de 5 ms assure des transitions fluides, tandis que les angles de vision de 170\u00b0\/160\u00b0 permettent de conserver une bonne fid\u00e9lit\u00e9 d\u2019image sans devoir \u00eatre parfaitement en face de l\u2019\u00e9cran. La connexion VGA facilite la compatibilit\u00e9 avec de nombreux appareils, et la mise en service est imm\u00e9diate gr\u00e2ce aux c\u00e2bles fournis.Le LG W2243ST combine efficacit\u00e9, clart\u00e9 et confort visuel, offrant une exp\u00e9rience \u00e9quilibr\u00e9e \u00e0 ceux qui ont besoin d\u2019un \u00e9cran pratique et fiable. Son format compact et ses performances solides en font un choix pertinent pour am\u00e9liorer n\u2019importe quel espace de travail avec une solution simple, fonctionnelle et r\u00e9ellement avantageuse.Bon aspect ext\u00e9rieur. Peut pr\u00e9senter de l\u00e9g\u00e8res marques d\u2019usage sur la coque. Si vous avez des questions, appelez-nous ou utilisez notre chat pour obtenir plus d&rsquo;informations ou demander plus de d\u00e9tails.<br \/><strong>Commentaires<\/strong><br \/><u>C\u00e2ble d&rsquo;alimentation et VGA inclus<\/u><\/p>\n","protected":false},"excerpt":{"rendered":"<p>LCD 22 \u00a0\u00bb FullHD 16:9 \u00b7 R\u00e9solution 1920&#215;1080 \u00b7 Dot pitch 0.248 mm \u00b7 R\u00e9ponse 5 ms \u00b7 Contraste 1000:1 \u00b7 Luminosit\u00e9 250 cd\/m2 \u00b7 VGA \u00b7<br \/>\n<u>C\u00e2ble d&rsquo;alimentation et VGA inclus<br \/>\n<\/u> [&#8230;]<\/p>\n<p><a class=\"btn btn-secondary understrap-read-more-link\" href=\"https:\/\/digalco.com\/fr\/produit\/lg-w2243st-22-lcd-169-reconditionne-1920x1080-fr-14546\/\">Lire la suite\u2026<span class=\"screen-reader-text\"> from LG W2243ST 22\u00a0\u00bb LCD 16:9 | Reconditionn\u00e9 | 1920&#215;1080<\/span><\/a><\/p>\n","protected":false},"featured_media":287482,"template":"","meta":[],"product_brand":[3861],"product_cat":[2382,1493],"product_tag":[],"class_list":{"0":"post-287512","1":"product","2":"type-product","3":"status-publish","4":"has-post-thumbnail","6":"product_brand-lg","7":"product_cat-moniteurs-22-fr","8":"product_cat-moniteurs-fr","10":"first","11":"instock","12":"taxable","13":"shipping-taxable","14":"purchasable","15":"product-type-simple"},"bundled_by":[],"bundle_stock_status":"instock","bundle_stock_quantity":1,"bundle_virtual":false,"bundle_layout":"","bundle_add_to_cart_form_location":"","bundle_editable_in_cart":false,"bundle_sold_individually_context":"","bundle_item_grouping":"","bundle_min_size":"","bundle_max_size":"","bundle_price":[],"bundled_items":[],"bundle_sell_ids":[],"exclude_global_add_ons":true,"addons":{"webcam-upgrades":{"name":"Extension Webcam","type":"multiple_choice","position":0,"required":false,"title_format":"heading","default":"","description_enable":false,"description":"","placeholder_enable":false,"placeholder":"","display":"radiobutton","restrictions_type":"any_text","adjust_price":false,"price":"","price_type":"quantity_based","restrictions":false,"min":"0","max":"0","options":[{"label":"Conceptronic AMDIS FullHD [AMP00085]","price":"29.0000","price_type":"quantity_based","image":0,"visibility":true}]}},"df_price":66,"df_sale_price":"","df_regular_price":66,"df_image_link":"https:\/\/digalco.com\/wp-content\/uploads\/images\/product\/14546\/lg00094_01-300x225.jpg","_links":{"self":[{"href":"https:\/\/digalco.com\/fr\/wp-json\/wp\/v2\/product\/287512","targetHints":{"allow":["GET"]}}],"collection":[{"href":"https:\/\/digalco.com\/fr\/wp-json\/wp\/v2\/product"}],"about":[{"href":"https:\/\/digalco.com\/fr\/wp-json\/wp\/v2\/types\/product"}],"wp:featuredmedia":[{"embeddable":true,"href":"https:\/\/digalco.com\/fr\/wp-json\/wp\/v2\/media\/287482"}],"wp:attachment":[{"href":"https:\/\/digalco.com\/fr\/wp-json\/wp\/v2\/media?parent=287512"}],"wp:term":[{"taxonomy":"product_brand","embeddable":true,"href":"https:\/\/digalco.com\/fr\/wp-json\/wp\/v2\/product_brand?post=287512"},{"taxonomy":"product_cat","embeddable":true,"href":"https:\/\/digalco.com\/fr\/wp-json\/wp\/v2\/product_cat?post=287512"},{"taxonomy":"product_tag","embeddable":true,"href":"https:\/\/digalco.com\/fr\/wp-json\/wp\/v2\/product_tag?post=287512"}],"curies":[{"name":"wp","href":"https:\/\/api.w.org\/{rel}","templated":true}]}}