{"id":287758,"date":"2025-12-10T11:24:51","date_gmt":"2025-12-10T10:24:51","guid":{"rendered":"https:\/\/digalco.com\/tienda\/hannspree-hl226hpb-22-lcd-169-reconditionne-1920x1080-fr-14543\/"},"modified":"2025-12-10T11:24:59","modified_gmt":"2025-12-10T10:24:59","slug":"hannspree-hl226hpb-22-lcd-169-reconditionne-1920x1080-fr-14543","status":"publish","type":"product","link":"https:\/\/digalco.com\/fr\/produit\/hannspree-hl226hpb-22-lcd-169-reconditionne-1920x1080-fr-14543\/","title":{"rendered":"Hannspree HL226HPB 22\u00a0\u00bb LCD 16:9 | Reconditionn\u00e9 | 1920&#215;1080"},"content":{"rendered":"<p><strong>\u00c9cran<\/strong><br \/>LCD 22 \u00a0\u00bb FullHD avec Haut-parleurs \u00b7 16:9 \u00b7 R\u00e9solution 1920&#215;1080<br \/>Dot pitch 0.248 mm<br \/>R\u00e9ponse 5 ms<br \/>Contraste 8000:1<br \/>Luminosit\u00e9 250 cd\/m2<br \/>Angle vision 160\u00b0v\/160\u00b0h<br \/><strong>Ports vid\u00e9o<\/strong><br \/>VGA<br \/>HDMI<br \/>DVI<br \/><strong>Affichage sp\u00e9cifique<\/strong><br \/>Stand VESA<br \/>Base<br \/><strong>Autres<\/strong><br \/>hR emballage<br \/><strong>Dimensions<\/strong><br \/>51x41x20 cm.<br \/><strong>Poids<\/strong><br \/>3.60 Kg.<br \/><strong>Sp\u00e9cifications suppl\u00e9mentaires<\/strong><br \/>Le Hannspree HL226HPB a \u00e9t\u00e9 con\u00e7u pour ceux qui recherchent un moniteur complet, fonctionnel et polyvalent \u2014 id\u00e9al aussi bien pour les environnements de bureau que pour le divertissement multim\u00e9dia sans complications. Parfait pour les utilisateurs souhaitant int\u00e9grer image et son dans un seul appareil, sans avoir recours \u00e0 des haut-parleurs externes, tout en b\u00e9n\u00e9ficiant d\u2019une qualit\u00e9 visuelle confortable et fluide.Son panneau LCD FullHD de 22\u2019\u2019 avec une r\u00e9solution de 1920&#215;1080 et un format 16:9 offre des images nettes et d\u00e9taill\u00e9es, avec un dot pitch de 0,248 mm maintenant la clart\u00e9 des textes, graphiques et vid\u00e9os. Le contraste de 8000:1 permet des noirs plus profonds et des couleurs plus riches en d\u00e9tails, tandis que la luminosit\u00e9 de 250 cd\/m\u00b2 assure une image \u00e9quilibr\u00e9e dans diff\u00e9rentes conditions d\u2019\u00e9clairage. Son temps de r\u00e9ponse de 5 ms garantit des transitions fluides, et les angles de vision de 160\u00b0\/160\u00b0 maintiennent une bonne qualit\u00e9 visuelle sous diff\u00e9rents angles. De plus, gr\u00e2ce aux connexions VGA, HDMI et DVI, le HL226HPB est compatible avec une large gamme d\u2019appareils pour une utilisation imm\u00e9diate. Les haut-parleurs int\u00e9gr\u00e9s apportent une valeur ajout\u00e9e, faisant de ce moniteur une solution compl\u00e8te sans accessoires suppl\u00e9mentaires.Le Hannspree HL226HPB repr\u00e9sente une solution pratique et \u00e9l\u00e9gante pour ceux qui souhaitent optimiser leur espace sans renoncer \u00e0 la qualit\u00e9 visuelle et sonore. Sa polyvalence le rend id\u00e9al aussi bien pour les journ\u00e9es de travail que pour profiter de films ou de contenus multim\u00e9dias, combinant efficacit\u00e9, confort et une exp\u00e9rience compl\u00e8te dans un seul produit.Bon aspect ext\u00e9rieur. Si vous avez des questions, appelez-nous ou utilisez notre chat pour obtenir plus d\u2019informations ou demander plus de d\u00e9tails.<br \/><strong>Commentaires<\/strong><br \/><u>C\u00e2ble d&rsquo;alimentation et VGA inclus<\/u><\/p>\n","protected":false},"excerpt":{"rendered":"<p>LCD 22 \u00a0\u00bb FullHD avec Haut-parleurs \u00b7 16:9 \u00b7 R\u00e9solution 1920&#215;1080 \u00b7 Dot pitch 0.248 mm \u00b7 R\u00e9ponse 5 ms \u00b7 Contraste 8000:1 \u00b7 Luminosit\u00e9 250 cd\/m2 \u00b7 VGA \u00b7 HDMI \u00b7 DVI \u00b7<br \/>\n<u>C\u00e2ble d&rsquo;alimentation et VGA inclus<br \/>\n<\/u> [&#8230;]<\/p>\n<p><a class=\"btn btn-secondary understrap-read-more-link\" href=\"https:\/\/digalco.com\/fr\/produit\/hannspree-hl226hpb-22-lcd-169-reconditionne-1920x1080-fr-14543\/\">Lire la suite\u2026<span class=\"screen-reader-text\"> from Hannspree HL226HPB 22\u00a0\u00bb LCD 16:9 | Reconditionn\u00e9 | 1920&#215;1080<\/span><\/a><\/p>\n","protected":false},"featured_media":287728,"template":"","meta":[],"product_brand":[3926],"product_cat":[1493,2382],"product_tag":[],"class_list":{"0":"post-287758","1":"product","2":"type-product","3":"status-publish","4":"has-post-thumbnail","6":"product_brand-hannspree","7":"product_cat-moniteurs-fr","8":"product_cat-moniteurs-22-fr","10":"first","11":"instock","12":"taxable","13":"shipping-taxable","14":"purchasable","15":"product-type-simple"},"bundled_by":[],"bundle_stock_status":"instock","bundle_stock_quantity":1,"bundle_virtual":false,"bundle_layout":"","bundle_add_to_cart_form_location":"","bundle_editable_in_cart":false,"bundle_sold_individually_context":"","bundle_item_grouping":"","bundle_min_size":"","bundle_max_size":"","bundle_price":[],"bundled_items":[],"bundle_sell_ids":[],"exclude_global_add_ons":true,"addons":{"webcam-upgrades":{"name":"Extension Webcam","type":"multiple_choice","position":0,"required":false,"title_format":"heading","default":"","description_enable":false,"description":"","placeholder_enable":false,"placeholder":"","display":"radiobutton","restrictions_type":"any_text","adjust_price":false,"price":"","price_type":"quantity_based","restrictions":false,"min":"0","max":"0","options":[{"label":"Conceptronic AMDIS FullHD [AMP00085]","price":"29.0000","price_type":"quantity_based","image":0,"visibility":true}]},"hdmi-upgrades":{"name":"Extension c\u00e2ble","type":"multiple_choice","position":0,"required":false,"title_format":"heading","default":"","description_enable":false,"description":"","placeholder_enable":false,"placeholder":"","display":"radiobutton","restrictions_type":"any_text","adjust_price":false,"price":"","price_type":"quantity_based","restrictions":false,"min":"0","max":"0","options":[{"label":"C\u00e2ble DVI-D M\/M Dual Link 1,8 mts. [AMP00102]","price":"2.0000","price_type":"quantity_based","image":0,"visibility":true},{"label":"C\u00e2ble HDMI 2 mts. [AMP00104]","price":"6.0000","price_type":"quantity_based","image":0,"visibility":true}]}},"df_price":78,"df_sale_price":"","df_regular_price":78,"df_image_link":"https:\/\/digalco.com\/wp-content\/uploads\/images\/product\/14543\/han00001_01-300x225.jpg","_links":{"self":[{"href":"https:\/\/digalco.com\/fr\/wp-json\/wp\/v2\/product\/287758","targetHints":{"allow":["GET"]}}],"collection":[{"href":"https:\/\/digalco.com\/fr\/wp-json\/wp\/v2\/product"}],"about":[{"href":"https:\/\/digalco.com\/fr\/wp-json\/wp\/v2\/types\/product"}],"wp:featuredmedia":[{"embeddable":true,"href":"https:\/\/digalco.com\/fr\/wp-json\/wp\/v2\/media\/287728"}],"wp:attachment":[{"href":"https:\/\/digalco.com\/fr\/wp-json\/wp\/v2\/media?parent=287758"}],"wp:term":[{"taxonomy":"product_brand","embeddable":true,"href":"https:\/\/digalco.com\/fr\/wp-json\/wp\/v2\/product_brand?post=287758"},{"taxonomy":"product_cat","embeddable":true,"href":"https:\/\/digalco.com\/fr\/wp-json\/wp\/v2\/product_cat?post=287758"},{"taxonomy":"product_tag","embeddable":true,"href":"https:\/\/digalco.com\/fr\/wp-json\/wp\/v2\/product_tag?post=287758"}],"curies":[{"name":"wp","href":"https:\/\/api.w.org\/{rel}","templated":true}]}}