{"id":287976,"date":"2025-12-10T16:33:49","date_gmt":"2025-12-10T15:33:49","guid":{"rendered":"https:\/\/digalco.com\/tienda\/acer-v226hql-22-led-169-reconditionne-1920x1080-fr-14541\/"},"modified":"2025-12-10T16:33:58","modified_gmt":"2025-12-10T15:33:58","slug":"acer-v226hql-22-led-169-reconditionne-1920x1080-fr-14541","status":"publish","type":"product","link":"https:\/\/digalco.com\/fr\/produit\/acer-v226hql-22-led-169-reconditionne-1920x1080-fr-14541\/","title":{"rendered":"Acer V226HQL 22\u00a0\u00bb Led 16:9 | Reconditionn\u00e9 | 1920&#215;1080"},"content":{"rendered":"<p><strong>\u00c9cran<\/strong><br \/>Led 22 \u00a0\u00bb FullHD 16:9 \u00b7 R\u00e9solution 1920&#215;1080<br \/>Dot pitch 0.282 mm<br \/>R\u00e9ponse 5 ms<br \/>Contraste 1000:1<br \/>Luminosit\u00e9 200 cd\/m2<br \/>Angle vision 160\u00b0v\/170\u00b0h<br \/><strong>Ports vid\u00e9o<\/strong><br \/>VGA<br \/>DVI<br \/><strong>Affichage sp\u00e9cifique<\/strong><br \/>Stand VESA<br \/>Base<br \/><strong>Autres<\/strong><br \/>hR emballage<br \/><strong>Dimensions<\/strong><br \/>51x40x21 cm.<br \/><strong>Poids<\/strong><br \/>3.30 Kg.<br \/><strong>Sp\u00e9cifications suppl\u00e9mentaires<\/strong><br \/>L\u2019Acer V226HQL est le choix parfait pour ceux qui recherchent un moniteur pratique, compact et fonctionnel, id\u00e9al pour les bureaux, les postes de travail \u00e0 domicile ou les environnements o\u00f9 l\u2019efficacit\u00e9 et les bonnes performances sont essentielles. Son format de 22 pouces permet de l\u2019int\u00e9grer facilement \u00e0 tout bureau tout en offrant une exp\u00e9rience visuelle claire et \u00e9quilibr\u00e9e.Son \u00e9cran LED de 22\u2019\u2019 avec une r\u00e9solution FullHD 1920&#215;1080 au format 16:9 fournit des images nettes et bien d\u00e9finies, tandis que le dot pitch de 0.282 mm garantit une bonne lisibilit\u00e9 des textes, graphiques et contenus multim\u00e9dias. Avec un contraste de 1000:1 et une luminosit\u00e9 de 200 cd\/m\u00b2, l\u2019image reste suffisamment lumineuse pour les environnements \u00e0 \u00e9clairage mod\u00e9r\u00e9. Son temps de r\u00e9ponse de 5 ms assure des transitions fluides, et les angles de vision 160\u00b0\/170\u00b0 offrent une qualit\u00e9 visuelle satisfaisante depuis diff\u00e9rentes positions. De plus, gr\u00e2ce \u00e0 ses connexions VGA et DVI et aux c\u00e2bles inclus, l\u2019Acer V226HQL est facile \u00e0 installer et compatible avec un large \u00e9ventail d\u2019appareils.L\u2019Acer V226HQL se distingue par son \u00e9quilibre entre fonctionnalit\u00e9, qualit\u00e9 et simplicit\u00e9, devenant une solution judicieuse pour ceux qui ont besoin d\u2019un \u00e9cran fiable et polyvalent sans complications. Un moniteur solide, id\u00e9al pour le travail, l\u2019\u00e9tude ou un usage domestique.Bon aspect ext\u00e9rieur. Si vous avez la moindre question, appelez-nous ou utilisez notre chat pour obtenir plus d\u2019informations ou des d\u00e9tails suppl\u00e9mentaires.<br \/><strong>Commentaires<\/strong><br \/><u>C\u00e2ble d&rsquo;alimentation et VGA inclus<\/u><\/p>\n","protected":false},"excerpt":{"rendered":"<p>Led 22 \u00a0\u00bb FullHD 16:9 \u00b7 R\u00e9solution 1920&#215;1080 \u00b7 Dot pitch 0.282 mm \u00b7 R\u00e9ponse 5 ms \u00b7 Contraste 1000:1 \u00b7 Luminosit\u00e9 200 cd\/m2 \u00b7 VGA \u00b7 DVI \u00b7<br \/>\n<u>C\u00e2ble d&rsquo;alimentation et VGA inclus<br \/>\n<\/u> [&#8230;]<\/p>\n<p><a class=\"btn btn-secondary understrap-read-more-link\" href=\"https:\/\/digalco.com\/fr\/produit\/acer-v226hql-22-led-169-reconditionne-1920x1080-fr-14541\/\">Lire la suite\u2026<span class=\"screen-reader-text\"> from Acer V226HQL 22\u00a0\u00bb Led 16:9 | Reconditionn\u00e9 | 1920&#215;1080<\/span><\/a><\/p>\n","protected":false},"featured_media":287946,"template":"","meta":[],"product_brand":[3858],"product_cat":[2382,1493],"product_tag":[],"class_list":{"0":"post-287976","1":"product","2":"type-product","3":"status-publish","4":"has-post-thumbnail","6":"product_brand-acer","7":"product_cat-moniteurs-22-fr","8":"product_cat-moniteurs-fr","10":"first","11":"instock","12":"taxable","13":"shipping-taxable","14":"purchasable","15":"product-type-simple"},"bundled_by":[],"bundle_stock_status":"instock","bundle_stock_quantity":1,"bundle_virtual":false,"bundle_layout":"","bundle_add_to_cart_form_location":"","bundle_editable_in_cart":false,"bundle_sold_individually_context":"","bundle_item_grouping":"","bundle_min_size":"","bundle_max_size":"","bundle_price":[],"bundled_items":[],"bundle_sell_ids":[],"exclude_global_add_ons":true,"addons":{"webcam-upgrades":{"name":"Extension Webcam","type":"multiple_choice","position":0,"required":false,"title_format":"heading","default":"","description_enable":false,"description":"","placeholder_enable":false,"placeholder":"","display":"radiobutton","restrictions_type":"any_text","adjust_price":false,"price":"","price_type":"quantity_based","restrictions":false,"min":"0","max":"0","options":[{"label":"Conceptronic AMDIS FullHD [AMP00085]","price":"29.0000","price_type":"quantity_based","image":0,"visibility":true}]},"hdmi-upgrades":{"name":"Extension c\u00e2ble","type":"multiple_choice","position":0,"required":false,"title_format":"heading","default":"","description_enable":false,"description":"","placeholder_enable":false,"placeholder":"","display":"radiobutton","restrictions_type":"any_text","adjust_price":false,"price":"","price_type":"quantity_based","restrictions":false,"min":"0","max":"0","options":[{"label":"C\u00e2ble DVI-D M\/M Dual Link 1,8 mts. [AMP00102]","price":"2.0000","price_type":"quantity_based","image":0,"visibility":true}]}},"df_price":70,"df_sale_price":"","df_regular_price":70,"df_image_link":"https:\/\/digalco.com\/wp-content\/uploads\/images\/product\/14541\/acer00043_01-300x225.jpg","_links":{"self":[{"href":"https:\/\/digalco.com\/fr\/wp-json\/wp\/v2\/product\/287976","targetHints":{"allow":["GET"]}}],"collection":[{"href":"https:\/\/digalco.com\/fr\/wp-json\/wp\/v2\/product"}],"about":[{"href":"https:\/\/digalco.com\/fr\/wp-json\/wp\/v2\/types\/product"}],"wp:featuredmedia":[{"embeddable":true,"href":"https:\/\/digalco.com\/fr\/wp-json\/wp\/v2\/media\/287946"}],"wp:attachment":[{"href":"https:\/\/digalco.com\/fr\/wp-json\/wp\/v2\/media?parent=287976"}],"wp:term":[{"taxonomy":"product_brand","embeddable":true,"href":"https:\/\/digalco.com\/fr\/wp-json\/wp\/v2\/product_brand?post=287976"},{"taxonomy":"product_cat","embeddable":true,"href":"https:\/\/digalco.com\/fr\/wp-json\/wp\/v2\/product_cat?post=287976"},{"taxonomy":"product_tag","embeddable":true,"href":"https:\/\/digalco.com\/fr\/wp-json\/wp\/v2\/product_tag?post=287976"}],"curies":[{"name":"wp","href":"https:\/\/api.w.org\/{rel}","templated":true}]}}