{"id":288199,"date":"2025-12-11T11:48:24","date_gmt":"2025-12-11T10:48:24","guid":{"rendered":"https:\/\/digalco.com\/tienda\/hp-proliant-dl360p-g8-barebone-rack-reconditionne-xeon-deca-core-2ghz-40-gb-ram-sas-fr-12501\/"},"modified":"2025-12-11T11:48:30","modified_gmt":"2025-12-11T10:48:30","slug":"hp-proliant-dl360p-g8-barebone-rack-reconditionne-xeon-deca-core-2ghz-40-gb-ram-sas-fr-12501","status":"publish","type":"product","link":"https:\/\/digalco.com\/fr\/produit\/hp-proliant-dl360p-g8-barebone-rack-reconditionne-xeon-deca-core-2ghz-40-gb-ram-sas-fr-12501\/","title":{"rendered":"HP ProLiant DL360p G8-Barebone Rack | Reconditionn\u00e9 | Xeon Deca Core 2GHz | 40 GB RAM | SAS"},"content":{"rendered":"<p><strong>Processeur<\/strong><br \/>Intel Xeon Deca Core E5 2620 V2 2 GHz.<br \/><strong>Facteur de forme<\/strong><br \/>Rack (1U)<br \/><strong>M\u00e9moire RAM<\/strong><br \/>40 Gb. DDR3 ECC RAM<br \/>24 emplacements (16 vide )<br \/><strong>Disque dur<\/strong><br \/>SAS 2.5\u00a0\u00bb 10000rpm<br \/>8 emplacements<br \/><strong>Lecteur optique<\/strong><br \/>DVD-RW<br \/><strong>Cartes<\/strong><br \/>R\u00e9seau: HP FlexibleLOM 1Gb 331FLR Ethernet<br \/><strong>Syst\u00e8me op\u00e9ratif<\/strong><br \/>&#8211; Sans SO &#8211;<br \/><strong>Ports<\/strong><br \/>S\u00e9rie<br \/>6x USB 3.0<br \/><strong>Multim\u00e9dias<\/strong><br \/>Lecteur SD<br \/><strong>Connectivit\u00e9<\/strong><br \/>4x RJ-45<br \/><strong>Source de courant<\/strong><br \/>2x Alimentations (Hotplug)<br \/><strong>Dimensions<\/strong><br \/>43.2&#215;43.5&#215;69.8 cm.<br \/><strong>Poids<\/strong><br \/>20.00 Kg.<br \/><strong>Sp\u00e9cifications suppl\u00e9mentaires<\/strong><br \/>Le HP ProLiant DL360p G8 Barebone offre une architecture fiable, con\u00e7ue pour fonctionner dans des environnements o\u00f9 l\u2019espace est critique mais o\u00f9 les performances ne peuvent pas \u00eatre compromises. \u00c9quip\u00e9 d\u2019un Intel Xeon Deca Core E5-2620 v2 \u00e0 2 GHz, ce serveur constitue une base solide pour la virtualisation, les services d\u2019entreprise, les environnements cloud priv\u00e9s ou les applications n\u00e9cessitant une continuit\u00e9 op\u00e9rationnelle. Ses 40 Go de m\u00e9moire DDR3 ECC garantissent stabilit\u00e9 et r\u00e9activit\u00e9, m\u00eame avec plusieurs charges simultan\u00e9es.Ce mod\u00e8le se distingue par son \u00e9quilibre entre densit\u00e9 et \u00e9volutivit\u00e9. Il int\u00e8gre 24 baies 2.5&Prime; (16 libres), id\u00e9ales pour configurer un stockage SAS haute performance gr\u00e2ce aux disques 10 000 tr\/min d\u00e9j\u00e0 install\u00e9s. Le HP SmartArray P420i ajoute de la flexibilit\u00e9 pour cr\u00e9er des environnements RAID optimis\u00e9s aussi bien pour les performances que pour la s\u00e9curit\u00e9 des donn\u00e9es, s\u2019adaptant \u00e0 diff\u00e9rents profils d\u2019utilisation.Son format 1U permet une grande efficacit\u00e9 en rack, avec une ventilation con\u00e7ue pour maintenir des temp\u00e9ratures optimales m\u00eame sous charge constante. Il dispose \u00e9galement de 2x PCIe X16 et 1x PCIe X8, offrant de la marge pour des extensions telles que des cartes r\u00e9seau avanc\u00e9es, des contr\u00f4leurs ou des adaptateurs sp\u00e9cialis\u00e9s. Le lecteur DVD-RW facilite les processus d\u2019installation, de r\u00e9cup\u00e9ration ou de maintenance.Le DL360p G8 est une solution compacte, \u00e9volutive et con\u00e7ue pour fonctionner 24\/7, id\u00e9ale pour les infrastructures recherchant un \u00e9quilibre entre puissance, fiabilit\u00e9 et capacit\u00e9 d\u2019\u00e9volution dans un format r\u00e9duit.Bon aspect ext\u00e9rieur. Si vous avez des questions, appelez-nous ou utilisez notre chat pour demander plus d\u2019informations ou des d\u00e9tails suppl\u00e9mentaires.<br \/><strong>Commentaires<\/strong><br \/><u>HP SmartArray P420i &#8211; 2XPCIe X16 \/ 1xPCIe X8<\/u><\/p>\n","protected":false},"excerpt":{"rendered":"<p>Intel Xeon Deca Core E5 2620 V2 2 GHz. \u00b7 40 Gb. DDR3 ECC RAM \u00b7 24 emplacements (16 vide ) \u00b7 SAS 2.5\u00a0\u00bb \u00b7 8 emplacements \u00b7 DVD-RW \u00b7<br \/>\n<strong>HP SmartArray P420i<\/strong> &#8211; <u>2XPCIe X16 \/ 1xPCIe X8<br \/>\n<\/u> [&#8230;]<\/p>\n<p><a class=\"btn btn-secondary understrap-read-more-link\" href=\"https:\/\/digalco.com\/fr\/produit\/hp-proliant-dl360p-g8-barebone-rack-reconditionne-xeon-deca-core-2ghz-40-gb-ram-sas-fr-12501\/\">Lire la suite\u2026<span class=\"screen-reader-text\"> from HP ProLiant DL360p G8-Barebone Rack | Reconditionn\u00e9 | Xeon Deca Core 2GHz | 40 GB RAM | SAS<\/span><\/a><\/p>\n","protected":false},"featured_media":288189,"template":"","meta":[],"product_brand":[3854],"product_cat":[3745,1641,1633],"product_tag":[],"class_list":{"0":"post-288199","1":"product","2":"type-product","3":"status-publish","4":"has-post-thumbnail","6":"product_brand-hp","7":"product_cat-barebone-fr","8":"product_cat-serveurs-rack-fr","9":"product_cat-serveurs-fr","11":"first","12":"instock","13":"taxable","14":"shipping-taxable","15":"purchasable","16":"product-type-simple"},"bundled_by":[],"bundle_stock_status":"instock","bundle_stock_quantity":1,"bundle_virtual":false,"bundle_layout":"","bundle_add_to_cart_form_location":"","bundle_editable_in_cart":false,"bundle_sold_individually_context":"","bundle_item_grouping":"","bundle_min_size":"","bundle_max_size":"","bundle_price":[],"bundled_items":[],"bundle_sell_ids":[],"exclude_global_add_ons":true,"addons":{"ram-memory-upgrades":{"name":"Extension RAM","type":"multiple_choice","position":0,"required":false,"title_format":"heading","default":"","description_enable":false,"description":"","placeholder_enable":false,"placeholder":"","display":"radiobutton","restrictions_type":"any_text","adjust_price":false,"price":"","price_type":"quantity_based","restrictions":false,"min":"0","max":"0","options":[{"label":"Extension de 64 Gb de RAM DDR4 ECC [AMP00134]","price":230,"price_type":"quantity_based","image":0,"visibility":true}]},"hdd-upgrades":{"name":"Extension disque dur","type":"multiple_choice","position":0,"required":false,"title_format":"heading","default":"","description_enable":false,"description":"","placeholder_enable":false,"placeholder":"","display":"radiobutton","restrictions_type":"any_text","adjust_price":false,"price":"","price_type":"quantity_based","restrictions":false,"min":"0","max":"0","options":[{"label":"2x disque SSD 240 Gb. [AMP00058]","price":"100.0000","price_type":"quantity_based","image":0,"visibility":true},{"label":"2x disque SSD 480 Gb. [AMP00059]","price":"200.0000","price_type":"quantity_based","image":0,"visibility":true}]}},"df_price":569,"df_sale_price":"","df_regular_price":569,"df_image_link":"https:\/\/digalco.com\/wp-content\/uploads\/images\/product\/12501\/hp02651_01-300x225.jpg","_links":{"self":[{"href":"https:\/\/digalco.com\/fr\/wp-json\/wp\/v2\/product\/288199","targetHints":{"allow":["GET"]}}],"collection":[{"href":"https:\/\/digalco.com\/fr\/wp-json\/wp\/v2\/product"}],"about":[{"href":"https:\/\/digalco.com\/fr\/wp-json\/wp\/v2\/types\/product"}],"wp:featuredmedia":[{"embeddable":true,"href":"https:\/\/digalco.com\/fr\/wp-json\/wp\/v2\/media\/288189"}],"wp:attachment":[{"href":"https:\/\/digalco.com\/fr\/wp-json\/wp\/v2\/media?parent=288199"}],"wp:term":[{"taxonomy":"product_brand","embeddable":true,"href":"https:\/\/digalco.com\/fr\/wp-json\/wp\/v2\/product_brand?post=288199"},{"taxonomy":"product_cat","embeddable":true,"href":"https:\/\/digalco.com\/fr\/wp-json\/wp\/v2\/product_cat?post=288199"},{"taxonomy":"product_tag","embeddable":true,"href":"https:\/\/digalco.com\/fr\/wp-json\/wp\/v2\/product_tag?post=288199"}],"curies":[{"name":"wp","href":"https:\/\/api.w.org\/{rel}","templated":true}]}}