{"id":288547,"date":"2025-12-11T17:04:55","date_gmt":"2025-12-11T16:04:55","guid":{"rendered":"https:\/\/digalco.com\/tienda\/lenovo-x13-yoga-gen-2-133-reconditionne-core-i5-26ghz-16-gb-ram-256-gb-ssd-m2-1920x1200-fr-14191\/"},"modified":"2025-12-11T17:34:05","modified_gmt":"2025-12-11T16:34:05","slug":"lenovo-x13-yoga-gen-2-133-reconditionne-core-i5-26ghz-16-gb-ram-256-gb-ssd-m2-1920x1200-fr-14191","status":"publish","type":"product","link":"https:\/\/digalco.com\/fr\/produit\/lenovo-x13-yoga-gen-2-133-reconditionne-core-i5-26ghz-16-gb-ram-256-gb-ssd-m2-1920x1200-fr-14191\/","title":{"rendered":"Lenovo X13 Yoga Gen 2 13.3\u00a0\u00bb | Reconditionn\u00e9 | Core i5 2.6GHz | 16 GB RAM | 256 GB SSD M2 1920&#215;1200"},"content":{"rendered":"<p><strong>Processeur<\/strong><br \/>Intel Core i5 1145G7 2.6 GHz.<br \/><strong>M\u00e9moire RAM<\/strong><br \/>16 Gb. SO-DDR4 RAM<br \/><strong>Disque dur<\/strong><br \/>256 Gb. SSD M2<br \/><strong>Cartes<\/strong><br \/>Graphique: Intel Iris Xe Graphics<br \/>Son: Realtek HDA<br \/>R\u00e9seau: &#8211;<br \/><strong>Syst\u00e8me op\u00e9ratif<\/strong><br \/>Windows 11 Pro<br \/><strong>Ports<\/strong><br \/>Thunderbolt<br \/>2x USB 3.0<br \/>USB-C<br \/><strong>\u00c9cran<\/strong><br \/>Tactile 13.3 \u00a0\u00bb FullHD 16:9 \u00b7 R\u00e9solution 1920&#215;1200<br \/><strong>Ports vid\u00e9o<\/strong><br \/>HDMI<br \/><strong>Multim\u00e9dias<\/strong><br \/>Webcam<br \/>Lecteur carte d&rsquo;identit\u00e9<br \/><strong>Connectivit\u00e9<\/strong><br \/>WIFI<br \/>Bluetooth<br \/><strong>Notebook sp\u00e9cifique<\/strong><br \/>Langue du clavier International (autocollants espagnols)<br \/><strong>Autres<\/strong><br \/>hR emballage<br \/><strong>Dimensions<\/strong><br \/>31x18x2 cm.<br \/><strong>Poids<\/strong><br \/>1.27 Kg.<br \/><strong>Sp\u00e9cifications suppl\u00e9mentaires<\/strong><br \/>Le Lenovo ThinkPad X13 Yoga Gen 2 est un convertible premium con\u00e7u pour les professionnels ayant besoin de polyvalence, de mobilit\u00e9 et de performances solides dans un appareil compact. Son processeur Intel Core i5-1145G7 \u00e0 2,6 GHz offre une puissance largement suffisante pour le multit\u00e2che exigeant, les applications professionnelles, les visioconf\u00e9rences et le travail dans le cloud, tandis que ses 16 Go de RAM DDR4 assurent une fluidit\u00e9 optimale m\u00eame en usage intensif. Le SSD M.2 de 256 Go garantit un acc\u00e8s rapide aux donn\u00e9es et des temps de d\u00e9marrage tr\u00e8s courts sous Windows 11 Pro.Son \u00e9cran tactile de 13,3\u00a0\u00bb FullHD (1920&#215;1200) au format 16:10 offre non seulement une excellente qualit\u00e9 d\u2019image, mais aussi une grande flexibilit\u00e9 d\u2019utilisation gr\u00e2ce \u00e0 sa charni\u00e8re \u00e0 360\u00b0, id\u00e9ale pour travailler en mode ordinateur portable, tablette ou pr\u00e9sentation. La webcam int\u00e9gr\u00e9e, le lecteur de DNI et le stylet num\u00e9rique inclus compl\u00e8tent un ensemble con\u00e7u pour maximiser la productivit\u00e9 dans tout type d\u2019environnement. La robustesse ThinkPad, la s\u00e9curit\u00e9 avanc\u00e9e et son design l\u00e9ger font de ce X13 Yoga Gen 2 l\u2019outil parfait pour les professionnels dynamiques recherchant un appareil fiable, polyvalent et moderne.Bon \u00e9tat ext\u00e9rieur. Consultez \u201c+ Photos\u201d et \u201cVid\u00e9o\u201d, et si vous avez des questions appelez-nous ou utilisez notre chat pour plus d\u2019informations ou pour demander davantage de d\u00e9tails.<br \/><strong>Commentaires<\/strong><br \/><u>Crayon inclus<\/u><\/p>\n","protected":false},"excerpt":{"rendered":"<p>Intel Core i5 1145G7 2.6 GHz. \u00b7 16 Gb. SO-DDR4 RAM \u00b7 256 Gb. SSD M2 \u00b7 <strong>Windows 11 Pro \u00b7 Tactile 13.3 \u00a0\u00bb FullHD<\/strong> 16:9 \u00b7 Webcam \u00b7<br \/>\n<u>Crayon inclus \u00b7Clavier international avec autocollants en fran\u00e7ais<\/u> [&#8230;]<\/p>\n<p><a class=\"btn btn-secondary understrap-read-more-link\" href=\"https:\/\/digalco.com\/fr\/produit\/lenovo-x13-yoga-gen-2-133-reconditionne-core-i5-26ghz-16-gb-ram-256-gb-ssd-m2-1920x1200-fr-14191\/\">Lire la suite\u2026<span class=\"screen-reader-text\"> from Lenovo X13 Yoga Gen 2 13.3\u00a0\u00bb | Reconditionn\u00e9 | Core i5 2.6GHz | 16 GB RAM | 256 GB SSD M2 1920&#215;1200<\/span><\/a><\/p>\n","protected":false},"featured_media":288482,"template":"","meta":[],"product_brand":[3856],"product_cat":[3755,1517,1581,3094,1533],"product_tag":[],"class_list":{"0":"post-288547","1":"product","2":"type-product","3":"status-publish","4":"has-post-thumbnail","6":"product_brand-lenovo","7":"product_cat-notebooks-13-fr","8":"product_cat-notebooks-fr","9":"product_cat-tablettes-fr","10":"product_cat-tablettes-tablettes-fr","11":"product_cat-notebooks-tactiles-fr","13":"first","14":"instock","15":"taxable","16":"shipping-taxable","17":"purchasable","18":"product-type-simple"},"bundled_by":[],"bundle_stock_status":"instock","bundle_stock_quantity":3,"bundle_virtual":false,"bundle_layout":"","bundle_add_to_cart_form_location":"","bundle_editable_in_cart":false,"bundle_sold_individually_context":"","bundle_item_grouping":"","bundle_min_size":"","bundle_max_size":"","bundle_price":[],"bundled_items":[],"bundle_sell_ids":[],"exclude_global_add_ons":true,"addons":{"keyboard-iso-upgrades":{"name":"Choisir langue du clavier","type":"multiple_choice","position":0,"required":false,"title_format":"heading","default":"","description_enable":false,"description":"","placeholder_enable":false,"placeholder":"","display":"radiobutton","restrictions_type":"any_text","adjust_price":false,"price":"","price_type":"quantity_based","restrictions":false,"min":"0","max":"0","options":[{"label":"Autocollants espagnols [AMP00082]","price":"0.0000","price_type":"quantity_based","image":0,"visibility":true},{"label":"Autocollants fran\u00e7ais [AMP00084]","price":"0.0000","price_type":"quantity_based","image":0,"visibility":true},{"label":"Autocollants portugais [AMP00083]","price":"0.0000","price_type":"quantity_based","image":0,"visibility":true}]},"hdd-upgrades":{"name":"Extension disque dur","type":"multiple_choice","position":0,"required":false,"title_format":"heading","default":"","description_enable":false,"description":"","placeholder_enable":false,"placeholder":"","display":"radiobutton","restrictions_type":"any_text","adjust_price":false,"price":"","price_type":"quantity_based","restrictions":false,"min":"0","max":"0","options":[{"label":"Passez au disque SSD de 500 Gb. M.2 2280PCIe [AMP00106]","price":110,"price_type":"quantity_based","image":0,"visibility":true},{"label":"Passez au disque SSD 1 Tb. M.2 2280 PCIe [AMP00107]","price":165,"price_type":"quantity_based","image":0,"visibility":true},{"label":"Passez au disque SSD 2 Tb. M.2 2280 PCIe [AMP00171]","price":260,"price_type":"quantity_based","image":0,"visibility":true}]},"os-upgrades":{"name":"Expansion SO","type":"multiple_choice","position":0,"required":false,"title_format":"heading","default":"","description_enable":false,"description":"","placeholder_enable":false,"placeholder":"","display":"radiobutton","restrictions_type":"any_text","adjust_price":false,"price":"","price_type":"quantity_based","restrictions":false,"min":"0","max":"0","options":[{"label":"Changer la langue en fran\u00e7ais [AMP00125]","price":"0.0000","price_type":"quantity_based","image":0,"visibility":true},{"label":"Changer la langue en anglais [AMP00008]","price":"0.0000","price_type":"quantity_based","image":0,"visibility":true},{"label":"Changer la langue en portugais [AMP00009]","price":"0.0000","price_type":"quantity_based","image":0,"visibility":true}]},"briefcase-upgrades":{"name":"Porte-documents","type":"multiple_choice","position":0,"required":false,"title_format":"heading","default":"","description_enable":false,"description":"","placeholder_enable":false,"placeholder":"","display":"radiobutton","restrictions_type":"any_text","adjust_price":false,"price":"","price_type":"quantity_based","restrictions":false,"min":"0","max":"0","options":[{"label":"Mallette Notebook [AMP00041]","price":"5.0000","price_type":"quantity_based","image":0,"visibility":true}]}},"df_price":401,"df_sale_price":"","df_regular_price":401,"df_image_link":"https:\/\/digalco.com\/wp-content\/uploads\/images\/product\/14191\/leno01069_01-300x225.jpg","_links":{"self":[{"href":"https:\/\/digalco.com\/fr\/wp-json\/wp\/v2\/product\/288547","targetHints":{"allow":["GET"]}}],"collection":[{"href":"https:\/\/digalco.com\/fr\/wp-json\/wp\/v2\/product"}],"about":[{"href":"https:\/\/digalco.com\/fr\/wp-json\/wp\/v2\/types\/product"}],"wp:featuredmedia":[{"embeddable":true,"href":"https:\/\/digalco.com\/fr\/wp-json\/wp\/v2\/media\/288482"}],"wp:attachment":[{"href":"https:\/\/digalco.com\/fr\/wp-json\/wp\/v2\/media?parent=288547"}],"wp:term":[{"taxonomy":"product_brand","embeddable":true,"href":"https:\/\/digalco.com\/fr\/wp-json\/wp\/v2\/product_brand?post=288547"},{"taxonomy":"product_cat","embeddable":true,"href":"https:\/\/digalco.com\/fr\/wp-json\/wp\/v2\/product_cat?post=288547"},{"taxonomy":"product_tag","embeddable":true,"href":"https:\/\/digalco.com\/fr\/wp-json\/wp\/v2\/product_tag?post=288547"}],"curies":[{"name":"wp","href":"https:\/\/api.w.org\/{rel}","templated":true}]}}