{"id":288852,"date":"2025-12-12T13:19:24","date_gmt":"2025-12-12T12:19:24","guid":{"rendered":"https:\/\/digalco.com\/tienda\/dell-e228wfp-22-lcd-169-reconditionne-1680x1050-fr-14525\/"},"modified":"2025-12-12T13:19:32","modified_gmt":"2025-12-12T12:19:32","slug":"dell-e228wfp-22-lcd-169-reconditionne-1680x1050-fr-14525","status":"publish","type":"product","link":"https:\/\/digalco.com\/fr\/produit\/dell-e228wfp-22-lcd-169-reconditionne-1680x1050-fr-14525\/","title":{"rendered":"Dell E228WFP 22\u00a0\u00bb LCD 16:9 | Reconditionn\u00e9 | 1680&#215;1050"},"content":{"rendered":"<p><strong>\u00c9cran<\/strong><br \/>LCD 22 \u00a0\u00bb HD 16:9 \u00b7 R\u00e9solution 1680&#215;1050<br \/>Dot pitch 0.282 mm<br \/>R\u00e9ponse 5 ms<br \/>Contraste 800:1<br \/>Luminosit\u00e9 300 cd\/m2<br \/>Angle vision 60\u00b0v\/60\u00b0h<br \/><strong>Ports vid\u00e9o<\/strong><br \/>VGA<br \/>DVI<br \/><strong>Affichage sp\u00e9cifique<\/strong><br \/>Stand VESA<br \/>Base<br \/><strong>Autres<\/strong><br \/>hR emballage<br \/><strong>Dimensions<\/strong><br \/>51x41x17 cm.<br \/><strong>Poids<\/strong><br \/>6.60 Kg.<br \/><strong>Sp\u00e9cifications suppl\u00e9mentaires<\/strong><br \/>Le Dell E228WFP est un moniteur con\u00e7u pour ceux qui recherchent une solution pratique et fonctionnelle s\u2019int\u00e9grant facilement dans tout environnement de travail ou d\u2019\u00e9tude. Avec sa taille de 22 pouces et son format 16:9, ce moniteur offre une exp\u00e9rience visuelle confortable et stable, id\u00e9ale pour les bureaux, les salles de classe, les postes de travail domestiques ou tout espace o\u00f9 l\u2019efficacit\u00e9 et la performance quotidienne sont prioritaires.Son \u00e9cran LCD de 22\u2019\u2019 avec une r\u00e9solution HD de 1680&#215;1050 offre une image claire et bien proportionn\u00e9e, avec un dot pitch de 0,282 mm qui maintient une visualisation \u00e9quilibr\u00e9e pour les documents, les tableurs et la navigation web. Avec un contraste de 800:1 et une luminosit\u00e9 de 300\u202fcd\/m\u00b2, l\u2019\u00e9cran offre une luminosit\u00e9 suffisante pour les environnements avec une lumi\u00e8re ambiante plus intense, apportant clart\u00e9 et concentration \u00e0 chaque t\u00e2che. Le temps de r\u00e9ponse de 5\u202fms assure des transitions sans distraction et une exp\u00e9rience fluide dans les t\u00e2ches quotidiennes. Bien que les angles de vision de 60\u00b0\/60\u00b0 soient plus limit\u00e9s, le moniteur est con\u00e7u pour un usage frontal continu et efficace. La connectivit\u00e9 VGA et DVI, ainsi que les c\u00e2bles inclus, garantissent une compatibilit\u00e9 imm\u00e9diate avec une grande vari\u00e9t\u00e9 d\u2019appareils.Le Dell E228WFP repr\u00e9sente un choix solide pour ceux qui recherchent un moniteur fonctionnel, fiable et sans fioritures, id\u00e9al pour accro\u00eetre la productivit\u00e9 sans complications. Son design simple et son approche pratique le rendent parfait pour les environnements o\u00f9 la clart\u00e9 visuelle et l\u2019efficacit\u00e9 sont prioritaires.Bon aspect ext\u00e9rieur. Si vous avez des questions, appelez-nous ou utilisez notre chat pour obtenir plus d\u2019informations ou demander des d\u00e9tails suppl\u00e9mentaires.<br \/><strong>Commentaires<\/strong><br \/><u>C\u00e2ble d&rsquo;alimentation et VGA inclus<\/u><\/p>\n","protected":false},"excerpt":{"rendered":"<p>LCD 22 \u00a0\u00bb HD 16:9 \u00b7 R\u00e9solution 1680&#215;1050 \u00b7 Dot pitch 0.282 mm \u00b7 R\u00e9ponse 5 ms \u00b7 Contraste 800:1 \u00b7 Luminosit\u00e9 300 cd\/m2 \u00b7 VGA \u00b7 DVI \u00b7<br \/>\n<u>C\u00e2ble d&rsquo;alimentation et VGA inclus<br \/>\n<\/u> [&#8230;]<\/p>\n<p><a class=\"btn btn-secondary understrap-read-more-link\" href=\"https:\/\/digalco.com\/fr\/produit\/dell-e228wfp-22-lcd-169-reconditionne-1680x1050-fr-14525\/\">Lire la suite\u2026<span class=\"screen-reader-text\"> from Dell E228WFP 22\u00a0\u00bb LCD 16:9 | Reconditionn\u00e9 | 1680&#215;1050<\/span><\/a><\/p>\n","protected":false},"featured_media":288827,"template":"","meta":[],"product_brand":[3852],"product_cat":[2382,1493],"product_tag":[],"class_list":{"0":"post-288852","1":"product","2":"type-product","3":"status-publish","4":"has-post-thumbnail","6":"product_brand-dell","7":"product_cat-moniteurs-22-fr","8":"product_cat-moniteurs-fr","10":"first","11":"instock","12":"taxable","13":"shipping-taxable","14":"purchasable","15":"product-type-simple"},"bundled_by":[],"bundle_stock_status":"instock","bundle_stock_quantity":2,"bundle_virtual":false,"bundle_layout":"","bundle_add_to_cart_form_location":"","bundle_editable_in_cart":false,"bundle_sold_individually_context":"","bundle_item_grouping":"","bundle_min_size":"","bundle_max_size":"","bundle_price":[],"bundled_items":[],"bundle_sell_ids":[],"exclude_global_add_ons":true,"addons":{"webcam-upgrades":{"name":"Extension Webcam","type":"multiple_choice","position":0,"required":false,"title_format":"heading","default":"","description_enable":false,"description":"","placeholder_enable":false,"placeholder":"","display":"radiobutton","restrictions_type":"any_text","adjust_price":false,"price":"","price_type":"quantity_based","restrictions":false,"min":"0","max":"0","options":[{"label":"Conceptronic AMDIS FullHD [AMP00085]","price":"29.0000","price_type":"quantity_based","image":0,"visibility":true}]},"hdmi-upgrades":{"name":"Extension c\u00e2ble","type":"multiple_choice","position":0,"required":false,"title_format":"heading","default":"","description_enable":false,"description":"","placeholder_enable":false,"placeholder":"","display":"radiobutton","restrictions_type":"any_text","adjust_price":false,"price":"","price_type":"quantity_based","restrictions":false,"min":"0","max":"0","options":[{"label":"C\u00e2ble DVI-D M\/M Dual Link 1,8 mts. [AMP00102]","price":"2.0000","price_type":"quantity_based","image":0,"visibility":true}]}},"df_price":78,"df_sale_price":"","df_regular_price":78,"df_image_link":"https:\/\/digalco.com\/wp-content\/uploads\/images\/product\/14525\/dell01605_01-300x225.jpg","_links":{"self":[{"href":"https:\/\/digalco.com\/fr\/wp-json\/wp\/v2\/product\/288852","targetHints":{"allow":["GET"]}}],"collection":[{"href":"https:\/\/digalco.com\/fr\/wp-json\/wp\/v2\/product"}],"about":[{"href":"https:\/\/digalco.com\/fr\/wp-json\/wp\/v2\/types\/product"}],"wp:featuredmedia":[{"embeddable":true,"href":"https:\/\/digalco.com\/fr\/wp-json\/wp\/v2\/media\/288827"}],"wp:attachment":[{"href":"https:\/\/digalco.com\/fr\/wp-json\/wp\/v2\/media?parent=288852"}],"wp:term":[{"taxonomy":"product_brand","embeddable":true,"href":"https:\/\/digalco.com\/fr\/wp-json\/wp\/v2\/product_brand?post=288852"},{"taxonomy":"product_cat","embeddable":true,"href":"https:\/\/digalco.com\/fr\/wp-json\/wp\/v2\/product_cat?post=288852"},{"taxonomy":"product_tag","embeddable":true,"href":"https:\/\/digalco.com\/fr\/wp-json\/wp\/v2\/product_tag?post=288852"}],"curies":[{"name":"wp","href":"https:\/\/api.w.org\/{rel}","templated":true}]}}