{"id":288957,"date":"2025-12-15T10:37:37","date_gmt":"2025-12-15T09:37:37","guid":{"rendered":"https:\/\/digalco.com\/tienda\/philips-246v5lhab-00-24-lcd-169-reconditionne-1920x1080-fr-14520\/"},"modified":"2025-12-15T10:37:44","modified_gmt":"2025-12-15T09:37:44","slug":"philips-246v5lhab-00-24-lcd-169-reconditionne-1920x1080-fr-14520","status":"publish","type":"product","link":"https:\/\/digalco.com\/fr\/produit\/philips-246v5lhab-00-24-lcd-169-reconditionne-1920x1080-fr-14520\/","title":{"rendered":"Philips 246V5LHAB-00 24\u00a0\u00bb LCD 16:9 | Reconditionn\u00e9 | 1920&#215;1080"},"content":{"rendered":"<p><strong>\u00c9cran<\/strong><br \/>LCD 24 \u00a0\u00bb FullHD avec Haut-parleurs \u00b7 16:9 \u00b7 R\u00e9solution 1920&#215;1080<br \/>Dot pitch 0.277 mm<br \/>R\u00e9ponse 1 ms<br \/>Contraste 1000:1<br \/>Luminosit\u00e9 250 cd\/m2<br \/>Angle vision 160\u00b0v\/170\u00b0h<br \/><strong>Ports vid\u00e9o<\/strong><br \/>VGA<br \/>HDMI<br \/><strong>Affichage sp\u00e9cifique<\/strong><br \/>Stand VESA<br \/>Base<br \/><strong>Dimensions<\/strong><br \/>57x45x23 cm.<br \/><strong>Poids<\/strong><br \/>4.45 Kg.<br \/><strong>Sp\u00e9cifications suppl\u00e9mentaires<\/strong><br \/>Le Philips 246V5LHAB\/00 est un moniteur de 24 pouces con\u00e7u pour ceux qui ont besoin d\u2019un \u00e9cran r\u00e9actif, clair et fiable pour le travail quotidien et l\u2019utilisation multim\u00e9dia. Son \u00e9quilibre entre performances, simplicit\u00e9 et qualit\u00e9 d\u2019image en fait une solution tr\u00e8s adapt\u00e9e aux postes de bureau, aux environnements \u00e9ducatifs ou aux utilisateurs \u00e0 la recherche d\u2019un moniteur Full HD efficace et sans complications.Il est \u00e9quip\u00e9 d\u2019un panneau LCD de 24\u201d avec une r\u00e9solution Full HD 1920&#215;1080 au format 16:9, offrant une image nette et confortable pour travailler avec plusieurs fen\u00eatres ou profiter de contenus audiovisuels. Son temps de r\u00e9ponse de seulement 1 ms apporte une grande fluidit\u00e9, particuli\u00e8rement utile pour les t\u00e2ches dynamiques, les pr\u00e9sentations ou la lecture vid\u00e9o. La luminosit\u00e9 de 250 cd\/m\u00b2 et le contraste de 1000:1 assurent un bon \u00e9quilibre entre clart\u00e9 et niveau de d\u00e9tail, tandis que le pas de pixel de 0,277 mm contribue \u00e0 une lecture claire et pr\u00e9cise. Il int\u00e8gre des haut-parleurs ainsi que des connexions VGA et HDMI pour une compatibilit\u00e9 simple avec les \u00e9quipements actuels et plus anciens.Le r\u00e9sultat est un moniteur polyvalent qui am\u00e9liore la productivit\u00e9 et l\u2019exp\u00e9rience visuelle sans augmenter inutilement les co\u00fbts. Compact, efficace et facile \u00e0 int\u00e9grer, le Philips 246V5LHAB\/00 se distingue comme un moniteur Full HD de 24 pouces avec une r\u00e9ponse rapide et un son int\u00e9gr\u00e9, id\u00e9al pour ceux qui recherchent fiabilit\u00e9, bonne qualit\u00e9 d\u2019image et un investissement intelligent pour leur environnement de travail.Bon aspect ext\u00e9rieur. Si vous avez la moindre question, appelez-nous ou utilisez notre chat pour obtenir plus d\u2019informations ou demander davantage de d\u00e9tails.<br \/><strong>Commentaires<\/strong><br \/><u>C\u00e2ble d&rsquo;alimentation et VGA inclus<\/u><\/p>\n","protected":false},"excerpt":{"rendered":"<p>LCD 24 \u00a0\u00bb FullHD avec Haut-parleurs \u00b7 16:9 \u00b7 R\u00e9solution 1920&#215;1080 \u00b7 Dot pitch 0.277 mm \u00b7 R\u00e9ponse 1 ms \u00b7 Contraste 1000:1 \u00b7 Luminosit\u00e9 250 cd\/m2 \u00b7 VGA \u00b7 HDMI \u00b7<br \/>\n<u>C\u00e2ble d&rsquo;alimentation et VGA inclus<br \/>\n<\/u> [&#8230;]<\/p>\n<p><a class=\"btn btn-secondary understrap-read-more-link\" href=\"https:\/\/digalco.com\/fr\/produit\/philips-246v5lhab-00-24-lcd-169-reconditionne-1920x1080-fr-14520\/\">Lire la suite\u2026<span class=\"screen-reader-text\"> from Philips 246V5LHAB-00 24\u00a0\u00bb LCD 16:9 | Reconditionn\u00e9 | 1920&#215;1080<\/span><\/a><\/p>\n","protected":false},"featured_media":288932,"template":"","meta":[],"product_brand":[3866],"product_cat":[2390,1493],"product_tag":[],"class_list":{"0":"post-288957","1":"product","2":"type-product","3":"status-publish","4":"has-post-thumbnail","6":"product_brand-philips","7":"product_cat-moniteurs-24-fr","8":"product_cat-moniteurs-fr","10":"first","11":"instock","12":"taxable","13":"shipping-taxable","14":"purchasable","15":"product-type-simple"},"bundled_by":[],"bundle_stock_status":"instock","bundle_stock_quantity":1,"bundle_virtual":false,"bundle_layout":"","bundle_add_to_cart_form_location":"","bundle_editable_in_cart":false,"bundle_sold_individually_context":"","bundle_item_grouping":"","bundle_min_size":"","bundle_max_size":"","bundle_price":[],"bundled_items":[],"bundle_sell_ids":[],"exclude_global_add_ons":true,"addons":{"webcam-upgrades":{"name":"Extension Webcam","type":"multiple_choice","position":0,"required":false,"title_format":"heading","default":"","description_enable":false,"description":"","placeholder_enable":false,"placeholder":"","display":"radiobutton","restrictions_type":"any_text","adjust_price":false,"price":"","price_type":"quantity_based","restrictions":false,"min":"0","max":"0","options":[{"label":"Conceptronic AMDIS FullHD [AMP00085]","price":"29.0000","price_type":"quantity_based","image":0,"visibility":true}]},"hdmi-upgrades":{"name":"Extension c\u00e2ble","type":"multiple_choice","position":0,"required":false,"title_format":"heading","default":"","description_enable":false,"description":"","placeholder_enable":false,"placeholder":"","display":"radiobutton","restrictions_type":"any_text","adjust_price":false,"price":"","price_type":"quantity_based","restrictions":false,"min":"0","max":"0","options":[{"label":"C\u00e2ble HDMI 2 mts. [AMP00104]","price":"6.0000","price_type":"quantity_based","image":0,"visibility":true}]}},"df_price":94,"df_sale_price":"","df_regular_price":94,"df_image_link":"https:\/\/digalco.com\/wp-content\/uploads\/images\/product\/14520\/phil00061_01-300x225.jpg","_links":{"self":[{"href":"https:\/\/digalco.com\/fr\/wp-json\/wp\/v2\/product\/288957","targetHints":{"allow":["GET"]}}],"collection":[{"href":"https:\/\/digalco.com\/fr\/wp-json\/wp\/v2\/product"}],"about":[{"href":"https:\/\/digalco.com\/fr\/wp-json\/wp\/v2\/types\/product"}],"wp:featuredmedia":[{"embeddable":true,"href":"https:\/\/digalco.com\/fr\/wp-json\/wp\/v2\/media\/288932"}],"wp:attachment":[{"href":"https:\/\/digalco.com\/fr\/wp-json\/wp\/v2\/media?parent=288957"}],"wp:term":[{"taxonomy":"product_brand","embeddable":true,"href":"https:\/\/digalco.com\/fr\/wp-json\/wp\/v2\/product_brand?post=288957"},{"taxonomy":"product_cat","embeddable":true,"href":"https:\/\/digalco.com\/fr\/wp-json\/wp\/v2\/product_cat?post=288957"},{"taxonomy":"product_tag","embeddable":true,"href":"https:\/\/digalco.com\/fr\/wp-json\/wp\/v2\/product_tag?post=288957"}],"curies":[{"name":"wp","href":"https:\/\/api.w.org\/{rel}","templated":true}]}}