{"id":289445,"date":"2025-12-15T16:19:18","date_gmt":"2025-12-15T15:19:18","guid":{"rendered":"https:\/\/digalco.com\/tienda\/hp-proliant-dl360-g9-4-lff-1u-rack-reconditionne-xeon-deca-core-23ghz-128-gb-ram-2000-gb-sas-fr-14004\/"},"modified":"2025-12-15T16:19:24","modified_gmt":"2025-12-15T15:19:24","slug":"hp-proliant-dl360-g9-4-lff-1u-rack-reconditionne-xeon-deca-core-23ghz-128-gb-ram-2000-gb-sas-fr-14004","status":"publish","type":"product","link":"https:\/\/digalco.com\/fr\/produit\/hp-proliant-dl360-g9-4-lff-1u-rack-reconditionne-xeon-deca-core-23ghz-128-gb-ram-2000-gb-sas-fr-14004\/","title":{"rendered":"HP ProLiant DL360 G9 4-LFF 1U Rack | Reconditionn\u00e9 | Xeon Deca Core 2.3GHz | 128 GB RAM | 2000 GB SAS"},"content":{"rendered":"<p><strong>Processeur<\/strong><br \/>2x Intel Xeon Deca Core E5-2650 V3 2.3 GHz.<br \/><strong>Facteur de forme<\/strong><br \/>Rack (1U)<br \/><strong>M\u00e9moire RAM<\/strong><br \/>128 Gb. DDR4 ECC RAM<br \/>24 emplacements (20 vide )<br \/><strong>Disque dur<\/strong><br \/>4x 1.95 Tb. SAS 2.5\u00a0\u00bb 10krpm<br \/>4 emplacements<br \/><strong>Cartes<\/strong><br \/>Graphique: Matrox G200eH2<br \/>Son: HD Audio<br \/>R\u00e9seau: Ethernet Gigabit<br \/><strong>Syst\u00e8me op\u00e9ratif<\/strong><br \/>&#8211; Sans SO &#8211;<br \/><strong>Ports<\/strong><br \/>S\u00e9rie<br \/>3x USB 3.0<br \/><strong>Connectivit\u00e9<\/strong><br \/>4x RJ-45<br \/><strong>Source de courant<\/strong><br \/>2x Alimentations (Hotplug)<br \/><strong>Dimensions<\/strong><br \/>43.46x75x4.32 cm.<br \/><strong>Poids<\/strong><br \/>13.77 Kg.<br \/><strong>Sp\u00e9cifications suppl\u00e9mentaires<\/strong><br \/>Le HP ProLiant DL360 G9 1U est un serveur rack haute performance con\u00e7u pour les environnements professionnels n\u00e9cessitant une puissance de calcul maximale dans un espace minimal. \u00c9quip\u00e9 de deux processeurs Intel Xeon E5-2650 v3 \u00e0 10 c\u0153urs, il offre une capacit\u00e9 de calcul exceptionnelle pour la virtualisation, les bases de donn\u00e9es et les applications d\u2019entreprise critiques.Ses 128 Go de m\u00e9moire DDR4 ECC garantissent stabilit\u00e9, fiabilit\u00e9 et performances constantes m\u00eame sous des charges de travail intensives, en minimisant les erreurs et les temps d\u2019arr\u00eat. Le contr\u00f4leur HP Smart Array P440ar avec 2 Go de cache assure une gestion RAID avanc\u00e9e, garantissant un stockage rapide et s\u00e9curis\u00e9.Gr\u00e2ce \u00e0 ses quatre disques SAS de 1,95 To \u00e0 10 000 tr\/min, ce serveur offre un excellent \u00e9quilibre entre vitesse et capacit\u00e9, id\u00e9al pour les syst\u00e8mes n\u00e9cessitant un IOPS \u00e9lev\u00e9. Son ch\u00e2ssis avec 24 baies (20 libres) permet une \u00e9volutivit\u00e9 exceptionnelle, s\u2019adaptant facilement \u00e0 la croissance future de l\u2019entreprise.Le format 1U en fait une solution id\u00e9ale pour les centres de donn\u00e9es et les racks haute densit\u00e9, optimisant la consommation \u00e9nerg\u00e9tique et l\u2019espace. Le HP ProLiant DL360 G9 est un choix solide pour b\u00e2tir une infrastructure IT robuste, fiable et pr\u00eate pour les environnements professionnels modernes.Bon aspect ext\u00e9rieur. Si vous avez la moindre question, appelez-nous ou utilisez notre chat pour obtenir plus d\u2019informations ou demander davantage de d\u00e9tails.<br \/><strong>Commentaires<\/strong><br \/><u>P440ar 2GB. RAID Controller &#8211; 1xPCIe X16 \/ 1xPCIe X8<\/u><\/p>\n","protected":false},"excerpt":{"rendered":"<p>2x Intel Xeon Deca Core E5-2650 V3 2.3 GHz. \u00b7 128 Gb. DDR4 ECC RAM \u00b7 4x 1.95 Tb. SAS 2.5\u00a0\u00bb 10krpm \u00b7<br \/>\n<strong>P440ar 2GB. RAID Controller<\/strong> &#8211; <u>1xPCIe X16 \/ 1xPCIe X8<br \/>\n<\/u> [&#8230;]<\/p>\n<p><a class=\"btn btn-secondary understrap-read-more-link\" href=\"https:\/\/digalco.com\/fr\/produit\/hp-proliant-dl360-g9-4-lff-1u-rack-reconditionne-xeon-deca-core-23ghz-128-gb-ram-2000-gb-sas-fr-14004\/\">Lire la suite\u2026<span class=\"screen-reader-text\"> from HP ProLiant DL360 G9 4-LFF 1U Rack | Reconditionn\u00e9 | Xeon Deca Core 2.3GHz | 128 GB RAM | 2000 GB SAS<\/span><\/a><\/p>\n","protected":false},"featured_media":289430,"template":"","meta":[],"product_brand":[3854],"product_cat":[1633,1641],"product_tag":[],"class_list":{"0":"post-289445","1":"product","2":"type-product","3":"status-publish","4":"has-post-thumbnail","6":"product_brand-hp","7":"product_cat-serveurs-fr","8":"product_cat-serveurs-rack-fr","10":"first","11":"outofstock","12":"taxable","13":"shipping-taxable","14":"purchasable","15":"product-type-simple"},"bundled_by":[],"bundle_stock_status":"outofstock","bundle_stock_quantity":0,"bundle_virtual":false,"bundle_layout":"","bundle_add_to_cart_form_location":"","bundle_editable_in_cart":false,"bundle_sold_individually_context":"","bundle_item_grouping":"","bundle_min_size":"","bundle_max_size":"","bundle_price":[],"bundled_items":[],"bundle_sell_ids":[],"exclude_global_add_ons":true,"addons":{"hdd-upgrades":{"name":"Extension disque dur","type":"multiple_choice","position":0,"required":false,"title_format":"heading","default":"","description_enable":false,"description":"","placeholder_enable":false,"placeholder":"","display":"radiobutton","restrictions_type":"any_text","adjust_price":false,"price":"","price_type":"quantity_based","restrictions":false,"min":"0","max":"0","options":[{"label":"2x disque SSD 240 Gb. [AMP00058]","price":"100.0000","price_type":"quantity_based","image":0,"visibility":true},{"label":"2x disque SSD 480 Gb. [AMP00059]","price":"200.0000","price_type":"quantity_based","image":0,"visibility":true}]}},"df_price":1011,"df_sale_price":"","df_regular_price":1011,"df_image_link":"https:\/\/digalco.com\/wp-content\/uploads\/images\/product\/14004\/hp03102_01-300x225.jpg","_links":{"self":[{"href":"https:\/\/digalco.com\/fr\/wp-json\/wp\/v2\/product\/289445","targetHints":{"allow":["GET"]}}],"collection":[{"href":"https:\/\/digalco.com\/fr\/wp-json\/wp\/v2\/product"}],"about":[{"href":"https:\/\/digalco.com\/fr\/wp-json\/wp\/v2\/types\/product"}],"wp:featuredmedia":[{"embeddable":true,"href":"https:\/\/digalco.com\/fr\/wp-json\/wp\/v2\/media\/289430"}],"wp:attachment":[{"href":"https:\/\/digalco.com\/fr\/wp-json\/wp\/v2\/media?parent=289445"}],"wp:term":[{"taxonomy":"product_brand","embeddable":true,"href":"https:\/\/digalco.com\/fr\/wp-json\/wp\/v2\/product_brand?post=289445"},{"taxonomy":"product_cat","embeddable":true,"href":"https:\/\/digalco.com\/fr\/wp-json\/wp\/v2\/product_cat?post=289445"},{"taxonomy":"product_tag","embeddable":true,"href":"https:\/\/digalco.com\/fr\/wp-json\/wp\/v2\/product_tag?post=289445"}],"curies":[{"name":"wp","href":"https:\/\/api.w.org\/{rel}","templated":true}]}}