{"id":289587,"date":"2025-12-16T09:14:30","date_gmt":"2025-12-16T08:14:30","guid":{"rendered":"https:\/\/digalco.com\/tienda\/benq-gl2450-t-24-led-169-reconditionne-1920x1080-fr-14547\/"},"modified":"2025-12-16T09:14:41","modified_gmt":"2025-12-16T08:14:41","slug":"benq-gl2450-t-24-led-169-reconditionne-1920x1080-fr-14547","status":"publish","type":"product","link":"https:\/\/digalco.com\/fr\/produit\/benq-gl2450-t-24-led-169-reconditionne-1920x1080-fr-14547\/","title":{"rendered":"Benq GL2450-T 24\u00a0\u00bb Led 16:9 | Reconditionn\u00e9 | 1920&#215;1080"},"content":{"rendered":"<p><strong>\u00c9cran<\/strong><br \/>Led 24 \u00a0\u00bb FullHD 16:9 \u00b7 R\u00e9solution 1920&#215;1080<br \/>Dot pitch 0.28 mm<br \/>R\u00e9ponse 5 ms<br \/>Contraste 1000:1<br \/>Luminosit\u00e9 250 cd\/m2<br \/>Angle vision 160\u00b0v\/170\u00b0h<br \/><strong>Ports vid\u00e9o<\/strong><br \/>VGA<br \/>DVI<br \/><strong>Affichage sp\u00e9cifique<\/strong><br \/>Stand VESA<br \/>Base<br \/><strong>Autres<\/strong><br \/>hR emballage<br \/><strong>Dimensions<\/strong><br \/>58x45x18 cm.<br \/><strong>Poids<\/strong><br \/>3.80 Kg.<br \/><strong>Sp\u00e9cifications suppl\u00e9mentaires<\/strong><br \/>Le BenQ GL2450-T est un moniteur de 24 pouces destin\u00e9 \u00e0 ceux qui recherchent un \u00e9cran solide, clair et sans artifices pour un usage quotidien. Son approche pratique en fait une option tr\u00e8s \u00e9quilibr\u00e9e pour les bureaux, les postes de travail fixes ou les environnements o\u00f9 une visualisation fiable est n\u00e9cessaire pendant de longues journ\u00e9es.Ce moniteur LED de 24 pouces offre une r\u00e9solution Full HD 1920&#215;1080 au format 16:9, garantissant une image nette et bien d\u00e9finie pour les t\u00e2ches de productivit\u00e9, la gestion de contenus ou la navigation intensive. Le pas de pixel de 0,28 mm assure une lecture confortable, tandis que le temps de r\u00e9ponse de 5 ms offre une exp\u00e9rience fluide au quotidien. Avec une luminosit\u00e9 de 250 cd\/m\u00b2 et un contraste de 1000:1, il maintient un bon \u00e9quilibre entre clart\u00e9 et d\u00e9tail, et ses angles de vision de 160\u00b0 \u00e0 la verticale et 170\u00b0 \u00e0 l\u2019horizontale garantissent une visualisation correcte depuis diff\u00e9rentes positions. Il dispose de connexions VGA et DVI, facilitant la compatibilit\u00e9 avec une large gamme d\u2019\u00e9quipements.Le BenQ GL2450-T se distingue par sa stabilit\u00e9, sa simplicit\u00e9 et son efficacit\u00e9, offrant une exp\u00e9rience visuelle constante sans complications. Il s\u2019agit d\u2019un moniteur Full HD de 24 pouces qui apporte productivit\u00e9, durabilit\u00e9 et un excellent rapport qualit\u00e9-prix, id\u00e9al pour ceux qui privil\u00e9gient des performances constantes et une solution fiable pour le travail quotidien.Bon aspect ext\u00e9rieur. Peut pr\u00e9senter de l\u00e9g\u00e8res marques d\u2019usage sur le bo\u00eetier. Si vous avez la moindre question, appelez-nous ou utilisez notre chat pour obtenir plus d\u2019informations ou demander davantage de d\u00e9tails.<br \/><strong>Commentaires<\/strong><br \/><u>C\u00e2ble d&rsquo;alimentation et VGA inclus<\/u><\/p>\n","protected":false},"excerpt":{"rendered":"<p>Led 24 \u00a0\u00bb FullHD 16:9 \u00b7 R\u00e9solution 1920&#215;1080 \u00b7 Dot pitch 0.28 mm \u00b7 R\u00e9ponse 5 ms \u00b7 Contraste 1000:1 \u00b7 Luminosit\u00e9 250 cd\/m2 \u00b7 VGA \u00b7 DVI \u00b7<br \/>\n<u>C\u00e2ble d&rsquo;alimentation et VGA inclus<br \/>\n<\/u> [&#8230;]<\/p>\n<p><a class=\"btn btn-secondary understrap-read-more-link\" href=\"https:\/\/digalco.com\/fr\/produit\/benq-gl2450-t-24-led-169-reconditionne-1920x1080-fr-14547\/\">Lire la suite\u2026<span class=\"screen-reader-text\"> from Benq GL2450-T 24\u00a0\u00bb Led 16:9 | Reconditionn\u00e9 | 1920&#215;1080<\/span><\/a><\/p>\n","protected":false},"featured_media":289557,"template":"","meta":[],"product_brand":[3870],"product_cat":[1493,2390],"product_tag":[],"class_list":{"0":"post-289587","1":"product","2":"type-product","3":"status-publish","4":"has-post-thumbnail","6":"product_brand-benq","7":"product_cat-moniteurs-fr","8":"product_cat-moniteurs-24-fr","10":"first","11":"instock","12":"taxable","13":"shipping-taxable","14":"purchasable","15":"product-type-simple"},"bundled_by":[],"bundle_stock_status":"instock","bundle_stock_quantity":1,"bundle_virtual":false,"bundle_layout":"","bundle_add_to_cart_form_location":"","bundle_editable_in_cart":false,"bundle_sold_individually_context":"","bundle_item_grouping":"","bundle_min_size":"","bundle_max_size":"","bundle_price":[],"bundled_items":[],"bundle_sell_ids":[],"exclude_global_add_ons":true,"addons":{"webcam-upgrades":{"name":"Extension Webcam","type":"multiple_choice","position":0,"required":false,"title_format":"heading","default":"","description_enable":false,"description":"","placeholder_enable":false,"placeholder":"","display":"radiobutton","restrictions_type":"any_text","adjust_price":false,"price":"","price_type":"quantity_based","restrictions":false,"min":"0","max":"0","options":[{"label":"Conceptronic AMDIS FullHD [AMP00085]","price":"29.0000","price_type":"quantity_based","image":0,"visibility":true}]},"hdmi-upgrades":{"name":"Extension c\u00e2ble","type":"multiple_choice","position":0,"required":false,"title_format":"heading","default":"","description_enable":false,"description":"","placeholder_enable":false,"placeholder":"","display":"radiobutton","restrictions_type":"any_text","adjust_price":false,"price":"","price_type":"quantity_based","restrictions":false,"min":"0","max":"0","options":[{"label":"C\u00e2ble DVI-D M\/M Dual Link 1,8 mts. [AMP00102]","price":"2.0000","price_type":"quantity_based","image":0,"visibility":true}]}},"df_price":82,"df_sale_price":"","df_regular_price":82,"df_image_link":"https:\/\/digalco.com\/wp-content\/uploads\/images\/product\/14547\/benq00013_01-300x225.jpg","_links":{"self":[{"href":"https:\/\/digalco.com\/fr\/wp-json\/wp\/v2\/product\/289587","targetHints":{"allow":["GET"]}}],"collection":[{"href":"https:\/\/digalco.com\/fr\/wp-json\/wp\/v2\/product"}],"about":[{"href":"https:\/\/digalco.com\/fr\/wp-json\/wp\/v2\/types\/product"}],"wp:featuredmedia":[{"embeddable":true,"href":"https:\/\/digalco.com\/fr\/wp-json\/wp\/v2\/media\/289557"}],"wp:attachment":[{"href":"https:\/\/digalco.com\/fr\/wp-json\/wp\/v2\/media?parent=289587"}],"wp:term":[{"taxonomy":"product_brand","embeddable":true,"href":"https:\/\/digalco.com\/fr\/wp-json\/wp\/v2\/product_brand?post=289587"},{"taxonomy":"product_cat","embeddable":true,"href":"https:\/\/digalco.com\/fr\/wp-json\/wp\/v2\/product_cat?post=289587"},{"taxonomy":"product_tag","embeddable":true,"href":"https:\/\/digalco.com\/fr\/wp-json\/wp\/v2\/product_tag?post=289587"}],"curies":[{"name":"wp","href":"https:\/\/api.w.org\/{rel}","templated":true}]}}