{"id":290798,"date":"2025-12-19T12:19:44","date_gmt":"2025-12-19T11:19:44","guid":{"rendered":"https:\/\/digalco.com\/tienda\/microsoft-surface-pro-7-plus-gris-123-reconditionne-core-i7-28ghz-16-gb-ram-256-gb-ssd-m2-2736x1824-fr-14560\/"},"modified":"2026-04-01T08:47:21","modified_gmt":"2026-04-01T06:47:21","slug":"microsoft-surface-pro-7-plus-gris-123-reconditionne-core-i7-28ghz-16-gb-ram-256-gb-ssd-m2-2736x1824-fr-14560","status":"publish","type":"product","link":"https:\/\/digalco.com\/fr\/produit\/microsoft-surface-pro-7-plus-gris-123-reconditionne-core-i7-28ghz-16-gb-ram-256-gb-ssd-m2-2736x1824-fr-14560\/","title":{"rendered":"Microsoft Surface Pro 7 Plus Gris 12.3\u00a0\u00bb | Reconditionn\u00e9 | Core i7 2.8GHz | 16 GB RAM | 256 GB SSD M2 2736&#215;1824"},"content":{"rendered":"<p><strong>Processeur<\/strong><br \/>Intel Core i7 1165G7 2.8 GHz.<br \/><strong>M\u00e9moire RAM<\/strong><br \/>16 Gb. SO-DDR4 RAM<br \/><strong>Disque dur<\/strong><br \/>256 Gb. SSD M2<br \/><strong>Cartes<\/strong><br \/>Graphique: Intel Iris Xe Graphics<br \/>Son: High Definition Audio<br \/><strong>Syst\u00e8me op\u00e9ratif<\/strong><br \/>Windows 11 Pro<br \/><strong>Ports<\/strong><br \/>USB 3.0<br \/>USB-C<br \/><strong>\u00c9cran<\/strong><br \/>Tactile 12.3 \u00a0\u00bb 2K 16:9 \u00b7 R\u00e9solution 2736&#215;1824<br \/><strong>Multim\u00e9dias<\/strong><br \/>Cam\u00e9ra arri\u00e8re<br \/>Cam\u00e9ra frontale<br \/><strong>Connectivit\u00e9<\/strong><br \/>WIFI<br \/>Bluetooth<br \/><strong>Autres<\/strong><br \/>hR emballage<br \/><strong>Dimensions<\/strong><br \/>29.2&#215;20.1&#215;0.85 cm.<br \/><strong>Poids<\/strong><br \/>0.79 Kg.<br \/><strong>Sp\u00e9cifications suppl\u00e9mentaires<\/strong><br \/>La Microsoft Surface Pro 7 Plus red\u00e9finit la productivit\u00e9 mobile, combinant la puissance d\u2019un ordinateur portable avec la flexibilit\u00e9 d\u2019une tablette ultral\u00e9g\u00e8re. Con\u00e7ue pour les professionnels, les cr\u00e9atifs et les utilisateurs exigeant rapidit\u00e9 et fiabilit\u00e9, elle offre un \u00e9quilibre parfait entre travail, cr\u00e9ativit\u00e9 et mobilit\u00e9, faisant d\u2019elle la compagne id\u00e9ale pour tout environnement professionnel.Avec son processeur Intel Core i7 1165G7, 16 Go de RAM et SSD M.2 de 256 Go, la Surface Pro 7 Plus g\u00e8re en toute fluidit\u00e9 le multit\u00e2che, les applications professionnelles et les logiciels cr\u00e9atifs, offrant des performances exceptionnelles \u00e0 tout moment. L\u2019\u00e9cran tactile PixelSense 2K de 12,3 pouces au format 16:9 fournit des couleurs pr\u00e9cises, une grande nettet\u00e9 et un vaste espace de travail pour les documents, pr\u00e9sentations et design num\u00e9rique.Gr\u00e2ce \u00e0 Windows 11 Pro et \u00e0 la puce de s\u00e9curit\u00e9 TPM 2.0, vos informations et applications restent s\u00e9curis\u00e9es, tandis que son design \u00e9l\u00e9gant et l\u00e9ger permet de passer facilement de la tablette \u00e0 l\u2019ordinateur portable selon vos besoins. Avec la Surface Pro 7 Plus, vous b\u00e9n\u00e9ficierez de mobilit\u00e9, de polyvalence et de productivit\u00e9 de haut niveau, transformant chaque journ\u00e9e en une exp\u00e9rience plus efficace, cr\u00e9ative et confortable.Bel aspect ext\u00e9rieur. Consultez \u00ab + Photos \u00bb et, en cas de doute, appelez-nous ou utilisez notre chat pour obtenir plus d\u2019informations ou demander davantage de d\u00e9tails.<\/p>\n","protected":false},"excerpt":{"rendered":"<p>Intel Core i7 1165G7 2.8 GHz. \u00b7 16 Gb. SO-DDR4 RAM \u00b7 256 Gb. SSD M2 \u00b7 <strong>Windows 11 Pro<\/strong> \u00b7 Tactile 12.3 \u00a0\u00bb 2K 16:9 \u00b7 R\u00e9solution 2736&#215;1824 [&#8230;]<\/p>\n<p><a class=\"btn btn-secondary understrap-read-more-link\" href=\"https:\/\/digalco.com\/fr\/produit\/microsoft-surface-pro-7-plus-gris-123-reconditionne-core-i7-28ghz-16-gb-ram-256-gb-ssd-m2-2736x1824-fr-14560\/\">Lire la suite\u2026<span class=\"screen-reader-text\"> from Microsoft Surface Pro 7 Plus Gris 12.3\u00a0\u00bb | Reconditionn\u00e9 | Core i7 2.8GHz | 16 GB RAM | 256 GB SSD M2 2736&#215;1824<\/span><\/a><\/p>\n","protected":false},"featured_media":290763,"template":"","meta":[],"product_brand":[3860],"product_cat":[3750,1581],"product_tag":[],"class_list":{"0":"post-290798","1":"product","2":"type-product","3":"status-publish","4":"has-post-thumbnail","6":"product_brand-microsoft","7":"product_cat-tablettes-surface-fr","8":"product_cat-tablettes-fr","10":"first","11":"instock","12":"taxable","13":"shipping-taxable","14":"purchasable","15":"product-type-simple"},"bundled_by":[],"bundle_stock_status":"instock","bundle_stock_quantity":38,"bundle_virtual":false,"bundle_layout":"","bundle_add_to_cart_form_location":"","bundle_editable_in_cart":false,"bundle_sold_individually_context":"","bundle_item_grouping":"","bundle_min_size":"","bundle_max_size":"","bundle_price":[],"bundled_items":[],"bundle_sell_ids":[],"exclude_global_add_ons":true,"addons":{"pencil-upgrades":{"name":"Extension Crayon","type":"multiple_choice","position":0,"required":false,"title_format":"heading","default":"","description_enable":false,"description":"","placeholder_enable":false,"placeholder":"","display":"radiobutton","restrictions_type":"any_text","adjust_price":false,"price":"","price_type":"quantity_based","restrictions":false,"min":"0","max":"0","options":[{"label":"Stylet Microsoft Surface Original [AMP00087]","price":"50.0000","price_type":"quantity_based","image":0,"visibility":true}]},"os-upgrades":{"name":"Expansion SO","type":"multiple_choice","position":0,"required":false,"title_format":"heading","default":"","description_enable":false,"description":"","placeholder_enable":false,"placeholder":"","display":"radiobutton","restrictions_type":"any_text","adjust_price":false,"price":"","price_type":"quantity_based","restrictions":false,"min":"0","max":"0","options":[{"label":"Changer la langue en fran\u00e7ais [AMP00125]","price":"0.0000","price_type":"quantity_based","image":0,"visibility":true},{"label":"Changer la langue en anglais [AMP00008]","price":"0.0000","price_type":"quantity_based","image":0,"visibility":true},{"label":"Changer la langue en portugais [AMP00009]","price":"0.0000","price_type":"quantity_based","image":0,"visibility":true}]},"keyboard-upgrades":{"name":"Extension clavier","type":"multiple_choice","position":0,"required":false,"title_format":"heading","default":"","description_enable":false,"description":"","placeholder_enable":false,"placeholder":"","display":"radiobutton","restrictions_type":"any_text","adjust_price":false,"price":"","price_type":"quantity_based","restrictions":false,"min":"0","max":"0","options":[{"label":"Microsoft Keyboard Surface Pro [AMP00063]","price":"70.0000","price_type":"quantity_based","image":0,"visibility":true},{"label":"Microsoft Keyboard Surface Pro Portuguese [AMP00089]","price":"70.0000","price_type":"quantity_based","image":0,"visibility":true},{"label":"Clavier Surface Pro Inter. (autocollants) [AMP00064]","price":"55.0000","price_type":"quantity_based","image":0,"visibility":true}]}},"df_price":573,"df_sale_price":"","df_regular_price":573,"df_image_link":"https:\/\/digalco.com\/wp-content\/uploads\/images\/product\/14560\/ms00222_01-300x225.jpg","_links":{"self":[{"href":"https:\/\/digalco.com\/fr\/wp-json\/wp\/v2\/product\/290798","targetHints":{"allow":["GET"]}}],"collection":[{"href":"https:\/\/digalco.com\/fr\/wp-json\/wp\/v2\/product"}],"about":[{"href":"https:\/\/digalco.com\/fr\/wp-json\/wp\/v2\/types\/product"}],"wp:featuredmedia":[{"embeddable":true,"href":"https:\/\/digalco.com\/fr\/wp-json\/wp\/v2\/media\/290763"}],"wp:attachment":[{"href":"https:\/\/digalco.com\/fr\/wp-json\/wp\/v2\/media?parent=290798"}],"wp:term":[{"taxonomy":"product_brand","embeddable":true,"href":"https:\/\/digalco.com\/fr\/wp-json\/wp\/v2\/product_brand?post=290798"},{"taxonomy":"product_cat","embeddable":true,"href":"https:\/\/digalco.com\/fr\/wp-json\/wp\/v2\/product_cat?post=290798"},{"taxonomy":"product_tag","embeddable":true,"href":"https:\/\/digalco.com\/fr\/wp-json\/wp\/v2\/product_tag?post=290798"}],"curies":[{"name":"wp","href":"https:\/\/api.w.org\/{rel}","templated":true}]}}