{"id":290979,"date":"2025-12-22T11:05:39","date_gmt":"2025-12-22T10:05:39","guid":{"rendered":"https:\/\/digalco.com\/tienda\/acer-k222hql-22-led-169-reconditionne-1920x1080-fr-14538\/"},"modified":"2026-02-04T10:56:42","modified_gmt":"2026-02-04T09:56:42","slug":"acer-k222hql-22-led-169-reconditionne-1920x1080-fr-14538","status":"publish","type":"product","link":"https:\/\/digalco.com\/fr\/produit\/acer-k222hql-22-led-169-reconditionne-1920x1080-fr-14538\/","title":{"rendered":"Acer K222HQL 22\u00a0\u00bb Led 16:9 | Reconditionn\u00e9 | 1920&#215;1080"},"content":{"rendered":"<p><strong>\u00c9cran<\/strong><br \/>Led 22 \u00a0\u00bb FullHD 16:9 \u00b7 R\u00e9solution 1920&#215;1080<br \/>Dot pitch 0.248 mm<br \/>R\u00e9ponse 5 ms<br \/>Contraste 600:1<br \/>Luminosit\u00e9 200 cd\/m2<br \/>Angle vision 160\u00b0v\/170\u00b0h<br \/><strong>Ports vid\u00e9o<\/strong><br \/>VGA<br \/>DVI<br \/><strong>Affichage sp\u00e9cifique<\/strong><br \/>Stand VESA<br \/>Base<br \/><strong>Autres<\/strong><br \/>hR emballage<br \/><strong>Dimensions<\/strong><br \/>51x40x21 cm.<br \/><strong>Poids<\/strong><br \/>3.00 Kg.<br \/><strong>Sp\u00e9cifications suppl\u00e9mentaires<\/strong><br \/>L\u2019Acer K222HQL est un moniteur de 22 pouces con\u00e7u pour ceux qui recherchent une solution fiable, confortable et efficace pour une utilisation quotidienne devant l\u2019ordinateur. Id\u00e9al pour les environnements de travail continu, les postes administratifs, les salles de classe, les commerces ou les bureaux professionnels, il offre une exp\u00e9rience visuelle \u00e9quilibr\u00e9e qui favorise la concentration et r\u00e9duit la fatigue lors de longues journ\u00e9es de travail.Son panneau LED Full HD de 22\u201d au format 16:9 et \u00e0 la r\u00e9solution 1920&#215;1080 offre une image nette et bien d\u00e9finie, parfaite pour travailler avec des documents, des feuilles de calcul ou des applications de gestion. Le pas de pixel de 0,248 mm garantit des textes clairs et des contours pr\u00e9cis, tandis que le temps de r\u00e9ponse de 5 ms assure une visualisation fluide au quotidien. Avec une luminosit\u00e9 de 200 cd\/m\u00b2 et un contraste de 600:1, le contenu est affich\u00e9 de mani\u00e8re uniforme, et les larges angles de vision de 160\u00b0 en vertical et 170\u00b0 en horizontal permettent de conserver la qualit\u00e9 d\u2019image depuis diff\u00e9rentes positions. La connectique VGA et DVI facilite une int\u00e9gration simple avec des \u00e9quipements r\u00e9cents comme plus anciens.L\u2019Acer K222HQL se distingue par sa polyvalence et son excellent rapport qualit\u00e9-prix, ce qui en fait un choix judicieux pour renouveler des postes de travail ou \u00e9tendre des installations sans complications. Un moniteur fonctionnel, fiable et facile \u00e0 int\u00e9grer, qui r\u00e9pond exactement \u00e0 ce que l\u2019on attend d\u2019un \u00e9cran professionnel : des performances constantes, un confort visuel et une valeur ajout\u00e9e perceptible d\u00e8s le premier jour.Bon aspect ext\u00e9rieur. Si vous avez des questions, appelez-nous ou utilisez notre chat pour obtenir plus d\u2019informations ou demander plus de d\u00e9tails.<br \/><strong>Commentaires<\/strong><br \/><u>C\u00e2ble d&rsquo;alimentation et VGA inclus<\/u><\/p>\n","protected":false},"excerpt":{"rendered":"<p>Led 22 \u00a0\u00bb FullHD 16:9 \u00b7 R\u00e9solution 1920&#215;1080 \u00b7 Dot pitch 0.248 mm \u00b7 R\u00e9ponse 5 ms \u00b7 Contraste 600:1 \u00b7 Luminosit\u00e9 200 cd\/m2 \u00b7 VGA \u00b7 DVI \u00b7<br \/>\n<u>C\u00e2ble d&rsquo;alimentation et VGA inclus<br \/>\n<\/u> [&#8230;]<\/p>\n<p><a class=\"btn btn-secondary understrap-read-more-link\" href=\"https:\/\/digalco.com\/fr\/produit\/acer-k222hql-22-led-169-reconditionne-1920x1080-fr-14538\/\">Lire la suite\u2026<span class=\"screen-reader-text\"> from Acer K222HQL 22\u00a0\u00bb Led 16:9 | Reconditionn\u00e9 | 1920&#215;1080<\/span><\/a><\/p>\n","protected":false},"featured_media":290954,"template":"","meta":[],"product_brand":[3858],"product_cat":[2382,1493],"product_tag":[],"class_list":{"0":"post-290979","1":"product","2":"type-product","3":"status-publish","4":"has-post-thumbnail","6":"product_brand-acer","7":"product_cat-moniteurs-22-fr","8":"product_cat-moniteurs-fr","10":"first","11":"instock","12":"taxable","13":"shipping-taxable","14":"purchasable","15":"product-type-simple"},"bundled_by":[],"bundle_stock_status":"instock","bundle_stock_quantity":1,"bundle_virtual":false,"bundle_layout":"","bundle_add_to_cart_form_location":"","bundle_editable_in_cart":false,"bundle_sold_individually_context":"","bundle_item_grouping":"","bundle_min_size":"","bundle_max_size":"","bundle_price":[],"bundled_items":[],"bundle_sell_ids":[],"exclude_global_add_ons":true,"addons":{"webcam-upgrades":{"name":"Extension Webcam","type":"multiple_choice","position":0,"required":false,"title_format":"heading","default":"","description_enable":false,"description":"","placeholder_enable":false,"placeholder":"","display":"radiobutton","restrictions_type":"any_text","adjust_price":false,"price":"","price_type":"quantity_based","restrictions":false,"min":"0","max":"0","options":[{"label":"Conceptronic AMDIS FullHD [AMP00085]","price":"29.0000","price_type":"quantity_based","image":0,"visibility":true}]},"hdmi-upgrades":{"name":"Extension c\u00e2ble","type":"multiple_choice","position":0,"required":false,"title_format":"heading","default":"","description_enable":false,"description":"","placeholder_enable":false,"placeholder":"","display":"radiobutton","restrictions_type":"any_text","adjust_price":false,"price":"","price_type":"quantity_based","restrictions":false,"min":"0","max":"0","options":[{"label":"C\u00e2ble DVI-D M\/M Dual Link 1,8 mts. [AMP00102]","price":"2.0000","price_type":"quantity_based","image":0,"visibility":true}]}},"df_price":70,"df_sale_price":"","df_regular_price":70,"df_image_link":"https:\/\/digalco.com\/wp-content\/uploads\/images\/product\/14538\/acer00041_01-300x225.jpg","_links":{"self":[{"href":"https:\/\/digalco.com\/fr\/wp-json\/wp\/v2\/product\/290979","targetHints":{"allow":["GET"]}}],"collection":[{"href":"https:\/\/digalco.com\/fr\/wp-json\/wp\/v2\/product"}],"about":[{"href":"https:\/\/digalco.com\/fr\/wp-json\/wp\/v2\/types\/product"}],"wp:featuredmedia":[{"embeddable":true,"href":"https:\/\/digalco.com\/fr\/wp-json\/wp\/v2\/media\/290954"}],"wp:attachment":[{"href":"https:\/\/digalco.com\/fr\/wp-json\/wp\/v2\/media?parent=290979"}],"wp:term":[{"taxonomy":"product_brand","embeddable":true,"href":"https:\/\/digalco.com\/fr\/wp-json\/wp\/v2\/product_brand?post=290979"},{"taxonomy":"product_cat","embeddable":true,"href":"https:\/\/digalco.com\/fr\/wp-json\/wp\/v2\/product_cat?post=290979"},{"taxonomy":"product_tag","embeddable":true,"href":"https:\/\/digalco.com\/fr\/wp-json\/wp\/v2\/product_tag?post=290979"}],"curies":[{"name":"wp","href":"https:\/\/api.w.org\/{rel}","templated":true}]}}