{"id":291266,"date":"2025-12-22T16:52:28","date_gmt":"2025-12-22T15:52:28","guid":{"rendered":"https:\/\/digalco.com\/tienda\/philips-223v5lsb-00-22-lcd-169-reconditionne-1920x1080-fr-14512\/"},"modified":"2025-12-22T16:52:36","modified_gmt":"2025-12-22T15:52:36","slug":"philips-223v5lsb-00-22-lcd-169-reconditionne-1920x1080-fr-14512","status":"publish","type":"product","link":"https:\/\/digalco.com\/fr\/produit\/philips-223v5lsb-00-22-lcd-169-reconditionne-1920x1080-fr-14512\/","title":{"rendered":"Philips 223V5LSB-00 22\u00a0\u00bb LCD 16:9 | Reconditionn\u00e9 | 1920&#215;1080"},"content":{"rendered":"<p><strong>\u00c9cran<\/strong><br \/>LCD 22 \u00a0\u00bb FullHD 16:9 \u00b7 R\u00e9solution 1920&#215;1080<br \/>Dot pitch 0.248 mm<br \/>R\u00e9ponse 5 ms<br \/>Contraste 1000:1<br \/>Luminosit\u00e9 250 cd\/m2<br \/>Angle vision 160\u00b0v\/170\u00b0h<br \/><strong>Ports vid\u00e9o<\/strong><br \/>VGA<br \/>DVI<br \/><strong>Affichage sp\u00e9cifique<\/strong><br \/>Stand VESA<br \/>Base<br \/><strong>Autres<\/strong><br \/>hR emballage<br \/><strong>Dimensions<\/strong><br \/>50.3&#215;37.5&#215;21 cm.<br \/><strong>Poids<\/strong><br \/>2.50 Kg.<br \/><strong>Sp\u00e9cifications suppl\u00e9mentaires<\/strong><br \/>Le Philips 223V5LSB\/00 est un moniteur de 22 pouces con\u00e7u pour r\u00e9pondre efficacement aux besoins quotidiens dans les environnements professionnels et domestiques. Une solution pratique et \u00e9quilibr\u00e9e pour les bureaux, les postes administratifs, les commerces ou les espaces de formation recherchant un \u00e9cran fiable, facile \u00e0 installer et confortable pour une utilisation prolong\u00e9e.Son panneau LCD Full HD de 22\u201d avec une r\u00e9solution de 1920&#215;1080 et un format 16:9 offre une image nette et bien d\u00e9finie, id\u00e9ale pour travailler avec des textes, des applications de gestion ou des contenus multim\u00e9dias. Le pas de pixel de 0,248 mm assure une bonne clart\u00e9 visuelle, tandis que le contraste de 1000:1 et la luminosit\u00e9 de 250 cd\/m\u00b2 garantissent un affichage \u00e9quilibr\u00e9 et confortable m\u00eame dans des pi\u00e8ces bien \u00e9clair\u00e9es. Avec un temps de r\u00e9ponse de 5 ms, l\u2019utilisation quotidienne est fluide, et les angles de vision de 160\u00b0 en vertical et 170\u00b0 en horizontal maintiennent une qualit\u00e9 d\u2019image constante depuis diff\u00e9rentes positions. La connectique VGA et DVI, ainsi que les c\u00e2bles d\u2019alimentation et VGA inclus, permettent une mise en service rapide et sans complication.Le Philips 223V5LSB\/00 se distingue par sa simplicit\u00e9, son efficacit\u00e9 et son excellent rapport qualit\u00e9-prix. Un moniteur con\u00e7u pour fonctionner d\u00e8s la premi\u00e8re minute, r\u00e9duire le temps d\u2019installation et offrir une exp\u00e9rience visuelle stable et fiable, apportant une r\u00e9elle valeur ajout\u00e9e \u00e0 tout environnement de travail n\u00e9cessitant des performances constantes sans surco\u00fbts inutiles.Bon aspect ext\u00e9rieur. Si vous avez des questions, appelez-nous ou utilisez notre chat pour obtenir plus d\u2019informations ou demander davantage de d\u00e9tails.<br \/><strong>Commentaires<\/strong><br \/><u>C\u00e2ble d&rsquo;alimentation et VGA inclus<\/u><\/p>\n","protected":false},"excerpt":{"rendered":"<p>LCD 22 \u00a0\u00bb FullHD 16:9 \u00b7 R\u00e9solution 1920&#215;1080 \u00b7 Dot pitch 0.248 mm \u00b7 R\u00e9ponse 5 ms \u00b7 Contraste 1000:1 \u00b7 Luminosit\u00e9 250 cd\/m2 \u00b7 VGA \u00b7 DVI \u00b7<br \/>\n<u>C\u00e2ble d&rsquo;alimentation et VGA inclus<br \/>\n<\/u> [&#8230;]<\/p>\n<p><a class=\"btn btn-secondary understrap-read-more-link\" href=\"https:\/\/digalco.com\/fr\/produit\/philips-223v5lsb-00-22-lcd-169-reconditionne-1920x1080-fr-14512\/\">Lire la suite\u2026<span class=\"screen-reader-text\"> from Philips 223V5LSB-00 22\u00a0\u00bb LCD 16:9 | Reconditionn\u00e9 | 1920&#215;1080<\/span><\/a><\/p>\n","protected":false},"featured_media":291231,"template":"","meta":[],"product_brand":[3866],"product_cat":[1493,2382],"product_tag":[],"class_list":{"0":"post-291266","1":"product","2":"type-product","3":"status-publish","4":"has-post-thumbnail","6":"product_brand-philips","7":"product_cat-moniteurs-fr","8":"product_cat-moniteurs-22-fr","10":"first","11":"instock","12":"taxable","13":"shipping-taxable","14":"purchasable","15":"product-type-simple"},"bundled_by":[],"bundle_stock_status":"instock","bundle_stock_quantity":20,"bundle_virtual":false,"bundle_layout":"","bundle_add_to_cart_form_location":"","bundle_editable_in_cart":false,"bundle_sold_individually_context":"","bundle_item_grouping":"","bundle_min_size":"","bundle_max_size":"","bundle_price":[],"bundled_items":[],"bundle_sell_ids":[],"exclude_global_add_ons":true,"addons":{"webcam-upgrades":{"name":"Extension Webcam","type":"multiple_choice","position":0,"required":false,"title_format":"heading","default":"","description_enable":false,"description":"","placeholder_enable":false,"placeholder":"","display":"radiobutton","restrictions_type":"any_text","adjust_price":false,"price":"","price_type":"quantity_based","restrictions":false,"min":"0","max":"0","options":[{"label":"Conceptronic AMDIS FullHD [AMP00085]","price":"29.0000","price_type":"quantity_based","image":0,"visibility":true}]},"hdmi-upgrades":{"name":"Extension c\u00e2ble","type":"multiple_choice","position":0,"required":false,"title_format":"heading","default":"","description_enable":false,"description":"","placeholder_enable":false,"placeholder":"","display":"radiobutton","restrictions_type":"any_text","adjust_price":false,"price":"","price_type":"quantity_based","restrictions":false,"min":"0","max":"0","options":[{"label":"C\u00e2ble DVI-D M\/M Dual Link 1,8 mts. [AMP00102]","price":"2.0000","price_type":"quantity_based","image":0,"visibility":true}]}},"df_price":70,"df_sale_price":"","df_regular_price":70,"df_image_link":"https:\/\/digalco.com\/wp-content\/uploads\/images\/product\/14512\/phil00055_01-300x225.jpg","_links":{"self":[{"href":"https:\/\/digalco.com\/fr\/wp-json\/wp\/v2\/product\/291266","targetHints":{"allow":["GET"]}}],"collection":[{"href":"https:\/\/digalco.com\/fr\/wp-json\/wp\/v2\/product"}],"about":[{"href":"https:\/\/digalco.com\/fr\/wp-json\/wp\/v2\/types\/product"}],"wp:featuredmedia":[{"embeddable":true,"href":"https:\/\/digalco.com\/fr\/wp-json\/wp\/v2\/media\/291231"}],"wp:attachment":[{"href":"https:\/\/digalco.com\/fr\/wp-json\/wp\/v2\/media?parent=291266"}],"wp:term":[{"taxonomy":"product_brand","embeddable":true,"href":"https:\/\/digalco.com\/fr\/wp-json\/wp\/v2\/product_brand?post=291266"},{"taxonomy":"product_cat","embeddable":true,"href":"https:\/\/digalco.com\/fr\/wp-json\/wp\/v2\/product_cat?post=291266"},{"taxonomy":"product_tag","embeddable":true,"href":"https:\/\/digalco.com\/fr\/wp-json\/wp\/v2\/product_tag?post=291266"}],"curies":[{"name":"wp","href":"https:\/\/api.w.org\/{rel}","templated":true}]}}