{"id":291504,"date":"2025-12-29T11:50:06","date_gmt":"2025-12-29T10:50:06","guid":{"rendered":"https:\/\/digalco.com\/tienda\/philips-223v5lhsb2-00-22-led-169-reconditionne-1920x1080-fr-14513\/"},"modified":"2025-12-29T11:50:16","modified_gmt":"2025-12-29T10:50:16","slug":"philips-223v5lhsb2-00-22-led-169-reconditionne-1920x1080-fr-14513","status":"publish","type":"product","link":"https:\/\/digalco.com\/fr\/produit\/philips-223v5lhsb2-00-22-led-169-reconditionne-1920x1080-fr-14513\/","title":{"rendered":"Philips 223V5LHSB2-00 22\u00a0\u00bb Led 16:9 | Reconditionn\u00e9 | 1920&#215;1080"},"content":{"rendered":"<p><strong>\u00c9cran<\/strong><br \/>Led 22 \u00a0\u00bb FullHD 16:9 \u00b7 R\u00e9solution 1920&#215;1080<br \/>Contraste 1000:1<br \/>Luminosit\u00e9 250 cd\/m2<br \/>Angle vision 160\u00b0v\/170\u00b0h<br \/><strong>Ports vid\u00e9o<\/strong><br \/>VGA<br \/>HDMI<br \/><strong>Affichage sp\u00e9cifique<\/strong><br \/>Stand VESA<br \/>Base<br \/><strong>Autres<\/strong><br \/>hR emballage<br \/><strong>Dimensions<\/strong><br \/>50.3&#215;37.5&#215;21 cm.<br \/><strong>Poids<\/strong><br \/>2.50 Kg.<br \/><strong>Sp\u00e9cifications suppl\u00e9mentaires<\/strong><br \/>Le Philips 223V5LHSB2\/00 est un moniteur LED de 22 pouces con\u00e7u pour offrir une exp\u00e9rience visuelle claire, confortable et sans complications au quotidien. Une solution id\u00e9ale pour les postes de travail, bureaux, commerces ou environnements de formation recherchant un \u00e9cran fiable, efficace et facile \u00e0 int\u00e9grer dans tout espace.Son panneau Full HD de 22\u201d avec une r\u00e9solution de 1920&#215;1080 et un format 16:9 offre une image nette et bien \u00e9quilibr\u00e9e, id\u00e9ale pour travailler avec des documents, des applications de gestion ou des contenus multim\u00e9dias. Avec un contraste de 1000:1 et une luminosit\u00e9 de 250 cd\/m\u00b2, l\u2019affichage reste clair et agr\u00e9able m\u00eame dans des environnements bien \u00e9clair\u00e9s. Les angles de vision de 160\u00b0 en vertical et 170\u00b0 en horizontal garantissent une qualit\u00e9 d\u2019image constante depuis diff\u00e9rentes positions. La connectivit\u00e9 VGA et HDMI apporte une grande flexibilit\u00e9 pour le connecter aussi bien \u00e0 des \u00e9quipements r\u00e9cents qu\u2019\u00e0 des configurations plus traditionnelles.Le Philips 223V5LHSB2\/00 se distingue par son approche pratique et son excellent rapport qualit\u00e9-prix, offrant exactement ce qu\u2019il faut pour un poste fonctionnel et productif. Un moniteur polyvalent et fiable, parfaitement adapt\u00e9 aux projets de renouvellement ou d\u2019extension, garantissant une exp\u00e9rience visuelle solide et des performances constantes d\u00e8s le premier jour.Bon aspect ext\u00e9rieur. Si vous avez des questions, appelez-nous ou utilisez notre chat pour obtenir plus d\u2019informations ou demander davantage de d\u00e9tails.<br \/><strong>Commentaires<\/strong><br \/><u>C\u00e2ble d&rsquo;alimentation et VGA inclus<\/u><\/p>\n","protected":false},"excerpt":{"rendered":"<p>Led 22 \u00a0\u00bb FullHD 16:9 \u00b7 R\u00e9solution 1920&#215;1080 \u00b7 Contraste 1000:1 \u00b7 Luminosit\u00e9 250 cd\/m2 \u00b7 VGA \u00b7 HDMI \u00b7<br \/>\n<u>C\u00e2ble d&rsquo;alimentation et VGA inclus<br \/>\n<\/u> [&#8230;]<\/p>\n<p><a class=\"btn btn-secondary understrap-read-more-link\" href=\"https:\/\/digalco.com\/fr\/produit\/philips-223v5lhsb2-00-22-led-169-reconditionne-1920x1080-fr-14513\/\">Lire la suite\u2026<span class=\"screen-reader-text\"> from Philips 223V5LHSB2-00 22\u00a0\u00bb Led 16:9 | Reconditionn\u00e9 | 1920&#215;1080<\/span><\/a><\/p>\n","protected":false},"featured_media":291479,"template":"","meta":[],"product_brand":[3866],"product_cat":[2382,1493],"product_tag":[],"class_list":{"0":"post-291504","1":"product","2":"type-product","3":"status-publish","4":"has-post-thumbnail","6":"product_brand-philips","7":"product_cat-moniteurs-22-fr","8":"product_cat-moniteurs-fr","10":"first","11":"instock","12":"taxable","13":"shipping-taxable","14":"purchasable","15":"product-type-simple"},"bundled_by":[],"bundle_stock_status":"instock","bundle_stock_quantity":5,"bundle_virtual":false,"bundle_layout":"","bundle_add_to_cart_form_location":"","bundle_editable_in_cart":false,"bundle_sold_individually_context":"","bundle_item_grouping":"","bundle_min_size":"","bundle_max_size":"","bundle_price":[],"bundled_items":[],"bundle_sell_ids":[],"exclude_global_add_ons":true,"addons":{"webcam-upgrades":{"name":"Extension Webcam","type":"multiple_choice","position":0,"required":false,"title_format":"heading","default":"","description_enable":false,"description":"","placeholder_enable":false,"placeholder":"","display":"radiobutton","restrictions_type":"any_text","adjust_price":false,"price":"","price_type":"quantity_based","restrictions":false,"min":"0","max":"0","options":[{"label":"Conceptronic AMDIS FullHD [AMP00085]","price":"29.0000","price_type":"quantity_based","image":0,"visibility":true}]},"hdmi-upgrades":{"name":"Extension c\u00e2ble","type":"multiple_choice","position":0,"required":false,"title_format":"heading","default":"","description_enable":false,"description":"","placeholder_enable":false,"placeholder":"","display":"radiobutton","restrictions_type":"any_text","adjust_price":false,"price":"","price_type":"quantity_based","restrictions":false,"min":"0","max":"0","options":[{"label":"C\u00e2ble HDMI 2 mts. [AMP00104]","price":"6.0000","price_type":"quantity_based","image":0,"visibility":true}]}},"df_price":78,"df_sale_price":"","df_regular_price":78,"df_image_link":"https:\/\/digalco.com\/wp-content\/uploads\/images\/product\/14513\/phil00056_01-300x225.jpg","_links":{"self":[{"href":"https:\/\/digalco.com\/fr\/wp-json\/wp\/v2\/product\/291504","targetHints":{"allow":["GET"]}}],"collection":[{"href":"https:\/\/digalco.com\/fr\/wp-json\/wp\/v2\/product"}],"about":[{"href":"https:\/\/digalco.com\/fr\/wp-json\/wp\/v2\/types\/product"}],"wp:featuredmedia":[{"embeddable":true,"href":"https:\/\/digalco.com\/fr\/wp-json\/wp\/v2\/media\/291479"}],"wp:attachment":[{"href":"https:\/\/digalco.com\/fr\/wp-json\/wp\/v2\/media?parent=291504"}],"wp:term":[{"taxonomy":"product_brand","embeddable":true,"href":"https:\/\/digalco.com\/fr\/wp-json\/wp\/v2\/product_brand?post=291504"},{"taxonomy":"product_cat","embeddable":true,"href":"https:\/\/digalco.com\/fr\/wp-json\/wp\/v2\/product_cat?post=291504"},{"taxonomy":"product_tag","embeddable":true,"href":"https:\/\/digalco.com\/fr\/wp-json\/wp\/v2\/product_tag?post=291504"}],"curies":[{"name":"wp","href":"https:\/\/api.w.org\/{rel}","templated":true}]}}