{"id":291577,"date":"2025-12-29T16:52:33","date_gmt":"2025-12-29T15:52:33","guid":{"rendered":"https:\/\/digalco.com\/tienda\/ncr-realpos-xr7-15-impecable-aio-reconditionne-core-i3-24ghz-8-gb-ram-120-gb-ssd-fr-14096\/"},"modified":"2026-04-10T14:30:27","modified_gmt":"2026-04-10T12:30:27","slug":"ncr-realpos-xr7-15-impecable-aio-reconditionne-core-i3-24ghz-8-gb-ram-120-gb-ssd-fr-14096","status":"publish","type":"product","link":"https:\/\/digalco.com\/fr\/produit\/ncr-realpos-xr7-15-impecable-aio-reconditionne-core-i3-24ghz-8-gb-ram-120-gb-ssd-fr-14096\/","title":{"rendered":"NCR RealPOS XR7 15&Prime; AIO | Reconditionn\u00e9 | Core i3 2.4GHz | 8 GB RAM | 120 GB SSD"},"content":{"rendered":"<p><strong>Processeur<\/strong><br \/>Intel Core i3 4330TE 2.4 GHz.<br \/><strong>Facteur de forme<\/strong><br \/>AIO<br \/><strong>M\u00e9moire RAM<\/strong><br \/>8 Gb. SO-DDR3 RAM<br \/><strong>Disque dur<\/strong><br \/>120 Gb. SSD<br \/><strong>Cartes<\/strong><br \/>Graphique: Intel HD 4600<br \/>Son: High Definition Audio<br \/>R\u00e9seau: Intel I217-LM<br \/><strong>Syst\u00e8me op\u00e9ratif<\/strong><br \/>Windows 10 Pro<br \/><strong>Ports<\/strong><br \/>2x USB 3.0<br \/><strong>\u00c9cran<\/strong><br \/>Tactile 15 \u00a0\u00bb HD 4:3  \u00b7 R\u00e9solution 1024&#215;768<br \/><strong>Ports vid\u00e9o<\/strong><br \/>HDMI<br \/>Display Port<br \/><strong>Affichage sp\u00e9cifique<\/strong><br \/>Stand VESA<br \/>Chargeur externe<br \/>Base<br \/><strong>Connectivit\u00e9<\/strong><br \/>RJ-45<br \/><strong>Autres<\/strong><br \/>hR emballage<br \/><strong>Dimensions<\/strong><br \/>42x40x40 cm.<br \/><strong>Poids<\/strong><br \/>7.00 Kg.<br \/><strong>Sp\u00e9cifications suppl\u00e9mentaires<\/strong><br \/>Terminal de point de vente tactile de 15 pouces, con\u00e7u pour offrir des performances fiables dans les environnements de vente au d\u00e9tail et d\u2019h\u00f4tellerie-restauration. \u00c9quip\u00e9 d\u2019un processeur Intel Core i3 4330TE et de 8 Go de m\u00e9moire DDR3, il permet un traitement rapide et fluide des transactions. Son SSD de 120 Go garantit un d\u00e9marrage rapide et un stockage efficace des donn\u00e9es.<br \/>L\u2019\u00e9cran tactile de 15&Prime; avec une r\u00e9solution HD de 1024&#215;768 offre une interface claire et r\u00e9active pour une interaction rapide avec les clients. Avec Windows 10 Pro, ce terminal TPV est id\u00e9al pour les entreprises \u00e0 la recherche d\u2019une solution efficace et moderne, optimisant l\u2019exp\u00e9rience d\u2019achat et am\u00e9liorant la gestion du point de vente.<br \/>Bon aspect ext\u00e9rieur. Consultez \u00ab + Photos \u00bb et \u00ab Vid\u00e9o \u00bb et, si vous avez des questions, appelez-nous ou utilisez notre chat pour obtenir plus d\u2019informations ou demander davantage de d\u00e9tails.<br \/><strong>Commentaires<\/strong><br \/><u>3xUSB 2.0 12V \/ 1xUSB 2.0 24V \/ 2xUSB 3.0 \/ 1xRJ50 &#8211; 1xPort tiroir-caisse &#8211; Lecteur de carte<\/u><\/p>\n","protected":false},"excerpt":{"rendered":"<p>Intel Core i3 4330TE 2.4 GHz. \u00b7 8 Gb. SO-DDR3 RAM \u00b7 120 Gb. SSD \u00b7 Windows 10 Pro \u00b7 <strong>Tactile 15 \u00a0\u00bb HD<\/strong> 4:3 \u00b7<br \/>\n<strong>3xUSB 2.0 12V \/ 1xUSB 2.0 24V \/ 2xUSB 3.0 \/ 1xRJ50 &#8211; 1xPort tiroir-caisse &#8211; Lecteur de carte<br \/>\n<\/strong> [&#8230;]<\/p>\n<p><a class=\"btn btn-secondary understrap-read-more-link\" href=\"https:\/\/digalco.com\/fr\/produit\/ncr-realpos-xr7-15-impecable-aio-reconditionne-core-i3-24ghz-8-gb-ram-120-gb-ssd-fr-14096\/\">Lire la suite\u2026<span class=\"screen-reader-text\"> from NCR RealPOS XR7 15&Prime; AIO | Reconditionn\u00e9 | Core i3 2.4GHz | 8 GB RAM | 120 GB SSD<\/span><\/a><\/p>\n","protected":false},"featured_media":291527,"template":"","meta":[],"product_brand":[3867],"product_cat":[1601,1597],"product_tag":[],"class_list":{"0":"post-291577","1":"product","2":"type-product","3":"status-publish","4":"has-post-thumbnail","6":"product_brand-ncr","7":"product_cat-tpv-all-in-one-fr","8":"product_cat-tpv-fr","10":"first","11":"outofstock","12":"taxable","13":"shipping-taxable","14":"purchasable","15":"product-type-simple"},"bundled_by":[],"bundle_stock_status":"outofstock","bundle_stock_quantity":0,"bundle_virtual":false,"bundle_layout":"","bundle_add_to_cart_form_location":"","bundle_editable_in_cart":false,"bundle_sold_individually_context":"","bundle_item_grouping":"","bundle_min_size":"","bundle_max_size":"","bundle_price":[],"bundled_items":[],"bundle_sell_ids":[],"exclude_global_add_ons":true,"addons":{"webcam-upgrades":{"name":"Extension Webcam","type":"multiple_choice","position":0,"required":false,"title_format":"heading","default":"","description_enable":false,"description":"","placeholder_enable":false,"placeholder":"","display":"radiobutton","restrictions_type":"any_text","adjust_price":false,"price":"","price_type":"quantity_based","restrictions":false,"min":"0","max":"0","options":[{"label":"Conceptronic AMDIS FullHD [AMP00085]","price":"29.0000","price_type":"quantity_based","image":0,"visibility":true}]},"ram-memory-upgrades":{"name":"Extension RAM","type":"multiple_choice","position":0,"required":false,"title_format":"heading","default":"","description_enable":false,"description":"","placeholder_enable":false,"placeholder":"","display":"radiobutton","restrictions_type":"any_text","adjust_price":false,"price":"","price_type":"quantity_based","restrictions":false,"min":"0","max":"0","options":[{"label":"Extension de 16 Gb de RAM SODIMM DDR3 [AMP00004]","price":"50.0000","price_type":"quantity_based","image":0,"visibility":true}]},"hdd-upgrades":{"name":"Extension disque dur","type":"multiple_choice","position":0,"required":false,"title_format":"heading","default":"","description_enable":false,"description":"","placeholder_enable":false,"placeholder":"","display":"radiobutton","restrictions_type":"any_text","adjust_price":false,"price":"","price_type":"quantity_based","restrictions":false,"min":"0","max":"0","options":[{"label":"Passez au disque SSD de 240 Gb. [AMP00013]","price":"35.0000","price_type":"quantity_based","image":0,"visibility":true},{"label":"Passez au disque SSD de 480 Gb. [AMP00014]","price":"59.0000","price_type":"quantity_based","image":0,"visibility":true},{"label":"Passez au disque SSD 1 Tb. [AMP00071]","price":"95.0000","price_type":"quantity_based","image":0,"visibility":true}]},"network-card-upgrades":{"name":"Extension WIFI","type":"multiple_choice","position":0,"required":false,"title_format":"heading","default":"","description_enable":false,"description":"","placeholder_enable":false,"placeholder":"","display":"radiobutton","restrictions_type":"any_text","adjust_price":false,"price":"","price_type":"quantity_based","restrictions":false,"min":"0","max":"0","options":[{"label":"Mise \u00e0 niveau nano USB sans fil [AMP00018]","price":"12.0000","price_type":"quantity_based","image":0,"visibility":true}]},"os-upgrades":{"name":"Expansion SO","type":"multiple_choice","position":0,"required":false,"title_format":"heading","default":"","description_enable":false,"description":"","placeholder_enable":false,"placeholder":"","display":"radiobutton","restrictions_type":"any_text","adjust_price":false,"price":"","price_type":"quantity_based","restrictions":false,"min":"0","max":"0","options":[{"label":"Changer la langue en fran\u00e7ais [AMP00125]","price":"0.0000","price_type":"quantity_based","image":0,"visibility":true},{"label":"Changer la langue en anglais [AMP00008]","price":"0.0000","price_type":"quantity_based","image":0,"visibility":true},{"label":"Changer la langue en portugais [AMP00009]","price":"0.0000","price_type":"quantity_based","image":0,"visibility":true}]},"keyboard-upgrades":{"name":"Extension clavier","type":"multiple_choice","position":0,"required":false,"title_format":"heading","default":"","description_enable":false,"description":"","placeholder_enable":false,"placeholder":"","display":"radiobutton","restrictions_type":"any_text","adjust_price":false,"price":"","price_type":"quantity_based","restrictions":false,"min":"0","max":"0","options":[{"label":"Clavier et souris [AMP00020]","price":"8.0000","price_type":"quantity_based","image":0,"visibility":true},{"label":"Clavier et souris Portuguese New [AMP00088]","price":"15.0000","price_type":"quantity_based","image":0,"visibility":true},{"label":"Clavier et souris USB espagnols (Nouveau) [AMP00068]","price":"12.0000","price_type":"quantity_based","image":0,"visibility":true}]}},"df_price":233,"df_sale_price":"","df_regular_price":233,"df_image_link":"https:\/\/digalco.com\/wp-content\/uploads\/images\/product\/14096\/ncr00020_01-300x225.jpg","_links":{"self":[{"href":"https:\/\/digalco.com\/fr\/wp-json\/wp\/v2\/product\/291577","targetHints":{"allow":["GET"]}}],"collection":[{"href":"https:\/\/digalco.com\/fr\/wp-json\/wp\/v2\/product"}],"about":[{"href":"https:\/\/digalco.com\/fr\/wp-json\/wp\/v2\/types\/product"}],"wp:featuredmedia":[{"embeddable":true,"href":"https:\/\/digalco.com\/fr\/wp-json\/wp\/v2\/media\/291527"}],"wp:attachment":[{"href":"https:\/\/digalco.com\/fr\/wp-json\/wp\/v2\/media?parent=291577"}],"wp:term":[{"taxonomy":"product_brand","embeddable":true,"href":"https:\/\/digalco.com\/fr\/wp-json\/wp\/v2\/product_brand?post=291577"},{"taxonomy":"product_cat","embeddable":true,"href":"https:\/\/digalco.com\/fr\/wp-json\/wp\/v2\/product_cat?post=291577"},{"taxonomy":"product_tag","embeddable":true,"href":"https:\/\/digalco.com\/fr\/wp-json\/wp\/v2\/product_tag?post=291577"}],"curies":[{"name":"wp","href":"https:\/\/api.w.org\/{rel}","templated":true}]}}