{"id":291774,"date":"2025-12-30T11:25:23","date_gmt":"2025-12-30T10:25:23","guid":{"rendered":"https:\/\/digalco.com\/tienda\/dell-latitude-d630-14-faute-core-2-duo-18ghz-2-gb-ram-80-gb-hdd-1280x800-fr-14444\/"},"modified":"2025-12-30T11:25:31","modified_gmt":"2025-12-30T10:25:31","slug":"dell-latitude-d630-14-faute-core-2-duo-18ghz-2-gb-ram-80-gb-hdd-1280x800-fr-14444","status":"publish","type":"product","link":"https:\/\/digalco.com\/fr\/produit\/dell-latitude-d630-14-faute-core-2-duo-18ghz-2-gb-ram-80-gb-hdd-1280x800-fr-14444\/","title":{"rendered":"Dell Latitude D630 14\u00a0\u00bb | Faute | Core 2 Duo 1.8GHz | 2 GB RAM | 80 GB HDD 1280&#215;800"},"content":{"rendered":"<p><strong>Processeur<\/strong><br \/>Intel Core 2 Duo T7100 1.8 GHz.<br \/><strong>M\u00e9moire RAM<\/strong><br \/>2 Gb. SO-DDR2 RAM<br \/><strong>Disque dur<\/strong><br \/>80 Gb. SATA<br \/><strong>Lecteur optique<\/strong><br \/>DVD-RW<br \/><strong>Cartes<\/strong><br \/>Graphique: INTEL MOBILE GM965\/GL960<br \/>Son: Realtek<br \/>R\u00e9seau: Ethernet 10\/100\/1000<br \/><strong>Syst\u00e8me op\u00e9ratif<\/strong><br \/>COA Ubuntu GNU\/Linux<br \/><strong>Ports<\/strong><br \/>S\u00e9rie<br \/>4x USB 2.0<br \/>Firewire<br \/><strong>\u00c9cran<\/strong><br \/>TFT 14 \u00a0\u00bb HD 16:9  \u00b7 R\u00e9solution 1280&#215;800<br \/><strong>Autres ports<\/strong><br \/>PCMCIA<br \/><strong>Ports vid\u00e9o<\/strong><br \/>VGA<br \/><strong>Connectivit\u00e9<\/strong><br \/>RJ-45<br \/>WIFI<br \/>Modem<br \/><strong>Notebook sp\u00e9cifique<\/strong><br \/>Langue du clavier International (autocollants espagnols)<br \/><strong>Autres<\/strong><br \/>hR emballage<br \/><strong>Dimensions<\/strong><br \/>33.7&#215;23.8&#215;3.2 cm.<br \/><strong>Poids<\/strong><br \/>3.00 Kg.<br \/><strong>Commentaires<\/strong><br \/><u>De tr\u00e8s l\u00e9gers points blancs apparaissent sur l&rsquo;\u00e9cran. Ils sont plus visibles sur fond blanc\u00a0; sur fond fonc\u00e9, ils sont \u00e0 peine perceptibles. Le reste des fonctionnalit\u00e9s de l&rsquo;ordinateur portable est op\u00e9rationnel. Voir \u00ab\u00a0+ Photos\u00a0\u00bb. Pour toute question, n&rsquo;h\u00e9sitez pas \u00e0 nous appeler ou \u00e0 utiliser notre chat pour obtenir plus d&rsquo;informations ou demander des pr\u00e9cisions.<\/u><\/p>\n","protected":false},"excerpt":{"rendered":"<p>Intel Core 2 Duo T7100 1.8 GHz. \u00b7 2 Gb. SO-DDR2 RAM \u00b7<u>Tr\u00e8s l\u00e9g\u00e8res taches blanches sur l&rsquo;\u00e9cran (voir dans \u00ab + Photos \u00bb)<\/u> [&#8230;]<\/p>\n<p><a class=\"btn btn-secondary understrap-read-more-link\" href=\"https:\/\/digalco.com\/fr\/produit\/dell-latitude-d630-14-faute-core-2-duo-18ghz-2-gb-ram-80-gb-hdd-1280x800-fr-14444\/\">Lire la suite\u2026<span class=\"screen-reader-text\"> from Dell Latitude D630 14\u00a0\u00bb | Faute | Core 2 Duo 1.8GHz | 2 GB RAM | 80 GB HDD 1280&#215;800<\/span><\/a><\/p>\n","protected":false},"featured_media":291744,"template":"","meta":[],"product_brand":[3852],"product_cat":[1549,1873,1517,1889],"product_tag":[],"class_list":{"0":"post-291774","1":"product","2":"type-product","3":"status-publish","4":"has-post-thumbnail","6":"product_brand-dell","7":"product_cat-notebooks-avec-des-defauts-fr","8":"product_cat-avec-des-defauts-fr","9":"product_cat-notebooks-fr","10":"product_cat-avec-des-defauts-notebooks-fr","12":"first","13":"instock","14":"sale","15":"taxable","16":"shipping-taxable","17":"purchasable","18":"product-type-simple"},"bundled_by":[],"bundle_stock_status":"instock","bundle_stock_quantity":1,"bundle_virtual":false,"bundle_layout":"","bundle_add_to_cart_form_location":"","bundle_editable_in_cart":false,"bundle_sold_individually_context":"","bundle_item_grouping":"","bundle_min_size":"","bundle_max_size":"","bundle_price":[],"bundled_items":[],"bundle_sell_ids":[],"exclude_global_add_ons":[],"addons":[],"df_price":176,"df_sale_price":176,"df_regular_price":270,"df_image_link":"https:\/\/digalco.com\/wp-content\/uploads\/images\/product\/14444\/dell00197tr01_01-300x225.jpg","_links":{"self":[{"href":"https:\/\/digalco.com\/fr\/wp-json\/wp\/v2\/product\/291774","targetHints":{"allow":["GET"]}}],"collection":[{"href":"https:\/\/digalco.com\/fr\/wp-json\/wp\/v2\/product"}],"about":[{"href":"https:\/\/digalco.com\/fr\/wp-json\/wp\/v2\/types\/product"}],"wp:featuredmedia":[{"embeddable":true,"href":"https:\/\/digalco.com\/fr\/wp-json\/wp\/v2\/media\/291744"}],"wp:attachment":[{"href":"https:\/\/digalco.com\/fr\/wp-json\/wp\/v2\/media?parent=291774"}],"wp:term":[{"taxonomy":"product_brand","embeddable":true,"href":"https:\/\/digalco.com\/fr\/wp-json\/wp\/v2\/product_brand?post=291774"},{"taxonomy":"product_cat","embeddable":true,"href":"https:\/\/digalco.com\/fr\/wp-json\/wp\/v2\/product_cat?post=291774"},{"taxonomy":"product_tag","embeddable":true,"href":"https:\/\/digalco.com\/fr\/wp-json\/wp\/v2\/product_tag?post=291774"}],"curies":[{"name":"wp","href":"https:\/\/api.w.org\/{rel}","templated":true}]}}