{"id":291897,"date":"2025-12-30T13:55:36","date_gmt":"2025-12-30T12:55:36","guid":{"rendered":"https:\/\/digalco.com\/tienda\/philips-244el2sb-24-led-169-reconditionne-1920x1080-fr-14170\/"},"modified":"2026-01-12T16:22:17","modified_gmt":"2026-01-12T15:22:17","slug":"philips-244el2sb-24-led-169-reconditionne-1920x1080-fr-14170","status":"publish","type":"product","link":"https:\/\/digalco.com\/fr\/produit\/philips-244el2sb-24-led-169-reconditionne-1920x1080-fr-14170\/","title":{"rendered":"Philips 244EL2SB 24\u00a0\u00bb Led 16:9 | Reconditionn\u00e9 | 1920&#215;1080"},"content":{"rendered":"<p><strong>\u00c9cran<\/strong><br \/>Led 24 \u00a0\u00bb FullHD avec Haut-parleurs \u00b7  16:9  \u00b7 R\u00e9solution 1920&#215;1080<br \/>Dot pitch 0.276 mm<br \/>R\u00e9ponse 5 ms<br \/>Contraste 1000:1<br \/>Luminosit\u00e9 250 cd\/m2<br \/><strong>Ports vid\u00e9o<\/strong><br \/>VGA<br \/>HDMI<br \/>DVI<br \/><strong>Affichage sp\u00e9cifique<\/strong><br \/>Stand VESA<br \/>Base<br \/><strong>Dimensions<\/strong><br \/>57&#215;43.6&#215;22.5 cm.<br \/><strong>Poids<\/strong><br \/>4.70 Kg.<br \/><strong>Sp\u00e9cifications suppl\u00e9mentaires<\/strong><br \/>Le Philips 244EL2SB est un moniteur LED de 24 pouces con\u00e7u pour offrir une exp\u00e9rience visuelle confortable et fonctionnelle au quotidien. Destin\u00e9 aux bureaux, postes de travail, espaces commerciaux ou environnements domestiques, il combine une bonne qualit\u00e9 d\u2019image avec des haut-parleurs int\u00e9gr\u00e9s, offrant une solution pratique et compl\u00e8te sans complications.<br \/>Son panneau Full HD de 24\u201d avec une r\u00e9solution de 1920&#215;1080 et un format 16:9 propose un affichage large et net, id\u00e9al pour travailler avec plusieurs applications simultan\u00e9ment ou profiter de contenus multim\u00e9dias. Le pas de pixel de 0,276 mm assure des textes clairs et une lecture confortable, tandis que le contraste de 1000:1 et la luminosit\u00e9 de 250 cd\/m\u00b2 garantissent une image \u00e9quilibr\u00e9e dans des conditions d\u2019\u00e9clairage normales. Avec un temps de r\u00e9ponse de 5 ms, les performances sont fluides pour un usage quotidien. La connectivit\u00e9 VGA, HDMI et DVI assure une compatibilit\u00e9 avec diff\u00e9rents \u00e9quipements, et les haut-parleurs int\u00e9gr\u00e9s ajoutent un confort suppl\u00e9mentaire pour les visioconf\u00e9rences ou la lecture audio. De plus, le c\u00e2ble d\u2019alimentation et le c\u00e2ble VGA sont inclus pour une installation rapide d\u00e8s le premier instant.<br \/>Le Philips 244EL2SB se distingue par sa polyvalence et son excellent rapport qualit\u00e9-prix, offrant une solution tout-en-un qui optimise l\u2019espace et simplifie le poste de travail. Un moniteur fiable et fonctionnel qui apporte productivit\u00e9, confort et une r\u00e9elle valeur ajout\u00e9e dans tout environnement n\u00e9cessitant un \u00e9cran complet et efficace.<br \/>Bon \u00e9tat ext\u00e9rieur. Peut pr\u00e9senter de l\u00e9g\u00e8res traces d&rsquo;utilisation sur le bo\u00eetier. Voir \u00ab + Photos \u00bb et, pour toute question, appelez-nous ou utilisez notre chat pour obtenir plus d&rsquo;informations ou demander des pr\u00e9cisions.<br \/><strong>Commentaires<\/strong><br \/><u>C\u00e2ble d&rsquo;alimentation et VGA inclus<\/u><\/p>\n","protected":false},"excerpt":{"rendered":"<p>Led 24 \u00a0\u00bb FullHD avec Haut-parleurs \u00b7 16:9 \u00b7 R\u00e9solution 1920&#215;1080 \u00b7 Dot pitch 0.276 mm \u00b7 R\u00e9ponse 5 ms \u00b7 Contraste 1000:1 \u00b7 Luminosit\u00e9 250 cd\/m2 \u00b7 VGA \u00b7 HDMI \u00b7 DVI \u00b7<br \/>\n<u>C\u00e2ble d&rsquo;alimentation et VGA inclus<br \/>\n<\/u> [&#8230;]<\/p>\n<p><a class=\"btn btn-secondary understrap-read-more-link\" href=\"https:\/\/digalco.com\/fr\/produit\/philips-244el2sb-24-led-169-reconditionne-1920x1080-fr-14170\/\">Lire la suite\u2026<span class=\"screen-reader-text\"> from Philips 244EL2SB 24\u00a0\u00bb Led 16:9 | Reconditionn\u00e9 | 1920&#215;1080<\/span><\/a><\/p>\n","protected":false},"featured_media":291882,"template":"","meta":[],"product_brand":[3866],"product_cat":[2390,1493],"product_tag":[],"class_list":{"0":"post-291897","1":"product","2":"type-product","3":"status-publish","4":"has-post-thumbnail","6":"product_brand-philips","7":"product_cat-moniteurs-24-fr","8":"product_cat-moniteurs-fr","10":"first","11":"instock","12":"taxable","13":"shipping-taxable","14":"purchasable","15":"product-type-simple"},"bundled_by":[],"bundle_stock_status":"instock","bundle_stock_quantity":7,"bundle_virtual":false,"bundle_layout":"","bundle_add_to_cart_form_location":"","bundle_editable_in_cart":false,"bundle_sold_individually_context":"","bundle_item_grouping":"","bundle_min_size":"","bundle_max_size":"","bundle_price":[],"bundled_items":[],"bundle_sell_ids":[],"exclude_global_add_ons":true,"addons":{"hdmi-upgrades":{"name":"Extension c\u00e2ble","type":"multiple_choice","position":0,"required":false,"title_format":"heading","default":"","description_enable":false,"description":"","placeholder_enable":false,"placeholder":"","display":"radiobutton","restrictions_type":"any_text","adjust_price":false,"price":"","price_type":"quantity_based","restrictions":false,"min":"0","max":"0","options":[{"label":"C\u00e2ble HDMI 2 mts. [AMP00104]","price":"6.0000","price_type":"quantity_based","image":0,"visibility":true},{"label":"C\u00e2ble DVI-D M\/M Dual Link 1,8 mts. [AMP00102]","price":"2.0000","price_type":"quantity_based","image":0,"visibility":true}]}},"df_price":94,"df_sale_price":"","df_regular_price":94,"df_image_link":"https:\/\/digalco.com\/wp-content\/uploads\/images\/product\/14170\/phil00052_01-300x225.jpg","_links":{"self":[{"href":"https:\/\/digalco.com\/fr\/wp-json\/wp\/v2\/product\/291897","targetHints":{"allow":["GET"]}}],"collection":[{"href":"https:\/\/digalco.com\/fr\/wp-json\/wp\/v2\/product"}],"about":[{"href":"https:\/\/digalco.com\/fr\/wp-json\/wp\/v2\/types\/product"}],"wp:featuredmedia":[{"embeddable":true,"href":"https:\/\/digalco.com\/fr\/wp-json\/wp\/v2\/media\/291882"}],"wp:attachment":[{"href":"https:\/\/digalco.com\/fr\/wp-json\/wp\/v2\/media?parent=291897"}],"wp:term":[{"taxonomy":"product_brand","embeddable":true,"href":"https:\/\/digalco.com\/fr\/wp-json\/wp\/v2\/product_brand?post=291897"},{"taxonomy":"product_cat","embeddable":true,"href":"https:\/\/digalco.com\/fr\/wp-json\/wp\/v2\/product_cat?post=291897"},{"taxonomy":"product_tag","embeddable":true,"href":"https:\/\/digalco.com\/fr\/wp-json\/wp\/v2\/product_tag?post=291897"}],"curies":[{"name":"wp","href":"https:\/\/api.w.org\/{rel}","templated":true}]}}