{"id":292423,"date":"2026-01-07T13:14:58","date_gmt":"2026-01-07T12:14:58","guid":{"rendered":"https:\/\/digalco.com\/tienda\/switch-cyberoam-cr-25wing-firewall-reconditionne-fr-14108\/"},"modified":"2026-01-07T13:15:05","modified_gmt":"2026-01-07T12:15:05","slug":"switch-cyberoam-cr-25wing-firewall-reconditionne-fr-14108","status":"publish","type":"product","link":"https:\/\/digalco.com\/fr\/produit\/switch-cyberoam-cr-25wing-firewall-reconditionne-fr-14108\/","title":{"rendered":"Switch Cyberoam CR 25wiNG Firewall | Reconditionn\u00e9"},"content":{"rendered":"<p><strong>G\u00e9n\u00e9rale imprimante<\/strong><br \/>Switch<br \/><strong>Ports r\u00e9seau<\/strong><br \/>4x Ethernet 1000 Mbps.<br \/><strong>Dimensions<\/strong><br \/>23.5x16x4.5 cm.<br \/><strong>Poids<\/strong><br \/>2.00 Kg.<br \/><strong>Sp\u00e9cifications suppl\u00e9mentaires<\/strong><br \/>Le CR25wiNG est une solution de s\u00e9curit\u00e9 compl\u00e8te tout-en-un, con\u00e7ue pour prot\u00e9ger les r\u00e9seaux d\u2019entreprise et professionnels avec une approche avanc\u00e9e, centralis\u00e9e et facile \u00e0 g\u00e9rer. Il ne s\u2019agit pas seulement d\u2019un pare-feu traditionnel, mais d\u2019un syst\u00e8me de s\u00e9curit\u00e9 p\u00e9rim\u00e9trique complet qui combine protection r\u00e9seau, contr\u00f4le des applications, s\u00e9curit\u00e9 web et connectivit\u00e9 sans fil dans un seul appareil, id\u00e9al pour les PME, bureaux distants et environnements d\u2019entreprise n\u00e9cessitant un haut niveau de protection sans complexit\u00e9 excessive.<br \/>En mati\u00e8re de s\u00e9curit\u00e9, le CR25wiNG int\u00e8gre un pare-feu avec inspection d\u2019\u00e9tat, permettant le filtrage par IP, port, application et utilisateur pour un contr\u00f4le pr\u00e9cis du trafic. Il comprend un syst\u00e8me de pr\u00e9vention des intrusions (IPS) pour la d\u00e9tection et la pr\u00e9vention actives des intrusions et attaques r\u00e9seau, ainsi qu\u2019un antivirus, anti-spyware et anti-spam au niveau de la passerelle, prot\u00e9geant le r\u00e9seau avant que les menaces n\u2019atteignent les appareils internes. Le filtrage web et de contenu permet d\u2019appliquer des politiques par cat\u00e9gories et URL, tandis que le contr\u00f4le des applications en couche 7 offre une visibilit\u00e9 totale sur l\u2019utilisation r\u00e9elle du r\u00e9seau. De plus, il int\u00e8gre une protection avanc\u00e9e des applications web (WAF) et un syst\u00e8me complet de gestion et de reporting, avec des journaux et rapports d\u00e9taill\u00e9s pour l\u2019audit et le contr\u00f4le.<br \/>En termes de connectivit\u00e9 et de performance, le CR25wiNG dispose de 4 ports Ethernet Gigabit configurables en LAN, WAN ou DMZ, s\u2019adaptant \u00e0 diff\u00e9rentes topologies r\u00e9seau. Il prend en charge les VLANs 802.1q et la cr\u00e9ation de multiples zones de s\u00e9curit\u00e9, facilitant la segmentation du r\u00e9seau et renfor\u00e7ant la protection. Le Wi-Fi int\u00e9gr\u00e9 est compatible avec les standards 802.11b\/g\/n sur 2,4 GHz et une partie du 5 GHz, avec la technologie 3\u00d73 MIMO, assurant une meilleure couverture et une vitesse sans fil plus \u00e9lev\u00e9e. Il permet de configurer jusqu\u2019\u00e0 8 SSID avec s\u00e9curit\u00e9 WPA\/WPA2, 802.1x et chiffrement AES\/TKIP, en faisant une solution flexible tant pour les utilisateurs internes que pour les r\u00e9seaux invit\u00e9s.<br \/>Dans l\u2019ensemble, le CR25wiNG est une solution de s\u00e9curit\u00e9 et de connectivit\u00e9 robuste, efficace et \u00e9volutive, con\u00e7ue pour les entreprises qui ont besoin de prot\u00e9ger leur r\u00e9seau, de contr\u00f4ler le trafic et de simplifier la gestion de la s\u00e9curit\u00e9 \u00e0 partir d\u2019un seul appareil fiable et professionnel.<br \/>Apparence ext\u00e9rieure soign\u00e9e. Si vous avez des questions, appelez-nous ou utilisez notre chat pour obtenir plus d\u2019informations ou demander davantage de d\u00e9tails.<br \/><strong>Commentaires<\/strong><br \/><u>UTM + Wi-Fi pour SOHO\/SMB &#8211; Stateful + identit\u00e9 (Couche 8) &#8211; Antivirus, IPS, contr\u00f4le web\/application, anti-spam &#8211; 4\u00d7 GbE, Wi-Fi 3\u00d73 MIMO<\/u><\/p>\n","protected":false},"excerpt":{"rendered":"<p>Switch \u00b7 4x Ethernet 1000 Mbps. \u00b7 <u>UTM + Wi-Fi pour SOHO\/SMB &#8211; Stateful + identit\u00e9 (Couche 8) &#8211; Antivirus, IPS, contr\u00f4le web\/application, anti-spam &#8211; 4\u00d7 GbE, Wi-Fi 3\u00d73 MIMO<\/u> [&#8230;]<\/p>\n<p><a class=\"btn btn-secondary understrap-read-more-link\" href=\"https:\/\/digalco.com\/fr\/produit\/switch-cyberoam-cr-25wing-firewall-reconditionne-fr-14108\/\">Lire la suite\u2026<span class=\"screen-reader-text\"> from Switch Cyberoam CR 25wiNG Firewall | Reconditionn\u00e9<\/span><\/a><\/p>\n","protected":false},"featured_media":292403,"template":"","meta":[],"product_brand":[3924],"product_cat":[3787,1665],"product_tag":[],"class_list":{"0":"post-292423","1":"product","2":"type-product","3":"status-publish","4":"has-post-thumbnail","6":"product_brand-cyberoam","7":"product_cat-networking-switches-fr","8":"product_cat-networking-fr","10":"first","11":"instock","12":"taxable","13":"shipping-taxable","14":"purchasable","15":"product-type-simple"},"bundled_by":[],"bundle_stock_status":"instock","bundle_stock_quantity":1,"bundle_virtual":false,"bundle_layout":"","bundle_add_to_cart_form_location":"","bundle_editable_in_cart":false,"bundle_sold_individually_context":"","bundle_item_grouping":"","bundle_min_size":"","bundle_max_size":"","bundle_price":[],"bundled_items":[],"bundle_sell_ids":[],"exclude_global_add_ons":[],"addons":[],"df_price":80,"df_sale_price":"","df_regular_price":80,"df_image_link":"https:\/\/digalco.com\/wp-content\/uploads\/images\/product\/14108\/cyb00001_01-300x225.jpg","_links":{"self":[{"href":"https:\/\/digalco.com\/fr\/wp-json\/wp\/v2\/product\/292423","targetHints":{"allow":["GET"]}}],"collection":[{"href":"https:\/\/digalco.com\/fr\/wp-json\/wp\/v2\/product"}],"about":[{"href":"https:\/\/digalco.com\/fr\/wp-json\/wp\/v2\/types\/product"}],"wp:featuredmedia":[{"embeddable":true,"href":"https:\/\/digalco.com\/fr\/wp-json\/wp\/v2\/media\/292403"}],"wp:attachment":[{"href":"https:\/\/digalco.com\/fr\/wp-json\/wp\/v2\/media?parent=292423"}],"wp:term":[{"taxonomy":"product_brand","embeddable":true,"href":"https:\/\/digalco.com\/fr\/wp-json\/wp\/v2\/product_brand?post=292423"},{"taxonomy":"product_cat","embeddable":true,"href":"https:\/\/digalco.com\/fr\/wp-json\/wp\/v2\/product_cat?post=292423"},{"taxonomy":"product_tag","embeddable":true,"href":"https:\/\/digalco.com\/fr\/wp-json\/wp\/v2\/product_tag?post=292423"}],"curies":[{"name":"wp","href":"https:\/\/api.w.org\/{rel}","templated":true}]}}