{"id":293088,"date":"2026-01-13T09:00:51","date_gmt":"2026-01-13T08:00:51","guid":{"rendered":"https:\/\/digalco.com\/tienda\/hp-elitedesk-800-g4-mini-impecable-mini-reconditionne-core-i7-24ghz-16-gb-ram-512-gb-ssd-m2-fr-14627\/"},"modified":"2026-03-04T09:05:39","modified_gmt":"2026-03-04T08:05:39","slug":"hp-elitedesk-800-g4-mini-impecable-mini-reconditionne-core-i7-24ghz-16-gb-ram-512-gb-ssd-m2-fr-14627","status":"publish","type":"product","link":"https:\/\/digalco.com\/fr\/produit\/hp-elitedesk-800-g4-mini-impecable-mini-reconditionne-core-i7-24ghz-16-gb-ram-512-gb-ssd-m2-fr-14627\/","title":{"rendered":"HP EliteDesk 800 G4-Impecable Mini | Reconditionn\u00e9 | Core i7 2.4GHz | 16 GB RAM | 512 GB SSD M2"},"content":{"rendered":"<p><strong>Processeur<\/strong><br \/>Intel Core i7 8700T 2.4 GHz.<br \/><strong>Facteur de forme<\/strong><br \/>Mini<br \/><strong>M\u00e9moire RAM<\/strong><br \/>16 Gb. SO-DDR4 RAM<br \/><strong>Disque dur<\/strong><br \/>512 Gb. SSD M2<br \/><strong>Cartes<\/strong><br \/>Graphique: Intel UHD Graphics 630<br \/>Son: Synaptics HD Audio<br \/>R\u00e9seau: Intel Ethernet Connection I219-LM<br \/><strong>Syst\u00e8me op\u00e9ratif<\/strong><br \/>Windows 11 Pro<br \/><strong>Ports<\/strong><br \/>6x USB 3.0<br \/>USB-C<br \/><strong>Ports vid\u00e9o<\/strong><br \/>2x Display Port<br \/><strong>Connectivit\u00e9<\/strong><br \/>RJ-45<br \/>WIFI<br \/>Bluetooth<br \/><strong>Autres<\/strong><br \/>hR emballage<br \/><strong>Dimensions<\/strong><br \/>18.5x18x4 cm.<br \/><strong>Poids<\/strong><br \/>1.20 Kg.<br \/><strong>Sp\u00e9cifications suppl\u00e9mentaires<\/strong><br \/>Le HP EliteDesk 800 G4 Mini est un ordinateur de bureau professionnel ultra-compact, con\u00e7u pour s\u2019adapter aux environnements de travail dynamiques o\u00f9 l\u2019espace, la connectivit\u00e9 et les performances sont essentiels. \u00c9quip\u00e9 du processeur Intel Core i7 8700T, il offre une puissance remarquable pour le multit\u00e2che avanc\u00e9, les applications professionnelles et les flux de travail exigeant agilit\u00e9 et stabilit\u00e9 constantes.<br \/>Ses 16 Go de m\u00e9moire DDR4 associ\u00e9s \u00e0 un SSD M.2 de 512 Go garantissent un fonctionnement rapide et fluide, avec des d\u00e9marrages quasi instantan\u00e9s et un acc\u00e8s imm\u00e9diat aux donn\u00e9es. Sous Windows 11 Pro, ce PC de bureau professionnel propose un environnement s\u00e9curis\u00e9, moderne et parfaitement adapt\u00e9 \u00e0 la gestion professionnelle et au travail collaboratif.<br \/>L\u2019int\u00e9gration du Wi-Fi offre une grande flexibilit\u00e9 d\u2019installation, permettant de positionner l\u2019appareil n\u2019importe o\u00f9 sans d\u00e9pendre d\u2019un c\u00e2blage r\u00e9seau, ce qui le rend id\u00e9al pour les bureaux modernes, les salles de r\u00e9union ou les postes de travail temporaires. Son format mini facilite l\u2019installation derri\u00e8re un \u00e9cran ou sous un bureau, tout en conservant un espace de travail propre et ordonn\u00e9.<br \/>Dot\u00e9 du TPM 2.0 pour une protection renforc\u00e9e des donn\u00e9es, d\u2019un fonctionnement silencieux et d\u2019une consommation \u00e9nerg\u00e9tique optimis\u00e9e, cet ordinateur fiable pour le bureau se distingue par sa stabilit\u00e9 et sa durabilit\u00e9. Le HP EliteDesk 800 G4 Mini est la solution id\u00e9ale pour ceux qui recherchent un ordinateur de bureau puissant, compact et connect\u00e9, alliant performances, s\u00e9curit\u00e9 et flexibilit\u00e9 au sein d\u2019un seul appareil.<br \/><b>Aspect ext\u00e9rieur impeccable<\/b>. Consultez \u00ab + Photos \u00bb et \u00ab Vid\u00e9o \u00bb et, si vous avez la moindre question, appelez-nous ou utilisez notre chat pour obtenir plus d\u2019informations ou demander davantage de d\u00e9tails.<br \/><strong>Commentaires<\/strong><br \/><u>Wi-Fi &#8211; 1xM.2 2280 pour le stockage<\/u><\/p>\n","protected":false},"excerpt":{"rendered":"<p>Intel Core i7 8700T 2.4 GHz. \u00b7 16 Gb. SO-DDR4 RAM \u00b7 512 Gb. SSD M2 \u00b7 <strong>Windows 11 Pro \u00b7<br \/>\nWi-Fi<\/strong> &#8211; <u>1xM.2 2280 pour le stockage<br \/>\n<\/u> [&#8230;]<\/p>\n<p><a class=\"btn btn-secondary understrap-read-more-link\" href=\"https:\/\/digalco.com\/fr\/produit\/hp-elitedesk-800-g4-mini-impecable-mini-reconditionne-core-i7-24ghz-16-gb-ram-512-gb-ssd-m2-fr-14627\/\">Lire la suite\u2026<span class=\"screen-reader-text\"> from HP EliteDesk 800 G4-Impecable Mini | Reconditionn\u00e9 | Core i7 2.4GHz | 16 GB RAM | 512 GB SSD M2<\/span><\/a><\/p>\n","protected":false},"featured_media":293053,"template":"","meta":[],"product_brand":[3854],"product_cat":[1481,1469],"product_tag":[],"class_list":{"0":"post-293088","1":"product","2":"type-product","3":"status-publish","4":"has-post-thumbnail","6":"product_brand-hp","7":"product_cat-ordinateurs-mini-fr","8":"product_cat-ordinateurs-fr","10":"first","11":"instock","12":"taxable","13":"shipping-taxable","14":"purchasable","15":"product-type-simple"},"bundled_by":[],"bundle_stock_status":"instock","bundle_stock_quantity":3,"bundle_virtual":false,"bundle_layout":"","bundle_add_to_cart_form_location":"","bundle_editable_in_cart":false,"bundle_sold_individually_context":"","bundle_item_grouping":"","bundle_min_size":"","bundle_max_size":"","bundle_price":[],"bundled_items":[],"bundle_sell_ids":[],"exclude_global_add_ons":true,"addons":{"webcam-upgrades":{"name":"Extension Webcam","type":"multiple_choice","position":0,"required":false,"title_format":"heading","default":"","description_enable":false,"description":"","placeholder_enable":false,"placeholder":"","display":"radiobutton","restrictions_type":"any_text","adjust_price":false,"price":"","price_type":"quantity_based","restrictions":false,"min":"0","max":"0","options":[{"label":"Conceptronic AMDIS FullHD [AMP00085]","price":"29.0000","price_type":"quantity_based","image":0,"visibility":true}]},"ram-memory-upgrades":{"name":"Extension RAM","type":"multiple_choice","position":0,"required":false,"title_format":"heading","default":"","description_enable":false,"description":"","placeholder_enable":false,"placeholder":"","display":"radiobutton","restrictions_type":"any_text","adjust_price":false,"price":"","price_type":"quantity_based","restrictions":false,"min":"0","max":"0","options":[{"label":"Extension de 32 Gb de RAM SODIMM [AMP00098]","price":"150.0000","price_type":"quantity_based","image":0,"visibility":true}]},"hdd-upgrades":{"name":"Extension disque dur","type":"multiple_choice","position":0,"required":false,"title_format":"heading","default":"","description_enable":false,"description":"","placeholder_enable":false,"placeholder":"","display":"radiobutton","restrictions_type":"any_text","adjust_price":false,"price":"","price_type":"quantity_based","restrictions":false,"min":"0","max":"0","options":[{"label":"Passez au disque SSD 1 Tb. M.2 2280 PCIe [AMP00107]","price":165,"price_type":"quantity_based","image":0,"visibility":true},{"label":"Passez au disque SSD 2 Tb. M.2 2280 PCIe [AMP00171]","price":260,"price_type":"quantity_based","image":0,"visibility":true},{"label":"SSD suppl\u00e9mentaire 500 Gb. M.2 2280 PCIe [AMP00108]","price":115,"price_type":"quantity_based","image":0,"visibility":true},{"label":"Disque SSD de 1 Tb. M.2 2280 PCIe suppl\u00e9mentaire [AMP00109]","price":170,"price_type":"quantity_based","image":0,"visibility":true},{"label":"Disque SSD de 2 Tb. M.2 2280 PCIe suppl\u00e9mentaire [AMP00176]","price":265,"price_type":"quantity_based","image":0,"visibility":true}]},"os-upgrades":{"name":"Expansion SO","type":"multiple_choice","position":0,"required":false,"title_format":"heading","default":"","description_enable":false,"description":"","placeholder_enable":false,"placeholder":"","display":"radiobutton","restrictions_type":"any_text","adjust_price":false,"price":"","price_type":"quantity_based","restrictions":false,"min":"0","max":"0","options":[{"label":"Changer la langue en fran\u00e7ais [AMP00125]","price":"0.0000","price_type":"quantity_based","image":0,"visibility":true},{"label":"Changer la langue en anglais [AMP00008]","price":"0.0000","price_type":"quantity_based","image":0,"visibility":true},{"label":"Changer la langue en portugais [AMP00009]","price":"0.0000","price_type":"quantity_based","image":0,"visibility":true}]},"keyboard-upgrades":{"name":"Extension clavier","type":"multiple_choice","position":0,"required":false,"title_format":"heading","default":"","description_enable":false,"description":"","placeholder_enable":false,"placeholder":"","display":"radiobutton","restrictions_type":"any_text","adjust_price":false,"price":"","price_type":"quantity_based","restrictions":false,"min":"0","max":"0","options":[{"label":"Clavier et souris [AMP00020]","price":"8.0000","price_type":"quantity_based","image":0,"visibility":true},{"label":"Clavier et souris Portuguese New [AMP00088]","price":"15.0000","price_type":"quantity_based","image":0,"visibility":true},{"label":"Clavier et souris USB espagnols (Nouveau) [AMP00068]","price":"12.0000","price_type":"quantity_based","image":0,"visibility":true}]}},"df_price":356,"df_sale_price":"","df_regular_price":356,"df_image_link":"https:\/\/digalco.com\/wp-content\/uploads\/images\/product\/14627\/hp03230_01-300x225.jpg","_links":{"self":[{"href":"https:\/\/digalco.com\/fr\/wp-json\/wp\/v2\/product\/293088","targetHints":{"allow":["GET"]}}],"collection":[{"href":"https:\/\/digalco.com\/fr\/wp-json\/wp\/v2\/product"}],"about":[{"href":"https:\/\/digalco.com\/fr\/wp-json\/wp\/v2\/types\/product"}],"wp:featuredmedia":[{"embeddable":true,"href":"https:\/\/digalco.com\/fr\/wp-json\/wp\/v2\/media\/293053"}],"wp:attachment":[{"href":"https:\/\/digalco.com\/fr\/wp-json\/wp\/v2\/media?parent=293088"}],"wp:term":[{"taxonomy":"product_brand","embeddable":true,"href":"https:\/\/digalco.com\/fr\/wp-json\/wp\/v2\/product_brand?post=293088"},{"taxonomy":"product_cat","embeddable":true,"href":"https:\/\/digalco.com\/fr\/wp-json\/wp\/v2\/product_cat?post=293088"},{"taxonomy":"product_tag","embeddable":true,"href":"https:\/\/digalco.com\/fr\/wp-json\/wp\/v2\/product_tag?post=293088"}],"curies":[{"name":"wp","href":"https:\/\/api.w.org\/{rel}","templated":true}]}}