{"id":294314,"date":"2026-01-19T16:59:48","date_gmt":"2026-01-19T15:59:48","guid":{"rendered":"https:\/\/digalco.com\/tienda\/dell-latitude-14-5414-rugged-14-reconditionne-core-i5-24ghz-16-gb-ram-256-gb-ssd-m2-1366x768-fr-14582\/"},"modified":"2026-03-04T09:18:09","modified_gmt":"2026-03-04T08:18:09","slug":"dell-latitude-14-5414-rugged-14-reconditionne-core-i5-24ghz-16-gb-ram-256-gb-ssd-m2-1366x768-fr-14582","status":"publish","type":"product","link":"https:\/\/digalco.com\/fr\/produit\/dell-latitude-14-5414-rugged-14-reconditionne-core-i5-24ghz-16-gb-ram-256-gb-ssd-m2-1366x768-fr-14582\/","title":{"rendered":"Dell Latitude 14 5414 Rugged 14\u00a0\u00bb | Reconditionn\u00e9 | Core i5 2.4GHz | 16 GB RAM | 256 GB SSD M2 1366&#215;768"},"content":{"rendered":"<p><strong>Processeur<\/strong><br \/>Intel Core i5 6300U 2.4 GHz.<br \/><strong>M\u00e9moire RAM<\/strong><br \/>16 Gb. SO-DDR4 RAM<br \/><strong>Disque dur<\/strong><br \/>256 Gb. SSD M2<br \/><strong>Lecteur optique<\/strong><br \/>DVD-RW<br \/><strong>Cartes<\/strong><br \/>Graphique: Intel Graphics 520<br \/>Son: Realtek High Definition Audio<br \/>R\u00e9seau: Intel Ethernet Connection I219-LM<br \/><strong>Syst\u00e8me op\u00e9ratif<\/strong><br \/>Windows 10 Pro<br \/><strong>Ports<\/strong><br \/>S\u00e9rie<br \/>USB 2.0<br \/>3x USB 3.0<br \/><strong>\u00c9cran<\/strong><br \/>Tactile 14 \u00a0\u00bb HD 16:9  \u00b7 R\u00e9solution 1366&#215;768<br \/><strong>Autres ports<\/strong><br \/>PCMCIA<br \/>Express Card<br \/><strong>Ports vid\u00e9o<\/strong><br \/>VGA<br \/>HDMI<br \/><strong>Multim\u00e9dias<\/strong><br \/>Webcam<br \/>Lecteur SD<br \/><strong>Connectivit\u00e9<\/strong><br \/>RJ-45<br \/>WIFI<br \/>Bluetooth<br \/><strong>Notebook sp\u00e9cifique<\/strong><br \/>Langue du clavier International (autocollants espagnols)<br \/><strong>Autres<\/strong><br \/>hR emballage<br \/><strong>Dimensions<\/strong><br \/>35x25x5.5 cm.<br \/><strong>Poids<\/strong><br \/>3.25 Kg.<br \/><strong>Sp\u00e9cifications suppl\u00e9mentaires<\/strong><br \/>Le Dell Latitude 14 5414 Rugged est un ordinateur portable professionnel durci con\u00e7u pour offrir fiabilit\u00e9 et continuit\u00e9 de travail dans des environnements o\u00f9 les \u00e9quipements conventionnels ne sont pas une option viable. Destin\u00e9 \u00e0 des secteurs tels que l\u2019industrie, la maintenance, la logistique, les services techniques, la s\u00e9curit\u00e9 ou le travail sur le terrain, il combine un format de 14 pouces avec une construction robuste pens\u00e9e pour supporter une utilisation intensive au quotidien. Son processeur Intel Core i5, associ\u00e9 \u00e0 16 Go de m\u00e9moire RAM et \u00e0 un stockage SSD, garantit des performances stables pour les applications professionnelles, tandis que Windows 10 Pro apporte compatibilit\u00e9 et s\u00e9curit\u00e9 dans les environnements \u043a\u043e\u0440\u043f\u043e\u0440\u0430\u0442\u0438\u0432s. L\u2019\u00e9cran HD de 14\u201d permet un travail confortable en mobilit\u00e9 et dans des environnements industriels int\u00e9rieurs, et des \u00e9l\u00e9ments tels que le lecteur DVD-RW, la webcam et le lecteur de cartes SD renforcent sa polyvalence en tant qu\u2019outil de travail fiable, r\u00e9sistant et pr\u00eat \u00e0 accompagner le professionnel partout o\u00f9 il en a besoin.<br \/><b>Caract\u00e9ristiques de durcissement<\/b><br \/><u>Ch\u00e2ssis renforc\u00e9 de conception industrielle<\/u> prot\u00e9geant les composants internes contre les chocs, les chutes accidentelles et les vibrations, garantissant un fonctionnement fiable dans des conditions de travail exigeantes.<br \/><u>Protection contre la poussi\u00e8re et les \u00e9claboussures<\/u> permettant l\u2019utilisation de l\u2019\u00e9quipement dans des ateliers, entrep\u00f4ts, environnements industriels ou en ext\u00e9rieur sans compromettre son fonctionnement.<br \/><u>\u00c9cran int\u00e9gr\u00e9 dans une structure robuste<\/u>, con\u00e7u pour supporter une utilisation intensive quotidienne et faciliter la visualisation dans des environnements professionnels o\u00f9 la durabilit\u00e9 est essentielle.<br \/><u>Conception ergonomique orient\u00e9e vers la mobilit\u00e9 professionnelle<\/u>, facilitant le transport fr\u00e9quent et l\u2019utilisation prolong\u00e9e lors de longues journ\u00e9es de travail sans perdre en confort ni en stabilit\u00e9.<br \/><u>Construction pens\u00e9e pour des environnements de travail r\u00e9els<\/u>, o\u00f9 la r\u00e9sistance physique de l\u2019\u00e9quipement est aussi importante que ses performances, r\u00e9duisant les temps d\u2019arr\u00eat et les co\u00fbts de maintenance.<br \/><b>Certifications de durcissement<\/b><br \/><u>MIL-STD-810G<\/u>, attestant que l\u2019ordinateur portable a \u00e9t\u00e9 soumis \u00e0 des tests de r\u00e9sistance aux chocs, vibrations, humidit\u00e9 et variations de temp\u00e9rature, garantissant des performances fiables dans des conditions d\u00e9favorables et des environnements <u>professionnels exigeants.<br \/>IP52<\/u>, offrant une protection contre la p\u00e9n\u00e9tration de quantit\u00e9s non nuisibles de poussi\u00e8re et contre les gouttes d\u2019eau en position verticale, id\u00e9al pour le travail en int\u00e9rieur industriel et les situations d\u2019utilisation r\u00e9elles o\u00f9 l\u2019\u00e9quipement peut \u00eatre expos\u00e9 \u00e0 des agents environnementaux mod\u00e9r\u00e9s.<br \/>Bon \u00e9tat ext\u00e9rieur. Consultez \u201c+ Photos\u201d et \u201cVid\u00e9o\u201d et, en cas de doute, appelez-nous ou utilisez notre chat pour obtenir plus d\u2019informations ou demander des d\u00e9tails suppl\u00e9mentaires.<\/p>\n","protected":false},"excerpt":{"rendered":"<p>Intel Core i5 6300U 2.4 GHz. \u00b7 16 Gb. SO-DDR4 RAM \u00b7 256 Gb. SSD M2 \u00b7 DVD-RW \u00b7 Windows 10 Pro \u00b7 Led 14 \u00a0\u00bb HD 16:9 \u00b7 Webcam \u00b7<u>Clavier international avec autocollants en fran\u00e7ais<\/u> [&#8230;]<\/p>\n<p><a class=\"btn btn-secondary understrap-read-more-link\" href=\"https:\/\/digalco.com\/fr\/produit\/dell-latitude-14-5414-rugged-14-reconditionne-core-i5-24ghz-16-gb-ram-256-gb-ssd-m2-1366x768-fr-14582\/\">Lire la suite\u2026<span class=\"screen-reader-text\"> from Dell Latitude 14 5414 Rugged 14\u00a0\u00bb | Reconditionn\u00e9 | Core i5 2.4GHz | 16 GB RAM | 256 GB SSD M2 1366&#215;768<\/span><\/a><\/p>\n","protected":false},"featured_media":294264,"template":"","meta":[],"product_brand":[3852],"product_cat":[1517,1593,3701,1545],"product_tag":[],"class_list":{"0":"post-294314","1":"product","2":"type-product","3":"status-publish","4":"has-post-thumbnail","6":"product_brand-dell","7":"product_cat-notebooks-fr","8":"product_cat-ruggerized-fr","9":"product_cat-ruggerized-notebooks-fr","10":"product_cat-notebooks-ruggerized-fr","12":"first","13":"outofstock","14":"taxable","15":"shipping-taxable","16":"purchasable","17":"product-type-simple"},"bundled_by":[],"bundle_stock_status":"outofstock","bundle_stock_quantity":0,"bundle_virtual":false,"bundle_layout":"","bundle_add_to_cart_form_location":"","bundle_editable_in_cart":false,"bundle_sold_individually_context":"","bundle_item_grouping":"","bundle_min_size":"","bundle_max_size":"","bundle_price":[],"bundled_items":[],"bundle_sell_ids":[],"exclude_global_add_ons":true,"addons":{"keyboard-iso-upgrades":{"name":"Choisir langue du clavier","type":"multiple_choice","position":0,"required":false,"title_format":"heading","default":"","description_enable":false,"description":"","placeholder_enable":false,"placeholder":"","display":"radiobutton","restrictions_type":"any_text","adjust_price":false,"price":"","price_type":"quantity_based","restrictions":false,"min":"0","max":"0","options":[{"label":"Autocollants espagnols [AMP00082]","price":"0.0000","price_type":"quantity_based","image":0,"visibility":true},{"label":"Autocollants fran\u00e7ais [AMP00084]","price":"0.0000","price_type":"quantity_based","image":0,"visibility":true},{"label":"Autocollants portugais [AMP00083]","price":"0.0000","price_type":"quantity_based","image":0,"visibility":true}]},"ram-memory-upgrades":{"name":"Extension RAM","type":"multiple_choice","position":0,"required":false,"title_format":"heading","default":"","description_enable":false,"description":"","placeholder_enable":false,"placeholder":"","display":"radiobutton","restrictions_type":"any_text","adjust_price":false,"price":"","price_type":"quantity_based","restrictions":false,"min":"0","max":"0","options":[{"label":"Extension de 32 Gb de RAM SODIMM [AMP00098]","price":"150.0000","price_type":"quantity_based","image":0,"visibility":true}]},"hdd-upgrades":{"name":"Extension disque dur","type":"multiple_choice","position":0,"required":false,"title_format":"heading","default":"","description_enable":false,"description":"","placeholder_enable":false,"placeholder":"","display":"radiobutton","restrictions_type":"any_text","adjust_price":false,"price":"","price_type":"quantity_based","restrictions":false,"min":"0","max":"0","options":[{"label":"Passez au disque SSD de 500 Gb. M.2 2280PCIe [AMP00106]","price":95,"price_type":"quantity_based","image":0,"visibility":true},{"label":"Passez au disque SSD 1 Tb. M.2 2280 PCIe [AMP00107]","price":145,"price_type":"quantity_based","image":0,"visibility":true},{"label":"Passez au disque SSD 2 Tb. M.2 2280 PCIe [AMP00171]","price":260,"price_type":"quantity_based","image":0,"visibility":true}]},"os-upgrades":{"name":"Expansion SO","type":"multiple_choice","position":0,"required":false,"title_format":"heading","default":"","description_enable":false,"description":"","placeholder_enable":false,"placeholder":"","display":"radiobutton","restrictions_type":"any_text","adjust_price":false,"price":"","price_type":"quantity_based","restrictions":false,"min":"0","max":"0","options":[{"label":"Changer la langue en fran\u00e7ais [AMP00125]","price":"0.0000","price_type":"quantity_based","image":0,"visibility":true},{"label":"Changer la langue en anglais [AMP00008]","price":"0.0000","price_type":"quantity_based","image":0,"visibility":true},{"label":"Changer la langue en portugais [AMP00009]","price":"0.0000","price_type":"quantity_based","image":0,"visibility":true}]},"briefcase-upgrades":{"name":"Porte-documents","type":"multiple_choice","position":0,"required":false,"title_format":"heading","default":"","description_enable":false,"description":"","placeholder_enable":false,"placeholder":"","display":"radiobutton","restrictions_type":"any_text","adjust_price":false,"price":"","price_type":"quantity_based","restrictions":false,"min":"0","max":"0","options":[{"label":"Mallette Notebook [AMP00041]","price":"5.0000","price_type":"quantity_based","image":0,"visibility":true}]}},"df_price":517,"df_sale_price":"","df_regular_price":517,"df_image_link":"https:\/\/digalco.com\/wp-content\/uploads\/images\/product\/14582\/dell01615_01-300x225.jpg","_links":{"self":[{"href":"https:\/\/digalco.com\/fr\/wp-json\/wp\/v2\/product\/294314","targetHints":{"allow":["GET"]}}],"collection":[{"href":"https:\/\/digalco.com\/fr\/wp-json\/wp\/v2\/product"}],"about":[{"href":"https:\/\/digalco.com\/fr\/wp-json\/wp\/v2\/types\/product"}],"wp:featuredmedia":[{"embeddable":true,"href":"https:\/\/digalco.com\/fr\/wp-json\/wp\/v2\/media\/294264"}],"wp:attachment":[{"href":"https:\/\/digalco.com\/fr\/wp-json\/wp\/v2\/media?parent=294314"}],"wp:term":[{"taxonomy":"product_brand","embeddable":true,"href":"https:\/\/digalco.com\/fr\/wp-json\/wp\/v2\/product_brand?post=294314"},{"taxonomy":"product_cat","embeddable":true,"href":"https:\/\/digalco.com\/fr\/wp-json\/wp\/v2\/product_cat?post=294314"},{"taxonomy":"product_tag","embeddable":true,"href":"https:\/\/digalco.com\/fr\/wp-json\/wp\/v2\/product_tag?post=294314"}],"curies":[{"name":"wp","href":"https:\/\/api.w.org\/{rel}","templated":true}]}}