{"id":294639,"date":"2026-01-20T17:41:01","date_gmt":"2026-01-20T16:41:01","guid":{"rendered":"https:\/\/digalco.com\/tienda\/dell-precision-5550-156-reconditionne-core-i7-27ghz-32-gb-ram-2048-gb-ssd-m2-1920x1200-fr-14377\/"},"modified":"2026-03-31T15:30:15","modified_gmt":"2026-03-31T13:30:15","slug":"dell-precision-5550-156-reconditionne-core-i7-27ghz-32-gb-ram-2048-gb-ssd-m2-1920x1200-fr-14377","status":"publish","type":"product","link":"https:\/\/digalco.com\/fr\/produit\/dell-precision-5550-156-reconditionne-core-i7-27ghz-32-gb-ram-2048-gb-ssd-m2-1920x1200-fr-14377\/","title":{"rendered":"Dell Precision 5550 15.6\u00a0\u00bb | Reconditionn\u00e9 | Core i7 2.7GHz | 32 GB RAM | 2048 GB SSD M2 1920&#215;1200"},"content":{"rendered":"<p><strong>Processeur<\/strong><br \/>Intel Core i7 10850H 2.7 GHz.<br \/><strong>M\u00e9moire RAM<\/strong><br \/>32 Gb. SO-DDR4 RAM<br \/><strong>Disque dur<\/strong><br \/>2.00 Tb. SSD M2<br \/><strong>Cartes<\/strong><br \/>Graphique: nVidia Quadro T2000 4Gb. GDDR5 \/ Intel UHD Graphics<br \/>Son: Realtek Audio<br \/><strong>Syst\u00e8me op\u00e9ratif<\/strong><br \/>Windows 11 Pro<br \/><strong>Ports<\/strong><br \/>2x Thunderbolt<br \/>USB-C<br \/><strong>\u00c9cran<\/strong><br \/>IPS 15.6 \u00a0\u00bb FullHD 16:9  \u00b7 R\u00e9solution 1920&#215;1200<br \/><strong>Multim\u00e9dias<\/strong><br \/>Webcam<br \/>Lecteur SD<br \/><strong>Connectivit\u00e9<\/strong><br \/>WIFI<br \/>Bluetooth<br \/><strong>Notebook sp\u00e9cifique<\/strong><br \/>Langue du clavier International (autocollants espagnols)<br \/><strong>Autres<\/strong><br \/>hR emballage<br \/><strong>Dimensions<\/strong><br \/>34x23x2 cm.<br \/><strong>Poids<\/strong><br \/>1.80 Kg.<br \/><strong>Sp\u00e9cifications suppl\u00e9mentaires<\/strong><br \/>Le Dell Precision 5550 est une station de travail mobile haut de gamme con\u00e7ue pour les professionnels n\u00e9cessitant puissance, fiabilit\u00e9 et capacit\u00e9 de stockage exceptionnelle dans un format \u00e9l\u00e9gant et compact. \u00c9quip\u00e9 du processeur Intel Core i7-10850H, il g\u00e8re sans effort des charges de travail exigeantes telles que la conception 3D, le montage vid\u00e9o professionnel, l\u2019ing\u00e9nierie, la simulation et les applications techniques avanc\u00e9es. Ses 32 Go de m\u00e9moire DDR4 et son SSD M.2 de 2 To offrent des performances ultra fluides, des d\u00e9marrages rapides et un espace de stockage ample pour les projets volumineux et les donn\u00e9es critiques.<br \/>L\u2019\u00e9cran IPS FullHD+ de 15,6 pouces (1920&#215;1200) au format 16:9 fournit des images nettes, des couleurs pr\u00e9cises et un espace de travail \u00e9tendu pour am\u00e9liorer la productivit\u00e9 dans tout environnement professionnel. La carte graphique professionnelle NVIDIA Quadro T2000 Max-Q avec 4 Go de GDDR5 assure la compatibilit\u00e9 certifi\u00e9e avec les logiciels professionnels, l\u2019acc\u00e9l\u00e9ration mat\u00e9rielle et la stabilit\u00e9 pour les t\u00e2ches graphiques avanc\u00e9es.<br \/>Avec TPM 2.0, lecteur de cartes SD et Windows 11 Pro, le Dell Precision 5550 garantit un environnement s\u00e9curis\u00e9 et moderne, pr\u00eat pour les flux de travail professionnels les plus exigeants. Il dispose \u00e9galement d\u2019un emplacement M.2 2280 suppl\u00e9mentaire pour une future extension de stockage. Robuste, \u00e9l\u00e9gant et con\u00e7u pour des projets intensifs, le Dell Precision 5550 est le choix ultime pour les professionnels recherchant une station de travail mobile performante, puissante et fiable.<br \/>Bon \u00e9tat ext\u00e9rieur. Pour toute question, appelez-nous ou utilisez notre chat pour obtenir plus d\u2019informations ou demander des d\u00e9tails suppl\u00e9mentaires.<br \/><strong>Commentaires<\/strong><br \/><u>nVidia Quadro T2000 MAx-Q 4 Go. GDDR5 &#8211; 1xM.2 2280 pour le stockage<\/u><\/p>\n","protected":false},"excerpt":{"rendered":"<p>Intel Core i7 10850H 2.7 GHz. \u00b7 32 Gb. SO-DDR4 RAM \u00b7 2.00 Tb. SSD M2 \u00b7 <strong>Windows 11 Pro<\/strong> \u00b7 IPS 15.6 \u00a0\u00bb FullHD 16:9 \u00b7 Webcam \u00b7<br \/>\n<strong>nVidia Quadro T2000 MAx-Q 4 GB. GDDR5<\/strong> &#8211; <u>1xM.2 2280 pour le stockage \u00b7Clavier international avec autocollants en fran\u00e7ais<\/u> [&#8230;]<\/p>\n<p><a class=\"btn btn-secondary understrap-read-more-link\" href=\"https:\/\/digalco.com\/fr\/produit\/dell-precision-5550-156-reconditionne-core-i7-27ghz-32-gb-ram-2048-gb-ssd-m2-1920x1200-fr-14377\/\">Lire la suite\u2026<span class=\"screen-reader-text\"> from Dell Precision 5550 15.6\u00a0\u00bb | Reconditionn\u00e9 | Core i7 2.7GHz | 32 GB RAM | 2048 GB SSD M2 1920&#215;1200<\/span><\/a><\/p>\n","protected":false},"featured_media":294609,"template":"","meta":[],"product_brand":[3852],"product_cat":[3137,1517,1525],"product_tag":[],"class_list":{"0":"post-294639","1":"product","2":"type-product","3":"status-publish","4":"has-post-thumbnail","6":"product_brand-dell","7":"product_cat-notebooks-15-16-fr","8":"product_cat-notebooks-fr","9":"product_cat-notebooks-workstations-fr","11":"first","12":"instock","13":"taxable","14":"shipping-taxable","15":"purchasable","16":"product-type-simple"},"bundled_by":[],"bundle_stock_status":"instock","bundle_stock_quantity":1,"bundle_virtual":false,"bundle_layout":"","bundle_add_to_cart_form_location":"","bundle_editable_in_cart":false,"bundle_sold_individually_context":"","bundle_item_grouping":"","bundle_min_size":"","bundle_max_size":"","bundle_price":[],"bundled_items":[],"bundle_sell_ids":[],"exclude_global_add_ons":true,"addons":{"keyboard-iso-upgrades":{"name":"Choisir langue du clavier","type":"multiple_choice","position":0,"required":false,"title_format":"heading","default":"","description_enable":false,"description":"","placeholder_enable":false,"placeholder":"","display":"radiobutton","restrictions_type":"any_text","adjust_price":false,"price":"","price_type":"quantity_based","restrictions":false,"min":"0","max":"0","options":[{"label":"Autocollants espagnols [AMP00082]","price":"0.0000","price_type":"quantity_based","image":0,"visibility":true},{"label":"Autocollants fran\u00e7ais [AMP00084]","price":"0.0000","price_type":"quantity_based","image":0,"visibility":true},{"label":"Autocollants portugais [AMP00083]","price":"0.0000","price_type":"quantity_based","image":0,"visibility":true}]},"ram-memory-upgrades":{"name":"Extension RAM","type":"multiple_choice","position":0,"required":false,"title_format":"heading","default":"","description_enable":false,"description":"","placeholder_enable":false,"placeholder":"","display":"radiobutton","restrictions_type":"any_text","adjust_price":false,"price":"","price_type":"quantity_based","restrictions":false,"min":"0","max":"0","options":[{"label":"Extension de 64 Gb de RAM DDR4 ECC [AMP00134]","price":"230.0000","price_type":"quantity_based","image":0,"visibility":true}]},"hdd-upgrades":{"name":"Extension disque dur","type":"multiple_choice","position":0,"required":false,"title_format":"heading","default":"","description_enable":false,"description":"","placeholder_enable":false,"placeholder":"","display":"radiobutton","restrictions_type":"any_text","adjust_price":false,"price":"","price_type":"quantity_based","restrictions":false,"min":"0","max":"0","options":[{"label":"SSD suppl\u00e9mentaire 500 Gb. M.2 2280 PCIe [AMP00108]","price":"115.0000","price_type":"quantity_based","image":0,"visibility":true},{"label":"Disque SSD de 1 Tb. M.2 2280 PCIe suppl\u00e9mentaire [AMP00109]","price":"170.0000","price_type":"quantity_based","image":0,"visibility":true},{"label":"Disque SSD de 2 Tb. M.2 2280 PCIe suppl\u00e9mentaire [AMP00176]","price":"265.0000","price_type":"quantity_based","image":0,"visibility":true}]},"os-upgrades":{"name":"Expansion SO","type":"multiple_choice","position":0,"required":false,"title_format":"heading","default":"","description_enable":false,"description":"","placeholder_enable":false,"placeholder":"","display":"radiobutton","restrictions_type":"any_text","adjust_price":false,"price":"","price_type":"quantity_based","restrictions":false,"min":"0","max":"0","options":[{"label":"Changer la langue en fran\u00e7ais [AMP00125]","price":"0.0000","price_type":"quantity_based","image":0,"visibility":true},{"label":"Changer la langue en anglais [AMP00008]","price":"0.0000","price_type":"quantity_based","image":0,"visibility":true},{"label":"Changer la langue en portugais [AMP00009]","price":"0.0000","price_type":"quantity_based","image":0,"visibility":true}]},"briefcase-upgrades":{"name":"Porte-documents","type":"multiple_choice","position":0,"required":false,"title_format":"heading","default":"","description_enable":false,"description":"","placeholder_enable":false,"placeholder":"","display":"radiobutton","restrictions_type":"any_text","adjust_price":false,"price":"","price_type":"quantity_based","restrictions":false,"min":"0","max":"0","options":[{"label":"Mallette Notebook [AMP00041]","price":"5.0000","price_type":"quantity_based","image":0,"visibility":true}]}},"df_price":786,"df_sale_price":"","df_regular_price":786,"df_image_link":"https:\/\/digalco.com\/wp-content\/uploads\/images\/product\/14377\/dell01560_01-300x225.jpg","_links":{"self":[{"href":"https:\/\/digalco.com\/fr\/wp-json\/wp\/v2\/product\/294639","targetHints":{"allow":["GET"]}}],"collection":[{"href":"https:\/\/digalco.com\/fr\/wp-json\/wp\/v2\/product"}],"about":[{"href":"https:\/\/digalco.com\/fr\/wp-json\/wp\/v2\/types\/product"}],"wp:featuredmedia":[{"embeddable":true,"href":"https:\/\/digalco.com\/fr\/wp-json\/wp\/v2\/media\/294609"}],"wp:attachment":[{"href":"https:\/\/digalco.com\/fr\/wp-json\/wp\/v2\/media?parent=294639"}],"wp:term":[{"taxonomy":"product_brand","embeddable":true,"href":"https:\/\/digalco.com\/fr\/wp-json\/wp\/v2\/product_brand?post=294639"},{"taxonomy":"product_cat","embeddable":true,"href":"https:\/\/digalco.com\/fr\/wp-json\/wp\/v2\/product_cat?post=294639"},{"taxonomy":"product_tag","embeddable":true,"href":"https:\/\/digalco.com\/fr\/wp-json\/wp\/v2\/product_tag?post=294639"}],"curies":[{"name":"wp","href":"https:\/\/api.w.org\/{rel}","templated":true}]}}