{"id":295293,"date":"2026-01-26T10:23:33","date_gmt":"2026-01-26T09:23:33","guid":{"rendered":"https:\/\/digalco.com\/tienda\/dell-latitude-7200-2-in-1-123-reconditionne-core-i5-16ghz-8-gb-ram-256-gb-ssd-m2-1920x1080-fr-14603-bundle\/"},"modified":"2026-01-26T10:23:42","modified_gmt":"2026-01-26T09:23:42","slug":"dell-latitude-7200-2-in-1-123-reconditionne-core-i5-16ghz-8-gb-ram-256-gb-ssd-m2-1920x1080-fr-14603-bundle","status":"publish","type":"product","link":"https:\/\/digalco.com\/fr\/produit\/dell-latitude-7200-2-in-1-123-reconditionne-core-i5-16ghz-8-gb-ram-256-gb-ssd-m2-1920x1080-fr-14603-bundle\/","title":{"rendered":"Dell Latitude 7200 2-in-1 12.3\u00a0\u00bb | Reconditionn\u00e9 | Core i5 1.6GHz | 8 GB RAM | 256 GB SSD M2 1920&#215;1080 (Bundle)"},"content":{"rendered":"<p><strong>Processeur<\/strong><br \/>Intel Core i5 8365U 1.6 GHz.<br \/><strong>M\u00e9moire RAM<\/strong><br \/>8 Gb. SO-DDR3 RAM<br \/><strong>Disque dur<\/strong><br \/>256 Gb. SSD M2<br \/><strong>Cartes<\/strong><br \/>Graphique: Intel UHD Graphics 620<br \/>Son: Realtek Audio<br \/>R\u00e9seau: &#8211;<br \/><strong>Syst\u00e8me op\u00e9ratif<\/strong><br \/>Windows 11 Pro<br \/><strong>Ports<\/strong><br \/>2x USB-C<br \/>USB 3.1<br \/><strong>\u00c9cran<\/strong><br \/>Tactile 12.3 \u00a0\u00bb FullHD 16:9  \u00b7 R\u00e9solution 1920&#215;1080<br \/><strong>Multim\u00e9dias<\/strong><br \/>Lecteur SD<br \/>Cam\u00e9ra arri\u00e8re<br \/>Cam\u00e9ra frontale<br \/><strong>Connectivit\u00e9<\/strong><br \/>WIFI<br \/>Bluetooth<br \/><strong>Autres<\/strong><br \/>hR emballage<br \/><strong>Dimensions<\/strong><br \/>29x21x1.5 cm.<br \/><strong>Poids<\/strong><br \/>1.18 Kg.<br \/><strong>Sp\u00e9cifications suppl\u00e9mentaires<\/strong><br \/>D\u00e9couvrez le Dell Latitude 7200 2-in-1, une tablette convertible con\u00e7ue pour les professionnels qui souhaitent combiner mobilit\u00e9, puissance et style dans un seul appareil. Parfaite pour ceux qui ont besoin de travailler n\u2019importe o\u00f9, prendre des notes, pr\u00e9senter des projets ou simplement naviguer efficacement, sans renoncer \u00e0 l\u2019exp\u00e9rience compl\u00e8te de Windows 11 Pro.<br \/>\u00c9quip\u00e9e d\u2019un processeur Intel Core i5 de 8e g\u00e9n\u00e9ration, de 8 Go de RAM SO-DDR3 et d\u2019un stockage SSD M.2 de 256 Go, cette tablette offre des performances fluides pour le multit\u00e2che, les applications professionnelles et les environnements de travail exigeants. Son \u00e9cran tactile FullHD de 12,3 pouces garantit des images nettes et des couleurs pr\u00e9cises au format 16:9, tandis que le clavier international offre un confort pour une frappe prolong\u00e9e. L\u2019inclusion du TPM 2.0 assure un niveau de s\u00e9curit\u00e9 suppl\u00e9mentaire pour vos donn\u00e9es.<br \/>Le Dell Latitude 7200 2-in-1 combine polyvalence, portabilit\u00e9 et s\u00e9curit\u00e9, devenant l\u2019outil id\u00e9al pour les professionnels modernes recherchant une productivit\u00e9 maximale en d\u00e9placement. Son design 2-en-1 permet de passer de la tablette \u00e0 l\u2019ordinateur portable selon les besoins, offrant une exp\u00e9rience utilisateur flexible, \u00e9l\u00e9gante et efficace qui renforce la cr\u00e9ativit\u00e9 et l\u2019efficacit\u00e9 quotidienne.<br \/>Bon \u00e9tat ext\u00e9rieur. Consultez \u201c+ Photos\u201d et \u00ab\u00a0Video\u00a0\u00bb et si vous avez des questions, appelez-nous ou utilisez notre chat pour obtenir plus d\u2019informations ou demander plus de d\u00e9tails.<\/p>\n","protected":false},"excerpt":{"rendered":"<p>Intel Core i5 8365U 1.6 GHz. [TPM 2.0] \u00b7 8 Gb. SO-DDR3 RAM \u00b7 256 Gb. SSD M2 \u00b7 <strong>Windows 11 Pro<\/strong> \u00b7 Tactile 12.3 \u00a0\u00bb FullHD 16:9 \u00b7<u>Clavier international avec autocollants en fran\u00e7ais<\/u> [&#8230;]<\/p>\n<p><a class=\"btn btn-secondary understrap-read-more-link\" href=\"https:\/\/digalco.com\/fr\/produit\/dell-latitude-7200-2-in-1-123-reconditionne-core-i5-16ghz-8-gb-ram-256-gb-ssd-m2-1920x1080-fr-14603-bundle\/\">Lire la suite\u2026<span class=\"screen-reader-text\"> from Dell Latitude 7200 2-in-1 12.3\u00a0\u00bb | Reconditionn\u00e9 | Core i5 1.6GHz | 8 GB RAM | 256 GB SSD M2 1920&#215;1080 (Bundle)<\/span><\/a><\/p>\n","protected":false},"featured_media":295135,"template":"","meta":[],"product_brand":[3852],"product_cat":[],"product_tag":[],"class_list":{"0":"post-295293","1":"product","2":"type-product","3":"status-publish","4":"has-post-thumbnail","6":"product_brand-dell","8":"first","9":"instock","10":"sale","11":"virtual","12":"taxable","13":"purchasable","14":"product-type-bundle"},"bundled_by":[],"bundle_stock_status":"instock","bundle_stock_quantity":4,"bundle_virtual":false,"bundle_layout":"default","bundle_add_to_cart_form_location":"default","bundle_editable_in_cart":false,"bundle_sold_individually_context":"product","bundle_item_grouping":"parent","bundle_min_size":1,"bundle_max_size":3,"bundle_price":{"price":{"min":{"incl_tax":"264","excl_tax":"264"},"max":{"incl_tax":"657","excl_tax":"657"}},"regular_price":{"min":{"incl_tax":"264","excl_tax":"264"},"max":{"incl_tax":"1050","excl_tax":"1050"}}},"bundled_items":[{"bundled_item_id":202,"product_id":295190,"menu_order":0,"quantity_min":1,"quantity_max":1,"quantity_default":1,"priced_individually":true,"shipped_individually":false,"override_title":false,"title":"Dell Latitude 7200 2-in-1 12.3&#8221; | Reconditionn\u00e9 | Core i5 1.6GHz | 8 GB RAM | 256 GB SSD M2 1920&#215;1080","override_description":false,"description":"Dell Latitude 7200 2-in-1 12.3&#8221; | Reconditionn\u00e9 | Core i5 1.6GHz | 8 GB RAM | 256 GB SSD M2 1920&#215;1080","optional":false,"hide_thumbnail":false,"discount":"","override_variations":false,"allowed_variations":[""],"override_default_variation_attributes":false,"default_variation_attributes":[],"single_product_visibility":"visible","cart_visibility":"hidden","order_visibility":"hidden","single_product_price_visibility":"visible","cart_price_visibility":"visible","order_price_visibility":"visible","stock_status":"in_stock"},{"bundled_item_id":203,"product_id":295095,"menu_order":1,"quantity_min":1,"quantity_max":1,"quantity_default":1,"priced_individually":true,"shipped_individually":false,"override_title":false,"title":"Dell U2414H 24&#8221; IPS 16:9 | Reconditionn\u00e9 | 1920&#215;1080","override_description":false,"description":"Dell U2414H 24&#8221; IPS 16:9 | Reconditionn\u00e9 | 1920&#215;1080","optional":true,"hide_thumbnail":false,"discount":"50","override_variations":false,"allowed_variations":[""],"override_default_variation_attributes":false,"default_variation_attributes":[],"single_product_visibility":"visible","cart_visibility":"visible","order_visibility":"visible","single_product_price_visibility":"visible","cart_price_visibility":"visible","order_price_visibility":"visible","stock_status":"in_stock"},{"bundled_item_id":204,"product_id":295049,"menu_order":2,"quantity_min":1,"quantity_max":1,"quantity_default":1,"priced_individually":true,"shipped_individually":false,"override_title":false,"title":"Dell Vostro 7590 15.6&#8221; | Reconditionn\u00e9 | Core i7 2.6GHz | 16 GB RAM | 512 GB SSD M2 1920&#215;1080","override_description":false,"description":"Dell Vostro 7590 15.6&#8221; | Reconditionn\u00e9 | Core i7 2.6GHz | 16 GB RAM | 512 GB SSD M2 1920&#215;1080","optional":true,"hide_thumbnail":false,"discount":"50","override_variations":false,"allowed_variations":[""],"override_default_variation_attributes":false,"default_variation_attributes":[],"single_product_visibility":"visible","cart_visibility":"visible","order_visibility":"visible","single_product_price_visibility":"visible","cart_price_visibility":"visible","order_price_visibility":"visible","stock_status":"in_stock"}],"bundle_sell_ids":[],"exclude_global_add_ons":[],"addons":[],"df_price":"","df_sale_price":"","df_regular_price":"","df_image_link":"https:\/\/digalco.com\/wp-content\/uploads\/images\/product\/14603\/dell01624_01-300x225.jpg","_links":{"self":[{"href":"https:\/\/digalco.com\/fr\/wp-json\/wp\/v2\/product\/295293","targetHints":{"allow":["GET"]}}],"collection":[{"href":"https:\/\/digalco.com\/fr\/wp-json\/wp\/v2\/product"}],"about":[{"href":"https:\/\/digalco.com\/fr\/wp-json\/wp\/v2\/types\/product"}],"wp:featuredmedia":[{"embeddable":true,"href":"https:\/\/digalco.com\/fr\/wp-json\/wp\/v2\/media\/295135"}],"wp:attachment":[{"href":"https:\/\/digalco.com\/fr\/wp-json\/wp\/v2\/media?parent=295293"}],"wp:term":[{"taxonomy":"product_brand","embeddable":true,"href":"https:\/\/digalco.com\/fr\/wp-json\/wp\/v2\/product_brand?post=295293"},{"taxonomy":"product_cat","embeddable":true,"href":"https:\/\/digalco.com\/fr\/wp-json\/wp\/v2\/product_cat?post=295293"},{"taxonomy":"product_tag","embeddable":true,"href":"https:\/\/digalco.com\/fr\/wp-json\/wp\/v2\/product_tag?post=295293"}],"curies":[{"name":"wp","href":"https:\/\/api.w.org\/{rel}","templated":true}]}}