{"id":295325,"date":"2026-01-26T12:27:58","date_gmt":"2026-01-26T11:27:58","guid":{"rendered":"https:\/\/digalco.com\/tienda\/dell-inspiron-14-7490-14-reconditionne-core-i7-18ghz-16-gb-ram-512-gb-ssd-m2-1920x1080-fr-14476-bundle\/"},"modified":"2026-01-26T12:28:08","modified_gmt":"2026-01-26T11:28:08","slug":"dell-inspiron-14-7490-14-reconditionne-core-i7-18ghz-16-gb-ram-512-gb-ssd-m2-1920x1080-fr-14476-bundle","status":"publish","type":"product","link":"https:\/\/digalco.com\/fr\/produit\/dell-inspiron-14-7490-14-reconditionne-core-i7-18ghz-16-gb-ram-512-gb-ssd-m2-1920x1080-fr-14476-bundle\/","title":{"rendered":"Dell Inspiron 14 7490 14\u00a0\u00bb | Reconditionn\u00e9 | Core i7 1.8GHz | 16 GB RAM | 512 GB SSD M2 1920&#215;1080 (Bundle)"},"content":{"rendered":"<p><strong>Processeur<\/strong><br \/>Intel Core i7 10510U 1.8 GHz.<br \/><strong>M\u00e9moire RAM<\/strong><br \/>16 Gb. SO-DDR3 RAM<br \/><strong>Disque dur<\/strong><br \/>512 Gb. SSD M2<br \/><strong>Cartes<\/strong><br \/>Graphique: nVidia GeForce MX250 2GB GDDR5nVidia GeForce MX250 2GB GDDR5<br \/>Son: Realtek ALC3204<br \/><strong>Syst\u00e8me op\u00e9ratif<\/strong><br \/>Windows 11 Home<br \/><strong>Ports<\/strong><br \/>USB-C<br \/>2x USB 3.1<br \/><strong>\u00c9cran<\/strong><br \/>IPS 14 \u00a0\u00bb FullHD 16:10  \u00b7 R\u00e9solution 1920&#215;1080<br \/><strong>Ports vid\u00e9o<\/strong><br \/>HDMI<br \/><strong>Multim\u00e9dias<\/strong><br \/>Webcam<br \/><strong>Connectivit\u00e9<\/strong><br \/>WIFI<br \/>Bluetooth<br \/><strong>Notebook sp\u00e9cifique<\/strong><br \/>Langue du clavier International (autocollants espagnols)<br \/><strong>Autres<\/strong><br \/>hR emballage<br \/><strong>Dimensions<\/strong><br \/>31x20x1.8 cm.<br \/><strong>Poids<\/strong><br \/>1.30 Kg.<br \/><strong>Sp\u00e9cifications suppl\u00e9mentaires<\/strong><br \/>Le Dell Inspiron 14 7490 combine puissance, portabilit\u00e9 et style dans un appareil con\u00e7u pour les professionnels et les utilisateurs exigeants qui ont besoin de performances sans compromis. \u00c9quip\u00e9 d\u2019un processeur Intel Core i7 10510U \u00e0 1,8 GHz et de 16 Go de RAM, il g\u00e8re facilement le multit\u00e2che avanc\u00e9, les applications de productivit\u00e9 intensive et les logiciels cr\u00e9atifs l\u00e9gers.<br \/>Son SSD M.2 de 512 Go assure des d\u00e9marrages ultra-rapides, des transferts de donn\u00e9es rapides et un espace suffisant pour les projets et fichiers importants. L\u2019\u00e9cran IPS FullHD 16:10 de 14\u201d offre des couleurs vives, un fort contraste et de larges angles de vision, parfait pour le travail de conception, l\u2019analyse de donn\u00e9es ou la consommation multim\u00e9dia de haute qualit\u00e9.<br \/>Il comprend une carte graphique nVidia GeForce MX250 avec 2 Go GDDR5, id\u00e9ale pour le montage vid\u00e9o basique, la retouche photo ou les jeux occasionnels, ajoutant de la polyvalence \u00e0 l\u2019appareil. Avec Windows 11 Home d\u00e9j\u00e0 install\u00e9, l\u2019appareil garantit la compatibilit\u00e9 avec les derni\u00e8res applications et une exp\u00e9rience moderne et fluide.<br \/>L\u2019Inspiron 14 7490 se distingue par son design compact et \u00e9l\u00e9gant, sa facilit\u00e9 de transport et sa connectivit\u00e9 compl\u00e8te, en faisant une option premium pour les professionnels en d\u00e9placement. C\u2019est le choix parfait pour ceux qui recherchent un ordinateur portable professionnel \u00e9quilibr\u00e9, capable d\u2019offrir des performances fiables, productivit\u00e9 et style dans un seul appareil.<br \/>Bon \u00e9tat ext\u00e9rieur. Peut pr\u00e9senter de l\u00e9g\u00e8res marques d\u2019utilisation sur le bo\u00eetier. Si vous avez des questions, appelez-nous ou utilisez notre chat pour obtenir plus d\u2019informations ou demander plus de d\u00e9tails.<br \/><strong>Commentaires<\/strong><br \/><u>nVidia GeForce MX250 2 Go GDDR5<\/u><\/p>\n","protected":false},"excerpt":{"rendered":"<p>Intel Core i7 10510U 1.8 GHz. \u00b7 16 Gb. SO-DDR3 RAM \u00b7 512 Gb. SSD M2 \u00b7 <strong>Windows 11 Home<\/strong> \u00b7 IPS 14 \u00a0\u00bb FullHD 16:10 \u00b7 Webcam \u00b7<br \/>\n<strong>nVidia GeForce MX250 2 GB GDDR5 <\/strong>\u00b7<u>Clavier international avec autocollants en fran\u00e7ais<\/u> [&#8230;]<\/p>\n<p><a class=\"btn btn-secondary understrap-read-more-link\" href=\"https:\/\/digalco.com\/fr\/produit\/dell-inspiron-14-7490-14-reconditionne-core-i7-18ghz-16-gb-ram-512-gb-ssd-m2-1920x1080-fr-14476-bundle\/\">Lire la suite\u2026<span class=\"screen-reader-text\"> from Dell Inspiron 14 7490 14\u00a0\u00bb | Reconditionn\u00e9 | Core i7 1.8GHz | 16 GB RAM | 512 GB SSD M2 1920&#215;1080 (Bundle)<\/span><\/a><\/p>\n","protected":false},"featured_media":295214,"template":"","meta":[],"product_brand":[3852],"product_cat":[],"product_tag":[],"class_list":{"0":"post-295325","1":"product","2":"type-product","3":"status-publish","4":"has-post-thumbnail","6":"product_brand-dell","8":"first","9":"instock","10":"sale","11":"virtual","12":"taxable","13":"purchasable","14":"product-type-bundle"},"bundled_by":[],"bundle_stock_status":"instock","bundle_stock_quantity":2,"bundle_virtual":false,"bundle_layout":"default","bundle_add_to_cart_form_location":"default","bundle_editable_in_cart":false,"bundle_sold_individually_context":"product","bundle_item_grouping":"parent","bundle_min_size":1,"bundle_max_size":2,"bundle_price":{"price":{"min":{"incl_tax":"488","excl_tax":"488"},"max":{"incl_tax":"674.5","excl_tax":"674.5"}},"regular_price":{"min":{"incl_tax":"488","excl_tax":"488"},"max":{"incl_tax":"861","excl_tax":"861"}}},"bundled_items":[{"bundled_item_id":334,"product_id":295244,"menu_order":0,"quantity_min":1,"quantity_max":1,"quantity_default":1,"priced_individually":true,"shipped_individually":false,"override_title":false,"title":"Dell Inspiron 14 7490 14&#8221; | Reconditionn\u00e9 | Core i7 1.8GHz | 16 GB RAM | 512 GB SSD M2 1920&#215;1080","override_description":false,"description":"Dell Inspiron 14 7490 14&#8221; | Reconditionn\u00e9 | Core i7 1.8GHz | 16 GB RAM | 512 GB SSD M2 1920&#215;1080","optional":false,"hide_thumbnail":false,"discount":"","override_variations":false,"allowed_variations":[""],"override_default_variation_attributes":false,"default_variation_attributes":[],"single_product_visibility":"visible","cart_visibility":"visible","order_visibility":"visible","single_product_price_visibility":"visible","cart_price_visibility":"visible","order_price_visibility":"visible","stock_status":"in_stock"},{"bundled_item_id":335,"product_id":294823,"menu_order":1,"quantity_min":1,"quantity_max":1,"quantity_default":1,"priced_individually":true,"shipped_individually":false,"override_title":false,"title":"Lenovo ThinkCentre M70S SFF | Reconditionn\u00e9 | Core i5 2.9GHz | 16 GB RAM | 512 GB SSD M2","override_description":false,"description":"Lenovo ThinkCentre M70S SFF | Reconditionn\u00e9 | Core i5 2.9GHz | 16 GB RAM | 512 GB SSD M2","optional":true,"hide_thumbnail":false,"discount":"50","override_variations":false,"allowed_variations":[""],"override_default_variation_attributes":false,"default_variation_attributes":[],"single_product_visibility":"visible","cart_visibility":"visible","order_visibility":"visible","single_product_price_visibility":"visible","cart_price_visibility":"visible","order_price_visibility":"visible","stock_status":"in_stock"}],"bundle_sell_ids":[],"exclude_global_add_ons":[],"addons":[],"df_price":"","df_sale_price":"","df_regular_price":"","df_image_link":"https:\/\/digalco.com\/wp-content\/uploads\/images\/product\/14476\/dell01587_01-300x225.jpg","_links":{"self":[{"href":"https:\/\/digalco.com\/fr\/wp-json\/wp\/v2\/product\/295325","targetHints":{"allow":["GET"]}}],"collection":[{"href":"https:\/\/digalco.com\/fr\/wp-json\/wp\/v2\/product"}],"about":[{"href":"https:\/\/digalco.com\/fr\/wp-json\/wp\/v2\/types\/product"}],"wp:featuredmedia":[{"embeddable":true,"href":"https:\/\/digalco.com\/fr\/wp-json\/wp\/v2\/media\/295214"}],"wp:attachment":[{"href":"https:\/\/digalco.com\/fr\/wp-json\/wp\/v2\/media?parent=295325"}],"wp:term":[{"taxonomy":"product_brand","embeddable":true,"href":"https:\/\/digalco.com\/fr\/wp-json\/wp\/v2\/product_brand?post=295325"},{"taxonomy":"product_cat","embeddable":true,"href":"https:\/\/digalco.com\/fr\/wp-json\/wp\/v2\/product_cat?post=295325"},{"taxonomy":"product_tag","embeddable":true,"href":"https:\/\/digalco.com\/fr\/wp-json\/wp\/v2\/product_tag?post=295325"}],"curies":[{"name":"wp","href":"https:\/\/api.w.org\/{rel}","templated":true}]}}