{"id":295488,"date":"2026-01-27T11:29:03","date_gmt":"2026-01-27T10:29:03","guid":{"rendered":"https:\/\/digalco.com\/tienda\/lenovo-thinkpad-l380-133-faute-core-i5-17ghz-16-gb-ram-256-gb-ssd-m2-1920x1080-fr-14594\/"},"modified":"2026-04-13T09:21:02","modified_gmt":"2026-04-13T07:21:02","slug":"lenovo-thinkpad-l380-133-faute-core-i5-17ghz-16-gb-ram-256-gb-ssd-m2-1920x1080-fr-14594","status":"publish","type":"product","link":"https:\/\/digalco.com\/fr\/produit\/lenovo-thinkpad-l380-133-faute-core-i5-17ghz-16-gb-ram-256-gb-ssd-m2-1920x1080-fr-14594\/","title":{"rendered":"Lenovo ThinkPad L380 13.3\u00a0\u00bb | Faute | Core i5 1.7GHz | 16 GB RAM | 256 GB SSD M2 1920&#215;1080"},"content":{"rendered":"<p><strong>Processeur<\/strong><br \/>Intel Core i5 8350U 1.7 GHz.<br \/><strong>M\u00e9moire RAM<\/strong><br \/>16 Gb. SO-DDR4 RAM<br \/><strong>Disque dur<\/strong><br \/>256 Gb. SSD M2<br \/><strong>Cartes<\/strong><br \/>Graphique: Intel UHD Graphics 620<br \/>Son: Realtek High Definition Audio<br \/><strong>Syst\u00e8me op\u00e9ratif<\/strong><br \/>Windows 11 Pro<br \/><strong>Ports<\/strong><br \/>2x USB-C<br \/>2x USB 3.1<br \/><strong>\u00c9cran<\/strong><br \/>Led 13.3 \u00a0\u00bb FullHD 16:9  \u00b7 R\u00e9solution 1920&#215;1080<br \/><strong>Ports vid\u00e9o<\/strong><br \/>HDMI<br \/><strong>Multim\u00e9dias<\/strong><br \/>Webcam<br \/><strong>Connectivit\u00e9<\/strong><br \/>WIFI<br \/>Bluetooth<br \/><strong>Notebook sp\u00e9cifique<\/strong><br \/>Langue du clavier Espagnol<br \/><strong>Autres<\/strong><br \/>hR emballage<br \/><strong>Dimensions<\/strong><br \/>32x22x2 cm.<br \/><strong>Poids<\/strong><br \/>1.46 Kg.<br \/><strong>Commentaires<\/strong><br \/><u>Pr\u00e9sence de fines fissures sur le bo\u00eetier, au-dessus du clavier, pr\u00e8s des charni\u00e8res. Ces fissures n&rsquo;affectent en rien le fonctionnement des charni\u00e8res et sont purement esth\u00e9tiques. L&rsquo;ordinateur portable fonctionne parfaitement. Une excellente opportunit\u00e9\u00a0! Voir les photos ci-dessous. Pour toute question, n&rsquo;h\u00e9sitez pas \u00e0 nous appeler ou \u00e0 utiliser notre chat pour obtenir plus d&rsquo;informations.<\/u><\/p>\n","protected":false},"excerpt":{"rendered":"<p>Intel Core i5 8350U 1.7 GHz. \u00b7 16 Gb. SO-DDR4 RAM \u00b7<u>Petites fissures dans le bo\u00eetier (voir \u00ab + Photos \u00bb)<\/u> [&#8230;]<\/p>\n<p><a class=\"btn btn-secondary understrap-read-more-link\" href=\"https:\/\/digalco.com\/fr\/produit\/lenovo-thinkpad-l380-133-faute-core-i5-17ghz-16-gb-ram-256-gb-ssd-m2-1920x1080-fr-14594\/\">Lire la suite\u2026<span class=\"screen-reader-text\"> from Lenovo ThinkPad L380 13.3\u00a0\u00bb | Faute | Core i5 1.7GHz | 16 GB RAM | 256 GB SSD M2 1920&#215;1080<\/span><\/a><\/p>\n","protected":false},"featured_media":295458,"template":"","meta":[],"product_brand":[3856],"product_cat":[1549,1873,1889,1517],"product_tag":[],"class_list":{"0":"post-295488","1":"product","2":"type-product","3":"status-publish","4":"has-post-thumbnail","6":"product_brand-lenovo","7":"product_cat-notebooks-avec-des-defauts-fr","8":"product_cat-avec-des-defauts-fr","9":"product_cat-avec-des-defauts-notebooks-fr","10":"product_cat-notebooks-fr","12":"first","13":"instock","14":"taxable","15":"shipping-taxable","16":"purchasable","17":"product-type-simple"},"bundled_by":[],"bundle_stock_status":"instock","bundle_stock_quantity":1,"bundle_virtual":false,"bundle_layout":"","bundle_add_to_cart_form_location":"","bundle_editable_in_cart":false,"bundle_sold_individually_context":"","bundle_item_grouping":"","bundle_min_size":"","bundle_max_size":"","bundle_price":[],"bundled_items":[],"bundle_sell_ids":[],"exclude_global_add_ons":true,"addons":{"keyboard-iso-upgrades":{"name":"Choisir langue du clavier","type":"multiple_choice","position":0,"required":false,"title_format":"heading","default":"","description_enable":false,"description":"","placeholder_enable":false,"placeholder":"","display":"radiobutton","restrictions_type":"any_text","adjust_price":false,"price":"","price_type":"quantity_based","restrictions":false,"min":"0","max":"0","options":[{"label":"Autocollants fran\u00e7ais [AMP00084]","price":"0.0000","price_type":"quantity_based","image":0,"visibility":true},{"label":"Autocollants portugais [AMP00083]","price":"0.0000","price_type":"quantity_based","image":0,"visibility":true}]},"ram-memory-upgrades":{"name":"Extension RAM","type":"multiple_choice","position":0,"required":false,"title_format":"heading","default":"","description_enable":false,"description":"","placeholder_enable":false,"placeholder":"","display":"radiobutton","restrictions_type":"any_text","adjust_price":false,"price":"","price_type":"quantity_based","restrictions":false,"min":"0","max":"0","options":[{"label":"Extension de 32 Gb de RAM SODIMM [AMP00098]","price":"150.0000","price_type":"quantity_based","image":0,"visibility":true}]},"hdd-upgrades":{"name":"Extension disque dur","type":"multiple_choice","position":0,"required":false,"title_format":"heading","default":"","description_enable":false,"description":"","placeholder_enable":false,"placeholder":"","display":"radiobutton","restrictions_type":"any_text","adjust_price":false,"price":"","price_type":"quantity_based","restrictions":false,"min":"0","max":"0","options":[{"label":"Passez au disque SSD de 500 Gb. M.2 2280PCIe [AMP00106]","price":"110.0000","price_type":"quantity_based","image":0,"visibility":true},{"label":"Passez au disque SSD 1 Tb. M.2 2280 PCIe [AMP00107]","price":"165.0000","price_type":"quantity_based","image":0,"visibility":true},{"label":"Passez au disque SSD 2 Tb. M.2 2280 PCIe [AMP00171]","price":"260.0000","price_type":"quantity_based","image":0,"visibility":true}]},"os-upgrades":{"name":"Expansion SO","type":"multiple_choice","position":0,"required":false,"title_format":"heading","default":"","description_enable":false,"description":"","placeholder_enable":false,"placeholder":"","display":"radiobutton","restrictions_type":"any_text","adjust_price":false,"price":"","price_type":"quantity_based","restrictions":false,"min":"0","max":"0","options":[{"label":"Changer la langue en fran\u00e7ais [AMP00125]","price":"0.0000","price_type":"quantity_based","image":0,"visibility":true},{"label":"Changer la langue en anglais [AMP00008]","price":"0.0000","price_type":"quantity_based","image":0,"visibility":true},{"label":"Changer la langue en portugais [AMP00009]","price":"0.0000","price_type":"quantity_based","image":0,"visibility":true}]},"briefcase-upgrades":{"name":"Porte-documents","type":"multiple_choice","position":0,"required":false,"title_format":"heading","default":"","description_enable":false,"description":"","placeholder_enable":false,"placeholder":"","display":"radiobutton","restrictions_type":"any_text","adjust_price":false,"price":"","price_type":"quantity_based","restrictions":false,"min":"0","max":"0","options":[{"label":"Mallette Notebook [AMP00041]","price":"5.0000","price_type":"quantity_based","image":0,"visibility":true}]}},"df_price":210,"df_sale_price":"","df_regular_price":210,"df_image_link":"https:\/\/digalco.com\/wp-content\/uploads\/images\/product\/14594\/leno01028tr01_01-300x225.jpg","_links":{"self":[{"href":"https:\/\/digalco.com\/fr\/wp-json\/wp\/v2\/product\/295488","targetHints":{"allow":["GET"]}}],"collection":[{"href":"https:\/\/digalco.com\/fr\/wp-json\/wp\/v2\/product"}],"about":[{"href":"https:\/\/digalco.com\/fr\/wp-json\/wp\/v2\/types\/product"}],"wp:featuredmedia":[{"embeddable":true,"href":"https:\/\/digalco.com\/fr\/wp-json\/wp\/v2\/media\/295458"}],"wp:attachment":[{"href":"https:\/\/digalco.com\/fr\/wp-json\/wp\/v2\/media?parent=295488"}],"wp:term":[{"taxonomy":"product_brand","embeddable":true,"href":"https:\/\/digalco.com\/fr\/wp-json\/wp\/v2\/product_brand?post=295488"},{"taxonomy":"product_cat","embeddable":true,"href":"https:\/\/digalco.com\/fr\/wp-json\/wp\/v2\/product_cat?post=295488"},{"taxonomy":"product_tag","embeddable":true,"href":"https:\/\/digalco.com\/fr\/wp-json\/wp\/v2\/product_tag?post=295488"}],"curies":[{"name":"wp","href":"https:\/\/api.w.org\/{rel}","templated":true}]}}