{"id":296170,"date":"2026-01-29T11:48:37","date_gmt":"2026-01-29T10:48:37","guid":{"rendered":"https:\/\/digalco.com\/tienda\/dell-poweredge-r410-barebone-rack-reconditionne-xeon-quad-core-253ghz-8-gb-ram-sin-disco-fr-14003\/"},"modified":"2026-01-29T11:48:43","modified_gmt":"2026-01-29T10:48:43","slug":"dell-poweredge-r410-barebone-rack-reconditionne-xeon-quad-core-253ghz-8-gb-ram-sin-disco-fr-14003","status":"publish","type":"product","link":"https:\/\/digalco.com\/fr\/produit\/dell-poweredge-r410-barebone-rack-reconditionne-xeon-quad-core-253ghz-8-gb-ram-sin-disco-fr-14003\/","title":{"rendered":"Dell PowerEdge R410-Barebone Rack | Reconditionn\u00e9 | Xeon Quad Core 2.53GHz | 8 GB RAM | &#8211; Sin disco &#8211;"},"content":{"rendered":"<p><strong>Processeur<\/strong><br \/>2x Intel Xeon Quad Core E5540 2.53 GHz.<br \/><strong>Facteur de forme<\/strong><br \/>Rack (1U)<br \/><strong>M\u00e9moire RAM<\/strong><br \/>8 Gb. DDR3 ECC RAM<br \/>8 emplacements (6 vide )<br \/><strong>Disque dur<\/strong><br \/>&#8211; Sin disco &#8211; 3.5\u00a0\u00bb<br \/>4 emplacements<br \/><strong>Lecteur optique<\/strong><br \/>DVD<br \/><strong>Cartes<\/strong><br \/>Graphique: MATROX G200EW<br \/>R\u00e9seau: broadcom BCM5716<br \/><strong>Syst\u00e8me op\u00e9ratif<\/strong><br \/>COA Windows Server 2008 mis \u00e0 jour vers &#8211; Sans SO &#8211;<br \/><strong>Ports<\/strong><br \/>S\u00e9rie<br \/>4x USB 2.0<br \/><strong>Connectivit\u00e9<\/strong><br \/>2x RJ-45<br \/><strong>Source de courant<\/strong><br \/>2x Alimentations (Hotplug)<br \/><strong>Autres<\/strong><br \/>hR emballage<br \/><strong>Dimensions<\/strong><br \/>xx cm.<br \/><strong>Poids<\/strong><br \/>15.00 Kg.<br \/><strong>Sp\u00e9cifications suppl\u00e9mentaires<\/strong><br \/>Le Dell PowerEdge R410-Barebone est synonyme de flexibilit\u00e9 et d\u2019efficacit\u00e9, id\u00e9al pour les distributeurs informatiques \u00e0 la recherche d\u2019une plateforme fiable et pr\u00eate pour l\u2019expansion dans des environnements professionnels \u00e0 rythme \u00e9lev\u00e9. Son double processeur Intel Xeon Quad Core E5540 \u00e0 2,53 GHz et ses 8 Go de m\u00e9moire RAM DDR3 ECC garantissent des performances stables dans les t\u00e2ches intensives, de la virtualisation l\u00e9g\u00e8re aux serveurs de fichiers partag\u00e9s.Con\u00e7u pour \u00e9voluer au rythme de vos projets, ce serveur int\u00e8gre 4 baies pour disques 3.5\u201d, facilitant la personnalisation du stockage et l\u2019int\u00e9gration de futures extensions sans complications. Gr\u00e2ce au puissant contr\u00f4leur RAID PERC 6i et au slot PCIe X16, l\u2019ajout de protection des donn\u00e9es ou de cartes suppl\u00e9mentaires est rapide et simple, ce qui r\u00e9duit les temps de maintenance et am\u00e9liore l\u2019adaptabilit\u00e9 pour tous types de solutions IT.Son format compact 1U permet d\u2019optimiser l\u2019espace en rack, tandis que le design barebone facilite une int\u00e9gration sur mesure pour chaque client final, en ajustant le mat\u00e9riel aux besoins exacts de chaque d\u00e9ploiement, des PME aux infrastructures plus robustes. La pr\u00e9sence d\u2019un lecteur DVD apporte des avantages pour les installations physiques ou les mises \u00e0 jour rapides.Le PowerEdge R410-Barebone est un choix s\u00fbr pour le canal, apportant de la marge et des solutions polyvalentes avec un excellent rapport qualit\u00e9-prix.Bon aspect ext\u00e9rieur. Si vous avez des questions, appelez-nous ou utilisez notre chat pour obtenir plus d\u2019informations ou demander plus de d\u00e9tails.<br \/><strong>Commentaires<\/strong><br \/><u>Perc 6i Raid Controller &#8211; 1xPCIe X16<\/u><\/p>\n","protected":false},"excerpt":{"rendered":"<p>2x Intel Xeon Quad Core E5540 2.53 GHz. \u00b7 8 Gb. DDR3 ECC RAM \u00b7 8 emplacements (6 vide ) &#8211; 3.5\u00a0\u00bb \u00b7 4 emplacements \u00b7 DVD \u00b7<br \/>\n<strong>Perc 6i Raid Controller<\/strong> &#8211; <u>1xPCIe X16<br \/>\n<\/u> [&#8230;]<\/p>\n<p><a class=\"btn btn-secondary understrap-read-more-link\" href=\"https:\/\/digalco.com\/fr\/produit\/dell-poweredge-r410-barebone-rack-reconditionne-xeon-quad-core-253ghz-8-gb-ram-sin-disco-fr-14003\/\">Lire la suite\u2026<span class=\"screen-reader-text\"> from Dell PowerEdge R410-Barebone Rack | Reconditionn\u00e9 | Xeon Quad Core 2.53GHz | 8 GB RAM | &#8211; Sin disco &#8211;<\/span><\/a><\/p>\n","protected":false},"featured_media":296165,"template":"","meta":[],"product_brand":[3852],"product_cat":[3745,1641,1633],"product_tag":[],"class_list":{"0":"post-296170","1":"product","2":"type-product","3":"status-publish","4":"has-post-thumbnail","6":"product_brand-dell","7":"product_cat-barebone-fr","8":"product_cat-serveurs-rack-fr","9":"product_cat-serveurs-fr","11":"first","12":"instock","13":"taxable","14":"shipping-taxable","15":"purchasable","16":"product-type-simple"},"bundled_by":["296663"],"bundle_stock_status":"instock","bundle_stock_quantity":1,"bundle_virtual":false,"bundle_layout":"","bundle_add_to_cart_form_location":"","bundle_editable_in_cart":false,"bundle_sold_individually_context":"","bundle_item_grouping":"","bundle_min_size":"","bundle_max_size":"","bundle_price":[],"bundled_items":[],"bundle_sell_ids":[],"exclude_global_add_ons":true,"addons":{"hdd-upgrades":{"name":"Extension disque dur","type":"multiple_choice","position":0,"required":false,"title_format":"heading","default":"","description_enable":false,"description":"","placeholder_enable":false,"placeholder":"","display":"radiobutton","restrictions_type":"any_text","adjust_price":false,"price":"","price_type":"quantity_based","restrictions":false,"min":"0","max":"0","options":[{"label":"2x disque SSD 240 Gb. [AMP00058]","price":"100.0000","price_type":"quantity_based","image":0,"visibility":true},{"label":"2x disque SSD 480 Gb. [AMP00059]","price":"200.0000","price_type":"quantity_based","image":0,"visibility":true}]}},"df_price":144,"df_sale_price":"","df_regular_price":144,"df_image_link":"https:\/\/digalco.com\/wp-content\/uploads\/images\/product\/14003\/dell01503_01-300x225.jpg","_links":{"self":[{"href":"https:\/\/digalco.com\/fr\/wp-json\/wp\/v2\/product\/296170","targetHints":{"allow":["GET"]}}],"collection":[{"href":"https:\/\/digalco.com\/fr\/wp-json\/wp\/v2\/product"}],"about":[{"href":"https:\/\/digalco.com\/fr\/wp-json\/wp\/v2\/types\/product"}],"wp:featuredmedia":[{"embeddable":true,"href":"https:\/\/digalco.com\/fr\/wp-json\/wp\/v2\/media\/296165"}],"wp:attachment":[{"href":"https:\/\/digalco.com\/fr\/wp-json\/wp\/v2\/media?parent=296170"}],"wp:term":[{"taxonomy":"product_brand","embeddable":true,"href":"https:\/\/digalco.com\/fr\/wp-json\/wp\/v2\/product_brand?post=296170"},{"taxonomy":"product_cat","embeddable":true,"href":"https:\/\/digalco.com\/fr\/wp-json\/wp\/v2\/product_cat?post=296170"},{"taxonomy":"product_tag","embeddable":true,"href":"https:\/\/digalco.com\/fr\/wp-json\/wp\/v2\/product_tag?post=296170"}],"curies":[{"name":"wp","href":"https:\/\/api.w.org\/{rel}","templated":true}]}}