{"id":296829,"date":"2026-02-02T11:08:45","date_gmt":"2026-02-02T10:08:45","guid":{"rendered":"https:\/\/digalco.com\/tienda\/scanner-brother-ads-1700w-reconditionne-fr-13824\/"},"modified":"2026-04-12T10:03:32","modified_gmt":"2026-04-12T08:03:32","slug":"scanner-brother-ads-1700w-reconditionne-fr-13824","status":"publish","type":"product","link":"https:\/\/digalco.com\/fr\/produit\/scanner-brother-ads-1700w-reconditionne-fr-13824\/","title":{"rendered":"Scanner Brother ADS-1700W-Impecable | Reconditionn\u00e9"},"content":{"rendered":"<p><strong>Capteur d&rsquo;image<\/strong><br \/>CCD couleur<strong><\/strong><br \/><strong>Affichage<\/strong><br \/>\u00c9cran tactile couleur 2,8&Prime;<strong><\/strong><br \/><strong>Vitesse de num\u00e9risation<\/strong><br \/><strong><\/strong>Couleur : Jusqu&rsquo;\u00e0 25 ppm<strong><\/strong><br \/><strong>R\u00e9solution<\/strong><br \/>Jusqu&rsquo;\u00e0 1 200 ppp<strong><\/strong><br \/><strong>Connectivit\u00e9<\/strong><br \/>USB 3.0 &#8211; Wi-Fi<strong><\/strong><br \/><strong>Gestion du papier<\/strong><br \/>Chargeur automatique de documents de 20 feuilles<strong><\/strong><br \/><strong>Zone de num\u00e9risation<\/strong><br \/><strong><\/strong>Chargeur automatique de documents (ADF) : A4 max.<strong><\/strong><br \/><strong>Sp\u00e9cifications suppl\u00e9mentaires<\/strong><br \/><strong><\/strong>Le Brother ADS-1700W est un scanner documentaire con\u00e7u pour les environnements o\u00f9 une num\u00e9risation rapide et fiable est essentielle au quotidien. Destin\u00e9 aux bureaux modernes, aux cabinets professionnels et aux entreprises qui g\u00e8rent des documents de mani\u00e8re continue, il combine facilit\u00e9 d\u2019utilisation, connectivit\u00e9 sans fil et format compact, s\u2019int\u00e9grant parfaitement \u00e0 tout poste de travail sans renoncer \u00e0 des performances de niveau professionnel. Ce scanner documentaire couleur int\u00e8gre un capteur CCD de haute qualit\u00e9 garantissant une reproduction fid\u00e8le et nette de chaque document, avec des r\u00e9solutions allant jusqu\u2019\u00e0 1200 dpi. Sa vitesse de num\u00e9risation pouvant atteindre 25 pages par minute et la num\u00e9risation recto verso automatique permettent de traiter de grands volumes en moins de temps, optimisant ainsi les flux de travail. Le chargeur automatique de documents de 20 feuilles facilite la gestion des documents multipages, tandis que la connectivit\u00e9 USB 3.0 et WiFi offre une flexibilit\u00e9 maximale pour une int\u00e9gration simple dans tout environnement informatique, filaire ou sans fil. Le Brother ADS-1700W ne se contente pas de num\u00e9riser, il transforme la mani\u00e8re de travailler avec la documentation. Il r\u00e9duit les d\u00e9lais, \u00e9limine les t\u00e2ches manuelles r\u00e9p\u00e9titives et am\u00e9liore l\u2019organisation num\u00e9rique avec des r\u00e9sultats professionnels d\u00e8s la premi\u00e8re utilisation. Une solution compacte, efficace et robuste qui apporte une productivit\u00e9 r\u00e9elle, simplifie la gestion documentaire et constitue un investissement intelligent pour toute entreprise qui valorise l\u2019efficacit\u00e9, la qualit\u00e9 et le confort dans ses processus de num\u00e9risation.<strong>Aspect ext\u00e9rieur impeccable<\/strong>. Si vous avez des questions, appelez-nous ou utilisez notre chat pour obtenir plus d\u2019informations ou demander plus de d\u00e9tails.<\/p>\n","protected":false},"excerpt":{"rendered":"<p>Scanner de documents couleur &#8211; CCD couleur \u2013 Jusqu&rsquo;\u00e0 25 ppm \u2013 Jusqu&rsquo;\u00e0 1200 dpi \u2013USB 3.0 \/ <strong>WiFi<\/strong> \u2013 Num\u00e9risation recto verso int\u00e9gr\u00e9e \u2013 Chargeur automatique de documents de 20 feuilles. [&#8230;]<\/p>\n<p><a class=\"btn btn-secondary understrap-read-more-link\" href=\"https:\/\/digalco.com\/fr\/produit\/scanner-brother-ads-1700w-reconditionne-fr-13824\/\">Lire la suite\u2026<span class=\"screen-reader-text\"> from Scanner Brother ADS-1700W-Impecable | Reconditionn\u00e9<\/span><\/a><\/p>\n","protected":false},"featured_media":296814,"template":"","meta":[],"product_brand":[3855],"product_cat":[1725],"product_tag":[],"class_list":{"0":"post-296829","1":"product","2":"type-product","3":"status-publish","4":"has-post-thumbnail","6":"product_brand-brother","7":"product_cat-scanners-fr","9":"first","10":"instock","11":"taxable","12":"shipping-taxable","13":"purchasable","14":"product-type-simple"},"bundled_by":[],"bundle_stock_status":"instock","bundle_stock_quantity":5,"bundle_virtual":false,"bundle_layout":"","bundle_add_to_cart_form_location":"","bundle_editable_in_cart":false,"bundle_sold_individually_context":"","bundle_item_grouping":"","bundle_min_size":"","bundle_max_size":"","bundle_price":[],"bundled_items":[],"bundle_sell_ids":[],"exclude_global_add_ons":[],"addons":[],"df_price":145,"df_sale_price":"","df_regular_price":145,"df_image_link":"https:\/\/digalco.com\/wp-content\/uploads\/images\/product\/13824\/brot00041_01-300x225.jpg","_links":{"self":[{"href":"https:\/\/digalco.com\/fr\/wp-json\/wp\/v2\/product\/296829","targetHints":{"allow":["GET"]}}],"collection":[{"href":"https:\/\/digalco.com\/fr\/wp-json\/wp\/v2\/product"}],"about":[{"href":"https:\/\/digalco.com\/fr\/wp-json\/wp\/v2\/types\/product"}],"wp:featuredmedia":[{"embeddable":true,"href":"https:\/\/digalco.com\/fr\/wp-json\/wp\/v2\/media\/296814"}],"wp:attachment":[{"href":"https:\/\/digalco.com\/fr\/wp-json\/wp\/v2\/media?parent=296829"}],"wp:term":[{"taxonomy":"product_brand","embeddable":true,"href":"https:\/\/digalco.com\/fr\/wp-json\/wp\/v2\/product_brand?post=296829"},{"taxonomy":"product_cat","embeddable":true,"href":"https:\/\/digalco.com\/fr\/wp-json\/wp\/v2\/product_cat?post=296829"},{"taxonomy":"product_tag","embeddable":true,"href":"https:\/\/digalco.com\/fr\/wp-json\/wp\/v2\/product_tag?post=296829"}],"curies":[{"name":"wp","href":"https:\/\/api.w.org\/{rel}","templated":true}]}}