{"id":296915,"date":"2026-02-03T09:53:27","date_gmt":"2026-02-03T08:53:27","guid":{"rendered":"https:\/\/digalco.com\/tienda\/hp-proliant-dl360-g9-4-lff-1u-rack-reconditionne-xeon-octa-core-26ghz-96-gb-ram-300-gb-sas-fr-14005\/"},"modified":"2026-04-14T11:54:18","modified_gmt":"2026-04-14T09:54:18","slug":"hp-proliant-dl360-g9-4-lff-1u-rack-reconditionne-xeon-octa-core-26ghz-96-gb-ram-300-gb-sas-fr-14005","status":"publish","type":"product","link":"https:\/\/digalco.com\/fr\/produit\/hp-proliant-dl360-g9-4-lff-1u-rack-reconditionne-xeon-octa-core-26ghz-96-gb-ram-300-gb-sas-fr-14005\/","title":{"rendered":"HP ProLiant DL360 G9 4-LFF 1U Rack | Reconditionn\u00e9 | Xeon Octa Core 2.6GHz | 96 GB RAM | 300 GB SAS"},"content":{"rendered":"<p><strong>Processeur<\/strong><br \/>2x Intel Xeon Octa Core E5-2640 V3 2.6 GHz.<br \/><strong>Facteur de forme<\/strong><br \/>Rack (1U)<br \/><strong>M\u00e9moire RAM<\/strong><br \/>96 Gb. DDR4 ECC RAM<br \/>24 emplacements (16 vide )<br \/><strong>Disque dur<\/strong><br \/>2x 300 Gb. SAS 2.5\u00a0\u00bb 10000rpm<br \/>6x 600 Gb. SAS 2.5\u00a0\u00bb 10000rpm<br \/>8 emplacements (0 vide )<br \/><strong>Cartes<\/strong><br \/>Graphique: Matrox G200eH2<br \/>Son: HD Audio<br \/>R\u00e9seau: Ethernet Gigabit<br \/><strong>Syst\u00e8me op\u00e9ratif<\/strong><br \/>&#8211; Sans SO &#8211;<br \/><strong>Ports<\/strong><br \/>S\u00e9rie<br \/>3x USB 3.0<br \/><strong>Connectivit\u00e9<\/strong><br \/>4x RJ-45<br \/><strong>Source de courant<\/strong><br \/>2x Alimentations (Hotplug)<br \/><strong>Dimensions<\/strong><br \/>43.46x75x4.32 cm.<br \/><strong>Poids<\/strong><br \/>13.77 Kg.<br \/><strong>Sp\u00e9cifications suppl\u00e9mentaires<\/strong><br \/>Le HP ProLiant DL360 G9 au format rack 1U est une solution con\u00e7ue pour les infrastructures informatiques recherchant des performances \u00e9lev\u00e9es, une fiabilit\u00e9 continue et une gestion avanc\u00e9e du stockage dans un espace r\u00e9duit. Son double processeur Intel Xeon E5-2640 v3 \u00e0 8 c\u0153urs offre une puissance de calcul id\u00e9ale pour la virtualisation, les serveurs d\u2019applications, les environnements ERP et les services d\u2019entreprise critiques.Les 96 Go de m\u00e9moire DDR4 ECC garantissent la stabilit\u00e9 et la protection des donn\u00e9es m\u00eame sous des charges intensives, apportant une tranquillit\u00e9 d\u2019esprit dans les environnements o\u00f9 la disponibilit\u00e9 est essentielle. Le sous-syst\u00e8me de stockage SAS \u00e0 10 000 tr\/min, avec une combinaison \u00e9quilibr\u00e9e de disques de 300 Go et 600 Go, offre vitesse, redondance et capacit\u00e9, r\u00e9pondant aux besoins de performance comme de s\u00e9curit\u00e9.L\u2019int\u00e9gration du contr\u00f4leur RAID HP Smart Array P440ar avec 2 Go de cache \u00e9l\u00e8ve le niveau de protection et de performance du stockage, permettant des configurations avanc\u00e9es orient\u00e9es vers la continuit\u00e9 de service. Son ch\u00e2ssis pouvant accueillir jusqu\u2019\u00e0 24 baies et ses larges options d\u2019extension PCIe en font un serveur pr\u00eat \u00e0 \u00e9voluer avec l\u2019infrastructure.Un serveur robuste, efficace et \u00e9prouv\u00e9, con\u00e7u pour fonctionner 24\/7 et r\u00e9pondre avec fiabilit\u00e9 aux besoins des environnements professionnels les plus exigeants.Bon aspect ext\u00e9rieur. Si vous avez des questions, appelez-nous ou utilisez notre chat pour obtenir plus d\u2019informations ou demander plus de d\u00e9tails.<br \/><strong>Commentaires<\/strong><br \/><u>P440ar 2GB. RAID Controller &#8211; 1xPCIe X16 \/ 1xPCIe X8<\/u><\/p>\n","protected":false},"excerpt":{"rendered":"<p>2x Intel Xeon Octa Core E5-2640 V3 2.6 GHz. \u00b7 96 Gb. DDR4 ECC RAM \u00b7 2x 300 Gb. SAS 2.5\u00a0\u00bb \u00b7 6x 600 Gb. SAS 2.5\u00a0\u00bb \u00b7<br \/>\n<strong>P440ar 2GB. RAID Controller<\/strong> &#8211; <u>1xPCIe X16 \/ 1xPCIe X8<br \/>\n<\/u> [&#8230;]<\/p>\n<p><a class=\"btn btn-secondary understrap-read-more-link\" href=\"https:\/\/digalco.com\/fr\/produit\/hp-proliant-dl360-g9-4-lff-1u-rack-reconditionne-xeon-octa-core-26ghz-96-gb-ram-300-gb-sas-fr-14005\/\">Lire la suite\u2026<span class=\"screen-reader-text\"> from HP ProLiant DL360 G9 4-LFF 1U Rack | Reconditionn\u00e9 | Xeon Octa Core 2.6GHz | 96 GB RAM | 300 GB SAS<\/span><\/a><\/p>\n","protected":false},"featured_media":296900,"template":"","meta":[],"product_brand":[3854],"product_cat":[1641,1633],"product_tag":[],"class_list":{"0":"post-296915","1":"product","2":"type-product","3":"status-publish","4":"has-post-thumbnail","6":"product_brand-hp","7":"product_cat-serveurs-rack-fr","8":"product_cat-serveurs-fr","10":"first","11":"outofstock","12":"taxable","13":"shipping-taxable","14":"purchasable","15":"product-type-simple"},"bundled_by":[],"bundle_stock_status":"outofstock","bundle_stock_quantity":0,"bundle_virtual":false,"bundle_layout":"","bundle_add_to_cart_form_location":"","bundle_editable_in_cart":false,"bundle_sold_individually_context":"","bundle_item_grouping":"","bundle_min_size":"","bundle_max_size":"","bundle_price":[],"bundled_items":[],"bundle_sell_ids":[],"exclude_global_add_ons":[],"addons":[],"df_price":898,"df_sale_price":"","df_regular_price":898,"df_image_link":"https:\/\/digalco.com\/wp-content\/uploads\/images\/product\/14005\/hp03103_01-300x225.jpg","_links":{"self":[{"href":"https:\/\/digalco.com\/fr\/wp-json\/wp\/v2\/product\/296915","targetHints":{"allow":["GET"]}}],"collection":[{"href":"https:\/\/digalco.com\/fr\/wp-json\/wp\/v2\/product"}],"about":[{"href":"https:\/\/digalco.com\/fr\/wp-json\/wp\/v2\/types\/product"}],"wp:featuredmedia":[{"embeddable":true,"href":"https:\/\/digalco.com\/fr\/wp-json\/wp\/v2\/media\/296900"}],"wp:attachment":[{"href":"https:\/\/digalco.com\/fr\/wp-json\/wp\/v2\/media?parent=296915"}],"wp:term":[{"taxonomy":"product_brand","embeddable":true,"href":"https:\/\/digalco.com\/fr\/wp-json\/wp\/v2\/product_brand?post=296915"},{"taxonomy":"product_cat","embeddable":true,"href":"https:\/\/digalco.com\/fr\/wp-json\/wp\/v2\/product_cat?post=296915"},{"taxonomy":"product_tag","embeddable":true,"href":"https:\/\/digalco.com\/fr\/wp-json\/wp\/v2\/product_tag?post=296915"}],"curies":[{"name":"wp","href":"https:\/\/api.w.org\/{rel}","templated":true}]}}