{"id":296936,"date":"2026-02-03T10:04:37","date_gmt":"2026-02-03T09:04:37","guid":{"rendered":"https:\/\/digalco.com\/tienda\/hp-proliant-dl360p-g8-rack-reconditionne-xeon-octa-core-26ghz-32-gb-ram-300-gb-sas-fr-14684\/"},"modified":"2026-04-14T11:55:12","modified_gmt":"2026-04-14T09:55:12","slug":"hp-proliant-dl360p-g8-rack-reconditionne-xeon-octa-core-26ghz-32-gb-ram-300-gb-sas-fr-14684","status":"publish","type":"product","link":"https:\/\/digalco.com\/fr\/produit\/hp-proliant-dl360p-g8-rack-reconditionne-xeon-octa-core-26ghz-32-gb-ram-300-gb-sas-fr-14684\/","title":{"rendered":"HP ProLiant DL360p G8 Rack | Reconditionn\u00e9 | Xeon Octa Core 2.6GHz | 32 GB RAM | 300 GB SAS"},"content":{"rendered":"<p><strong>Processeur<\/strong><br \/>Intel Xeon Octa Core E5-2650 V2 2.6 GHz.<br \/><strong>Facteur de forme<\/strong><br \/>Rack (1U)<br \/><strong>M\u00e9moire RAM<\/strong><br \/>32 Gb. DDR3 ECC RAM<br \/>24 emplacements (22 vide )<br \/><strong>Disque dur<\/strong><br \/>8x 300 Gb. SAS 2.5\u00a0\u00bb 10000rpm<br \/>8 emplacements (0 vide )<br \/><strong>Lecteur optique<\/strong><br \/>DVD<br \/><strong>Cartes<\/strong><br \/>Graphique: G200EH<br \/>R\u00e9seau: HP FlexibleLOM 1Gb 331FLR Ethernet<br \/><strong>Syst\u00e8me op\u00e9ratif<\/strong><br \/>&#8211; Sans SO &#8211;<br \/><strong>Ports<\/strong><br \/>S\u00e9rie<br \/>6x USB 3.0<br \/><strong>Multim\u00e9dias<\/strong><br \/>Lecteur SD<br \/><strong>Connectivit\u00e9<\/strong><br \/>4x RJ-45<br \/><strong>Source de courant<\/strong><br \/>2x Alimentations (Hotplug)<br \/><strong>Autres<\/strong><br \/>hR emballage<br \/><strong>Dimensions<\/strong><br \/>43.2x75x4.5 cm.<br \/><strong>Poids<\/strong><br \/>20.00 Kg.<br \/><strong>Sp\u00e9cifications suppl\u00e9mentaires<\/strong><br \/>Le HP ProLiant DL360p G8 est un serveur rack 1U qui se distingue par sa fiabilit\u00e9 \u00e9prouv\u00e9e et son \u00e9quilibre entre performances et efficacit\u00e9, id\u00e9al pour les environnements professionnels \u00e0 la recherche d\u2019une plateforme stable et durable. \u00c9quip\u00e9 d\u2019un processeur Intel Xeon E5-2650 v2 \u00e0 8 c\u0153urs, il offre une puissance suffisante pour la virtualisation l\u00e9g\u00e8re, les serveurs d\u2019applications, les bases de donn\u00e9es et les services d\u2019entreprise.Ses 32 Go de m\u00e9moire DDR3 ECC garantissent une stabilit\u00e9 op\u00e9rationnelle et une protection contre les erreurs, assurant un fonctionnement continu dans des sc\u00e9narios de travail exigeants. Le syst\u00e8me de stockage SAS \u00e0 10 000 tr\/min, avec 8 disques de 300 Go, offre un excellent compromis entre vitesse et fiabilit\u00e9, id\u00e9al pour les charges de travail o\u00f9 l\u2019acc\u00e8s rapide aux donn\u00e9es est prioritaire.Le contr\u00f4leur RAID HP Smart Array P420i permet des configurations avanc\u00e9es ax\u00e9es sur la s\u00e9curit\u00e9 et la continuit\u00e9 du service, renfor\u00e7ant la protection des informations critiques. Avec un ch\u00e2ssis pr\u00e9vu pour accueillir jusqu\u2019\u00e0 24 baies, ce serveur offre une capacit\u00e9 d\u2019extension future notable sans n\u00e9cessiter le remplacement de la plateforme.Un mod\u00e8le robuste et polyvalent, con\u00e7u pour fonctionner 24\/7, parfait comme serveur principal, serveur de sauvegarde ou comme n\u0153ud fiable au sein d\u2019infrastructures d\u2019entreprise \u00e9tablies.Bon aspect ext\u00e9rieur. Si vous avez des questions, appelez-nous ou utilisez notre chat pour obtenir plus d\u2019informations ou demander plus de d\u00e9tails.<br \/><strong>Commentaires<\/strong><br \/><u>P420i Raid Controller &#8211; 1xPCIe X16 \/ 1xPCIe X4<\/u><\/p>\n","protected":false},"excerpt":{"rendered":"<p>Intel Xeon Octa Core E5-2650 V2 2.6 GHz. \u00b7 32 Gb. DDR3 ECC RAM \u00b7 8x 300 Gb. SAS 2.5\u00a0\u00bb \u00b7 DVD \u00b7<br \/>\n<strong>P420i Raid Controller<\/strong> &#8211; <u>1xPCIe X16 \/ 1xPCIe X4<br \/>\n<\/u> [&#8230;]<\/p>\n<p><a class=\"btn btn-secondary understrap-read-more-link\" href=\"https:\/\/digalco.com\/fr\/produit\/hp-proliant-dl360p-g8-rack-reconditionne-xeon-octa-core-26ghz-32-gb-ram-300-gb-sas-fr-14684\/\">Lire la suite\u2026<span class=\"screen-reader-text\"> from HP ProLiant DL360p G8 Rack | Reconditionn\u00e9 | Xeon Octa Core 2.6GHz | 32 GB RAM | 300 GB SAS<\/span><\/a><\/p>\n","protected":false},"featured_media":296921,"template":"","meta":[],"product_brand":[3854],"product_cat":[1641,1633],"product_tag":[],"class_list":{"0":"post-296936","1":"product","2":"type-product","3":"status-publish","4":"has-post-thumbnail","6":"product_brand-hp","7":"product_cat-serveurs-rack-fr","8":"product_cat-serveurs-fr","10":"first","11":"instock","12":"taxable","13":"shipping-taxable","14":"purchasable","15":"product-type-simple"},"bundled_by":[],"bundle_stock_status":"instock","bundle_stock_quantity":2,"bundle_virtual":false,"bundle_layout":"","bundle_add_to_cart_form_location":"","bundle_editable_in_cart":false,"bundle_sold_individually_context":"","bundle_item_grouping":"","bundle_min_size":"","bundle_max_size":"","bundle_price":[],"bundled_items":[],"bundle_sell_ids":[],"exclude_global_add_ons":[],"addons":[],"df_price":573,"df_sale_price":"","df_regular_price":573,"df_image_link":"https:\/\/digalco.com\/wp-content\/uploads\/images\/product\/14684\/hp03248_01-300x225.jpg","_links":{"self":[{"href":"https:\/\/digalco.com\/fr\/wp-json\/wp\/v2\/product\/296936","targetHints":{"allow":["GET"]}}],"collection":[{"href":"https:\/\/digalco.com\/fr\/wp-json\/wp\/v2\/product"}],"about":[{"href":"https:\/\/digalco.com\/fr\/wp-json\/wp\/v2\/types\/product"}],"wp:featuredmedia":[{"embeddable":true,"href":"https:\/\/digalco.com\/fr\/wp-json\/wp\/v2\/media\/296921"}],"wp:attachment":[{"href":"https:\/\/digalco.com\/fr\/wp-json\/wp\/v2\/media?parent=296936"}],"wp:term":[{"taxonomy":"product_brand","embeddable":true,"href":"https:\/\/digalco.com\/fr\/wp-json\/wp\/v2\/product_brand?post=296936"},{"taxonomy":"product_cat","embeddable":true,"href":"https:\/\/digalco.com\/fr\/wp-json\/wp\/v2\/product_cat?post=296936"},{"taxonomy":"product_tag","embeddable":true,"href":"https:\/\/digalco.com\/fr\/wp-json\/wp\/v2\/product_tag?post=296936"}],"curies":[{"name":"wp","href":"https:\/\/api.w.org\/{rel}","templated":true}]}}