{"id":297298,"date":"2026-02-03T13:41:24","date_gmt":"2026-02-03T12:41:24","guid":{"rendered":"https:\/\/digalco.com\/tienda\/dell-precision-3551-156-faute-core-i7-26ghz-16-gb-ram-512-gb-ssd-m2-1920x1080-fr-14669\/"},"modified":"2026-04-16T13:12:41","modified_gmt":"2026-04-16T11:12:41","slug":"dell-precision-3551-156-faute-core-i7-26ghz-16-gb-ram-512-gb-ssd-m2-1920x1080-fr-14669","status":"publish","type":"product","link":"https:\/\/digalco.com\/fr\/produit\/dell-precision-3551-156-faute-core-i7-26ghz-16-gb-ram-512-gb-ssd-m2-1920x1080-fr-14669\/","title":{"rendered":"Dell Precision 3551 15.6\u00a0\u00bb | Faute | Core i7 2.6GHz | 16 GB RAM | 512 GB SSD M2 1920&#215;1080"},"content":{"rendered":"<p><strong>Processeur<\/strong><br \/>Intel Core i7 10750H 2.6 GHz.<br \/><strong>M\u00e9moire RAM<\/strong><br \/>16 Gb. SO-DDR4 RAM<br \/><strong>Disque dur<\/strong><br \/>512 Gb. SSD M2<br \/><strong>Cartes<\/strong><br \/>Graphique: Nvidia Quadro P620- 4Gb GDDR5 \/ INTEL COMETLAKE-H GT2 [UHD ]<br \/>Son: Realtek ALC3204<br \/>R\u00e9seau: intel(R) ethernet l219-LM<br \/><strong>Syst\u00e8me op\u00e9ratif<\/strong><br \/>Windows 11 Pro<br \/><strong>Ports<\/strong><br \/>3x USB 3.0<br \/>USB-C<br \/><strong>\u00c9cran<\/strong><br \/>Led 15.6 \u00a0\u00bb FullHD 16:9  \u00b7 R\u00e9solution 1920&#215;1080<br \/><strong>Ports vid\u00e9o<\/strong><br \/>HDMI<br \/><strong>Multim\u00e9dias<\/strong><br \/>Webcam<br \/>Lecteur SD<br \/>Lecteur carte d&rsquo;identit\u00e9<br \/><strong>Connectivit\u00e9<\/strong><br \/>RJ-45<br \/>WIFI<br \/>Bluetooth<br \/><strong>Notebook sp\u00e9cifique<\/strong><br \/>Langue du clavier Anglais<br \/>Clavier num\u00e9rique<br \/><strong>Autres<\/strong><br \/>hR emballage<br \/><strong>Dimensions<\/strong><br \/>36&#215;23.7&#215;3 cm.<br \/><strong>Poids<\/strong><br \/>2.15 Kg.<br \/><strong>Commentaires<\/strong><br \/><u>Le bo\u00eetier pr\u00e9sente des traces d&rsquo;usure. Une l\u00e9g\u00e8re marque de clavier est visible sur l&rsquo;\u00e9cran. Elle est perceptible \u00e9cran \u00e9teint, mais \u00e0 peine perceptible \u00e9cran allum\u00e9. Il s&rsquo;agit d&rsquo;un d\u00e9faut purement esth\u00e9tique. Consultez la section \u00ab\u00a0+ Photos\u00a0\u00bb. Pour toute question, n&rsquo;h\u00e9sitez pas \u00e0 nous appeler ou \u00e0 utiliser notre chat pour obtenir plus d&rsquo;informations ou demander des pr\u00e9cisions.<\/u><\/p>\n","protected":false},"excerpt":{"rendered":"<p>Intel Core i7 10750H 2.6 GHz. \u00b7 16 Gb. SO-DDR4 RAM \u00b7<u>Usure du bo\u00eetier. L\u00e9g\u00e8res marques de clavier sur l&rsquo;\u00e9cran (voir \u00ab+ Photos\u00bb).<\/u> [&#8230;]<\/p>\n<p><a class=\"btn btn-secondary understrap-read-more-link\" href=\"https:\/\/digalco.com\/fr\/produit\/dell-precision-3551-156-faute-core-i7-26ghz-16-gb-ram-512-gb-ssd-m2-1920x1080-fr-14669\/\">Lire la suite\u2026<span class=\"screen-reader-text\"> from Dell Precision 3551 15.6\u00a0\u00bb | Faute | Core i7 2.6GHz | 16 GB RAM | 512 GB SSD M2 1920&#215;1080<\/span><\/a><\/p>\n","protected":false},"featured_media":297253,"template":"","meta":[],"product_brand":[3852],"product_cat":[1517,1549,1873,1889],"product_tag":[],"class_list":{"0":"post-297298","1":"product","2":"type-product","3":"status-publish","4":"has-post-thumbnail","6":"product_brand-dell","7":"product_cat-notebooks-fr","8":"product_cat-notebooks-avec-des-defauts-fr","9":"product_cat-avec-des-defauts-fr","10":"product_cat-avec-des-defauts-notebooks-fr","12":"first","13":"instock","14":"taxable","15":"shipping-taxable","16":"purchasable","17":"product-type-simple"},"bundled_by":[],"bundle_stock_status":"instock","bundle_stock_quantity":1,"bundle_virtual":false,"bundle_layout":"","bundle_add_to_cart_form_location":"","bundle_editable_in_cart":false,"bundle_sold_individually_context":"","bundle_item_grouping":"","bundle_min_size":"","bundle_max_size":"","bundle_price":[],"bundled_items":[],"bundle_sell_ids":[],"exclude_global_add_ons":true,"addons":{"keyboard-iso-upgrades":{"name":"Choisir langue du clavier","type":"multiple_choice","position":0,"required":false,"title_format":"heading","default":"","description_enable":false,"description":"","placeholder_enable":false,"placeholder":"","display":"radiobutton","restrictions_type":"any_text","adjust_price":false,"price":"","price_type":"quantity_based","restrictions":false,"min":"0","max":"0","options":[{"label":"Autocollants espagnols [AMP00082]","price":"0.0000","price_type":"quantity_based","image":0,"visibility":true},{"label":"Autocollants fran\u00e7ais [AMP00084]","price":"0.0000","price_type":"quantity_based","image":0,"visibility":true},{"label":"Autocollants portugais [AMP00083]","price":"0.0000","price_type":"quantity_based","image":0,"visibility":true}]},"ram-memory-upgrades":{"name":"Extension RAM","type":"multiple_choice","position":0,"required":false,"title_format":"heading","default":"","description_enable":false,"description":"","placeholder_enable":false,"placeholder":"","display":"radiobutton","restrictions_type":"any_text","adjust_price":false,"price":"","price_type":"quantity_based","restrictions":false,"min":"0","max":"0","options":[{"label":"Extension de 32 Gb de RAM SODIMM [AMP00098]","price":"150.0000","price_type":"quantity_based","image":0,"visibility":true}]},"hdd-upgrades":{"name":"Extension disque dur","type":"multiple_choice","position":0,"required":false,"title_format":"heading","default":"","description_enable":false,"description":"","placeholder_enable":false,"placeholder":"","display":"radiobutton","restrictions_type":"any_text","adjust_price":false,"price":"","price_type":"quantity_based","restrictions":false,"min":"0","max":"0","options":[{"label":"Passez au disque SSD 1 Tb. M.2 2280 PCIe [AMP00107]","price":"165.0000","price_type":"quantity_based","image":0,"visibility":true},{"label":"Passez au disque SSD 2 Tb. M.2 2280 PCIe [AMP00171]","price":"260.0000","price_type":"quantity_based","image":0,"visibility":true},{"label":"SSD suppl\u00e9mentaire 500 Gb. M.2 2280 PCIe [AMP00108]","price":"115.0000","price_type":"quantity_based","image":0,"visibility":true},{"label":"Disque SSD de 1 Tb. M.2 2280 PCIe suppl\u00e9mentaire [AMP00109]","price":"170.0000","price_type":"quantity_based","image":0,"visibility":true},{"label":"Disque SSD de 2 Tb. M.2 2280 PCIe suppl\u00e9mentaire [AMP00176]","price":"265.0000","price_type":"quantity_based","image":0,"visibility":true}]},"os-upgrades":{"name":"Expansion SO","type":"multiple_choice","position":0,"required":false,"title_format":"heading","default":"","description_enable":false,"description":"","placeholder_enable":false,"placeholder":"","display":"radiobutton","restrictions_type":"any_text","adjust_price":false,"price":"","price_type":"quantity_based","restrictions":false,"min":"0","max":"0","options":[{"label":"Changer la langue en fran\u00e7ais [AMP00125]","price":"0.0000","price_type":"quantity_based","image":0,"visibility":true},{"label":"Changer la langue en anglais [AMP00008]","price":"0.0000","price_type":"quantity_based","image":0,"visibility":true},{"label":"Changer la langue en portugais [AMP00009]","price":"0.0000","price_type":"quantity_based","image":0,"visibility":true}]},"briefcase-upgrades":{"name":"Porte-documents","type":"multiple_choice","position":0,"required":false,"title_format":"heading","default":"","description_enable":false,"description":"","placeholder_enable":false,"placeholder":"","display":"radiobutton","restrictions_type":"any_text","adjust_price":false,"price":"","price_type":"quantity_based","restrictions":false,"min":"0","max":"0","options":[{"label":"Mallette Notebook [AMP00041]","price":"5.0000","price_type":"quantity_based","image":0,"visibility":true}]}},"df_price":573,"df_sale_price":"","df_regular_price":573,"df_image_link":"https:\/\/digalco.com\/wp-content\/uploads\/images\/product\/14669\/dell01594tr01_01-300x225.jpg","_links":{"self":[{"href":"https:\/\/digalco.com\/fr\/wp-json\/wp\/v2\/product\/297298","targetHints":{"allow":["GET"]}}],"collection":[{"href":"https:\/\/digalco.com\/fr\/wp-json\/wp\/v2\/product"}],"about":[{"href":"https:\/\/digalco.com\/fr\/wp-json\/wp\/v2\/types\/product"}],"wp:featuredmedia":[{"embeddable":true,"href":"https:\/\/digalco.com\/fr\/wp-json\/wp\/v2\/media\/297253"}],"wp:attachment":[{"href":"https:\/\/digalco.com\/fr\/wp-json\/wp\/v2\/media?parent=297298"}],"wp:term":[{"taxonomy":"product_brand","embeddable":true,"href":"https:\/\/digalco.com\/fr\/wp-json\/wp\/v2\/product_brand?post=297298"},{"taxonomy":"product_cat","embeddable":true,"href":"https:\/\/digalco.com\/fr\/wp-json\/wp\/v2\/product_cat?post=297298"},{"taxonomy":"product_tag","embeddable":true,"href":"https:\/\/digalco.com\/fr\/wp-json\/wp\/v2\/product_tag?post=297298"}],"curies":[{"name":"wp","href":"https:\/\/api.w.org\/{rel}","templated":true}]}}