{"id":297513,"date":"2026-02-04T13:50:12","date_gmt":"2026-02-04T12:50:12","guid":{"rendered":"https:\/\/digalco.com\/tienda\/dell-poweredge-r620-1u-barebone-rack-reconditionne-xeon-octa-core-26ghz-128-gb-ram-600-gb-sas-fr-14728\/"},"modified":"2026-02-04T13:51:08","modified_gmt":"2026-02-04T12:51:08","slug":"dell-poweredge-r620-1u-barebone-rack-reconditionne-xeon-octa-core-26ghz-128-gb-ram-600-gb-sas-fr-14728","status":"publish","type":"product","link":"https:\/\/digalco.com\/fr\/produit\/dell-poweredge-r620-1u-barebone-rack-reconditionne-xeon-octa-core-26ghz-128-gb-ram-600-gb-sas-fr-14728\/","title":{"rendered":"Dell PowerEdge R620 1U Rack | Reconditionn\u00e9 | Xeon Octa Core 2.6GHz | 128 GB RAM | 600 GB SAS"},"content":{"rendered":"<p><strong>Processeur<\/strong><br \/>2x Intel Xeon Octa Core E5-2650 V2 2.6 GHz.<br \/><strong>Facteur de forme<\/strong><br \/>Rack  (1U)<br \/><strong>M\u00e9moire RAM<\/strong><br \/>128 Gb. DDR3 ECC RAM<br \/><strong>Disque dur<\/strong><br \/>2x 600 Gb. SAS 2.5\u00a0\u00bb<br \/>8 emplacements (6 vide )<br \/><strong>Lecteur optique<\/strong><br \/>DVD-RW<br \/><strong>Cartes<\/strong><br \/>Graphique: Matrox G200ER2<br \/>R\u00e9seau: Broadcom BCM5720<br \/><strong>Syst\u00e8me op\u00e9ratif<\/strong><br \/>&#8211; Sans SO &#8211;<br \/><strong>Ports<\/strong><br \/>S\u00e9rie<br \/>4x USB 2.0<br \/><strong>Connectivit\u00e9<\/strong><br \/>4x RJ-45<br \/><strong>Source de courant<\/strong><br \/>2x Alimentations (Hotplug)<br \/><strong>Dimensions<\/strong><br \/>76.5&#215;48.5&#215;8.5 cm.<br \/><strong>Poids<\/strong><br \/>23.50 Kg.<br \/><strong>Sp\u00e9cifications suppl\u00e9mentaires<\/strong><br \/>Le Dell PowerEdge R620 est un serveur rack 1U con\u00e7u pour des environnements professionnels exigeant une forte puissance de calcul, une haute disponibilit\u00e9 et une optimisation de l\u2019espace. Sa configuration avec deux processeurs Intel Xeon E5-2650 v2 \u00e0 8 c\u0153urs offre d\u2019excellentes performances multic\u0153urs, id\u00e9ales pour la virtualisation, les bases de donn\u00e9es, les applications d\u2019entreprise et les services critiques.<br \/>Les 128 Go de m\u00e9moire DDR3 ECC permettent de g\u00e9rer des charges de travail intensives avec une stabilit\u00e9 totale, garantissant l\u2019int\u00e9grit\u00e9 des donn\u00e9es et un fonctionnement continu dans des sc\u00e9narios exigeants. Le sous-syst\u00e8me de stockage SAS, avec des disques de 600 Go, offre fiabilit\u00e9 et rapidit\u00e9 pour les environnements o\u00f9 l\u2019acc\u00e8s \u00e0 l\u2019information est essentiel.<br \/>Le contr\u00f4leur RAID PERC H710P Mini, orient\u00e9 hautes performances, apporte une gestion avanc\u00e9e du stockage et une meilleure protection contre les pannes, am\u00e9liorant la continuit\u00e9 du service. Son ch\u00e2ssis avec 8 baies et de larges options d\u2019extension PCIe facilite l\u2019adaptation future du serveur \u00e0 de nouveaux besoins d\u2019infrastructure.<br \/>Un serveur robuste et polyvalent, con\u00e7u pour fonctionner 24\/7, combinant puissance, \u00e9volutivit\u00e9 et fiabilit\u00e9 dans un format compact, id\u00e9al pour les centres de donn\u00e9es et les salles techniques professionnelles.<br \/>Bon aspect ext\u00e9rieur. Si vous avez des questions, appelez-nous ou utilisez notre chat pour obtenir plus d\u2019informations ou demander plus de d\u00e9tails.<br \/><strong>Commentaires<\/strong><br \/><u>Perc H710P Mini RAID Controller &#8211; 2xPCIe X16<\/u><\/p>\n","protected":false},"excerpt":{"rendered":"<p>2x Intel Xeon Octa Core E5-2650 V2 2.6 GHz. \u00b7 128 Gb. DDR3 ECC RAM \u00b7 2x 600 Gb. SAS 2.5\u00a0\u00bb \u00b7 8 emplacements (6 vide ) \u00b7 DVD-RW \u00b7<br \/>\n<strong>Perc H710P Mini RAID Controller<\/strong> &#8211; <u>2xPCIe X16<br \/>\n<\/u> [&#8230;]<\/p>\n<p><a class=\"btn btn-secondary understrap-read-more-link\" href=\"https:\/\/digalco.com\/fr\/produit\/dell-poweredge-r620-1u-barebone-rack-reconditionne-xeon-octa-core-26ghz-128-gb-ram-600-gb-sas-fr-14728\/\">Lire la suite\u2026<span class=\"screen-reader-text\"> from Dell PowerEdge R620 1U Rack | Reconditionn\u00e9 | Xeon Octa Core 2.6GHz | 128 GB RAM | 600 GB SAS<\/span><\/a><\/p>\n","protected":false},"featured_media":297498,"template":"","meta":[],"product_brand":[3852],"product_cat":[1641,1633],"product_tag":[],"class_list":{"0":"post-297513","1":"product","2":"type-product","3":"status-publish","4":"has-post-thumbnail","6":"product_brand-dell","7":"product_cat-serveurs-rack-fr","8":"product_cat-serveurs-fr","10":"first","11":"instock","12":"taxable","13":"shipping-taxable","14":"purchasable","15":"product-type-simple"},"bundled_by":[],"bundle_stock_status":"instock","bundle_stock_quantity":6,"bundle_virtual":false,"bundle_layout":"","bundle_add_to_cart_form_location":"","bundle_editable_in_cart":false,"bundle_sold_individually_context":"","bundle_item_grouping":"","bundle_min_size":"","bundle_max_size":"","bundle_price":[],"bundled_items":[],"bundle_sell_ids":[],"exclude_global_add_ons":[],"addons":[],"df_price":871,"df_sale_price":"","df_regular_price":871,"df_image_link":"https:\/\/digalco.com\/wp-content\/uploads\/images\/product\/14728\/dell01646_01-300x225.jpg","_links":{"self":[{"href":"https:\/\/digalco.com\/fr\/wp-json\/wp\/v2\/product\/297513","targetHints":{"allow":["GET"]}}],"collection":[{"href":"https:\/\/digalco.com\/fr\/wp-json\/wp\/v2\/product"}],"about":[{"href":"https:\/\/digalco.com\/fr\/wp-json\/wp\/v2\/types\/product"}],"wp:featuredmedia":[{"embeddable":true,"href":"https:\/\/digalco.com\/fr\/wp-json\/wp\/v2\/media\/297498"}],"wp:attachment":[{"href":"https:\/\/digalco.com\/fr\/wp-json\/wp\/v2\/media?parent=297513"}],"wp:term":[{"taxonomy":"product_brand","embeddable":true,"href":"https:\/\/digalco.com\/fr\/wp-json\/wp\/v2\/product_brand?post=297513"},{"taxonomy":"product_cat","embeddable":true,"href":"https:\/\/digalco.com\/fr\/wp-json\/wp\/v2\/product_cat?post=297513"},{"taxonomy":"product_tag","embeddable":true,"href":"https:\/\/digalco.com\/fr\/wp-json\/wp\/v2\/product_tag?post=297513"}],"curies":[{"name":"wp","href":"https:\/\/api.w.org\/{rel}","templated":true}]}}