{"id":297894,"date":"2026-02-07T15:32:03","date_gmt":"2026-02-07T14:32:03","guid":{"rendered":"https:\/\/digalco.com\/tienda\/dell-optiplex-5090-wi-fi-mini-reconditionne-core-i5-15ghz-8-gb-ram-256-gb-ssd-m2-fr-14734\/"},"modified":"2026-02-07T15:32:17","modified_gmt":"2026-02-07T14:32:17","slug":"dell-optiplex-5090-wi-fi-mini-reconditionne-core-i5-15ghz-8-gb-ram-256-gb-ssd-m2-fr-14734","status":"publish","type":"product","link":"https:\/\/digalco.com\/fr\/produit\/dell-optiplex-5090-wi-fi-mini-reconditionne-core-i5-15ghz-8-gb-ram-256-gb-ssd-m2-fr-14734\/","title":{"rendered":"Dell OptiPlex 5090 Wi-Fi Mini | Reconditionn\u00e9 | Core i5 1.5GHz | 8 GB RAM | 256 GB SSD M2"},"content":{"rendered":"<p><strong>Processeur<\/strong><br \/>Intel Core i5 11500T 1.5 GHz.<br \/><strong>Facteur de forme<\/strong><br \/>Mini<br \/><strong>M\u00e9moire RAM<\/strong><br \/>8 Gb. SO-DDR4 RAM<br \/><strong>Disque dur<\/strong><br \/>256 Gb. SSD M2<br \/><strong>Cartes<\/strong><br \/>Graphique: Intel UHD Graphics 750<br \/>Son: Realtek Audio<br \/>R\u00e9seau: intel(R) ethernet l219-LM<br \/><strong>Syst\u00e8me op\u00e9ratif<\/strong><br \/>Windows 11 Pro<br \/><strong>Ports<\/strong><br \/>5x USB 3.0<br \/>USB-C<br \/><strong>Ports vid\u00e9o<\/strong><br \/>2x Display Port<br \/><strong>Connectivit\u00e9<\/strong><br \/>RJ-45<br \/>WIFI<br \/><strong>Dimensions<\/strong><br \/>18x17x4 cm.<br \/><strong>Poids<\/strong><br \/>1.31 Kg.<br \/><strong>Sp\u00e9cifications suppl\u00e9mentaires<\/strong><br \/>Le DELL OptiPlex 5090 Mini est un ordinateur de bureau professionnel ultra-compact, con\u00e7u pour offrir une productivit\u00e9 maximale dans un espace minimal. Gr\u00e2ce \u00e0 son processeur Intel Core i5-11500T de 11e g\u00e9n\u00e9ration, il combine puissance et efficacit\u00e9 \u00e9nerg\u00e9tique, assurant des performances stables et fluides pour les t\u00e2ches bureautiques avanc\u00e9es, la gestion d\u2019entreprise et les environnements de travail multit\u00e2ches, le tout avec un fonctionnement silencieux et ma\u00eetris\u00e9.Ses 8 Go de m\u00e9moire DDR4 permettent une utilisation r\u00e9active au quotidien, tandis que le SSD M.2 de 256 Go acc\u00e9l\u00e8re le d\u00e9marrage du syst\u00e8me et l\u2019acc\u00e8s aux applications, r\u00e9duisant les temps morts et am\u00e9liorant le rythme de travail. \u00c9quip\u00e9 de Windows 11 Pro, ce PC professionnel int\u00e8gre des fonctions avanc\u00e9es de s\u00e9curit\u00e9 et de gestion, renforc\u00e9es par le TPM 2.0, essentiel pour les environnements manipulant des informations sensibles.La connectivit\u00e9 Wi-Fi offre une flexibilit\u00e9 totale d\u2019installation, \u00e9liminant la d\u00e9pendance au c\u00e2blage et facilitant l\u2019utilisation dans des bureaux dynamiques, des postes partag\u00e9s ou des espaces restreints. Son format Mini permet de le placer discr\u00e8tement sur le bureau ou derri\u00e8re l\u2019\u00e9cran, maintenant un environnement propre et organis\u00e9. Un ordinateur compact, efficace et fiable, id\u00e9al pour les bureaux modernes recherchant performance, connectivit\u00e9 et optimisation de l\u2019espace sans compromettre la s\u00e9curit\u00e9 ni la stabilit\u00e9 \u00e0 long terme.Bon \u00e9tat ext\u00e9rieur. Si vous avez des questions, appelez-nous ou utilisez notre chat pour obtenir plus d\u2019informations ou demander des d\u00e9tails suppl\u00e9mentaires.<br \/><strong>Commentaires<\/strong><br \/><u>Wi-Fi<\/u><\/p>\n","protected":false},"excerpt":{"rendered":"<p>Intel Core i5 11500T 1.5 GHz. \u00b7 8 Gb. SO-DDR4 RAM \u00b7 256 Gb. SSD M2 \u00b7 <strong>Windows 11 Pro \u00b7<br \/>\nWi-Fi<br \/>\n<\/strong> [&#8230;]<\/p>\n<p><a class=\"btn btn-secondary understrap-read-more-link\" href=\"https:\/\/digalco.com\/fr\/produit\/dell-optiplex-5090-wi-fi-mini-reconditionne-core-i5-15ghz-8-gb-ram-256-gb-ssd-m2-fr-14734\/\">Lire la suite\u2026<span class=\"screen-reader-text\"> from Dell OptiPlex 5090 Wi-Fi Mini | Reconditionn\u00e9 | Core i5 1.5GHz | 8 GB RAM | 256 GB SSD M2<\/span><\/a><\/p>\n","protected":false},"featured_media":297819,"template":"","meta":[],"product_brand":[3852],"product_cat":[1469,1481],"product_tag":[],"class_list":{"0":"post-297894","1":"product","2":"type-product","3":"status-publish","4":"has-post-thumbnail","6":"product_brand-dell","7":"product_cat-ordinateurs-fr","8":"product_cat-ordinateurs-mini-fr","10":"first","11":"instock","12":"taxable","13":"shipping-taxable","14":"purchasable","15":"product-type-simple"},"bundled_by":[],"bundle_stock_status":"instock","bundle_stock_quantity":20,"bundle_virtual":false,"bundle_layout":"","bundle_add_to_cart_form_location":"","bundle_editable_in_cart":false,"bundle_sold_individually_context":"","bundle_item_grouping":"","bundle_min_size":"","bundle_max_size":"","bundle_price":[],"bundled_items":[],"bundle_sell_ids":[],"exclude_global_add_ons":true,"addons":{"ram-memory-upgrades":{"name":"Extension RAM","type":"multiple_choice","position":0,"required":false,"title_format":"heading","default":"","description_enable":false,"description":"","placeholder_enable":false,"placeholder":"","display":"radiobutton","restrictions_type":"any_text","adjust_price":false,"price":"","price_type":"quantity_based","restrictions":false,"min":"0","max":"0","options":[{"label":"Extension de 16 Gb Gb de RAM SO-DIMM DDR4 [AMP00081]","price":"60.0000","price_type":"quantity_based","image":0,"visibility":true}]},"hdd-upgrades":{"name":"Extension disque dur","type":"multiple_choice","position":0,"required":false,"title_format":"heading","default":"","description_enable":false,"description":"","placeholder_enable":false,"placeholder":"","display":"radiobutton","restrictions_type":"any_text","adjust_price":false,"price":"","price_type":"quantity_based","restrictions":false,"min":"0","max":"0","options":[{"label":"Passez au disque SSD de 500 Gb. M.2 2280PCIe [AMP00106]","price":110,"price_type":"quantity_based","image":0,"visibility":true},{"label":"Passez au disque SSD 1 Tb. M.2 2280 PCIe [AMP00107]","price":165,"price_type":"quantity_based","image":0,"visibility":true},{"label":"Passez au disque SSD 2 Tb. M.2 2280 PCIe [AMP00171]","price":260,"price_type":"quantity_based","image":0,"visibility":true}]},"os-upgrades":{"name":"Expansion SO","type":"multiple_choice","position":0,"required":false,"title_format":"heading","default":"","description_enable":false,"description":"","placeholder_enable":false,"placeholder":"","display":"radiobutton","restrictions_type":"any_text","adjust_price":false,"price":"","price_type":"quantity_based","restrictions":false,"min":"0","max":"0","options":[{"label":"Changer la langue en fran\u00e7ais [AMP00125]","price":"0.0000","price_type":"quantity_based","image":0,"visibility":true},{"label":"Changer la langue en anglais [AMP00008]","price":"0.0000","price_type":"quantity_based","image":0,"visibility":true},{"label":"Changer la langue en portugais [AMP00009]","price":"0.0000","price_type":"quantity_based","image":0,"visibility":true}]},"keyboard-upgrades":{"name":"Extension clavier","type":"multiple_choice","position":0,"required":false,"title_format":"heading","default":"","description_enable":false,"description":"","placeholder_enable":false,"placeholder":"","display":"radiobutton","restrictions_type":"any_text","adjust_price":false,"price":"","price_type":"quantity_based","restrictions":false,"min":"0","max":"0","options":[{"label":"Clavier et souris [AMP00020]","price":"8.0000","price_type":"quantity_based","image":0,"visibility":true},{"label":"Clavier et souris Portuguese New [AMP00088]","price":"15.0000","price_type":"quantity_based","image":0,"visibility":true},{"label":"Clavier et souris USB espagnols (Nouveau) [AMP00068]","price":"12.0000","price_type":"quantity_based","image":0,"visibility":true}]}},"df_price":401,"df_sale_price":"","df_regular_price":401,"df_image_link":"https:\/\/digalco.com\/wp-content\/uploads\/images\/product\/14734\/dell01647_01-300x225.jpg","_links":{"self":[{"href":"https:\/\/digalco.com\/fr\/wp-json\/wp\/v2\/product\/297894","targetHints":{"allow":["GET"]}}],"collection":[{"href":"https:\/\/digalco.com\/fr\/wp-json\/wp\/v2\/product"}],"about":[{"href":"https:\/\/digalco.com\/fr\/wp-json\/wp\/v2\/types\/product"}],"wp:featuredmedia":[{"embeddable":true,"href":"https:\/\/digalco.com\/fr\/wp-json\/wp\/v2\/media\/297819"}],"wp:attachment":[{"href":"https:\/\/digalco.com\/fr\/wp-json\/wp\/v2\/media?parent=297894"}],"wp:term":[{"taxonomy":"product_brand","embeddable":true,"href":"https:\/\/digalco.com\/fr\/wp-json\/wp\/v2\/product_brand?post=297894"},{"taxonomy":"product_cat","embeddable":true,"href":"https:\/\/digalco.com\/fr\/wp-json\/wp\/v2\/product_cat?post=297894"},{"taxonomy":"product_tag","embeddable":true,"href":"https:\/\/digalco.com\/fr\/wp-json\/wp\/v2\/product_tag?post=297894"}],"curies":[{"name":"wp","href":"https:\/\/api.w.org\/{rel}","templated":true}]}}