{"id":300279,"date":"2026-02-09T11:44:34","date_gmt":"2026-02-09T10:44:34","guid":{"rendered":"https:\/\/digalco.com\/tienda\/hp-probook-640-g5-14-faute-core-i5-16ghz-8-gb-ram-500-gb-ssd-m2-1920x1080-fr-14369\/"},"modified":"2026-02-09T11:45:01","modified_gmt":"2026-02-09T10:45:01","slug":"hp-probook-640-g5-14-faute-core-i5-16ghz-8-gb-ram-500-gb-ssd-m2-1920x1080-fr-14369","status":"publish","type":"product","link":"https:\/\/digalco.com\/fr\/produit\/hp-probook-640-g5-14-faute-core-i5-16ghz-8-gb-ram-500-gb-ssd-m2-1920x1080-fr-14369\/","title":{"rendered":"HP ProBook 640 G5 14\u00a0\u00bb | Faute | Core i5 1.6GHz | 8 GB RAM | 500 GB SSD M2 1920&#215;1080"},"content":{"rendered":"<p><strong>Processeur<\/strong><br \/>Intel Core i5 8265U 1.6 GHz.<br \/><strong>M\u00e9moire RAM<\/strong><br \/>8 Gb. SO-DDR4 RAM<br \/><strong>Disque dur<\/strong><br \/>500 Gb. SSD M2<br \/><strong>Cartes<\/strong><br \/>Graphique: Intel UHD Graphics 620<br \/>Son: Realtek HD Audio<br \/>R\u00e9seau: Intel Ethernet Connection I219-v<br \/><strong>Syst\u00e8me op\u00e9ratif<\/strong><br \/>Windows 11 Pro<br \/><strong>Ports<\/strong><br \/>USB-C<br \/>3x USB 3.1<br \/><strong>\u00c9cran<\/strong><br \/>Led 14 \u00a0\u00bb FullHD 16:10  \u00b7 R\u00e9solution 1920&#215;1080<br \/><strong>Ports vid\u00e9o<\/strong><br \/>VGA<br \/>HDMI<br \/><strong>Multim\u00e9dias<\/strong><br \/>Lecteur d&#8217;empreintes<br \/>Lecteur carte d&rsquo;identit\u00e9<br \/><strong>Connectivit\u00e9<\/strong><br \/>RJ-45<br \/>WIFI<br \/>Bluetooth<br \/><strong>Notebook sp\u00e9cifique<\/strong><br \/>Langue du clavier Espagnol<br \/><strong>Autres<\/strong><br \/>hR emballage<br \/><strong>Dimensions<\/strong><br \/>34x24x2 cm.<br \/><strong>Poids<\/strong><br \/>1.70 Kg.<br \/><strong>Commentaires<\/strong><br \/><u>Le bo\u00eetier pr\u00e9sente de l\u00e9g\u00e8res fissures et traces d&rsquo;usure. Il s&rsquo;agit de petites bosses et rayures, purement esth\u00e9tiques. Toutes les fonctionnalit\u00e9s de l&rsquo;ordinateur portable sont parfaitement op\u00e9rationnelles. Une excellente opportunit\u00e9\u00a0! Consultez les photos ci-dessous. Pour toute question, n&rsquo;h\u00e9sitez pas \u00e0 nous appeler ou \u00e0 utiliser notre chat pour obtenir plus d&rsquo;informations.<\/u><\/p>\n","protected":false},"excerpt":{"rendered":"<p>Intel Core i5 8265U 1.6 GHz. \u00b7 8 Gb. SO-DDR4 RAM \u00b7<u>Fissures et usure du bo\u00eetier (voir \u00ab + Photos \u00bb)<\/u> [&#8230;]<\/p>\n<p><a class=\"btn btn-secondary understrap-read-more-link\" href=\"https:\/\/digalco.com\/fr\/produit\/hp-probook-640-g5-14-faute-core-i5-16ghz-8-gb-ram-500-gb-ssd-m2-1920x1080-fr-14369\/\">Lire la suite\u2026<span class=\"screen-reader-text\"> from HP ProBook 640 G5 14\u00a0\u00bb | Faute | Core i5 1.6GHz | 8 GB RAM | 500 GB SSD M2 1920&#215;1080<\/span><\/a><\/p>\n","protected":false},"featured_media":300144,"template":"","meta":[],"product_brand":[3854],"product_cat":[1549,1873,1517,1889],"product_tag":[],"class_list":{"0":"post-300279","1":"product","2":"type-product","3":"status-publish","4":"has-post-thumbnail","6":"product_brand-hp","7":"product_cat-notebooks-avec-des-defauts-fr","8":"product_cat-avec-des-defauts-fr","9":"product_cat-notebooks-fr","10":"product_cat-avec-des-defauts-notebooks-fr","12":"first","13":"instock","14":"taxable","15":"shipping-taxable","16":"purchasable","17":"product-type-simple"},"bundled_by":[],"bundle_stock_status":"instock","bundle_stock_quantity":16,"bundle_virtual":false,"bundle_layout":"","bundle_add_to_cart_form_location":"","bundle_editable_in_cart":false,"bundle_sold_individually_context":"","bundle_item_grouping":"","bundle_min_size":"","bundle_max_size":"","bundle_price":[],"bundled_items":[],"bundle_sell_ids":[],"exclude_global_add_ons":true,"addons":{"keyboard-iso-upgrades":{"name":"Choisir langue du clavier","type":"multiple_choice","position":0,"required":false,"title_format":"heading","default":"","description_enable":false,"description":"","placeholder_enable":false,"placeholder":"","display":"radiobutton","restrictions_type":"any_text","adjust_price":false,"price":"","price_type":"quantity_based","restrictions":false,"min":"0","max":"0","options":[{"label":"Autocollants fran\u00e7ais [AMP00084]","price":"0.0000","price_type":"quantity_based","image":0,"visibility":true},{"label":"Autocollants portugais [AMP00083]","price":"0.0000","price_type":"quantity_based","image":0,"visibility":true}]},"hdd-upgrades":{"name":"Extension disque dur","type":"multiple_choice","position":0,"required":false,"title_format":"heading","default":"","description_enable":false,"description":"","placeholder_enable":false,"placeholder":"","display":"radiobutton","restrictions_type":"any_text","adjust_price":false,"price":"","price_type":"quantity_based","restrictions":false,"min":"0","max":"0","options":[{"label":"Passez au disque SSD 1 Tb. M.2 2280 PCIe [AMP00107]","price":165,"price_type":"quantity_based","image":0,"visibility":true},{"label":"Passez au disque SSD 2 Tb. M.2 2280 PCIe [AMP00171]","price":260,"price_type":"quantity_based","image":0,"visibility":true}]},"os-upgrades":{"name":"Expansion SO","type":"multiple_choice","position":0,"required":false,"title_format":"heading","default":"","description_enable":false,"description":"","placeholder_enable":false,"placeholder":"","display":"radiobutton","restrictions_type":"any_text","adjust_price":false,"price":"","price_type":"quantity_based","restrictions":false,"min":"0","max":"0","options":[{"label":"Changer la langue en fran\u00e7ais [AMP00125]","price":"0.0000","price_type":"quantity_based","image":0,"visibility":true},{"label":"Changer la langue en anglais [AMP00008]","price":"0.0000","price_type":"quantity_based","image":0,"visibility":true},{"label":"Changer la langue en portugais [AMP00009]","price":"0.0000","price_type":"quantity_based","image":0,"visibility":true}]},"briefcase-upgrades":{"name":"Porte-documents","type":"multiple_choice","position":0,"required":false,"title_format":"heading","default":"","description_enable":false,"description":"","placeholder_enable":false,"placeholder":"","display":"radiobutton","restrictions_type":"any_text","adjust_price":false,"price":"","price_type":"quantity_based","restrictions":false,"min":"0","max":"0","options":[{"label":"Mallette Notebook [AMP00041]","price":"5.0000","price_type":"quantity_based","image":0,"visibility":true}]}},"df_price":182,"df_sale_price":"","df_regular_price":182,"df_image_link":"https:\/\/digalco.com\/wp-content\/uploads\/images\/product\/14369\/hp03176tr01_01-300x225.jpg","_links":{"self":[{"href":"https:\/\/digalco.com\/fr\/wp-json\/wp\/v2\/product\/300279","targetHints":{"allow":["GET"]}}],"collection":[{"href":"https:\/\/digalco.com\/fr\/wp-json\/wp\/v2\/product"}],"about":[{"href":"https:\/\/digalco.com\/fr\/wp-json\/wp\/v2\/types\/product"}],"wp:featuredmedia":[{"embeddable":true,"href":"https:\/\/digalco.com\/fr\/wp-json\/wp\/v2\/media\/300144"}],"wp:attachment":[{"href":"https:\/\/digalco.com\/fr\/wp-json\/wp\/v2\/media?parent=300279"}],"wp:term":[{"taxonomy":"product_brand","embeddable":true,"href":"https:\/\/digalco.com\/fr\/wp-json\/wp\/v2\/product_brand?post=300279"},{"taxonomy":"product_cat","embeddable":true,"href":"https:\/\/digalco.com\/fr\/wp-json\/wp\/v2\/product_cat?post=300279"},{"taxonomy":"product_tag","embeddable":true,"href":"https:\/\/digalco.com\/fr\/wp-json\/wp\/v2\/product_tag?post=300279"}],"curies":[{"name":"wp","href":"https:\/\/api.w.org\/{rel}","templated":true}]}}