{"id":301133,"date":"2026-02-09T13:10:46","date_gmt":"2026-02-09T12:10:46","guid":{"rendered":"https:\/\/digalco.com\/tienda\/lenovo-thinkcenter-a70z-aio-19-aio-faute-core-2-duo-293ghz-4-gb-ram-320-gb-hdd-fr-9592\/"},"modified":"2026-04-16T13:15:59","modified_gmt":"2026-04-16T11:15:59","slug":"lenovo-thinkcenter-a70z-aio-19-aio-faute-core-2-duo-293ghz-4-gb-ram-320-gb-hdd-fr-9592","status":"publish","type":"product","link":"https:\/\/digalco.com\/fr\/produit\/lenovo-thinkcenter-a70z-aio-19-aio-faute-core-2-duo-293ghz-4-gb-ram-320-gb-hdd-fr-9592\/","title":{"rendered":"Lenovo ThinkCenter A70Z AIO 19&Prime; AIO | Faute | Core 2 Duo 2.93GHz | 4 GB RAM | 320 GB HDD"},"content":{"rendered":"<p><strong>Processeur<\/strong><br \/>Intel Core 2 Duo E7500 2.93 GHz.<br \/><strong>Facteur de forme<\/strong><br \/>AIO<br \/><strong>M\u00e9moire RAM<\/strong><br \/>4 Gb. DDR3 RAM<br \/><strong>Disque dur<\/strong><br \/>320 Gb. SATA<br \/><strong>Lecteur optique<\/strong><br \/>DVD-RW<br \/><strong>Cartes<\/strong><br \/>Graphique: Intel G41 Express<br \/>Son: High Definition Audio<br \/>R\u00e9seau: PCI RTL8168D<br \/><strong>Syst\u00e8me op\u00e9ratif<\/strong><br \/>Ubuntu GNU\/Linux<br \/><strong>Ports<\/strong><br \/>S\u00e9rie<br \/>6x USB 2.0<br \/><strong>\u00c9cran<\/strong><br \/>TFT 19 \u00a0\u00bb HD 16:10  \u00b7 R\u00e9solution 1440&#215;900<br \/><strong>Multim\u00e9dias<\/strong><br \/>Webcam<br \/><strong>Affichage sp\u00e9cifique<\/strong><br \/>Stand VESA<br \/>Base<br \/><strong>Connectivit\u00e9<\/strong><br \/>RJ-45<br \/>WIFI<br \/><strong>Autres<\/strong><br \/>hR emballage<br \/><strong>Dimensions<\/strong><br \/>42x47x25 cm.<br \/><strong>Poids<\/strong><br \/>7.00 Kg.<br \/><strong>Commentaires<\/strong><br \/><u>L&rsquo;\u00e9cran pr\u00e9sente des rayures et des traces d&rsquo;usure sur le cadre. Cela n&rsquo;affecte en rien la qualit\u00e9 d&rsquo;affichage\u00a0; il s&rsquo;agit simplement de rayures sur le plastique du cadre. Une excellente opportunit\u00e9\u00a0! Consultez les photos ci-dessous. Pour toute question, n&rsquo;h\u00e9sitez pas \u00e0 nous appeler ou \u00e0 utiliser notre chat pour obtenir plus d&rsquo;informations ou demander des pr\u00e9cisions.<\/u><\/p>\n","protected":false},"excerpt":{"rendered":"<p>Intel Core 2 Duo E7500 2.93 GHz. \u00b7 4 Gb. DDR3 RAM \u00b7<u>Rayures sur le cadre de l&rsquo;\u00e9cran (Voir dans \u00ab + Photos \u00bb)<\/u> [&#8230;]<\/p>\n<p><a class=\"btn btn-secondary understrap-read-more-link\" href=\"https:\/\/digalco.com\/fr\/produit\/lenovo-thinkcenter-a70z-aio-19-aio-faute-core-2-duo-293ghz-4-gb-ram-320-gb-hdd-fr-9592\/\">Lire la suite\u2026<span class=\"screen-reader-text\"> from Lenovo ThinkCenter A70Z AIO 19&Prime; AIO | Faute | Core 2 Duo 2.93GHz | 4 GB RAM | 320 GB HDD<\/span><\/a><\/p>\n","protected":false},"featured_media":301058,"template":"","meta":[],"product_brand":[3856],"product_cat":[1489,1873,1469,1881],"product_tag":[],"class_list":{"0":"post-301133","1":"product","2":"type-product","3":"status-publish","4":"has-post-thumbnail","6":"product_brand-lenovo","7":"product_cat-ordinateurs-avec-des-defauts-fr","8":"product_cat-avec-des-defauts-fr","9":"product_cat-ordinateurs-fr","10":"product_cat-avec-des-defauts-ordinateurs-fr","12":"first","13":"instock","14":"taxable","15":"shipping-taxable","16":"purchasable","17":"product-type-simple"},"bundled_by":[],"bundle_stock_status":"instock","bundle_stock_quantity":1,"bundle_virtual":false,"bundle_layout":"","bundle_add_to_cart_form_location":"","bundle_editable_in_cart":false,"bundle_sold_individually_context":"","bundle_item_grouping":"","bundle_min_size":"","bundle_max_size":"","bundle_price":[],"bundled_items":[],"bundle_sell_ids":[],"exclude_global_add_ons":true,"addons":{"hdd-upgrades":{"name":"Extension disque dur","type":"multiple_choice","position":0,"required":false,"title_format":"heading","default":"","description_enable":false,"description":"","placeholder_enable":false,"placeholder":"","display":"radiobutton","restrictions_type":"any_text","adjust_price":false,"price":"","price_type":"quantity_based","restrictions":false,"min":"0","max":"0","options":[{"label":"Passez au disque SSD de 480 Gb. [AMP00014]","price":"59.0000","price_type":"quantity_based","image":0,"visibility":true},{"label":"Passez au disque SSD 1 Tb. [AMP00071]","price":"95.0000","price_type":"quantity_based","image":0,"visibility":true}]},"network-card-upgrades":{"name":"Extension WIFI","type":"multiple_choice","position":0,"required":false,"title_format":"heading","default":"","description_enable":false,"description":"","placeholder_enable":false,"placeholder":"","display":"radiobutton","restrictions_type":"any_text","adjust_price":false,"price":"","price_type":"quantity_based","restrictions":false,"min":"0","max":"0","options":[{"label":"Mise \u00e0 niveau nano USB sans fil [AMP00018]","price":"12.0000","price_type":"quantity_based","image":0,"visibility":true}]},"os-upgrades":{"name":"Expansion SO","type":"multiple_choice","position":0,"required":false,"title_format":"heading","default":"","description_enable":false,"description":"","placeholder_enable":false,"placeholder":"","display":"radiobutton","restrictions_type":"any_text","adjust_price":false,"price":"","price_type":"quantity_based","restrictions":false,"min":"0","max":"0","options":[{"label":"Changer la langue en fran\u00e7ais [AMP00125]","price":"0.0000","price_type":"quantity_based","image":0,"visibility":true},{"label":"Changer la langue en anglais [AMP00008]","price":"0.0000","price_type":"quantity_based","image":0,"visibility":true},{"label":"Changer la langue en portugais [AMP00009]","price":"0.0000","price_type":"quantity_based","image":0,"visibility":true}]}},"df_price":84,"df_sale_price":"","df_regular_price":84,"df_image_link":"https:\/\/digalco.com\/wp-content\/uploads\/images\/product\/9592\/leno00691tr01_01-300x225.jpg","_links":{"self":[{"href":"https:\/\/digalco.com\/fr\/wp-json\/wp\/v2\/product\/301133","targetHints":{"allow":["GET"]}}],"collection":[{"href":"https:\/\/digalco.com\/fr\/wp-json\/wp\/v2\/product"}],"about":[{"href":"https:\/\/digalco.com\/fr\/wp-json\/wp\/v2\/types\/product"}],"wp:featuredmedia":[{"embeddable":true,"href":"https:\/\/digalco.com\/fr\/wp-json\/wp\/v2\/media\/301058"}],"wp:attachment":[{"href":"https:\/\/digalco.com\/fr\/wp-json\/wp\/v2\/media?parent=301133"}],"wp:term":[{"taxonomy":"product_brand","embeddable":true,"href":"https:\/\/digalco.com\/fr\/wp-json\/wp\/v2\/product_brand?post=301133"},{"taxonomy":"product_cat","embeddable":true,"href":"https:\/\/digalco.com\/fr\/wp-json\/wp\/v2\/product_cat?post=301133"},{"taxonomy":"product_tag","embeddable":true,"href":"https:\/\/digalco.com\/fr\/wp-json\/wp\/v2\/product_tag?post=301133"}],"curies":[{"name":"wp","href":"https:\/\/api.w.org\/{rel}","templated":true}]}}