{"id":302318,"date":"2026-02-10T12:18:24","date_gmt":"2026-02-10T11:18:24","guid":{"rendered":"https:\/\/digalco.com\/tienda\/hp-proliant-dl360-g10-impecable-rack-reconditionne-xeon-2ghz-64-gb-ram-3048-gb-hdd-fr-14722\/"},"modified":"2026-02-10T12:19:12","modified_gmt":"2026-02-10T11:19:12","slug":"hp-proliant-dl360-g10-impecable-rack-reconditionne-xeon-2ghz-64-gb-ram-3048-gb-hdd-fr-14722","status":"publish","type":"product","link":"https:\/\/digalco.com\/fr\/produit\/hp-proliant-dl360-g10-impecable-rack-reconditionne-xeon-2ghz-64-gb-ram-3048-gb-hdd-fr-14722\/","title":{"rendered":"HP ProLiant DL360 G10-Impecable Rack | Reconditionn\u00e9 | Xeon 2GHz | 64 GB RAM | 3048 GB HDD"},"content":{"rendered":"<p><strong>Processeur<\/strong><br \/>2x Intel Xeon 20 core Gold 6138 2 GHz.<br \/><strong>Facteur de forme<\/strong><br \/>Rack  (1U)<br \/><strong>M\u00e9moire RAM<\/strong><br \/>64 Gb. DDR4 ECC RAM<br \/>24 emplacements (22 vide )<br \/><strong>Disque dur<\/strong><br \/>2x 2.98 Tb. SATA 3.5\u00a0\u00bb<br \/>4 emplacements (2 vide )<br \/><strong>Cartes<\/strong><br \/>Graphique: G200EH<br \/>R\u00e9seau: Ethernet Gigabit<br \/><strong>Syst\u00e8me op\u00e9ratif<\/strong><br \/>&#8211; Sans SO &#8211;<br \/><strong>Ports<\/strong><br \/>S\u00e9rie<br \/>3x USB 3.0<br \/><strong>Connectivit\u00e9<\/strong><br \/>4x RJ-45<br \/><strong>Source de courant<\/strong><br \/>2x Alimentations (Hotplug)<br \/><strong>Dimensions<\/strong><br \/>43.46x75x4.32 cm.<br \/><strong>Poids<\/strong><br \/>13.77 Kg.<br \/><strong>Sp\u00e9cifications suppl\u00e9mentaires<\/strong><br \/>Le HP ProLiant DL360 G10 repr\u00e9sente un saut qualitatif en mati\u00e8re de performances et de s\u00e9curit\u00e9 dans le format rack 1U, con\u00e7u pour les infrastructures modernes n\u00e9cessitant une haute densit\u00e9 de calcul et une fiabilit\u00e9 maximale. \u00c9quip\u00e9 de deux processeurs Intel Xeon Gold 6138 de 20 c\u0153urs, il offre une capacit\u00e9 de traitement exceptionnelle pour la virtualisation avanc\u00e9e, les bases de donn\u00e9es exigeantes, l\u2019analytique et les services d\u2019entreprise \u00e0 forte consommation.<br \/>Ses 64 Go de m\u00e9moire DDR4 ECC garantissent stabilit\u00e9 et protection des donn\u00e9es, avec une marge d\u2019\u00e9volution pour s\u2019adapter aux environnements en croissance. Le stockage SATA de grande capacit\u00e9, avec des unit\u00e9s de pr\u00e8s de 3 To, en fait une excellente option pour les r\u00e9f\u00e9rentiels de donn\u00e9es, les serveurs d\u2019applications et le stockage op\u00e9rationnel.<br \/>Le contr\u00f4leur RAID S100i SR, associ\u00e9 \u00e0 la gestion \u00e0 distance HPE iLO 5, permet un contr\u00f4le efficace du syst\u00e8me, facilitant l\u2019administration, la surveillance et la maintenance \u00e0 distance du serveur. Avec un ch\u00e2ssis pr\u00e9vu pour jusqu\u2019\u00e0 24 baies et des options d\u2019extension PCIe, ce mod\u00e8le se distingue par son \u00e9volutivit\u00e9 et sa long\u00e9vit\u00e9 au sein du centre de donn\u00e9es.<br \/>Un serveur con\u00e7u pour fonctionner 24\/7, destin\u00e9 aux infrastructures professionnelles \u00e0 la recherche de performances de derni\u00e8re g\u00e9n\u00e9ration, de s\u00e9curit\u00e9 avanc\u00e9e et d\u2019une plateforme solide pour l\u2019avenir.<br \/><b>Aspect ext\u00e9rieur impeccable<\/b>. Consultez \u00ab + Photos \u00bb et si vous avez des questions, appelez-nous ou utilisez notre chat pour obtenir plus d\u2019informations ou pour demander plus de d\u00e9tails.<br \/><strong>Commentaires<\/strong><br \/><u>Contr\u00f4leur Raid S100i SR &#8211; iLO 5 &#8211; 1xPCIe X16 \/ 1xPCIe X8<\/u><\/p>\n","protected":false},"excerpt":{"rendered":"<p>2x Intel Xeon 20 core Gold 6138 2 GHz. \u00b7 64 Gb. DDR4 ECC RAM \u00b7 2x 2.98 Tb. SATA 3.5\u00a0\u00bb \u00b7<br \/>\n<strong>Contr\u00f4leur Raid S100i SR &#8211; iLO 5<\/strong> &#8211; <u>1xPCIe X16 \/ 1xPCIe X8<br \/>\n<\/u> [&#8230;]<\/p>\n<p><a class=\"btn btn-secondary understrap-read-more-link\" href=\"https:\/\/digalco.com\/fr\/produit\/hp-proliant-dl360-g10-impecable-rack-reconditionne-xeon-2ghz-64-gb-ram-3048-gb-hdd-fr-14722\/\">Lire la suite\u2026<span class=\"screen-reader-text\"> from HP ProLiant DL360 G10-Impecable Rack | Reconditionn\u00e9 | Xeon 2GHz | 64 GB RAM | 3048 GB HDD<\/span><\/a><\/p>\n","protected":false},"featured_media":302198,"template":"","meta":[],"product_brand":[3854],"product_cat":[1633,1641],"product_tag":[],"class_list":{"0":"post-302318","1":"product","2":"type-product","3":"status-publish","4":"has-post-thumbnail","6":"product_brand-hp","7":"product_cat-serveurs-fr","8":"product_cat-serveurs-rack-fr","10":"first","11":"outofstock","12":"taxable","13":"shipping-taxable","14":"purchasable","15":"product-type-simple"},"bundled_by":[],"bundle_stock_status":"outofstock","bundle_stock_quantity":0,"bundle_virtual":false,"bundle_layout":"","bundle_add_to_cart_form_location":"","bundle_editable_in_cart":false,"bundle_sold_individually_context":"","bundle_item_grouping":"","bundle_min_size":"","bundle_max_size":"","bundle_price":[],"bundled_items":[],"bundle_sell_ids":[],"exclude_global_add_ons":true,"addons":{"hdd-upgrades":{"name":"Extension disque dur","type":"multiple_choice","position":0,"required":false,"title_format":"heading","default":"","description_enable":false,"description":"","placeholder_enable":false,"placeholder":"","display":"radiobutton","restrictions_type":"any_text","adjust_price":false,"price":"","price_type":"quantity_based","restrictions":false,"min":"0","max":"0","options":[{"label":"2x disque SSD 240 Gb. [AMP00058]","price":"100.0000","price_type":"quantity_based","image":0,"visibility":true},{"label":"2x disque SSD 480 Gb. [AMP00059]","price":"200.0000","price_type":"quantity_based","image":0,"visibility":true}]}},"df_price":1068,"df_sale_price":"","df_regular_price":1068,"df_image_link":"https:\/\/digalco.com\/wp-content\/uploads\/images\/product\/14722\/hp03260_01-300x225.jpg","_links":{"self":[{"href":"https:\/\/digalco.com\/fr\/wp-json\/wp\/v2\/product\/302318","targetHints":{"allow":["GET"]}}],"collection":[{"href":"https:\/\/digalco.com\/fr\/wp-json\/wp\/v2\/product"}],"about":[{"href":"https:\/\/digalco.com\/fr\/wp-json\/wp\/v2\/types\/product"}],"wp:featuredmedia":[{"embeddable":true,"href":"https:\/\/digalco.com\/fr\/wp-json\/wp\/v2\/media\/302198"}],"wp:attachment":[{"href":"https:\/\/digalco.com\/fr\/wp-json\/wp\/v2\/media?parent=302318"}],"wp:term":[{"taxonomy":"product_brand","embeddable":true,"href":"https:\/\/digalco.com\/fr\/wp-json\/wp\/v2\/product_brand?post=302318"},{"taxonomy":"product_cat","embeddable":true,"href":"https:\/\/digalco.com\/fr\/wp-json\/wp\/v2\/product_cat?post=302318"},{"taxonomy":"product_tag","embeddable":true,"href":"https:\/\/digalco.com\/fr\/wp-json\/wp\/v2\/product_tag?post=302318"}],"curies":[{"name":"wp","href":"https:\/\/api.w.org\/{rel}","templated":true}]}}