{"id":302508,"date":"2026-02-10T16:01:30","date_gmt":"2026-02-10T15:01:30","guid":{"rendered":"https:\/\/digalco.com\/tienda\/lenovo-yoga-book-yb1-x91f-10-reconditionne-atom-144ghz-4-gb-ram-60-gb-ssd-m2-1920x1200-fr-14592\/"},"modified":"2026-02-10T16:01:51","modified_gmt":"2026-02-10T15:01:51","slug":"lenovo-yoga-book-yb1-x91f-10-reconditionne-atom-144ghz-4-gb-ram-60-gb-ssd-m2-1920x1200-fr-14592","status":"publish","type":"product","link":"https:\/\/digalco.com\/fr\/produit\/lenovo-yoga-book-yb1-x91f-10-reconditionne-atom-144ghz-4-gb-ram-60-gb-ssd-m2-1920x1200-fr-14592\/","title":{"rendered":"Lenovo Yoga Book YB1-X91F 10\u00a0\u00bb | Reconditionn\u00e9 | Atom 1.44GHz | 4 GB RAM | 60 GB SSD M2 1920&#215;1200"},"content":{"rendered":"<p><strong>Processeur<\/strong><br \/>Intel Atom x5-z8550 1.44 GHz.<br \/><strong>M\u00e9moire RAM<\/strong><br \/>4 Gb. SO-DDR4 RAM<br \/><strong>Disque dur<\/strong><br \/>60 Gb. SSD M2<br \/><strong>Cartes<\/strong><br \/>Graphique: Intel HD<br \/>Son: Realtek i2s<br \/><strong>Syst\u00e8me op\u00e9ratif<\/strong><br \/>Windows 10 Pro<br \/><strong>\u00c9cran<\/strong><br \/>Tactile 10 \u00a0\u00bb FullHD 16:9 \u00b7 R\u00e9solution 1920&#215;1200<br \/><strong>Multim\u00e9dias<\/strong><br \/>Cam\u00e9ra arri\u00e8re<br \/>Cam\u00e9ra frontale<br \/><strong>Connectivit\u00e9<\/strong><br \/>WIFI<br \/>Bluetooth<br \/><strong>Autres<\/strong><br \/>hR emballage<br \/><strong>Dimensions<\/strong><br \/>25x20x1 cm.<br \/><strong>Poids<\/strong><br \/>1.00 Kg.<br \/><strong>Sp\u00e9cifications suppl\u00e9mentaires<\/strong><br \/>La Lenovo Yoga Book YB1-X91F est une tablette convertible unique, con\u00e7ue pour les utilisateurs \u00e0 la recherche d\u2019une mobilit\u00e9 extr\u00eame, d\u2019un design innovant et d\u2019une exp\u00e9rience diff\u00e9rente au quotidien. Id\u00e9ale pour les professionnels cr\u00e9atifs, les \u00e9tudiants ou les utilisateurs qui privil\u00e9gient la portabilit\u00e9 et la polyvalence, elle offre la puissance n\u00e9cessaire pour travailler, naviguer et cr\u00e9er du contenu partout avec Windows 10 Pro.\u00c9quip\u00e9e d\u2019un processeur Intel Atom x5-Z8550, de 4 Go de m\u00e9moire RAM DDR4 et d\u2019un stockage SSD M.2 de 60 Go, elle garantit un fonctionnement efficace pour les t\u00e2ches quotidiennes, les applications bureautiques, la navigation web et la consommation multim\u00e9dia. Son \u00e9cran tactile FullHD de 10 pouces avec une r\u00e9solution de 1920 x 1200 au format 16:10 offre une visualisation nette et confortable, parfaite pour la lecture, l\u2019\u00e9dition l\u00e9g\u00e8re et les pr\u00e9sentations.La Lenovo Yoga Book se distingue par son concept novateur, sa l\u00e9g\u00e8ret\u00e9 et sa flexibilit\u00e9, permettant de travailler comme tablette ou ordinateur portable selon le moment. Un appareil diff\u00e9rent qui apporte valeur, originalit\u00e9 et fonctionnalit\u00e9, id\u00e9al pour ceux qui recherchent une tablette Windows compacte, \u00e9l\u00e9gante et con\u00e7ue pour vous accompagner partout.Bon aspect ext\u00e9rieur. Si vous avez des questions, appelez-nous ou utilisez notre chat pour obtenir plus d\u2019informations ou pour demander plus de d\u00e9tails.<\/p>\n","protected":false},"excerpt":{"rendered":"<p>Intel Atom x5-z8550 1.44 GHz. \u00b7 4 Gb. SO-DDR4 RAM \u00b7 60 Gb. SSD M2 \u00b7 Windows 10 Pro \u00b7 Tactile 10 \u00a0\u00bb FullHD 16:9 \u00b7<u>Clavier international avec autocollants en fran\u00e7ais<\/u> [&#8230;]<\/p>\n<p><a class=\"btn btn-secondary understrap-read-more-link\" href=\"https:\/\/digalco.com\/fr\/produit\/lenovo-yoga-book-yb1-x91f-10-reconditionne-atom-144ghz-4-gb-ram-60-gb-ssd-m2-1920x1200-fr-14592\/\">Lire la suite\u2026<span class=\"screen-reader-text\"> from Lenovo Yoga Book YB1-X91F 10\u00a0\u00bb | Reconditionn\u00e9 | Atom 1.44GHz | 4 GB RAM | 60 GB SSD M2 1920&#215;1200<\/span><\/a><\/p>\n","protected":false},"featured_media":302418,"template":"","meta":[],"product_brand":[3856],"product_cat":[3094,1517,1581,1533],"product_tag":[],"class_list":{"0":"post-302508","1":"product","2":"type-product","3":"status-publish","4":"has-post-thumbnail","6":"product_brand-lenovo","7":"product_cat-tablettes-tablettes-fr","8":"product_cat-notebooks-fr","9":"product_cat-tablettes-fr","10":"product_cat-notebooks-tactiles-fr","12":"first","13":"outofstock","14":"taxable","15":"shipping-taxable","16":"purchasable","17":"product-type-simple"},"bundled_by":[],"bundle_stock_status":"outofstock","bundle_stock_quantity":0,"bundle_virtual":false,"bundle_layout":"","bundle_add_to_cart_form_location":"","bundle_editable_in_cart":false,"bundle_sold_individually_context":"","bundle_item_grouping":"","bundle_min_size":"","bundle_max_size":"","bundle_price":[],"bundled_items":[],"bundle_sell_ids":[],"exclude_global_add_ons":true,"addons":{"keyboard-iso-upgrades":{"name":"Choisir langue du clavier","type":"multiple_choice","position":0,"required":false,"title_format":"heading","default":"","description_enable":false,"description":"","placeholder_enable":false,"placeholder":"","display":"radiobutton","restrictions_type":"any_text","adjust_price":false,"price":"","price_type":"quantity_based","restrictions":false,"min":"0","max":"0","options":[{"label":"Autocollants espagnols [AMP00082]","price":"0.0000","price_type":"quantity_based","image":0,"visibility":true},{"label":"Autocollants fran\u00e7ais [AMP00084]","price":"0.0000","price_type":"quantity_based","image":0,"visibility":true},{"label":"Autocollants portugais [AMP00083]","price":"0.0000","price_type":"quantity_based","image":0,"visibility":true}]},"os-upgrades":{"name":"Expansion SO","type":"multiple_choice","position":0,"required":false,"title_format":"heading","default":"","description_enable":false,"description":"","placeholder_enable":false,"placeholder":"","display":"radiobutton","restrictions_type":"any_text","adjust_price":false,"price":"","price_type":"quantity_based","restrictions":false,"min":"0","max":"0","options":[{"label":"Changer la langue en fran\u00e7ais [AMP00125]","price":"0.0000","price_type":"quantity_based","image":0,"visibility":true},{"label":"Changer la langue en anglais [AMP00008]","price":"0.0000","price_type":"quantity_based","image":0,"visibility":true},{"label":"Changer la langue en portugais [AMP00009]","price":"0.0000","price_type":"quantity_based","image":0,"visibility":true}]}},"df_price":90,"df_sale_price":"","df_regular_price":90,"df_image_link":"https:\/\/digalco.com\/wp-content\/uploads\/images\/product\/14592\/leno01125_01-300x225.jpg","_links":{"self":[{"href":"https:\/\/digalco.com\/fr\/wp-json\/wp\/v2\/product\/302508","targetHints":{"allow":["GET"]}}],"collection":[{"href":"https:\/\/digalco.com\/fr\/wp-json\/wp\/v2\/product"}],"about":[{"href":"https:\/\/digalco.com\/fr\/wp-json\/wp\/v2\/types\/product"}],"wp:featuredmedia":[{"embeddable":true,"href":"https:\/\/digalco.com\/fr\/wp-json\/wp\/v2\/media\/302418"}],"wp:attachment":[{"href":"https:\/\/digalco.com\/fr\/wp-json\/wp\/v2\/media?parent=302508"}],"wp:term":[{"taxonomy":"product_brand","embeddable":true,"href":"https:\/\/digalco.com\/fr\/wp-json\/wp\/v2\/product_brand?post=302508"},{"taxonomy":"product_cat","embeddable":true,"href":"https:\/\/digalco.com\/fr\/wp-json\/wp\/v2\/product_cat?post=302508"},{"taxonomy":"product_tag","embeddable":true,"href":"https:\/\/digalco.com\/fr\/wp-json\/wp\/v2\/product_tag?post=302508"}],"curies":[{"name":"wp","href":"https:\/\/api.w.org\/{rel}","templated":true}]}}