{"id":303483,"date":"2026-02-11T11:57:32","date_gmt":"2026-02-11T10:57:32","guid":{"rendered":"https:\/\/digalco.com\/tienda\/hp-elitedesk-800-g6-mini-reconditionne-core-i5-23ghz-16-gb-ram-256-gb-ssd-m2-fr-14710\/"},"modified":"2026-02-11T11:57:58","modified_gmt":"2026-02-11T10:57:58","slug":"hp-elitedesk-800-g6-mini-reconditionne-core-i5-23ghz-16-gb-ram-256-gb-ssd-m2-fr-14710","status":"publish","type":"product","link":"https:\/\/digalco.com\/fr\/produit\/hp-elitedesk-800-g6-mini-reconditionne-core-i5-23ghz-16-gb-ram-256-gb-ssd-m2-fr-14710\/","title":{"rendered":"HP EliteDesk 800 G6 Mini | Reconditionn\u00e9 | Core i5 2.3GHz | 16 GB RAM | 256 GB SSD M2"},"content":{"rendered":"<p><strong>Processeur<\/strong><br \/>Intel Core i5 10500T 2.3 GHz.<br \/><strong>Facteur de forme<\/strong><br \/>Mini<br \/><strong>M\u00e9moire RAM<\/strong><br \/>16 Gb. SO-DDR4 RAM<br \/><strong>Disque dur<\/strong><br \/>256 Gb. SSD M2<br \/><strong>Cartes<\/strong><br \/>Graphique: UHD 630<br \/>Son: Hight Definition Audio<br \/>R\u00e9seau: I219-LM<br \/><strong>Syst\u00e8me op\u00e9ratif<\/strong><br \/>Windows 11 Pro<br \/><strong>Ports<\/strong><br \/>USB-C<br \/>6x USB 3.1<br \/><strong>Ports vid\u00e9o<\/strong><br \/>2x Display Port<br \/><strong>Connectivit\u00e9<\/strong><br \/>RJ-45<br \/>WIFI<br \/><strong>Autres<\/strong><br \/>hR emballage<br \/><strong>Dimensions<\/strong><br \/>1718&#215;3.5&#215;1718 cm.<br \/><strong>Poids<\/strong><br \/>3.00 Kg.<br \/><strong>Sp\u00e9cifications suppl\u00e9mentaires<\/strong><br \/>Le HP EliteDesk 800 G6 Mini est un ordinateur de bureau professionnel compact con\u00e7u pour offrir de hautes performances dans des espaces r\u00e9duits sans renoncer \u00e0 la puissance ni \u00e0 la s\u00e9curit\u00e9. \u00c9quip\u00e9 du Intel Core i5-10500T \u00e0 6 c\u0153urs, il offre une exp\u00e9rience fluide en multit\u00e2che, applications professionnelles et environnements de travail exigeants, tout en maintenant une consommation \u00e9nerg\u00e9tique optimis\u00e9e et un fonctionnement silencieux.Ses 16 Go de m\u00e9moire DDR4 font la diff\u00e9rence dans des sc\u00e9narios d\u2019utilisation intensive, permettant de travailler avec plusieurs applications ouvertes en toute stabilit\u00e9. Le SSD M.2 de 256 Go garantit des d\u00e9marrages rapides et une r\u00e9ponse imm\u00e9diate du syst\u00e8me, am\u00e9liorant la productivit\u00e9 d\u00e8s le premier instant. Avec Windows 11 Pro et TPM 2.0, ce PC de bureau pour entreprise int\u00e8gre une s\u00e9curit\u00e9 avanc\u00e9e et des outils de gestion con\u00e7us pour les environnements professionnels.L\u2019int\u00e9gration du Wi-Fi apporte une flexibilit\u00e9 maximale d\u2019installation, tandis que l\u2019emplacement M.2 2280 libre pour le stockage facilite les extensions futures sans complications. Son format Mini permet de l\u2019installer derri\u00e8re le moniteur ou dans des espaces discrets, optimisant le poste de travail et apportant un ordre visuel.Un ordinateur de bureau compact, \u00e9volutif et hautement fiable, id\u00e9al pour les bureaux modernes qui recherchent efficacit\u00e9, s\u00e9curit\u00e9 et performances stables \u00e0 long terme dans un \u00e9quipement pr\u00eat \u00e0 \u00e9voluer avec l\u2019entreprise.Bon aspect ext\u00e9rieur. Peut pr\u00e9senter de l\u00e9g\u00e8res marques d\u2019utilisation sur le bo\u00eetier. Regardez dans \u201c+ Photos\u201d et si vous avez des questions appelez-nous ou utilisez notre chat pour \u00e9largir les informations ou pour demander plus de d\u00e9tails.<br \/><strong>Commentaires<\/strong><br \/><u>Wi-Fi &#8211; 1xM.2 2280 pour le stockage disponible<\/u><\/p>\n","protected":false},"excerpt":{"rendered":"<p>Intel Core i5 10500T 2.3 GHz. \u00b7 16 Gb. SO-DDR4 RAM \u00b7 256 Gb. SSD M2 \u00b7 <strong>Windows 11 Pro \u00b7<br \/>\nWi-Fi<\/strong> &#8211; <u>1xM.2 2280 pour le stockage disponible<br \/>\n<\/u> [&#8230;]<\/p>\n<p><a class=\"btn btn-secondary understrap-read-more-link\" href=\"https:\/\/digalco.com\/fr\/produit\/hp-elitedesk-800-g6-mini-reconditionne-core-i5-23ghz-16-gb-ram-256-gb-ssd-m2-fr-14710\/\">Lire la suite\u2026<span class=\"screen-reader-text\"> from HP EliteDesk 800 G6 Mini | Reconditionn\u00e9 | Core i5 2.3GHz | 16 GB RAM | 256 GB SSD M2<\/span><\/a><\/p>\n","protected":false},"featured_media":303393,"template":"","meta":[],"product_brand":[3854],"product_cat":[1481,1469],"product_tag":[],"class_list":{"0":"post-303483","1":"product","2":"type-product","3":"status-publish","4":"has-post-thumbnail","6":"product_brand-hp","7":"product_cat-ordinateurs-mini-fr","8":"product_cat-ordinateurs-fr","10":"first","11":"instock","12":"taxable","13":"shipping-taxable","14":"purchasable","15":"product-type-simple"},"bundled_by":[],"bundle_stock_status":"instock","bundle_stock_quantity":19,"bundle_virtual":false,"bundle_layout":"","bundle_add_to_cart_form_location":"","bundle_editable_in_cart":false,"bundle_sold_individually_context":"","bundle_item_grouping":"","bundle_min_size":"","bundle_max_size":"","bundle_price":[],"bundled_items":[],"bundle_sell_ids":[],"exclude_global_add_ons":true,"addons":{"webcam-upgrades":{"name":"Extension Webcam","type":"multiple_choice","position":0,"required":false,"title_format":"heading","default":"","description_enable":false,"description":"","placeholder_enable":false,"placeholder":"","display":"radiobutton","restrictions_type":"any_text","adjust_price":false,"price":"","price_type":"quantity_based","restrictions":false,"min":"0","max":"0","options":[{"label":"Conceptronic AMDIS FullHD [AMP00085]","price":"29.0000","price_type":"quantity_based","image":0,"visibility":true}]},"ram-memory-upgrades":{"name":"Extension RAM","type":"multiple_choice","position":0,"required":false,"title_format":"heading","default":"","description_enable":false,"description":"","placeholder_enable":false,"placeholder":"","display":"radiobutton","restrictions_type":"any_text","adjust_price":false,"price":"","price_type":"quantity_based","restrictions":false,"min":"0","max":"0","options":[{"label":"Extension de 32 Gb de RAM SODIMM [AMP00098]","price":"150.0000","price_type":"quantity_based","image":0,"visibility":true}]},"hdd-upgrades":{"name":"Extension disque dur","type":"multiple_choice","position":0,"required":false,"title_format":"heading","default":"","description_enable":false,"description":"","placeholder_enable":false,"placeholder":"","display":"radiobutton","restrictions_type":"any_text","adjust_price":false,"price":"","price_type":"quantity_based","restrictions":false,"min":"0","max":"0","options":[{"label":"Passez au disque SSD de 500 Gb. M.2 2280PCIe [AMP00106]","price":110,"price_type":"quantity_based","image":0,"visibility":true},{"label":"Passez au disque SSD 1 Tb. M.2 2280 PCIe [AMP00107]","price":165,"price_type":"quantity_based","image":0,"visibility":true},{"label":"Passez au disque SSD 2 Tb. M.2 2280 PCIe [AMP00171]","price":260,"price_type":"quantity_based","image":0,"visibility":true},{"label":"SSD suppl\u00e9mentaire 500 Gb. M.2 2280 PCIe [AMP00108]","price":115,"price_type":"quantity_based","image":0,"visibility":true},{"label":"Disque SSD de 1 Tb. M.2 2280 PCIe suppl\u00e9mentaire [AMP00109]","price":170,"price_type":"quantity_based","image":0,"visibility":true},{"label":"Disque SSD de 2 Tb. M.2 2280 PCIe suppl\u00e9mentaire [AMP00176]","price":265,"price_type":"quantity_based","image":0,"visibility":true}]},"os-upgrades":{"name":"Expansion SO","type":"multiple_choice","position":0,"required":false,"title_format":"heading","default":"","description_enable":false,"description":"","placeholder_enable":false,"placeholder":"","display":"radiobutton","restrictions_type":"any_text","adjust_price":false,"price":"","price_type":"quantity_based","restrictions":false,"min":"0","max":"0","options":[{"label":"Changer la langue en fran\u00e7ais [AMP00125]","price":"0.0000","price_type":"quantity_based","image":0,"visibility":true},{"label":"Changer la langue en anglais [AMP00008]","price":"0.0000","price_type":"quantity_based","image":0,"visibility":true},{"label":"Changer la langue en portugais [AMP00009]","price":"0.0000","price_type":"quantity_based","image":0,"visibility":true}]},"keyboard-upgrades":{"name":"Extension clavier","type":"multiple_choice","position":0,"required":false,"title_format":"heading","default":"","description_enable":false,"description":"","placeholder_enable":false,"placeholder":"","display":"radiobutton","restrictions_type":"any_text","adjust_price":false,"price":"","price_type":"quantity_based","restrictions":false,"min":"0","max":"0","options":[{"label":"Clavier et souris [AMP00020]","price":"8.0000","price_type":"quantity_based","image":0,"visibility":true},{"label":"Clavier et souris Portuguese New [AMP00088]","price":"15.0000","price_type":"quantity_based","image":0,"visibility":true},{"label":"Clavier et souris USB espagnols (Nouveau) [AMP00068]","price":"12.0000","price_type":"quantity_based","image":0,"visibility":true}]}},"df_price":373,"df_sale_price":"","df_regular_price":373,"df_image_link":"https:\/\/digalco.com\/wp-content\/uploads\/images\/product\/14710\/hp03255_01-300x225.jpg","_links":{"self":[{"href":"https:\/\/digalco.com\/fr\/wp-json\/wp\/v2\/product\/303483","targetHints":{"allow":["GET"]}}],"collection":[{"href":"https:\/\/digalco.com\/fr\/wp-json\/wp\/v2\/product"}],"about":[{"href":"https:\/\/digalco.com\/fr\/wp-json\/wp\/v2\/types\/product"}],"wp:featuredmedia":[{"embeddable":true,"href":"https:\/\/digalco.com\/fr\/wp-json\/wp\/v2\/media\/303393"}],"wp:attachment":[{"href":"https:\/\/digalco.com\/fr\/wp-json\/wp\/v2\/media?parent=303483"}],"wp:term":[{"taxonomy":"product_brand","embeddable":true,"href":"https:\/\/digalco.com\/fr\/wp-json\/wp\/v2\/product_brand?post=303483"},{"taxonomy":"product_cat","embeddable":true,"href":"https:\/\/digalco.com\/fr\/wp-json\/wp\/v2\/product_cat?post=303483"},{"taxonomy":"product_tag","embeddable":true,"href":"https:\/\/digalco.com\/fr\/wp-json\/wp\/v2\/product_tag?post=303483"}],"curies":[{"name":"wp","href":"https:\/\/api.w.org\/{rel}","templated":true}]}}