{"id":304495,"date":"2026-02-11T17:56:07","date_gmt":"2026-02-11T16:56:07","guid":{"rendered":"https:\/\/digalco.com\/tienda\/hp-proliant-ml30-g9-impecable-tour-reconditionne-xeon-quad-core-34ghz-32-gb-ram-600-gb-sas-fr-14723\/"},"modified":"2026-03-20T14:23:43","modified_gmt":"2026-03-20T13:23:43","slug":"hp-proliant-ml30-g9-impecable-tour-reconditionne-xeon-quad-core-34ghz-32-gb-ram-600-gb-sas-fr-14723","status":"publish","type":"product","link":"https:\/\/digalco.com\/fr\/produit\/hp-proliant-ml30-g9-impecable-tour-reconditionne-xeon-quad-core-34ghz-32-gb-ram-600-gb-sas-fr-14723\/","title":{"rendered":"HP Proliant ML30 G9-Impecable Tour | Reconditionn\u00e9 | Xeon Quad Core 3.4GHz | 32 GB RAM | 600 GB SAS"},"content":{"rendered":"<p><strong>Processeur<\/strong><br \/>Intel Xeon Quad Core E3-1230 v5 3.4 GHz.<br \/><strong>Facteur de forme<\/strong><br \/>Tour<br \/><strong>M\u00e9moire RAM<\/strong><br \/>32 Gb. DDR4 RAM<br \/>4 emplacements (0 vide )<br \/><strong>Disque dur<\/strong><br \/>4x 600 Gb. SAS 2.5\u00a0\u00bb 10000rpm<br \/>8 emplacements (4 vide )<br \/><strong>Lecteur optique<\/strong><br \/>DVD<br \/><strong>Syst\u00e8me op\u00e9ratif<\/strong><br \/>&#8211; Sans SO &#8211;<br \/><strong>Ports<\/strong><br \/>2x USB 2.0<br \/>6x USB 3.0<br \/><strong>Connectivit\u00e9<\/strong><br \/>2x RJ-45<br \/><strong>Source de courant<\/strong><br \/>2x Alimentations<br \/><strong>Autres<\/strong><br \/>hR emballage<br \/><strong>Dimensions<\/strong><br \/>52x37x17.5 cm.<br \/><strong>Poids<\/strong><br \/>15.00 Kg.<br \/><strong>Sp\u00e9cifications suppl\u00e9mentaires<\/strong><br \/>Le HP ProLiant ML30 G9 au format tour est une solution id\u00e9ale pour les bureaux et environnements professionnels qui ont besoin d\u2019un serveur d\u00e9di\u00e9, fiable et haute performance sans recourir \u00e0 une infrastructure rack. \u00c9quip\u00e9 d\u2019un Intel Xeon E3-1230 v5 Quad Core \u00e0 3.4 GHz, il offre un excellent \u00e9quilibre entre puissance et efficacit\u00e9, parfait pour serveur de fichiers, domaine, ERP, sauvegardes ou applications professionnelles.<br \/>Ses 32 Go de m\u00e9moire DDR4 permettent de travailler avec fluidit\u00e9 dans des environnements multit\u00e2ches, garantissant stabilit\u00e9 et continuit\u00e9 op\u00e9rationnelle. Le stockage SAS \u00e0 10 000 tr\/min, avec 4 disques de 600 Go, offre vitesse et s\u00e9curit\u00e9 dans l\u2019acc\u00e8s aux donn\u00e9es critiques, renforc\u00e9 par le contr\u00f4leur HP Smart Array P440, qui permet des configurations RAID orient\u00e9es vers la protection et la performance.<br \/>Gr\u00e2ce \u00e0 son architecture extensible, ses multiples slots PCIe et sa capacit\u00e9 de stockage suppl\u00e9mentaire, le ML30 G9 est une plateforme pr\u00eate \u00e0 \u00e9voluer selon les besoins de l\u2019entreprise. Son format tour facilite l\u2019installation dans tout environnement professionnel, offrant un fonctionnement stable 24\/7 avec la fiabilit\u00e9 caract\u00e9ristique de la gamme ProLiant.<br \/>Une solution solide, polyvalente et rentable pour ceux qui recherchent un serveur HP professionnel au format tour avec des performances d\u2019entreprise et une r\u00e9elle capacit\u00e9 d\u2019extension.<br \/><b>Aspect ext\u00e9rieur impeccable<\/b>. Regardez dans \u201c+ Photos\u201d et \u00ab\u00a0Video\u00a0\u00bb et si vous avez la moindre question appelez-nous ou utilisez notre chat pour obtenir plus d\u2019informations ou pour demander plus de d\u00e9tails.<br \/><strong>Commentaires<\/strong><br \/><u>HP Smart Array P440 &#8211; 1xPCIe X16 \/ 1xPCIe X8 \/ 2xPCie X4<\/u><\/p>\n","protected":false},"excerpt":{"rendered":"<p>Intel Xeon Quad Core E3-1230 v5 3.4 GHz. \u00b7 32 Gb. DDR4 RAM \u00b7 4x 600 Gb. SAS 2.5\u00a0\u00bb \u00b7 DVD \u00b7<br \/>\n<strong>HP Smart Array P440<\/strong> &#8211; <u>1xPCIe X16 \/ 1xPCIe X8 \/ 2xPCie X4<br \/>\n<\/u> [&#8230;]<\/p>\n<p><a class=\"btn btn-secondary understrap-read-more-link\" href=\"https:\/\/digalco.com\/fr\/produit\/hp-proliant-ml30-g9-impecable-tour-reconditionne-xeon-quad-core-34ghz-32-gb-ram-600-gb-sas-fr-14723\/\">Lire la suite\u2026<span class=\"screen-reader-text\"> from HP Proliant ML30 G9-Impecable Tour | Reconditionn\u00e9 | Xeon Quad Core 3.4GHz | 32 GB RAM | 600 GB SAS<\/span><\/a><\/p>\n","protected":false},"featured_media":304420,"template":"","meta":[],"product_brand":[3854],"product_cat":[1645,1633],"product_tag":[],"class_list":{"0":"post-304495","1":"product","2":"type-product","3":"status-publish","4":"has-post-thumbnail","6":"product_brand-hp","7":"product_cat-serveurs-la-tour-fr","8":"product_cat-serveurs-fr","10":"first","11":"instock","12":"taxable","13":"shipping-taxable","14":"purchasable","15":"product-type-simple"},"bundled_by":[],"bundle_stock_status":"instock","bundle_stock_quantity":6,"bundle_virtual":false,"bundle_layout":"","bundle_add_to_cart_form_location":"","bundle_editable_in_cart":false,"bundle_sold_individually_context":"","bundle_item_grouping":"","bundle_min_size":"","bundle_max_size":"","bundle_price":[],"bundled_items":[],"bundle_sell_ids":[],"exclude_global_add_ons":true,"addons":{"ram-memory-upgrades":{"name":"Extension RAM","type":"multiple_choice","position":0,"required":false,"title_format":"heading","default":"","description_enable":false,"description":"","placeholder_enable":false,"placeholder":"","display":"radiobutton","restrictions_type":"any_text","adjust_price":false,"price":"","price_type":"quantity_based","restrictions":false,"min":"0","max":"0","options":[{"label":"Extension de 64 Gb de RAM DDR4 ECC [AMP00134]","price":"230.0000","price_type":"quantity_based","image":0,"visibility":true}]},"hdd-upgrades":{"name":"Extension disque dur","type":"multiple_choice","position":0,"required":false,"title_format":"heading","default":"","description_enable":false,"description":"","placeholder_enable":false,"placeholder":"","display":"radiobutton","restrictions_type":"any_text","adjust_price":false,"price":"","price_type":"quantity_based","restrictions":false,"min":"0","max":"0","options":[{"label":"2x disque SSD 240 Gb. [AMP00058]","price":"100.0000","price_type":"quantity_based","image":0,"visibility":true},{"label":"2x disque SSD 480 Gb. [AMP00059]","price":"200.0000","price_type":"quantity_based","image":0,"visibility":true}]}},"df_price":590,"df_sale_price":"","df_regular_price":590,"df_image_link":"https:\/\/digalco.com\/wp-content\/uploads\/images\/product\/14723\/hp03261_01-300x225.jpg","_links":{"self":[{"href":"https:\/\/digalco.com\/fr\/wp-json\/wp\/v2\/product\/304495","targetHints":{"allow":["GET"]}}],"collection":[{"href":"https:\/\/digalco.com\/fr\/wp-json\/wp\/v2\/product"}],"about":[{"href":"https:\/\/digalco.com\/fr\/wp-json\/wp\/v2\/types\/product"}],"wp:featuredmedia":[{"embeddable":true,"href":"https:\/\/digalco.com\/fr\/wp-json\/wp\/v2\/media\/304420"}],"wp:attachment":[{"href":"https:\/\/digalco.com\/fr\/wp-json\/wp\/v2\/media?parent=304495"}],"wp:term":[{"taxonomy":"product_brand","embeddable":true,"href":"https:\/\/digalco.com\/fr\/wp-json\/wp\/v2\/product_brand?post=304495"},{"taxonomy":"product_cat","embeddable":true,"href":"https:\/\/digalco.com\/fr\/wp-json\/wp\/v2\/product_cat?post=304495"},{"taxonomy":"product_tag","embeddable":true,"href":"https:\/\/digalco.com\/fr\/wp-json\/wp\/v2\/product_tag?post=304495"}],"curies":[{"name":"wp","href":"https:\/\/api.w.org\/{rel}","templated":true}]}}