{"id":305858,"date":"2026-02-16T10:48:01","date_gmt":"2026-02-16T09:48:01","guid":{"rendered":"https:\/\/digalco.com\/tienda\/getac-s410-rugged-extreme-14-reconditionne-core-i5-23ghz-8-gb-ram-512-gb-ssd-1920x1080-fr-14600\/"},"modified":"2026-02-16T10:48:43","modified_gmt":"2026-02-16T09:48:43","slug":"getac-s410-rugged-extreme-14-reconditionne-core-i5-23ghz-8-gb-ram-512-gb-ssd-1920x1080-fr-14600","status":"publish","type":"product","link":"https:\/\/digalco.com\/fr\/produit\/getac-s410-rugged-extreme-14-reconditionne-core-i5-23ghz-8-gb-ram-512-gb-ssd-1920x1080-fr-14600\/","title":{"rendered":"GETAC S410 Rugged Extreme 14\u00a0\u00bb | Reconditionn\u00e9 | Core i5 2.3GHz | 8 GB RAM | 512 GB SSD 1920&#215;1080"},"content":{"rendered":"<p><strong>Processeur<\/strong><br \/>Intel Core i5 6200U 2.3 GHz.<br \/><strong>M\u00e9moire RAM<\/strong><br \/>8 Gb. SO-DDR3 RAM<br \/><strong>Disque dur<\/strong><br \/>512 Gb. SSD<br \/><strong>Lecteur optique<\/strong><br \/>DVD-RW<br \/><strong>Cartes<\/strong><br \/>Graphique: Intel Hd Graphics 520<br \/>Son: High Definition Audio<br \/>R\u00e9seau: Intel Ethernet Connection I219-LM<br \/><strong>Syst\u00e8me op\u00e9ratif<\/strong><br \/>Windows 10 Pro<br \/><strong>Ports<\/strong><br \/>USB 2.0<br \/>3x USB 3.0<br \/><strong>\u00c9cran<\/strong><br \/>Led 14 \u00a0\u00bb FullHD 16:9  \u00b7 R\u00e9solution 1920&#215;1080<br \/><strong>Ports vid\u00e9o<\/strong><br \/>HDMI<br \/><strong>Multim\u00e9dias<\/strong><br \/>Lecteur SD<br \/><strong>Connectivit\u00e9<\/strong><br \/>RJ-45<br \/>WIFI<br \/>Bluetooth<br \/>4G<br \/><strong>Notebook sp\u00e9cifique<\/strong><br \/>Langue du clavier International (autocollants espagnols)<br \/><strong>Autres<\/strong><br \/>hR emballage<br \/><strong>Dimensions<\/strong><br \/>35x29x4 cm.<br \/><strong>Poids<\/strong><br \/>2.35 Kg.<br \/><strong>Sp\u00e9cifications suppl\u00e9mentaires<\/strong><br \/>Le Getac S410 Rugged Extreme est un ordinateur portable professionnel durci con\u00e7u pour offrir une fiabilit\u00e9 maximale et une continuit\u00e9 op\u00e9rationnelle dans les environnements o\u00f9 la r\u00e9sistance de l\u2019\u00e9quipement est une exigence essentielle. Destin\u00e9 \u00e0 des secteurs tels que l\u2019industrie lourde, la logistique, la maintenance technique, l\u2019\u00e9nergie ou les services sur le terrain, il combine une construction robuste avec un \u00e9cran FullHD de 14 pouces permettant un travail confortable et pr\u00e9cis m\u00eame lors de journ\u00e9es intensives.<br \/>Son processeur Intel Core i5, associ\u00e9 \u00e0 8 Go de m\u00e9moire RAM et \u00e0 un stockage SSD de 512 Go, offre des performances stables pour les applications professionnelles, tandis que Windows 10 Pro garantit compatibilit\u00e9 et s\u00e9curit\u00e9 dans les environnements d\u2019entreprise. La pr\u00e9sence d\u2019un lecteur DVD-RW et d\u2019un lecteur SD \u00e9largit ses possibilit\u00e9s d\u2019utilisation dans les environnements techniques, et le slot M.2 disponible permet de futures extensions de stockage, faisant du Getac S410 Rugged Extreme un outil solide, fiable et pr\u00eat \u00e0 fonctionner l\u00e0 o\u00f9 d\u2019autres \u00e9quipements ne r\u00e9sistent pas.<br \/><b>Caract\u00e9ristiques de Durcissement<\/b><br \/><u>Ch\u00e2ssis renforc\u00e9 au design industriel <\/u>prot\u00e9geant les composants internes contre les chocs, les chutes et les vibrations, assurant un fonctionnement stable dans des environnements exigeants.<br \/><u>Protection contre la poussi\u00e8re et l\u2019eau <\/u>permettant l\u2019utilisation de l\u2019ordinateur portable en ext\u00e9rieur, en atelier ou en zone industrielle sans compromettre son fonctionnement, maintenant la continuit\u00e9 du service m\u00eame dans des conditions difficiles.<br \/><u>\u00c9cran int\u00e9gr\u00e9 dans une structure robuste <\/u>con\u00e7ue pour supporter un usage intensif quotidien, offrant durabilit\u00e9 et fiabilit\u00e9 dans des environnements professionnels o\u00f9 l\u2019\u00e9quipement est soumis \u00e0 un stress constant.<br \/><u>Conception ergonomique orient\u00e9e vers la mobilit\u00e9 professionnelle<\/u>, facilitant le transport fr\u00e9quent et l\u2019utilisation prolong\u00e9e pendant de longues journ\u00e9es de travail sans perdre en stabilit\u00e9 ni en confort.<br \/><u>Construction adapt\u00e9e aux environnements r\u00e9els de travail,<\/u> o\u00f9 la r\u00e9sistance physique de l\u2019\u00e9quipement est essentielle pour r\u00e9duire les temps d\u2019arr\u00eat et minimiser les co\u00fbts li\u00e9s aux pannes.<br \/><b>Certifications de Durcissement<\/b><br \/><u>MIL-STD-810G<\/u>, certifiant que l\u2019ordinateur portable a \u00e9t\u00e9 soumis \u00e0 des tests de r\u00e9sistance aux chocs, vibrations, humidit\u00e9 et variations de temp\u00e9rature, garantissant des performances fiables dans des conditions difficiles.<br \/><u>IP65<\/u>, offrant une protection contre l\u2019intrusion de poussi\u00e8re et d\u2019eau projet\u00e9e, id\u00e9al pour les travaux en ext\u00e9rieur ou dans des environnements industriels expos\u00e9s \u00e0 des agents environnementaux s\u00e9v\u00e8res.<br \/>Bon aspect ext\u00e9rieur. Regardez dans \u201c+ Photos\u201d et \u00ab\u00a0Video\u00a0\u00bb et si vous avez la moindre question appelez-nous ou utilisez notre chat pour obtenir plus d\u2019informations ou pour demander plus de d\u00e9tails.<br \/><strong>Commentaires<\/strong><br \/><u>1xM.2 2280 pour le stockage disponible<\/u><\/p>\n","protected":false},"excerpt":{"rendered":"<p>Intel Core i5 6200U 2.3 GHz. \u00b7 8 Gb. SO-DDR3 RAM \u00b7 512 Gb. SSD \u00b7 DVD-RW \u00b7 Windows 10 Pro \u00b7 Led 14 \u00a0\u00bb FullHD 16:9 \u00b7<br \/>\n<u>1xM.2 2280 pour le stockage disponible \u00b7Clavier international avec autocollants en fran\u00e7ais<\/u> [&#8230;]<\/p>\n<p><a class=\"btn btn-secondary understrap-read-more-link\" href=\"https:\/\/digalco.com\/fr\/produit\/getac-s410-rugged-extreme-14-reconditionne-core-i5-23ghz-8-gb-ram-512-gb-ssd-1920x1080-fr-14600\/\">Lire la suite\u2026<span class=\"screen-reader-text\"> from GETAC S410 Rugged Extreme 14\u00a0\u00bb | Reconditionn\u00e9 | Core i5 2.3GHz | 8 GB RAM | 512 GB SSD 1920&#215;1080<\/span><\/a><\/p>\n","protected":false},"featured_media":305633,"template":"","meta":[],"product_brand":[3853],"product_cat":[1517,1593,3701,1545],"product_tag":[],"class_list":{"0":"post-305858","1":"product","2":"type-product","3":"status-publish","4":"has-post-thumbnail","6":"product_brand-getac","7":"product_cat-notebooks-fr","8":"product_cat-ruggerized-fr","9":"product_cat-ruggerized-notebooks-fr","10":"product_cat-notebooks-ruggerized-fr","12":"first","13":"outofstock","14":"taxable","15":"shipping-taxable","16":"purchasable","17":"product-type-simple"},"bundled_by":[],"bundle_stock_status":"outofstock","bundle_stock_quantity":0,"bundle_virtual":false,"bundle_layout":"","bundle_add_to_cart_form_location":"","bundle_editable_in_cart":false,"bundle_sold_individually_context":"","bundle_item_grouping":"","bundle_min_size":"","bundle_max_size":"","bundle_price":[],"bundled_items":[],"bundle_sell_ids":[],"exclude_global_add_ons":true,"addons":{"keyboard-iso-upgrades":{"name":"Choisir langue du clavier","type":"multiple_choice","position":0,"required":false,"title_format":"heading","default":"","description_enable":false,"description":"","placeholder_enable":false,"placeholder":"","display":"radiobutton","restrictions_type":"any_text","adjust_price":false,"price":"","price_type":"quantity_based","restrictions":false,"min":"0","max":"0","options":[{"label":"Autocollants espagnols [AMP00082]","price":"0.0000","price_type":"quantity_based","image":0,"visibility":true},{"label":"Autocollants fran\u00e7ais [AMP00084]","price":"0.0000","price_type":"quantity_based","image":0,"visibility":true},{"label":"Autocollants portugais [AMP00083]","price":"0.0000","price_type":"quantity_based","image":0,"visibility":true}]},"docking-station-upgrades":{"name":"Extension Docking Station","type":"multiple_choice","position":0,"required":false,"title_format":"heading","default":"","description_enable":false,"description":"","placeholder_enable":false,"placeholder":"","display":"radiobutton","restrictions_type":"any_text","adjust_price":false,"price":"","price_type":"quantity_based","restrictions":false,"min":"0","max":"0","options":[{"label":"GETAC Docking Station S410 [AMP00161]","price":"50.0000","price_type":"quantity_based","image":0,"visibility":true}]},"ram-memory-upgrades":{"name":"Extension RAM","type":"multiple_choice","position":0,"required":false,"title_format":"heading","default":"","description_enable":false,"description":"","placeholder_enable":false,"placeholder":"","display":"radiobutton","restrictions_type":"any_text","adjust_price":false,"price":"","price_type":"quantity_based","restrictions":false,"min":"0","max":"0","options":[{"label":"Extension de 16 Gb de RAM SODIMM DDR3 [AMP00004]","price":"50.0000","price_type":"quantity_based","image":0,"visibility":true}]},"hdd-upgrades":{"name":"Extension disque dur","type":"multiple_choice","position":0,"required":false,"title_format":"heading","default":"","description_enable":false,"description":"","placeholder_enable":false,"placeholder":"","display":"radiobutton","restrictions_type":"any_text","adjust_price":false,"price":"","price_type":"quantity_based","restrictions":false,"min":"0","max":"0","options":[{"label":"Passez au disque SSD 1 Tb. [AMP00071]","price":"95.0000","price_type":"quantity_based","image":0,"visibility":true},{"label":"Passez au disque SSD 1 Tb. M.2 2280 PCIe [AMP00107]","price":"120.0000","price_type":"quantity_based","image":0,"visibility":true},{"label":"SSD suppl\u00e9mentaire 500 Gb. M.2 2280 PCIe [AMP00108]","price":"70.0000","price_type":"quantity_based","image":0,"visibility":true},{"label":"Disque SSD de 1 Tb. M.2 2280 PCIe suppl\u00e9mentaire [AMP00109]","price":"125.0000","price_type":"quantity_based","image":0,"visibility":true},{"label":"Disque SSD de 2 Tb. M.2 2280 PCIe suppl\u00e9mentaire [AMP00176]","price":"205.0000","price_type":"quantity_based","image":0,"visibility":true}]},"os-upgrades":{"name":"Expansion SO","type":"multiple_choice","position":0,"required":false,"title_format":"heading","default":"","description_enable":false,"description":"","placeholder_enable":false,"placeholder":"","display":"radiobutton","restrictions_type":"any_text","adjust_price":false,"price":"","price_type":"quantity_based","restrictions":false,"min":"0","max":"0","options":[{"label":"Changer la langue en fran\u00e7ais [AMP00125]","price":"0.0000","price_type":"quantity_based","image":0,"visibility":true},{"label":"Changer la langue en anglais [AMP00008]","price":"0.0000","price_type":"quantity_based","image":0,"visibility":true},{"label":"Changer la langue en portugais [AMP00009]","price":"0.0000","price_type":"quantity_based","image":0,"visibility":true}]},"briefcase-upgrades":{"name":"Porte-documents","type":"multiple_choice","position":0,"required":false,"title_format":"heading","default":"","description_enable":false,"description":"","placeholder_enable":false,"placeholder":"","display":"radiobutton","restrictions_type":"any_text","adjust_price":false,"price":"","price_type":"quantity_based","restrictions":false,"min":"0","max":"0","options":[{"label":"Mallette Notebook [AMP00041]","price":"5.0000","price_type":"quantity_based","image":0,"visibility":true}]}},"df_price":316,"df_sale_price":"","df_regular_price":316,"df_image_link":"https:\/\/digalco.com\/wp-content\/uploads\/images\/product\/14600\/gtc00061_01-300x225.jpg","_links":{"self":[{"href":"https:\/\/digalco.com\/fr\/wp-json\/wp\/v2\/product\/305858","targetHints":{"allow":["GET"]}}],"collection":[{"href":"https:\/\/digalco.com\/fr\/wp-json\/wp\/v2\/product"}],"about":[{"href":"https:\/\/digalco.com\/fr\/wp-json\/wp\/v2\/types\/product"}],"wp:featuredmedia":[{"embeddable":true,"href":"https:\/\/digalco.com\/fr\/wp-json\/wp\/v2\/media\/305633"}],"wp:attachment":[{"href":"https:\/\/digalco.com\/fr\/wp-json\/wp\/v2\/media?parent=305858"}],"wp:term":[{"taxonomy":"product_brand","embeddable":true,"href":"https:\/\/digalco.com\/fr\/wp-json\/wp\/v2\/product_brand?post=305858"},{"taxonomy":"product_cat","embeddable":true,"href":"https:\/\/digalco.com\/fr\/wp-json\/wp\/v2\/product_cat?post=305858"},{"taxonomy":"product_tag","embeddable":true,"href":"https:\/\/digalco.com\/fr\/wp-json\/wp\/v2\/product_tag?post=305858"}],"curies":[{"name":"wp","href":"https:\/\/api.w.org\/{rel}","templated":true}]}}