{"id":306124,"date":"2026-02-16T11:40:24","date_gmt":"2026-02-16T10:40:24","guid":{"rendered":"https:\/\/digalco.com\/tienda\/hp-elitedesk-600-g2-impecable-mini-reconditionne-core-i5-22ghz-8-gb-ram-240-gb-ssd-fr-14637\/"},"modified":"2026-03-04T12:14:22","modified_gmt":"2026-03-04T11:14:22","slug":"hp-elitedesk-600-g2-impecable-mini-reconditionne-core-i5-22ghz-8-gb-ram-240-gb-ssd-fr-14637","status":"publish","type":"product","link":"https:\/\/digalco.com\/fr\/produit\/hp-elitedesk-600-g2-impecable-mini-reconditionne-core-i5-22ghz-8-gb-ram-240-gb-ssd-fr-14637\/","title":{"rendered":"HP EliteDesk 600 G2-Impecable Mini | Reconditionn\u00e9 | Core i5 2.2GHz | 8 GB RAM | 240 GB SSD"},"content":{"rendered":"<p><strong>Processeur<\/strong><br \/>Intel Core i5 6400T 2.2 GHz.<br \/><strong>Facteur de forme<\/strong><br \/>Mini<br \/><strong>M\u00e9moire RAM<\/strong><br \/>8 Gb. SO-DDR4 RAM<br \/><strong>Disque dur<\/strong><br \/>240 Gb. SSD<br \/><strong>Cartes<\/strong><br \/>Graphique: Intel HD Graphics 530<br \/>Son: Realtek HDA<br \/>R\u00e9seau: Intel Ethernet I219-LM<br \/><strong>Syst\u00e8me op\u00e9ratif<\/strong><br \/>Windows 10 Pro<br \/><strong>Ports<\/strong><br \/>6x USB 3.0<br \/>USB-C<br \/><strong>Ports vid\u00e9o<\/strong><br \/>VGA<br \/>Display Port<br \/><strong>Connectivit\u00e9<\/strong><br \/>RJ-45<br \/>WIFI<br \/>Bluetooth<br \/><strong>Autres<\/strong><br \/>hR emballage<br \/><strong>Dimensions<\/strong><br \/>18&#215;18.5&#215;4 cm.<br \/><strong>Poids<\/strong><br \/>1.25 Kg.<br \/><strong>Sp\u00e9cifications suppl\u00e9mentaires<\/strong><br \/>Le HP EliteDesk 600 G2 Mini est un ordinateur de bureau professionnel compact con\u00e7u pour offrir des performances stables et une optimisation maximale de l\u2019espace dans les environnements de bureau modernes. Son Intel Core i5-6400T, efficace et \u00e9quilibr\u00e9, fournit une puissance suffisante pour les t\u00e2ches administratives, les logiciels de gestion, la navigation intensive et le multit\u00e2che, avec une faible consommation d\u2019\u00e9nergie et un fonctionnement silencieux.Avec 8 Go de m\u00e9moire DDR4, il garantit une fluidit\u00e9 au quotidien, tandis que le SSD de 240 Go acc\u00e9l\u00e8re le d\u00e9marrage du syst\u00e8me et l\u2019ouverture des applications, am\u00e9liorant le rythme de travail d\u00e8s la premi\u00e8re minute. \u00c9quip\u00e9 de Windows 10 Pro et de TPM 2.0, ce PC de bureau pour entreprise offre une s\u00e9curit\u00e9 renforc\u00e9e et une int\u00e9gration facile dans les environnements professionnels.La connectivit\u00e9 Wi-Fi int\u00e9gr\u00e9e apporte une flexibilit\u00e9 totale d\u2019installation, id\u00e9ale pour les bureaux dynamiques ou les espaces o\u00f9 le c\u00e2blage est limit\u00e9. De plus, il dispose d\u2019un slot M.2 2280 libre pour le stockage, permettant de futures extensions de mani\u00e8re simple et \u00e9conomique.Son format Mini facilite l\u2019installation derri\u00e8re le moniteur ou sur des bureaux r\u00e9duits, maintenant ordre et professionnalisme sur le poste de travail. Un \u00e9quipement fiable pour bureau, compact et \u00e9volutif, parfait pour ceux qui recherchent un ordinateur de bureau efficace et discret sans renoncer \u00e0 la stabilit\u00e9 et \u00e0 la durabilit\u00e9 \u00e0 long terme.<strong>Aspect ext\u00e9rieur impeccable<\/strong>. Regardez dans \u201c+ Photos\u201d et \u00ab\u00a0Video\u00a0\u00bb et si vous avez la moindre question appelez-nous ou utilisez notre chat pour obtenir plus d\u2019informations ou pour demander plus de d\u00e9tails.<br \/><strong>Commentaires<\/strong><br \/><u>Wi-Fi &#8211; 1xM.2 2280 pour le stockage disponible<\/u><\/p>\n","protected":false},"excerpt":{"rendered":"<p>Intel Core i5 6400T 2.2 GHz. \u00b7 8 Gb. SO-DDR4 RAM \u00b7 240 Gb. SSD \u00b7 Windows 10 Pro \u00b7<br \/>\n<strong>Wi-Fi<\/strong> &#8211; <u>1xM.2 2280 pour le stockage disponible<br \/>\n<\/u> [&#8230;]<\/p>\n<p><a class=\"btn btn-secondary understrap-read-more-link\" href=\"https:\/\/digalco.com\/fr\/produit\/hp-elitedesk-600-g2-impecable-mini-reconditionne-core-i5-22ghz-8-gb-ram-240-gb-ssd-fr-14637\/\">Lire la suite\u2026<span class=\"screen-reader-text\"> from HP EliteDesk 600 G2-Impecable Mini | Reconditionn\u00e9 | Core i5 2.2GHz | 8 GB RAM | 240 GB SSD<\/span><\/a><\/p>\n","protected":false},"featured_media":306019,"template":"","meta":[],"product_brand":[3854],"product_cat":[1469,1481],"product_tag":[],"class_list":{"0":"post-306124","1":"product","2":"type-product","3":"status-publish","4":"has-post-thumbnail","6":"product_brand-hp","7":"product_cat-ordinateurs-fr","8":"product_cat-ordinateurs-mini-fr","10":"first","11":"outofstock","12":"taxable","13":"shipping-taxable","14":"purchasable","15":"product-type-simple"},"bundled_by":[],"bundle_stock_status":"outofstock","bundle_stock_quantity":0,"bundle_virtual":false,"bundle_layout":"","bundle_add_to_cart_form_location":"","bundle_editable_in_cart":false,"bundle_sold_individually_context":"","bundle_item_grouping":"","bundle_min_size":"","bundle_max_size":"","bundle_price":[],"bundled_items":[],"bundle_sell_ids":[],"exclude_global_add_ons":true,"addons":{"webcam-upgrades":{"name":"Extension Webcam","type":"multiple_choice","position":0,"required":false,"title_format":"heading","default":"","description_enable":false,"description":"","placeholder_enable":false,"placeholder":"","display":"radiobutton","restrictions_type":"any_text","adjust_price":false,"price":"","price_type":"quantity_based","restrictions":false,"min":"0","max":"0","options":[{"label":"Conceptronic AMDIS FullHD [AMP00085]","price":"29.0000","price_type":"quantity_based","image":0,"visibility":true}]},"ram-memory-upgrades":{"name":"Extension RAM","type":"multiple_choice","position":0,"required":false,"title_format":"heading","default":"","description_enable":false,"description":"","placeholder_enable":false,"placeholder":"","display":"radiobutton","restrictions_type":"any_text","adjust_price":false,"price":"","price_type":"quantity_based","restrictions":false,"min":"0","max":"0","options":[{"label":"Extension de 16 Gb Gb de RAM SO-DIMM DDR4 [AMP00081]","price":"60.0000","price_type":"quantity_based","image":0,"visibility":true}]},"hdd-upgrades":{"name":"Extension disque dur","type":"multiple_choice","position":0,"required":false,"title_format":"heading","default":"","description_enable":false,"description":"","placeholder_enable":false,"placeholder":"","display":"radiobutton","restrictions_type":"any_text","adjust_price":false,"price":"","price_type":"quantity_based","restrictions":false,"min":"0","max":"0","options":[{"label":"Passez au disque SSD de 480 Gb. [AMP00014]","price":"59.0000","price_type":"quantity_based","image":0,"visibility":true},{"label":"Passez au disque SSD 1 Tb. [AMP00071]","price":"95.0000","price_type":"quantity_based","image":0,"visibility":true},{"label":"Passez au disque SSD de 500 Gb. M.2 2280PCIe [AMP00106]","price":"65.0000","price_type":"quantity_based","image":0,"visibility":true},{"label":"Passez au disque SSD 1 Tb. M.2 2280 PCIe [AMP00107]","price":"120.0000","price_type":"quantity_based","image":0,"visibility":true},{"label":"Passez au disque SSD 2 Tb. M.2 2280 PCIe [AMP00171]","price":"200.0000","price_type":"quantity_based","image":0,"visibility":true},{"label":"SSD suppl\u00e9mentaire 500 Gb. M.2 2280 PCIe [AMP00108]","price":"70.0000","price_type":"quantity_based","image":0,"visibility":true},{"label":"Disque SSD de 1 Tb. M.2 2280 PCIe suppl\u00e9mentaire [AMP00109]","price":"125.0000","price_type":"quantity_based","image":0,"visibility":true},{"label":"Disque SSD de 2 Tb. M.2 2280 PCIe suppl\u00e9mentaire [AMP00176]","price":"205.0000","price_type":"quantity_based","image":0,"visibility":true}]},"os-upgrades":{"name":"Expansion SO","type":"multiple_choice","position":0,"required":false,"title_format":"heading","default":"","description_enable":false,"description":"","placeholder_enable":false,"placeholder":"","display":"radiobutton","restrictions_type":"any_text","adjust_price":false,"price":"","price_type":"quantity_based","restrictions":false,"min":"0","max":"0","options":[{"label":"Changer la langue en fran\u00e7ais [AMP00125]","price":"0.0000","price_type":"quantity_based","image":0,"visibility":true},{"label":"Changer la langue en anglais [AMP00008]","price":"0.0000","price_type":"quantity_based","image":0,"visibility":true},{"label":"Changer la langue en portugais [AMP00009]","price":"0.0000","price_type":"quantity_based","image":0,"visibility":true}]},"keyboard-upgrades":{"name":"Extension clavier","type":"multiple_choice","position":0,"required":false,"title_format":"heading","default":"","description_enable":false,"description":"","placeholder_enable":false,"placeholder":"","display":"radiobutton","restrictions_type":"any_text","adjust_price":false,"price":"","price_type":"quantity_based","restrictions":false,"min":"0","max":"0","options":[{"label":"Clavier et souris [AMP00020]","price":"8.0000","price_type":"quantity_based","image":0,"visibility":true},{"label":"Clavier et souris Portuguese New [AMP00088]","price":"15.0000","price_type":"quantity_based","image":0,"visibility":true},{"label":"Clavier et souris USB espagnols (Nouveau) [AMP00068]","price":"12.0000","price_type":"quantity_based","image":0,"visibility":true}]}},"df_price":162,"df_sale_price":"","df_regular_price":162,"df_image_link":"https:\/\/digalco.com\/wp-content\/uploads\/images\/product\/14637\/hp03238_01-300x225.jpg","_links":{"self":[{"href":"https:\/\/digalco.com\/fr\/wp-json\/wp\/v2\/product\/306124","targetHints":{"allow":["GET"]}}],"collection":[{"href":"https:\/\/digalco.com\/fr\/wp-json\/wp\/v2\/product"}],"about":[{"href":"https:\/\/digalco.com\/fr\/wp-json\/wp\/v2\/types\/product"}],"wp:featuredmedia":[{"embeddable":true,"href":"https:\/\/digalco.com\/fr\/wp-json\/wp\/v2\/media\/306019"}],"wp:attachment":[{"href":"https:\/\/digalco.com\/fr\/wp-json\/wp\/v2\/media?parent=306124"}],"wp:term":[{"taxonomy":"product_brand","embeddable":true,"href":"https:\/\/digalco.com\/fr\/wp-json\/wp\/v2\/product_brand?post=306124"},{"taxonomy":"product_cat","embeddable":true,"href":"https:\/\/digalco.com\/fr\/wp-json\/wp\/v2\/product_cat?post=306124"},{"taxonomy":"product_tag","embeddable":true,"href":"https:\/\/digalco.com\/fr\/wp-json\/wp\/v2\/product_tag?post=306124"}],"curies":[{"name":"wp","href":"https:\/\/api.w.org\/{rel}","templated":true}]}}