{"id":306349,"date":"2026-02-16T12:08:20","date_gmt":"2026-02-16T11:08:20","guid":{"rendered":"https:\/\/digalco.com\/tienda\/dell-latitude-5410-14-reconditionne-core-i5-16ghz-16-gb-ram-256-gb-ssd-m2-1366x768-fr-14645\/"},"modified":"2026-04-08T13:03:02","modified_gmt":"2026-04-08T11:03:02","slug":"dell-latitude-5410-14-reconditionne-core-i5-16ghz-16-gb-ram-256-gb-ssd-m2-1366x768-fr-14645","status":"publish","type":"product","link":"https:\/\/digalco.com\/fr\/produit\/dell-latitude-5410-14-reconditionne-core-i5-16ghz-16-gb-ram-256-gb-ssd-m2-1366x768-fr-14645\/","title":{"rendered":"Dell Latitude 5410 14\u00a0\u00bb | Reconditionn\u00e9 | Core i5 1.6GHz | 16 GB RAM | 256 GB SSD M2 1366&#215;768"},"content":{"rendered":"<p><strong>Processeur<\/strong><br \/>Intel Core i5 8365U 1.6 GHz.<br \/><strong>M\u00e9moire RAM<\/strong><br \/>16 Gb. SO-DDR4 RAM<br \/><strong>Disque dur<\/strong><br \/>256 Gb. SSD M2<br \/><strong>Cartes<\/strong><br \/>Graphique: Intel UHD Graphics<br \/>Son: Realtek HDA<br \/>R\u00e9seau: L219LM Gigabit Ethernet<br \/><strong>Syst\u00e8me op\u00e9ratif<\/strong><br \/>Windows 11 Pro<br \/><strong>Ports<\/strong><br \/>3x USB 3.1<br \/><strong>\u00c9cran<\/strong><br \/>Led 14 \u00a0\u00bb HD 16:9  \u00b7 R\u00e9solution 1366&#215;768<br \/><strong>Ports vid\u00e9o<\/strong><br \/>HDMI<br \/>Mini Display Port<br \/><strong>Multim\u00e9dias<\/strong><br \/>Webcam<br \/>Lecteur SD<br \/>Lecteur carte d&rsquo;identit\u00e9<br \/><strong>Connectivit\u00e9<\/strong><br \/>RJ-45<br \/>WIFI<br \/>Bluetooth<br \/><strong>Notebook sp\u00e9cifique<\/strong><br \/>Langue du clavier Espagnol<br \/><strong>Autres<\/strong><br \/>hR emballage<br \/><strong>Dimensions<\/strong><br \/>22x33x2.5 cm.<br \/><strong>Poids<\/strong><br \/>1.50 Kg.<br \/><strong>Sp\u00e9cifications suppl\u00e9mentaires<\/strong><br \/>Le Dell Latitude 5410 est un ordinateur portable professionnel polyvalent con\u00e7u pour offrir des performances stables, une s\u00e9curit\u00e9 avanc\u00e9e et une productivit\u00e9 continue dans des environnements de travail exigeants. \u00c9quip\u00e9 d\u2019un processeur Intel Core i5-8365U \u00e0 1.6 GHz et de 16 Go de m\u00e9moire DDR4, il garantit un multit\u00e2che fluide, une gestion efficace des applications professionnelles et des performances solides au quotidien.<br \/>Son SSD M.2 de 256 Go assure des d\u00e9marrages rapides, un acc\u00e8s imm\u00e9diat aux documents et une exp\u00e9rience fluide en permanence. L\u2019\u00e9cran LED HD de 14\u201d au format 16:9 combine taille compacte et confort visuel, id\u00e9al aussi bien pour le bureau que pour la mobilit\u00e9 professionnelle.<br \/>Il inclut Windows 11 Pro, garantissant la compatibilit\u00e9 avec les environnements professionnels modernes et un haut niveau de s\u00e9curit\u00e9. De plus, il int\u00e8gre un lecteur de carte SD, une webcam et un lecteur de carte d\u2019identit\u00e9, apportant connectivit\u00e9 et authentification s\u00e9curis\u00e9e pour les t\u00e2ches administratives et professionnelles.<br \/>Le Latitude 5410 se distingue par son design robuste et fiable, propre \u00e0 la gamme Latitude, ce qui en fait un excellent choix comme ordinateur portable professionnel pour le bureau, le t\u00e9l\u00e9travail ou un poste fixe compact, offrant une combinaison \u00e9quilibr\u00e9e de performance, s\u00e9curit\u00e9 et efficacit\u00e9 op\u00e9rationnelle.<br \/>Bon aspect ext\u00e9rieur. Regardez dans \u201c+ Photos\u201d et \u00ab\u00a0Video\u00a0\u00bb et si vous avez la moindre question appelez-nous ou utilisez notre chat pour obtenir plus d\u2019informations ou pour demander plus de d\u00e9tails.<\/p>\n","protected":false},"excerpt":{"rendered":"<p>Intel Core i5 8365U 1.6 GHz. \u00b7 16 Gb. SO-DDR4 RAM \u00b7 256 Gb. SSD M2 \u00b7 <strong>Windows 11 Pro<\/strong> \u00b7 Led 14 \u00a0\u00bb HD 16:9 \u00b7 R\u00e9solution 1366&#215;768 \u00b7 Webcam \u00b7 Lecteur SD \u00b7 Lecteur carte d&rsquo;identit\u00e9 [&#8230;]<\/p>\n<p><a class=\"btn btn-secondary understrap-read-more-link\" href=\"https:\/\/digalco.com\/fr\/produit\/dell-latitude-5410-14-reconditionne-core-i5-16ghz-16-gb-ram-256-gb-ssd-m2-1366x768-fr-14645\/\">Lire la suite\u2026<span class=\"screen-reader-text\"> from Dell Latitude 5410 14\u00a0\u00bb | Reconditionn\u00e9 | Core i5 1.6GHz | 16 GB RAM | 256 GB SSD M2 1366&#215;768<\/span><\/a><\/p>\n","protected":false},"featured_media":306199,"template":"","meta":[],"product_brand":[3852],"product_cat":[3760,1517],"product_tag":[],"class_list":{"0":"post-306349","1":"product","2":"type-product","3":"status-publish","4":"has-post-thumbnail","6":"product_brand-dell","7":"product_cat-notebooks-14-fr","8":"product_cat-notebooks-fr","10":"first","11":"outofstock","12":"taxable","13":"shipping-taxable","14":"purchasable","15":"product-type-simple"},"bundled_by":[],"bundle_stock_status":"outofstock","bundle_stock_quantity":0,"bundle_virtual":false,"bundle_layout":"","bundle_add_to_cart_form_location":"","bundle_editable_in_cart":false,"bundle_sold_individually_context":"","bundle_item_grouping":"","bundle_min_size":"","bundle_max_size":"","bundle_price":[],"bundled_items":[],"bundle_sell_ids":[],"exclude_global_add_ons":true,"addons":{"keyboard-iso-upgrades":{"name":"Choisir langue du clavier","type":"multiple_choice","position":0,"required":false,"title_format":"heading","default":"","description_enable":false,"description":"","placeholder_enable":false,"placeholder":"","display":"radiobutton","restrictions_type":"any_text","adjust_price":false,"price":"","price_type":"quantity_based","restrictions":false,"min":"0","max":"0","options":[{"label":"Autocollants fran\u00e7ais [AMP00084]","price":"0.0000","price_type":"quantity_based","image":0,"visibility":true},{"label":"Autocollants portugais [AMP00083]","price":"0.0000","price_type":"quantity_based","image":0,"visibility":true}]},"ram-memory-upgrades":{"name":"Extension RAM","type":"multiple_choice","position":0,"required":false,"title_format":"heading","default":"","description_enable":false,"description":"","placeholder_enable":false,"placeholder":"","display":"radiobutton","restrictions_type":"any_text","adjust_price":false,"price":"","price_type":"quantity_based","restrictions":false,"min":"0","max":"0","options":[{"label":"Extension de 32 Gb de RAM SODIMM [AMP00098]","price":"150.0000","price_type":"quantity_based","image":0,"visibility":true}]},"hdd-upgrades":{"name":"Extension disque dur","type":"multiple_choice","position":0,"required":false,"title_format":"heading","default":"","description_enable":false,"description":"","placeholder_enable":false,"placeholder":"","display":"radiobutton","restrictions_type":"any_text","adjust_price":false,"price":"","price_type":"quantity_based","restrictions":false,"min":"0","max":"0","options":[{"label":"Passez au disque SSD de 500 Gb. M.2 2280PCIe [AMP00106]","price":"110.0000","price_type":"quantity_based","image":0,"visibility":true},{"label":"Passez au disque SSD 1 Tb. M.2 2280 PCIe [AMP00107]","price":"165.0000","price_type":"quantity_based","image":0,"visibility":true},{"label":"Passez au disque SSD 2 Tb. M.2 2280 PCIe [AMP00171]","price":"260.0000","price_type":"quantity_based","image":0,"visibility":true}]},"os-upgrades":{"name":"Expansion SO","type":"multiple_choice","position":0,"required":false,"title_format":"heading","default":"","description_enable":false,"description":"","placeholder_enable":false,"placeholder":"","display":"radiobutton","restrictions_type":"any_text","adjust_price":false,"price":"","price_type":"quantity_based","restrictions":false,"min":"0","max":"0","options":[{"label":"Changer la langue en fran\u00e7ais [AMP00125]","price":"0.0000","price_type":"quantity_based","image":0,"visibility":true},{"label":"Changer la langue en anglais [AMP00008]","price":"0.0000","price_type":"quantity_based","image":0,"visibility":true},{"label":"Changer la langue en portugais [AMP00009]","price":"0.0000","price_type":"quantity_based","image":0,"visibility":true}]},"briefcase-upgrades":{"name":"Porte-documents","type":"multiple_choice","position":0,"required":false,"title_format":"heading","default":"","description_enable":false,"description":"","placeholder_enable":false,"placeholder":"","display":"radiobutton","restrictions_type":"any_text","adjust_price":false,"price":"","price_type":"quantity_based","restrictions":false,"min":"0","max":"0","options":[{"label":"Mallette Notebook [AMP00041]","price":"5.0000","price_type":"quantity_based","image":0,"visibility":true}]}},"df_price":233,"df_sale_price":"","df_regular_price":233,"df_image_link":"https:\/\/digalco.com\/wp-content\/uploads\/images\/product\/14645\/dell01631_01-300x225.jpg","_links":{"self":[{"href":"https:\/\/digalco.com\/fr\/wp-json\/wp\/v2\/product\/306349","targetHints":{"allow":["GET"]}}],"collection":[{"href":"https:\/\/digalco.com\/fr\/wp-json\/wp\/v2\/product"}],"about":[{"href":"https:\/\/digalco.com\/fr\/wp-json\/wp\/v2\/types\/product"}],"wp:featuredmedia":[{"embeddable":true,"href":"https:\/\/digalco.com\/fr\/wp-json\/wp\/v2\/media\/306199"}],"wp:attachment":[{"href":"https:\/\/digalco.com\/fr\/wp-json\/wp\/v2\/media?parent=306349"}],"wp:term":[{"taxonomy":"product_brand","embeddable":true,"href":"https:\/\/digalco.com\/fr\/wp-json\/wp\/v2\/product_brand?post=306349"},{"taxonomy":"product_cat","embeddable":true,"href":"https:\/\/digalco.com\/fr\/wp-json\/wp\/v2\/product_cat?post=306349"},{"taxonomy":"product_tag","embeddable":true,"href":"https:\/\/digalco.com\/fr\/wp-json\/wp\/v2\/product_tag?post=306349"}],"curies":[{"name":"wp","href":"https:\/\/api.w.org\/{rel}","templated":true}]}}